{"id":1353,"date":"2013-08-23T20:08:34","date_gmt":"2013-08-23T20:08:34","guid":{"rendered":"https:\/\/uned-illesbalears.net\/recursos-para-estudiantes\/classes-de-tutoria\/classes-tutoria-a-mallorca\/quimica\/"},"modified":"2025-07-26T21:45:17","modified_gmt":"2025-07-26T19:45:17","slug":"quimica","status":"publish","type":"page","link":"https:\/\/uned-illesbalears.net\/ca\/recursos-para-estudiantes\/classes-de-tutoria\/clases-tutorias-en-mallorca\/quimica\/","title":{"rendered":"Grado en Qu\u00edmica\/Grau en Qu\u00edmica"},"content":{"rendered":"<h4>RECURSOS<\/h4>\n<ul>\n<li>Compra de material en\u00a0<span style=\"color: #008000;\"><strong><a style=\"color: #008000;\" href=\"http:\/\/libreria.uned-illesbalears.net\/producto-categoria\/6103-grado-en-quimica\/\">Librer\u00eda virtual<\/a><\/strong><\/span><\/li>\n<li><span style=\"color: #008000;\"><strong><a style=\"color: #008000;\" href=\"https:\/\/www.uned.es\/universidad\/inicio\/estudios\/grados\/grado-en-quimica.html?idContenido=5\">Listado de asignaturas <\/a><\/strong><\/span><\/li>\n<li><a href=\"https:\/\/uned-illesbalears.net\/recursos-para-estudiantes\/clases-tutorias\/grabaciones-clases-tutorias-curso-2024-2025\/grado-en-quimica\/primer-semestre\/\"><span style=\"color: #008000;\"><strong>Grabaciones (Primer cuatrimestre)<\/strong><\/span><\/a><\/li>\n<li><a href=\"https:\/\/uned-illesbalears.net\/recursos-para-estudiantes\/clases-tutorias\/grabaciones-clases-tutorias-curso-2024-2025\/grado-en-quimica\/segundo-semestre\/\"><span style=\"color: #008000;\"><strong>Grabaciones (Segundo cuatrimestre)<\/strong><\/span><\/a><\/li>\n<li><span style=\"color: #008000;\"><strong><a style=\"color: #008000;\" href=\"https:\/\/uned-illesbalears.net\/ca\/recursos-para-estudiantes\/horaris-practiques\/formulario-practicas-de-grado-en-quimica\/\">Pr\u00e1cticas de laboratorio<\/a><\/strong><\/span><\/li>\n<\/ul>\n<h4>HORARIOS\/ HORARIS (2025\/2026)<span style=\"color: #ff0000;\"><strong>\u00a0<\/strong><\/span><\/h4>\n<p>\n<table id=\"tablepress-286\" class=\"tablepress tablepress-id-286 tbody-has-connected-cells\">\n<tbody class=\"row-striping row-hover\">\n<tr class=\"row-1\">\n\t<td class=\"column-1\">Consultar horarios en AkademosWeb<\/td><td class=\"column-2\"><\/td><td class=\"column-3\"><\/td><td class=\"column-4\"><\/td><td class=\"column-5\"><\/td><td class=\"column-6\"><\/td><td class=\"column-7\"><\/td><td class=\"column-8\"><\/td>\n<\/tr>\n<tr class=\"row-2\">\n\t<td class=\"column-1\"><a href=\"https:\/\/akademosweb.uned.es\/Default.aspx\">AkademosWeb<\/a><\/td><td class=\"column-2\"><\/td><td class=\"column-3\"><\/td><td class=\"column-4\"><\/td><td class=\"column-5\"><\/td><td class=\"column-6\"><\/td><td class=\"column-7\"><\/td><td class=\"column-8\"><\/td>\n<\/tr>\n<tr class=\"row-3\">\n\t<td class=\"column-1\"><\/td><td colspan=\"7\" class=\"column-2\"><h5>Primer curso\/curs - Primer cuatrimestre\/quadrimestre<\/h5><\/td>\n<\/tr>\n<tr class=\"row-4\">\n\t<td class=\"column-1\"><strong>C\u00f3digo\/Codi<\/strong><\/td><td class=\"column-2\"><strong>Asignaturas \/ Assignatures<\/strong><\/td><td class=\"column-3\"><strong>C\/Q<\/strong><\/td><td class=\"column-4\"><strong>Profesorado\/ Professorat<\/strong><\/td><td class=\"column-5\"><strong>D\u00eda\/Dia<\/strong><\/td><td class=\"column-6\"><strong>Hora<\/strong><\/td><td class=\"column-7\"><strong>Aula<\/strong><\/td><td class=\"column-8\"><strong>Sede<\/strong><\/td>\n<\/tr>\n<tr class=\"row-5\">\n\t<td class=\"column-1\">6103101-<\/td><td class=\"column-2\">Mec\u00e1nica y ondas \/ Mec\u00e0nica i ones<\/td><td class=\"column-3\">1<\/td><td class=\"column-4\">A. Mas<\/td><td class=\"column-5\">Lunes\/Dilluns<br \/>\r\n<\/td><td class=\"column-6\">18.30<\/td><td class=\"column-7\">A. 4<\/td><td class=\"column-8\">Ibiza\/Eivissa<\/td>\n<\/tr>\n<tr class=\"row-6\">\n\t<td class=\"column-1\">61031032<\/td><td class=\"column-2\">Biolog\u00eda \/ Biologia<br \/>\n(Com\u00fan C.Ambientales\/Com\u00fa C.Ambientals)<\/td><td class=\"column-3\">1<\/td><td class=\"column-4\">J.E. Nadal<\/td><td class=\"column-5\">Lunes\/Dilluns<br \/>\n<\/td><td class=\"column-6\">17.30<br \/>\n<\/td><td class=\"column-7\">A. 12<\/td><td class=\"column-8\">Mallorca<\/td>\n<\/tr>\n<tr class=\"row-7\">\n\t<td class=\"column-1\">61031049<\/td><td class=\"column-2\">Matem\u00e1ticas I \/ Matem\u00e0tiques I<\/td><td class=\"column-3\">1<\/td><td class=\"column-4\">C. Mayol<\/td><td class=\"column-5\">Lunes\/Dilluns<\/td><td class=\"column-6\">16.30<\/td><td class=\"column-7\">T. 4<\/td><td class=\"column-8\">Mallorca<\/td>\n<\/tr>\n<tr class=\"row-8\">\n\t<td class=\"column-1\">61031026<\/td><td class=\"column-2\">Principios b\u00e1sicos de qu\u00edmica y estructura \/ Principis b\u00e0sics de qu\u00edmica i estrutura<\/td><td class=\"column-3\">1<\/td><td class=\"column-4\">J.M. Natta<\/td><td class=\"column-5\">Mi\u00e9rcoles\/dimecres<\/td><td class=\"column-6\">18.30<\/td><td class=\"column-7\">A. 11<\/td><td class=\"column-8\">Mallorca<\/td>\n<\/tr>\n<tr class=\"row-9\">\n\t<td class=\"column-1\">61031109<\/td><td class=\"column-2\">Geolog\u00eda \/ Geologia<br \/>\n(Com\u00fan C.Ambientales\/Com\u00fa C.Ambientals)<\/td><td class=\"column-3\">1<\/td><td class=\"column-4\">J. Aurell<\/td><td class=\"column-5\">Viernes\/Divendres<\/td><td class=\"column-6\">16.30<\/td><td class=\"column-7\">A. 5<\/td><td class=\"column-8\">Mallorca<\/td>\n<\/tr>\n<\/tbody>\n<\/table>\n<!-- #tablepress-286 from cache --><br \/>\n\n<table id=\"tablepress-287\" class=\"tablepress tablepress-id-287 tbody-has-connected-cells\">\n<tbody class=\"row-striping row-hover\">\n<tr class=\"row-1\">\n\t<td class=\"column-1\"><\/td><td colspan=\"7\" class=\"column-2\"><h5>\t<br \/>\nPrimer curso\/curs - Segundo cuatrimestre\/Segon quadrimestre<\/h5><\/td>\n<\/tr>\n<tr class=\"row-2\">\n\t<td class=\"column-1\"><strong>C\u00f3digo\/Codi<\/strong><\/td><td class=\"column-2\"><strong>Asignaturas \/ Assignatures<\/strong><\/td><td class=\"column-3\"><strong>C\/Q<\/strong><\/td><td class=\"column-4\"><strong>Profesorado\/ Professorat<\/strong><\/td><td class=\"column-5\"><strong>D\u00eda\/Dia<\/strong><\/td><td class=\"column-6\"><strong>Hora<\/strong><\/td><td class=\"column-7\"><strong>Aula<\/strong><\/td><td class=\"column-8\"><strong>Sede<\/strong><\/td>\n<\/tr>\n<tr class=\"row-3\">\n\t<td class=\"column-1\">61031055<\/td><td class=\"column-2\">Electromagnetismo y \u00f3ptica \/<br \/>\nElectromagnetisme i \u00f2ptica<br \/>\n<\/td><td class=\"column-3\">2<\/td><td class=\"column-4\">M. Fern\u00e1ndez <\/td><td class=\"column-5\">Lunes\/Dilluns<\/td><td class=\"column-6\">17.30<\/td><td class=\"column-7\"><\/td><td class=\"column-8\">Ibiza\/Eivissa<\/td>\n<\/tr>\n<tr class=\"row-4\">\n\t<td class=\"column-1\">61031061<\/td><td class=\"column-2\">Matem\u00e1ticas II \/ Matem\u00e0tiques II<\/td><td class=\"column-3\">2<\/td><td class=\"column-4\">J. de Font<br \/>\n<\/td><td class=\"column-5\">Martes\/Dimarts<\/td><td class=\"column-6\">17.30<\/td><td class=\"column-7\">A. 4<\/td><td class=\"column-8\">Ibiza\/Eivissa<\/td>\n<\/tr>\n<tr class=\"row-5\">\n\t<td class=\"column-1\">61031084<\/td><td class=\"column-2\">Principales compuestos qu\u00edmicos \/ Principals compostos qu\u00edmics<\/td><td class=\"column-3\">2<\/td><td class=\"column-4\">E. Bar\u00f3n<\/td><td class=\"column-5\">Martes\/Dimarts<\/td><td class=\"column-6\">16.30<\/td><td class=\"column-7\">A. 5<\/td><td class=\"column-8\">Mallorca<\/td>\n<\/tr>\n<tr class=\"row-6\">\n\t<td class=\"column-1\">61031078<\/td><td class=\"column-2\">Reacci\u00f3n qu\u00edmica \/ Reacci\u00f3 qu\u00edmica<\/td><td class=\"column-3\">2<\/td><td class=\"column-4\">J.M. Natta<\/td><td class=\"column-5\">Mi\u00e9rcoles\/Dimecres<\/td><td class=\"column-6\">18.30<\/td><td class=\"column-7\">A. 11<\/td><td class=\"column-8\">Mallorca<\/td>\n<\/tr>\n<tr class=\"row-7\">\n\t<td class=\"column-1\">61031090<\/td><td class=\"column-2\">Operaciones b\u00e1sicas en el laboratorio de qu\u00edmica \/ Operacions b\u00e0siques al laboratori de qu\u00edmica<\/td><td class=\"column-3\">2<\/td><td class=\"column-4\">J.M. Natta<\/td><td class=\"column-5\">LABORATORIO\/ LABORATORI<br \/>\n<br \/>\n<\/td><td class=\"column-6\"><\/td><td class=\"column-7\"><\/td><td class=\"column-8\">Mallorca<\/td>\n<\/tr>\n<\/tbody>\n<\/table>\n<!-- #tablepress-287 from cache --><br \/>\n\n<table id=\"tablepress-378\" class=\"tablepress tablepress-id-378 tbody-has-connected-cells\">\n<tbody class=\"row-striping row-hover\">\n<tr class=\"row-1\">\n\t<td class=\"column-1\"><\/td><td colspan=\"7\" class=\"column-2\"><h5>Segundo curso\/Segon curs - Primer cuatrimestre\/quadrimestre<\/h5><\/td>\n<\/tr>\n<tr class=\"row-2\">\n\t<td class=\"column-1\"><strong>C\u00f3digo\/Codi<\/strong><\/td><td class=\"column-2\"><strong>Asignaturas \/ Assignatures<\/strong><\/td><td class=\"column-3\"><strong>C\/Q<\/strong><\/td><td class=\"column-4\"><\/td><td class=\"column-5\"><\/td><td class=\"column-6\"><\/td><td class=\"column-7\"><\/td><td class=\"column-8\"><\/td>\n<\/tr>\n<tr class=\"row-3\">\n\t<td class=\"column-1\">61032014<\/td><td class=\"column-2\">C\u00e1lculo num\u00e9rico y estad\u00edstica aplicada\/ C\u00e0lcul num\u00e8ric i estad\u00edstica aplicada<\/td><td class=\"column-3\">1<\/td><td class=\"column-4\">INTERCAMPUS<\/td><td class=\"column-5\"><\/td><td class=\"column-6\"><\/td><td class=\"column-7\"><\/td><td class=\"column-8\"><\/td>\n<\/tr>\n<tr class=\"row-4\">\n\t<td class=\"column-1\">61032020<\/td><td class=\"column-2\">Termodin\u00e1mica qu\u00edmica \/ Termodin\u00e0mica qu\u00edmica<br \/>\n<\/td><td class=\"column-3\">1<\/td><td class=\"column-4\">INTERCAMPUS<\/td><td class=\"column-5\"><\/td><td class=\"column-6\"><\/td><td class=\"column-7\"><\/td><td class=\"column-8\"><\/td>\n<\/tr>\n<tr class=\"row-5\">\n\t<td class=\"column-1\">61032037<\/td><td class=\"column-2\">Principios de qu\u00edmica anal\u00edtica \/ Principis de qu\u00edmica anal\u00edtica<\/td><td class=\"column-3\">1<\/td><td class=\"column-4\">INTERCAMPUS<\/td><td class=\"column-5\"><\/td><td class=\"column-6\"><\/td><td class=\"column-7\"><\/td><td class=\"column-8\"><\/td>\n<\/tr>\n<tr class=\"row-6\">\n\t<td class=\"column-1\">61032043<\/td><td class=\"column-2\">Qu\u00edmica de los elementos no met\u00e1licos \/ Qu\u00edmica dels elements no met\u00e0l\u00b7lics<\/td><td class=\"column-3\">1<\/td><td class=\"column-4\">INTERCAMPUS<\/td><td class=\"column-5\"><\/td><td class=\"column-6\"><\/td><td class=\"column-7\"><\/td><td class=\"column-8\"><\/td>\n<\/tr>\n<tr class=\"row-7\">\n\t<td class=\"column-1\">6103205-<\/td><td class=\"column-2\">Qu\u00edmica org\u00e1nica I \/ Qu\u00edmica org\u00e0nica I<\/td><td class=\"column-3\">1<\/td><td class=\"column-4\">INTERCAMPUS<\/td><td class=\"column-5\"><\/td><td class=\"column-6\"><\/td><td class=\"column-7\"><\/td><td class=\"column-8\"><\/td>\n<\/tr>\n<tr class=\"row-8\">\n\t<td class=\"column-1\">61032066<\/td><td class=\"column-2\">Qu\u00edmica F\u00edsica I: Estructura At\u00f3mica y Molecular \/ Quimica Fisica I: Estructura At\u00f2mica i Molecular<\/td><td class=\"column-3\">1<\/td><td class=\"column-4\">INTERCAMPUS<\/td><td class=\"column-5\"><\/td><td class=\"column-6\"><\/td><td class=\"column-7\"><\/td><td class=\"column-8\"><\/td>\n<\/tr>\n<\/tbody>\n<\/table>\n<!-- #tablepress-378 from cache --><br \/>\n\n<table id=\"tablepress-288\" class=\"tablepress tablepress-id-288 tbody-has-connected-cells\">\n<tbody class=\"row-striping row-hover\">\n<tr class=\"row-1\">\n\t<td class=\"column-1\"><\/td><td colspan=\"7\" class=\"column-2\"><h5>\t<br \/>\nSegundo curso\/Segon curs - Segundo Cuatrimestre\/Segon quadrimestre<\/h5><\/td>\n<\/tr>\n<tr class=\"row-2\">\n\t<td class=\"column-1\"><strong>C\u00f3digo\/Codi<\/strong><\/td><td class=\"column-2\"><strong>Asignaturas \/ Assignatures<\/strong><\/td><td class=\"column-3\"><strong>C\/Q<\/strong><\/td><td class=\"column-4\"><\/td><td class=\"column-5\"><\/td><td class=\"column-6\"><\/td><td class=\"column-7\"><\/td><td class=\"column-8\"><\/td>\n<\/tr>\n<tr class=\"row-3\">\n\t<td class=\"column-1\">61032072<\/td><td class=\"column-2\">Qu\u00edmica anal\u00edtica: An\u00e1lisis volum\u00e9tiroc y gravim\u00e9trico \/ Qu\u00edmica anal\u00edtica: An\u00e0lisi volum\u00e8tric i gravim\u00e8tric<\/td><td class=\"column-3\">2<\/td><td class=\"column-4\">INTERCAMPUS<\/td><td class=\"column-5\"><\/td><td class=\"column-6\"><\/td><td class=\"column-7\"><\/td><td class=\"column-8\"><\/td>\n<\/tr>\n<tr class=\"row-4\">\n\t<td class=\"column-1\">61032089<\/td><td class=\"column-2\">Compuestos de coordinaci\u00f3n y organomet\u00e1licos \/ Compostos de coordinaci\u00f3 i organomet\u00e0l\u00b7lics<\/td><td class=\"column-3\">2<\/td><td class=\"column-4\">INTERCAMPUS<\/td><td class=\"column-5\"><\/td><td class=\"column-6\"><\/td><td class=\"column-7\"><\/td><td class=\"column-8\"><\/td>\n<\/tr>\n<tr class=\"row-5\">\n\t<td class=\"column-1\">61032095<\/td><td class=\"column-2\">Qu\u00edmica org\u00e1nica II \/ Qu\u00edmica org\u00e0nica II<\/td><td class=\"column-3\">2<\/td><td class=\"column-4\">INTERCAMPUS<\/td><td class=\"column-5\"><\/td><td class=\"column-6\"><\/td><td class=\"column-7\"><\/td><td class=\"column-8\"><\/td>\n<\/tr>\n<tr class=\"row-6\">\n\t<td class=\"column-1\">61032103<\/td><td class=\"column-2\">Introducci\u00f3n a la experimentaci\u00f3n en qu\u00edmica inorg\u00e1nica y qu\u00edmica org\u00e1nica\/ Introducci\u00f3 a l\u2019experimentaci\u00f3 en qu\u00edmica inorg\u00e0nica i qu\u00ecmica org\u00e0nica<\/td><td class=\"column-3\">2<\/td><td class=\"column-4\">INTERCAMPUS<\/td><td class=\"column-5\"><\/td><td class=\"column-6\"><\/td><td class=\"column-7\"><\/td><td class=\"column-8\"><\/td>\n<\/tr>\n<tr class=\"row-7\">\n\t<td class=\"column-1\">6103211-<\/td><td class=\"column-2\">Introducci\u00f3n a la experimentaci\u00f3n en qu\u00edmica f\u00edsica y qu\u00edmica anal\u00edtica\/ Introducci\u00f3 a l\u2019experimentaci\u00f3 en qu\u00edmica f\u00edsica i qu\u00ecmica anal\u00edtica<\/td><td class=\"column-3\">2<\/td><td class=\"column-4\">INTERCAMPUS<\/td><td class=\"column-5\"><\/td><td class=\"column-6\"><\/td><td class=\"column-7\"><\/td><td class=\"column-8\"><\/td>\n<\/tr>\n<\/tbody>\n<\/table>\n<!-- #tablepress-288 from cache --><br \/>\n\n<table id=\"tablepress-289\" class=\"tablepress tablepress-id-289 tbody-has-connected-cells\">\n<tbody class=\"row-striping row-hover\">\n<tr class=\"row-1\">\n\t<td class=\"column-1\"><\/td><td colspan=\"7\" class=\"column-2\"><h5>\t<br \/>\nTercer curso \/ curs - Primer Cuatrimestre\/quatrimestre<\/h5><\/td>\n<\/tr>\n<tr class=\"row-2\">\n\t<td class=\"column-1\"><strong>C\u00f3digo\/Codi<\/strong><\/td><td class=\"column-2\"><strong>Asignaturas \/ Assignatures<\/strong><\/td><td class=\"column-3\"><strong>C\/Q<\/strong><\/td><td class=\"column-4\"><\/td><td class=\"column-5\"><\/td><td class=\"column-6\"><\/td><td class=\"column-7\"><\/td><td class=\"column-8\"><\/td>\n<\/tr>\n<tr class=\"row-3\">\n\t<td class=\"column-1\">61033019<\/td><td class=\"column-2\">Qu\u00edmica anal\u00edtica instrumental\/ Qu\u00edmica anal\u00edtica instrumental <\/td><td class=\"column-3\">1<\/td><td class=\"column-4\">INTERCAMPUS<\/td><td class=\"column-5\"><br \/>\n<\/td><td class=\"column-6\"><\/td><td class=\"column-7\"><\/td><td class=\"column-8\"><\/td>\n<\/tr>\n<tr class=\"row-4\">\n\t<td class=\"column-1\">61033025<\/td><td class=\"column-2\">Qu\u00edmica f\u00edsica II: Espectroscopia\/ Qu\u00edmica f\u00edsica II: Espectrosc\u00f2pia<br \/>\n<\/td><td class=\"column-3\">1<\/td><td class=\"column-4\">INTERCAMPUS<\/td><td class=\"column-5\"><\/td><td class=\"column-6\"><\/td><td class=\"column-7\"><\/td><td class=\"column-8\"><\/td>\n<\/tr>\n<tr class=\"row-5\">\n\t<td class=\"column-1\">61033031<\/td><td class=\"column-2\">Qu\u00edmica de los elementos met\u00e1licos\/ Qu\u00edmica dels elements met\u00e0l \u2022 lics<\/td><td class=\"column-3\">1<\/td><td class=\"column-4\">INTERCAMPUS<\/td><td class=\"column-5\"><\/td><td class=\"column-6\"><\/td><td class=\"column-7\"><\/td><td class=\"column-8\"><\/td>\n<\/tr>\n<tr class=\"row-6\">\n\t<td class=\"column-1\">61033048<\/td><td class=\"column-2\"> Materiales\/Materiales<\/td><td class=\"column-3\">1<\/td><td class=\"column-4\">INTERCAMPUS<\/td><td class=\"column-5\"><\/td><td class=\"column-6\"><\/td><td class=\"column-7\"><\/td><td class=\"column-8\"><\/td>\n<\/tr>\n<tr class=\"row-7\">\n\t<td class=\"column-1\">61033054<\/td><td class=\"column-2\">Experimentaci\u00f3n en qu\u00edmica f\u00edsica y         qu\u00edmica anal\u00edtica\/ Experimentaci\u00f3 en qu\u00edmica f\u00edsica i qu\u00edmica anal\u00edtica<br \/>\n<\/td><td class=\"column-3\">1<\/td><td class=\"column-4\">INTERCAMPUS<\/td><td class=\"column-5\"><\/td><td class=\"column-6\"><\/td><td class=\"column-7\"><\/td><td class=\"column-8\"><\/td>\n<\/tr>\n<\/tbody>\n<\/table>\n<!-- #tablepress-289 from cache --><br \/>\n\n<table id=\"tablepress-290\" class=\"tablepress tablepress-id-290 tbody-has-connected-cells\">\n<tbody class=\"row-striping row-hover\">\n<tr class=\"row-1\">\n\t<td class=\"column-1\"><\/td><td colspan=\"7\" class=\"column-2\"><h5>\t<br \/>\nTercer curso\/curs - Segundo Cuatrimestre\/Segon quadrimestre<\/h5><\/td>\n<\/tr>\n<tr class=\"row-2\">\n\t<td class=\"column-1\"><strong>C\u00f3digo\/Codi<\/strong><\/td><td class=\"column-2\"><strong>Asignaturas \/ Assignatures<\/strong><\/td><td class=\"column-3\"><strong>C\/Q<\/strong><\/td><td class=\"column-4\"><\/td><td class=\"column-5\"><\/td><td class=\"column-6\"><\/td><td class=\"column-7\"><\/td><td class=\"column-8\"><\/td>\n<\/tr>\n<tr class=\"row-3\">\n\t<td class=\"column-1\">61033060<\/td><td class=\"column-2\">Qu\u00edmica f\u00edsica III :cin\u00e9tica y electroqu\u00edmica\/ Qu\u00edmica f\u00edsica III: cin\u00e8tica i electroqu\u00edmica<\/td><td class=\"column-3\">2<\/td><td class=\"column-4\">INTERCAMPUS<\/td><td class=\"column-5\"><\/td><td class=\"column-6\"><\/td><td class=\"column-7\"><\/td><td class=\"column-8\"><\/td>\n<\/tr>\n<tr class=\"row-4\">\n\t<td class=\"column-1\">61033077<\/td><td class=\"column-2\">S\u00edntesis org\u00e1nica y determinaci\u00f3n estructural\/ S\u00edntesi org\u00e0nica i determinaci\u00f3 estructural<br \/>\n<\/td><td class=\"column-3\">2<\/td><td class=\"column-4\">INTERCAMPUS<\/td><td class=\"column-5\"><\/td><td class=\"column-6\"><\/td><td class=\"column-7\"><\/td><td class=\"column-8\"><\/td>\n<\/tr>\n<tr class=\"row-5\">\n\t<td class=\"column-1\">61033083<\/td><td class=\"column-2\">Experimentaci\u00f3n en qu\u00edmica inorg\u00e1nica y qu\u00edmica org\u00e1nica\/ Experimentaci\u00f3 en qu\u00edmica inorg\u00e0nica i qu\u00edmica org\u00e0nica<br \/>\n(LABORATORI)<br \/>\n<\/td><td class=\"column-3\">2<\/td><td class=\"column-4\">INTERCAMPUS<\/td><td class=\"column-5\"><\/td><td class=\"column-6\"><\/td><td class=\"column-7\"><\/td><td class=\"column-8\"><\/td>\n<\/tr>\n<tr class=\"row-6\">\n\t<td class=\"column-1\">6103309-<\/td><td class=\"column-2\">Operaciones unitarias y reactores qu\u00edmicos\/ Operacions unit\u00e0ries i reactors qu\u00edmics<br \/>\n<br \/>\n<\/td><td class=\"column-3\">2<\/td><td class=\"column-4\">INTERCAMPUS<\/td><td class=\"column-5\"><\/td><td class=\"column-6\"><\/td><td class=\"column-7\"><\/td><td class=\"column-8\"><\/td>\n<\/tr>\n<tr class=\"row-7\">\n\t<td class=\"column-1\">61033108<\/td><td class=\"column-2\">Bioqu\u00edmica\/Bioqu\u00edmica<br \/>\n<\/td><td class=\"column-3\">2<\/td><td class=\"column-4\">INTERCAMPUS<\/td><td class=\"column-5\"><\/td><td class=\"column-6\"><\/td><td class=\"column-7\"><\/td><td class=\"column-8\"><\/td>\n<\/tr>\n<\/tbody>\n<\/table>\n<!-- #tablepress-290 from cache --><br \/>\n\n<table id=\"tablepress-291\" class=\"tablepress tablepress-id-291 tbody-has-connected-cells\">\n<tbody class=\"row-striping row-hover\">\n<tr class=\"row-1\">\n\t<td class=\"column-1\"><\/td><td colspan=\"7\" class=\"column-2\"><h5>Cuarto curso\/Quart curs - Primer Cuatrimestre\/quadrimestre<\/h5><\/td>\n<\/tr>\n<tr class=\"row-2\">\n\t<td class=\"column-1\"><strong>C\u00f3digo\/Codi<\/strong><\/td><td class=\"column-2\"><strong>Asignaturas \/ Assignatures<\/strong><\/td><td class=\"column-3\"><strong>C\/Q<\/strong><\/td><td class=\"column-4\"><\/td><td class=\"column-5\"><\/td><td class=\"column-6\"><\/td><td class=\"column-7\"><\/td><td class=\"column-8\"><\/td>\n<\/tr>\n<tr class=\"row-3\">\n\t<td class=\"column-1\">61034065<\/td><td class=\"column-2\">Trabajo Fin de Grado \/ Treball Fi de Grau<\/td><td class=\"column-3\">Anual<\/td><td class=\"column-4\">INTERCAMPUS<\/td><td class=\"column-5\"><\/td><td class=\"column-6\"><\/td><td class=\"column-7\"><\/td><td class=\"column-8\"><\/td>\n<\/tr>\n<tr class=\"row-4\">\n\t<td class=\"column-1\">61034013<\/td><td class=\"column-2\">M\u00e9todos de Separaci\u00f3n en Qu\u00edmica Anal\u00edtica \/ M\u00e8todes de Separaci\u00f3 en Qu\u00edmica Anal\u00edtica<\/td><td class=\"column-3\">1<\/td><td class=\"column-4\">INTERCAMPUS<\/td><td class=\"column-5\"><\/td><td class=\"column-6\"><\/td><td class=\"column-7\"><\/td><td class=\"column-8\"><\/td>\n<\/tr>\n<tr class=\"row-5\">\n\t<td class=\"column-1\">6103402-<\/td><td class=\"column-2\">Qu\u00edmica Bio-Org\u00e1nica y Productos Naturales \/ Qu\u00edmica Bio-Org\u00e0nica i Productes Naturals<br \/>\n<\/td><td class=\"column-3\">1<\/td><td class=\"column-4\">INTERCAMPUS<\/td><td class=\"column-5\"><\/td><td class=\"column-6\"><\/td><td class=\"column-7\"><\/td><td class=\"column-8\"><\/td>\n<\/tr>\n<tr class=\"row-6\">\n\t<td class=\"column-1\">61034036<\/td><td class=\"column-2\">Compuestos Inorg\u00e1nicos de Estructura Compleja \/ Compostos Inorg\u00e0nics d'Estructura Complexa<\/td><td class=\"column-3\">1<\/td><td class=\"column-4\">INTERCAMPUS<\/td><td class=\"column-5\"><\/td><td class=\"column-6\"><\/td><td class=\"column-7\"><\/td><td class=\"column-8\"><\/td>\n<\/tr>\n<tr class=\"row-7\">\n\t<td class=\"column-1\"><\/td><td class=\"column-2\">Optativas \/ Optatives<br \/>\n<\/td><td class=\"column-3\">1<\/td><td class=\"column-4\">INTERCAMPUS<\/td><td class=\"column-5\"><\/td><td class=\"column-6\"><\/td><td class=\"column-7\"><\/td><td class=\"column-8\"><\/td>\n<\/tr>\n<\/tbody>\n<\/table>\n<!-- #tablepress-291 from cache --><br \/>\n\n<table id=\"tablepress-292\" class=\"tablepress tablepress-id-292 tbody-has-connected-cells\">\n<tbody class=\"row-striping row-hover\">\n<tr class=\"row-1\">\n\t<td class=\"column-1\"><\/td><td colspan=\"7\" class=\"column-2\"><h5>Cuarto curso\/ Quart curs - Segundo Cuatrimestre\/Segon quadrimestre<\/h5><\/td>\n<\/tr>\n<tr class=\"row-2\">\n\t<td class=\"column-1\"><strong>C\u00f3digo\/Codi<\/strong><\/td><td class=\"column-2\"><strong>Asignaturas \/ Assignatures<\/strong><\/td><td class=\"column-3\"><strong>C\/Q<\/strong><\/td><td class=\"column-4\"><\/td><td class=\"column-5\"><\/td><td class=\"column-6\"><\/td><td class=\"column-7\"><\/td><td class=\"column-8\"><\/td>\n<\/tr>\n<tr class=\"row-3\">\n\t<td class=\"column-1\">61034065<\/td><td class=\"column-2\">Trabajo Fin de Grado \/ Treball Fi de Grau<\/td><td class=\"column-3\">Anual<\/td><td class=\"column-4\">INTERCAMPUS<\/td><td class=\"column-5\"><\/td><td class=\"column-6\"><\/td><td class=\"column-7\"><\/td><td class=\"column-8\"><\/td>\n<\/tr>\n<tr class=\"row-4\">\n\t<td class=\"column-1\">61034042<\/td><td class=\"column-2\">Qu\u00edmica F\u00edsica IV: Materia Condensada \/ Qu\u00edmica F\u00edsica IV: Mat\u00e8ria Condensada<br \/>\n<\/td><td class=\"column-3\">2<\/td><td class=\"column-4\">INTERCAMPUS<\/td><td class=\"column-5\"><\/td><td class=\"column-6\"><\/td><td class=\"column-7\"><\/td><td class=\"column-8\"><\/td>\n<\/tr>\n<tr class=\"row-5\">\n\t<td class=\"column-1\">61034059<\/td><td class=\"column-2\">Proyectos en Ingenier\u00eda Qu\u00edmica \/ Projectes en Enginyeria Qu\u00edmica<br \/>\n<br \/>\n<\/td><td class=\"column-3\">2<\/td><td class=\"column-4\">INTERCAMPUS<\/td><td class=\"column-5\"><\/td><td class=\"column-6\"><\/td><td class=\"column-7\"><\/td><td class=\"column-8\"><\/td>\n<\/tr>\n<tr class=\"row-6\">\n\t<td class=\"column-1\"><\/td><td class=\"column-2\">Optativas \/ Optatives<br \/>\n<\/td><td class=\"column-3\">2<\/td><td class=\"column-4\">INTERCAMPUS<\/td><td class=\"column-5\"><\/td><td class=\"column-6\"><\/td><td class=\"column-7\"><\/td><td class=\"column-8\"><\/td>\n<\/tr>\n<\/tbody>\n<\/table>\n<!-- #tablepress-292 from cache --><\/p>\n<!-- The table with the ID 386 is empty! --><!-- #tablepress-386 from cache -->\n","protected":false},"excerpt":{"rendered":"<p>RECURSOS Compra de material en\u00a0Librer\u00eda virtual Listado de asignaturas Grabaciones (Primer cuatrimestre) Grabaciones (Segundo cuatrimestre) Pr\u00e1cticas de laboratorio HORARIOS\/ HORARIS (2025\/2026)\u00a0<\/p>\n","protected":false},"author":1,"featured_media":0,"parent":1288,"menu_order":0,"comment_status":"closed","ping_status":"closed","template":"","meta":{"_acf_changed":false,"footnotes":""},"acf":[],"_links":{"self":[{"href":"https:\/\/uned-illesbalears.net\/ca\/wp-json\/wp\/v2\/pages\/1353"}],"collection":[{"href":"https:\/\/uned-illesbalears.net\/ca\/wp-json\/wp\/v2\/pages"}],"about":[{"href":"https:\/\/uned-illesbalears.net\/ca\/wp-json\/wp\/v2\/types\/page"}],"author":[{"embeddable":true,"href":"https:\/\/uned-illesbalears.net\/ca\/wp-json\/wp\/v2\/users\/1"}],"replies":[{"embeddable":true,"href":"https:\/\/uned-illesbalears.net\/ca\/wp-json\/wp\/v2\/comments?post=1353"}],"version-history":[{"count":12,"href":"https:\/\/uned-illesbalears.net\/ca\/wp-json\/wp\/v2\/pages\/1353\/revisions"}],"predecessor-version":[{"id":277994,"href":"https:\/\/uned-illesbalears.net\/ca\/wp-json\/wp\/v2\/pages\/1353\/revisions\/277994"}],"up":[{"embeddable":true,"href":"https:\/\/uned-illesbalears.net\/ca\/wp-json\/wp\/v2\/pages\/1288"}],"wp:attachment":[{"href":"https:\/\/uned-illesbalears.net\/ca\/wp-json\/wp\/v2\/media?parent=1353"}],"curies":[{"name":"wp","href":"https:\/\/api.w.org\/{rel}","templated":true}]}}