{"id":1351,"date":"2013-08-23T20:09:14","date_gmt":"2013-08-23T20:09:14","guid":{"rendered":"https:\/\/uned-illesbalears.net\/recursos-para-estudiantes\/classes-de-tutoria\/classes-tutoria-a-mallorca\/matematicas\/"},"modified":"2025-07-26T21:44:54","modified_gmt":"2025-07-26T19:44:54","slug":"matematicas","status":"publish","type":"page","link":"https:\/\/uned-illesbalears.net\/ca\/recursos-para-estudiantes\/classes-de-tutoria\/clases-tutorias-en-mallorca\/matematicas\/","title":{"rendered":"Grado en Matem\u00e1ticas \/ Grau en Matem\u00e0tiques"},"content":{"rendered":"<h4>RECURSOS<\/h4>\n<ul>\n<li>Compra de material en\u00a0<span style=\"color: #008000;\"><strong><a style=\"color: #008000;\" href=\"http:\/\/libreria.uned-illesbalears.net\/producto-categoria\/6102-grado-en-matematicas\/\">Librer\u00eda virtual<\/a><\/strong><\/span><\/li>\n<li><span style=\"color: #008000;\"><strong><a style=\"color: #008000;\" href=\"https:\/\/www.uned.es\/universidad\/inicio\/estudios\/grados\/grado-en-matematicas.html?idContenido=5\">Listado de asignaturas<\/a><\/strong><\/span><\/li>\n<\/ul>\n<h5>HORARIOS\/ HORARIS (2025\/2026)<\/h5>\n<p>\n<table id=\"tablepress-255\" class=\"tablepress tablepress-id-255 tbody-has-connected-cells\">\n<tbody class=\"row-striping row-hover\">\n<tr class=\"row-1\">\n\t<td class=\"column-1\"><\/td><td colspan=\"7\" class=\"column-2\"><h5>Primer curso\/curs - Primer cuatrimestre\/quadrimestre<\/h5><\/td>\n<\/tr>\n<tr class=\"row-2\">\n\t<td class=\"column-1\"><strong>C\u00f3digo\/Codi<\/strong><\/td><td class=\"column-2\"><strong>Asignaturas \/ Assignatures<\/strong><\/td><td class=\"column-3\"><strong>C\/Q<\/strong><\/td><td class=\"column-4\"><\/td><td class=\"column-5\"><\/td><td class=\"column-6\"><\/td><td class=\"column-7\"><\/td><td class=\"column-8\"><\/td>\n<\/tr>\n<tr class=\"row-3\">\n\t<td class=\"column-1\">61021016<\/td><td class=\"column-2\">\u00c1lgebra lineal I \/ \u00c0lgebra lineal I<\/td><td class=\"column-3\">1<\/td><td class=\"column-4\">INTERCAMPUS<\/td><td class=\"column-5\"><\/td><td class=\"column-6\"><\/td><td class=\"column-7\"><\/td><td class=\"column-8\"><\/td>\n<\/tr>\n<tr class=\"row-4\">\n\t<td class=\"column-1\">61021022<\/td><td class=\"column-2\">Funciones de una variable I \/<br \/>\nFuncions d\u2019una variable I<br \/>\n<\/td><td class=\"column-3\">1<\/td><td class=\"column-4\">INTERCAMPUS<\/td><td class=\"column-5\"><\/td><td class=\"column-6\"><\/td><td class=\"column-7\"><\/td><td class=\"column-8\"><\/td>\n<\/tr>\n<tr class=\"row-5\">\n\t<td class=\"column-1\">61021039<\/td><td class=\"column-2\">Lenguaje Matem\u00e1tico, Conjuntos y N\u00fameros\/ Llenguatge matem\u00e0tic, Conjunts i n\u00fameros<\/td><td class=\"column-3\">1<\/td><td class=\"column-4\">INTERCAMPUS<\/td><td class=\"column-5\"><\/td><td class=\"column-6\"><\/td><td class=\"column-7\"><\/td><td class=\"column-8\"><\/td>\n<\/tr>\n<tr class=\"row-6\">\n\t<td class=\"column-1\">61021045<\/td><td class=\"column-2\">Estad\u00edstica b\u00e1sica \/ Estad\u00edstica b\u00e0sica<br \/>\n<\/td><td class=\"column-3\">1<\/td><td class=\"column-4\">INTERCAMPUS<\/td><td class=\"column-5\"><\/td><td class=\"column-6\"><\/td><td class=\"column-7\"><\/td><td class=\"column-8\"><\/td>\n<\/tr>\n<tr class=\"row-7\">\n\t<td class=\"column-1\">61021051<\/td><td class=\"column-2\">Matem\u00e1tica discreta \/ Matem\u00e0tica discreta<br \/>\n<\/td><td class=\"column-3\">1<\/td><td class=\"column-4\">INTERCAMPUS<\/td><td class=\"column-5\"><\/td><td class=\"column-6\"><\/td><td class=\"column-7\"><\/td><td class=\"column-8\"><\/td>\n<\/tr>\n<\/tbody>\n<\/table>\n<!-- #tablepress-255 from cache --><br \/>\n\n<table id=\"tablepress-256\" class=\"tablepress tablepress-id-256 tbody-has-connected-cells\">\n<tbody class=\"row-striping row-hover\">\n<tr class=\"row-1\">\n\t<td class=\"column-1\"><\/td><td colspan=\"7\" class=\"column-2\"><h5>Primer curso\/curs - Segundo cuatrimestre\/Segon quadrimestre <\/h5><\/td>\n<\/tr>\n<tr class=\"row-2\">\n\t<td class=\"column-1\"><strong>C\u00f3digo\/Codi<\/strong><\/td><td class=\"column-2\"><strong>Asignaturas \/ Assignatures<\/strong><\/td><td class=\"column-3\"><strong>C\/Q<\/strong><\/td><td class=\"column-4\"><\/td><td class=\"column-5\"><\/td><td class=\"column-6\"><\/td><td class=\"column-7\"><\/td><td class=\"column-8\"><\/td>\n<\/tr>\n<tr class=\"row-3\">\n\t<td class=\"column-1\">61021068<\/td><td class=\"column-2\">\u00c1lgebra lineal II \/ \u00c0lgebra lineal II<\/td><td class=\"column-3\">2<\/td><td class=\"column-4\">INTERCAMPUS<\/td><td class=\"column-5\"><\/td><td class=\"column-6\"><\/td><td class=\"column-7\"><\/td><td class=\"column-8\"><\/td>\n<\/tr>\n<tr class=\"row-4\">\n\t<td class=\"column-1\">61021074<\/td><td class=\"column-2\">Funciones de una variable II \/ Funcions d\u2019una variable II<\/td><td class=\"column-3\">2<\/td><td class=\"column-4\">INTERCAMPUS<\/td><td class=\"column-5\"><\/td><td class=\"column-6\"><\/td><td class=\"column-7\"><\/td><td class=\"column-8\"><\/td>\n<\/tr>\n<tr class=\"row-5\">\n\t<td class=\"column-1\">61021080<\/td><td class=\"column-2\">Funciones de varias variable II \/ Funcions de diverses variable II<\/td><td class=\"column-3\">2<\/td><td class=\"column-4\">INTERCAMPUS<\/td><td class=\"column-5\"><\/td><td class=\"column-6\"><\/td><td class=\"column-7\"><\/td><td class=\"column-8\"><\/td>\n<\/tr>\n<tr class=\"row-6\">\n\t<td class=\"column-1\">61021097<\/td><td class=\"column-2\">F\u00edsica<br \/>\n<\/td><td class=\"column-3\">2<\/td><td class=\"column-4\">INTERCAMPUS<\/td><td class=\"column-5\"><\/td><td class=\"column-6\"><\/td><td class=\"column-7\"><\/td><td class=\"column-8\"><\/td>\n<\/tr>\n<tr class=\"row-7\">\n\t<td class=\"column-1\">61021105<\/td><td class=\"column-2\">Geometr\u00eda b\u00e1sica \/ Geometria b\u00e0sica<\/td><td class=\"column-3\">2<\/td><td class=\"column-4\">INTERCAMPUS<\/td><td class=\"column-5\"><\/td><td class=\"column-6\"><\/td><td class=\"column-7\"><\/td><td class=\"column-8\"><\/td>\n<\/tr>\n<\/tbody>\n<\/table>\n<!-- #tablepress-256 from cache --><br \/>\n\n<table id=\"tablepress-258\" class=\"tablepress tablepress-id-258 tbody-has-connected-cells\">\n<tbody class=\"row-striping row-hover\">\n<tr class=\"row-1\">\n\t<td class=\"column-1\"><\/td><td colspan=\"7\" class=\"column-2\"><h5>\t<br \/>\nSegundo curso\/Segon curs - Primer cuatrimestre\/quadrimestre<\/h5><\/td>\n<\/tr>\n<tr class=\"row-2\">\n\t<td class=\"column-1\"><strong>C\u00f3digo\/Codi<\/strong><\/td><td class=\"column-2\"><strong>Asignaturas \/ Assignatures<\/strong><\/td><td class=\"column-3\"><strong>C\/Q<\/strong><\/td><td class=\"column-4\"><\/td><td class=\"column-5\"><\/td><td class=\"column-6\"><\/td><td class=\"column-7\"><\/td><td class=\"column-8\"><\/td>\n<\/tr>\n<tr class=\"row-3\">\n\t<td class=\"column-1\">61022010<\/td><td class=\"column-2\">Geometr\u00edas lineales \/ Geometries lineals<br \/>\n<\/td><td class=\"column-3\">1<\/td><td class=\"column-4\">INTERCAMPUS<\/td><td class=\"column-5\"><\/td><td class=\"column-6\"><\/td><td class=\"column-7\"><\/td><td class=\"column-8\"><\/td>\n<\/tr>\n<tr class=\"row-4\">\n\t<td class=\"column-1\">61022027<\/td><td class=\"column-2\">Funciones de varias variables II \/ Funcions de diverses variables II<\/td><td class=\"column-3\">1<\/td><td class=\"column-4\">INTERCAMPUS<\/td><td class=\"column-5\"><\/td><td class=\"column-6\"><\/td><td class=\"column-7\"><\/td><td class=\"column-8\"><\/td>\n<\/tr>\n<tr class=\"row-5\">\n\t<td class=\"column-1\">61022033<\/td><td class=\"column-2\">C\u00e1lculo de probabilidades I \/ C\u00e0lcul de probabilitats II<br \/>\n<br \/>\n<\/td><td class=\"column-3\">1<\/td><td class=\"column-4\">INTERCAMPUS<\/td><td class=\"column-5\"><\/td><td class=\"column-6\"><\/td><td class=\"column-7\"><\/td><td class=\"column-8\"><\/td>\n<\/tr>\n<tr class=\"row-6\">\n\t<td class=\"column-1\">6102204-<\/td><td class=\"column-2\">Estructuras algebraicas \/ Estructures algebraiques<br \/>\n<br \/>\n<\/td><td class=\"column-3\">1<\/td><td class=\"column-4\">INTERCAMPUS<\/td><td class=\"column-5\"><\/td><td class=\"column-6\"><\/td><td class=\"column-7\"><\/td><td class=\"column-8\"><\/td>\n<\/tr>\n<tr class=\"row-7\">\n\t<td class=\"column-1\">61022056<\/td><td class=\"column-2\">Herramientas de inform\u00e1tica para matem\u00e1ticas \/ Eines inform\u00e0tiques per a matem\u00e0tiques<br \/>\n<\/td><td class=\"column-3\">1<\/td><td class=\"column-4\">INTERCAMPUS<\/td><td class=\"column-5\"><\/td><td class=\"column-6\"><\/td><td class=\"column-7\"><\/td><td class=\"column-8\"><\/td>\n<\/tr>\n<\/tbody>\n<\/table>\n<!-- #tablepress-258 from cache --><br \/>\n\n<table id=\"tablepress-257\" class=\"tablepress tablepress-id-257 tbody-has-connected-cells\">\n<tbody class=\"row-striping row-hover\">\n<tr class=\"row-1\">\n\t<td class=\"column-1\"><\/td><td colspan=\"7\" class=\"column-2\"><h5>Segundo curso\/Segon curs - Segundo Cuatrimestre\/Segon quadrimestre<\/h5><\/td>\n<\/tr>\n<tr class=\"row-2\">\n\t<td class=\"column-1\"><strong>C\u00f3digo\/Codi<\/strong><\/td><td class=\"column-2\"><strong>Asignaturas \/ Assignatures<\/strong><\/td><td class=\"column-3\"><strong>C\/Q<\/strong><\/td><td class=\"column-4\"><\/td><td class=\"column-5\"><\/td><td class=\"column-6\"><\/td><td class=\"column-7\"><\/td><td class=\"column-8\"><\/td>\n<\/tr>\n<tr class=\"row-3\">\n\t<td class=\"column-1\">61022062<\/td><td class=\"column-2\">Programaci\u00f3n lineal y entera \/ Programaci\u00f3 lineal i sencera<\/td><td class=\"column-3\">2<\/td><td class=\"column-4\">INTERCAMPUS<\/td><td class=\"column-5\"><\/td><td class=\"column-6\"><\/td><td class=\"column-7\"><\/td><td class=\"column-8\"><\/td>\n<\/tr>\n<tr class=\"row-4\">\n\t<td class=\"column-1\">61022079<\/td><td class=\"column-2\">Variable compleja \/ Variable complexa<br \/>\n<\/td><td class=\"column-3\">2<\/td><td class=\"column-4\">INTERCAMPUS<\/td><td class=\"column-5\"><\/td><td class=\"column-6\"><\/td><td class=\"column-7\"><\/td><td class=\"column-8\"><\/td>\n<\/tr>\n<tr class=\"row-5\">\n\t<td class=\"column-1\">61022085<\/td><td class=\"column-2\">An\u00e1lisis num\u00e9rico matricial e interpolaci\u00f3n \/ An\u00e0lisi num\u00e8ric matricial i interpolaci\u00f3<br \/>\n<\/td><td class=\"column-3\">2<\/td><td class=\"column-4\">INTERCAMPUS<\/td><td class=\"column-5\"><\/td><td class=\"column-6\"><\/td><td class=\"column-7\"><\/td><td class=\"column-8\"><\/td>\n<\/tr>\n<tr class=\"row-6\">\n\t<td class=\"column-1\">61022091<\/td><td class=\"column-2\">\u00c1lgebra \/ \u00c0lgebra<br \/>\n<\/td><td class=\"column-3\">2<\/td><td class=\"column-4\">INTERCAMPUS<\/td><td class=\"column-5\"><\/td><td class=\"column-6\"><\/td><td class=\"column-7\"><\/td><td class=\"column-8\"><\/td>\n<\/tr>\n<tr class=\"row-7\">\n\t<td class=\"column-1\">6102210-<\/td><td class=\"column-2\">Lenguajes de programaci\u00f3n \/ Llenguatges de programaci\u00f3<br \/>\n<\/td><td class=\"column-3\">2<\/td><td class=\"column-4\">INTERCAMPUS<\/td><td class=\"column-5\"><\/td><td class=\"column-6\"><\/td><td class=\"column-7\"><\/td><td class=\"column-8\"><\/td>\n<\/tr>\n<\/tbody>\n<\/table>\n<!-- #tablepress-257 from cache --><br \/>\n\n<table id=\"tablepress-259\" class=\"tablepress tablepress-id-259 tbody-has-connected-cells\">\n<tbody class=\"row-striping row-hover\">\n<tr class=\"row-1\">\n\t<td class=\"column-1\"><\/td><td colspan=\"7\" class=\"column-2\"><h5>Tercer curso \/ curs - Primer Cuatrimestre\/quatrimestre<\/h5><\/td>\n<\/tr>\n<tr class=\"row-2\">\n\t<td class=\"column-1\"><strong>C\u00f3digo\/Codi<\/strong><\/td><td class=\"column-2\"><strong>Asignaturas \/ Assignatures<\/strong><\/td><td class=\"column-3\"><strong>C\/Q<\/strong><\/td><td class=\"column-4\"><\/td><td class=\"column-5\"><\/td><td class=\"column-6\"><\/td><td class=\"column-7\"><\/td><td class=\"column-8\"><\/td>\n<\/tr>\n<tr class=\"row-3\">\n\t<td class=\"column-1\">61023015<\/td><td class=\"column-2\">Topolog\u00eda \/ Topologia   <\/td><td class=\"column-3\">1<\/td><td class=\"column-4\">INTERCAMPUS<\/td><td class=\"column-5\"><\/td><td class=\"column-6\"><\/td><td class=\"column-7\"><\/td><td class=\"column-8\"><\/td>\n<\/tr>\n<tr class=\"row-4\">\n\t<td class=\"column-1\">61023021<\/td><td class=\"column-2\">Introducci\u00f3n a las ecuaciones diferenciales \/ Introducci\u00f3 a les equacions diferencials<\/td><td class=\"column-3\">1<\/td><td class=\"column-4\">INTERCAMPUS<\/td><td class=\"column-5\"><\/td><td class=\"column-6\"><\/td><td class=\"column-7\"><\/td><td class=\"column-8\"><\/td>\n<\/tr>\n<tr class=\"row-5\">\n\t<td class=\"column-1\">61023038<\/td><td class=\"column-2\">C\u00e1lculo de probabilidades II \/ C\u00e0lcul de probabilitats II<\/td><td class=\"column-3\">1<\/td><td class=\"column-4\">INTERCAMPUS<\/td><td class=\"column-5\"><\/td><td class=\"column-6\"><\/td><td class=\"column-7\"><\/td><td class=\"column-8\"><\/td>\n<\/tr>\n<tr class=\"row-6\">\n\t<td class=\"column-1\">61023044<\/td><td class=\"column-2\">Introducci\u00f3n a los espacios de Hilbert \/ Introducci\u00f2 als espais de Hilbert<\/td><td class=\"column-3\">1<\/td><td class=\"column-4\">INTERCAMPUS<\/td><td class=\"column-5\"><\/td><td class=\"column-6\"><\/td><td class=\"column-7\"><\/td><td class=\"column-8\"><\/td>\n<\/tr>\n<tr class=\"row-7\">\n\t<td class=\"column-1\">61023050<\/td><td class=\"column-2\">Campos y formas \/ Camps i formes<br \/>\n<br \/>\n<\/td><td class=\"column-3\">1<\/td><td class=\"column-4\">INTERCAMPUS<\/td><td class=\"column-5\"><\/td><td class=\"column-6\"><\/td><td class=\"column-7\"><\/td><td class=\"column-8\"><\/td>\n<\/tr>\n<\/tbody>\n<\/table>\n<!-- #tablepress-259 from cache --><br \/>\n\n<table id=\"tablepress-260\" class=\"tablepress tablepress-id-260 tbody-has-connected-cells\">\n<tbody class=\"row-striping row-hover\">\n<tr class=\"row-1\">\n\t<td class=\"column-1\"><\/td><td colspan=\"7\" class=\"column-2\"><h5>Tercer curso\/curs - Segundo Cuatrimestre\/Segon quadrimestre<\/h5><\/td>\n<\/tr>\n<tr class=\"row-2\">\n\t<td class=\"column-1\"><strong>C\u00f3digo\/Codi<\/strong><\/td><td class=\"column-2\"><strong>Asignaturas \/ Assignatures<\/strong><\/td><td class=\"column-3\"><strong>C\/Q<\/strong><\/td><td class=\"column-4\"><\/td><td class=\"column-5\"><\/td><td class=\"column-6\"><\/td><td class=\"column-7\"><\/td><td class=\"column-8\"><\/td>\n<\/tr>\n<tr class=\"row-3\">\n\t<td class=\"column-1\">61023067<\/td><td class=\"column-2\">Geometr\u00eda diferencial de curvas y superficies \/ Geometria diferencial de corbes i superf\u00edcies <\/td><td class=\"column-3\">2<\/td><td class=\"column-4\">INTERCAMPUS<\/td><td class=\"column-5\"><\/td><td class=\"column-6\"><\/td><td class=\"column-7\"><\/td><td class=\"column-8\"><\/td>\n<\/tr>\n<tr class=\"row-4\">\n\t<td class=\"column-1\">61023073<\/td><td class=\"column-2\">An\u00e1lisis de Fourier y ecuaciones en derivadas parciales \/ An\u00e0lisi de Fourier i equacions en derivades parcials<\/td><td class=\"column-3\">2<\/td><td class=\"column-4\">INTERCAMPUS<\/td><td class=\"column-5\"><\/td><td class=\"column-6\"><\/td><td class=\"column-7\"><\/td><td class=\"column-8\"><\/td>\n<\/tr>\n<tr class=\"row-5\">\n\t<td class=\"column-1\">6102308-<\/td><td class=\"column-2\">Resoluci\u00f3n num\u00e9rica de ecuaciones \/ Resoluci\u00f3 num\u00e8rica d'equacions<\/td><td class=\"column-3\">2<\/td><td class=\"column-4\">INTERCAMPUS<\/td><td class=\"column-5\"><\/td><td class=\"column-6\"><\/td><td class=\"column-7\"><\/td><td class=\"column-8\"><\/td>\n<\/tr>\n<tr class=\"row-6\">\n\t<td class=\"column-1\">61023096<\/td><td class=\"column-2\">Modelizaci\u00f3n \/ Modelitzaci\u00f3<br \/>\n<\/td><td class=\"column-3\">2<\/td><td class=\"column-4\">INTERCAMPUS<\/td><td class=\"column-5\"><\/td><td class=\"column-6\"><\/td><td class=\"column-7\"><\/td><td class=\"column-8\"><\/td>\n<\/tr>\n<tr class=\"row-7\">\n\t<td class=\"column-1\">61023104<\/td><td class=\"column-2\">Interferencia estad\u00edstica \/ Interfer\u00e8ncia estad\u00edstica<\/td><td class=\"column-3\">2<\/td><td class=\"column-4\">INTERCAMPUS<\/td><td class=\"column-5\"><\/td><td class=\"column-6\"><\/td><td class=\"column-7\"><\/td><td class=\"column-8\"><\/td>\n<\/tr>\n<\/tbody>\n<\/table>\n<!-- #tablepress-260 from cache --><\/p>\n","protected":false},"excerpt":{"rendered":"<p>RECURSOS Compra de material en\u00a0Librer\u00eda virtual Listado de asignaturas HORARIOS\/ HORARIS (2025\/2026)<\/p>\n","protected":false},"author":1,"featured_media":0,"parent":1288,"menu_order":0,"comment_status":"closed","ping_status":"closed","template":"","meta":{"_acf_changed":false,"footnotes":""},"acf":[],"_links":{"self":[{"href":"https:\/\/uned-illesbalears.net\/ca\/wp-json\/wp\/v2\/pages\/1351"}],"collection":[{"href":"https:\/\/uned-illesbalears.net\/ca\/wp-json\/wp\/v2\/pages"}],"about":[{"href":"https:\/\/uned-illesbalears.net\/ca\/wp-json\/wp\/v2\/types\/page"}],"author":[{"embeddable":true,"href":"https:\/\/uned-illesbalears.net\/ca\/wp-json\/wp\/v2\/users\/1"}],"replies":[{"embeddable":true,"href":"https:\/\/uned-illesbalears.net\/ca\/wp-json\/wp\/v2\/comments?post=1351"}],"version-history":[{"count":5,"href":"https:\/\/uned-illesbalears.net\/ca\/wp-json\/wp\/v2\/pages\/1351\/revisions"}],"predecessor-version":[{"id":277992,"href":"https:\/\/uned-illesbalears.net\/ca\/wp-json\/wp\/v2\/pages\/1351\/revisions\/277992"}],"up":[{"embeddable":true,"href":"https:\/\/uned-illesbalears.net\/ca\/wp-json\/wp\/v2\/pages\/1288"}],"wp:attachment":[{"href":"https:\/\/uned-illesbalears.net\/ca\/wp-json\/wp\/v2\/media?parent=1351"}],"curies":[{"name":"wp","href":"https:\/\/api.w.org\/{rel}","templated":true}]}}