{"id":1345,"date":"2013-08-27T14:51:02","date_gmt":"2013-08-27T14:51:02","guid":{"rendered":"https:\/\/uned-illesbalears.net\/recursos-para-estudiantes\/classes-de-tutoria\/classes-tutoria-a-mallorca\/ingenieria-en-tecnologias-de-la-informacion\/"},"modified":"2025-07-26T22:01:51","modified_gmt":"2025-07-26T20:01:51","slug":"ingenieria-en-tecnologias-de-la-informacion","status":"publish","type":"page","link":"https:\/\/uned-illesbalears.net\/ca\/recursos-para-estudiantes\/classes-de-tutoria\/clases-tutorias-en-mallorca\/ingenieria-en-tecnologias-de-la-informacion\/","title":{"rendered":"Grado en Ingenier\u00eda en Tecnolog\u00edas de la Informaci\u00f3n\/Grau en Enginyeria en Tecnologies de la Informaci\u00f3"},"content":{"rendered":"<h4>RECURSOS<\/h4>\n<ul>\n<li>Compra de material en\u00a0<span style=\"color: #008000;\"><strong><a style=\"color: #008000;\" href=\"http:\/\/libreria.uned-illesbalears.net\/producto-categoria\/7102-grado-en-ingenieria-en-tecnologias-de-la-informacion\/\">Librer\u00eda virtual<\/a><\/strong><\/span><\/li>\n<li><span style=\"color: #008000;\"><strong><a style=\"color: #008000;\" href=\"https:\/\/www.uned.es\/universidad\/inicio\/estudios\/grados\/grado-en-ingenieria-en-tecnologias-de-la-informacion.html?idContenido=5\">Listado de asignaturas <\/a><\/strong><\/span><\/li>\n<li><a href=\"https:\/\/uned-illesbalears.net\/recursos-para-estudiantes\/clases-tutorias\/grabaciones-clases-tutorias-curso-2024-2025\/grado-en-ingenieria-en-tecnologias-de-la-informacion\/primer-semestre\/\"><span style=\"color: #008000;\"><strong>Grabaciones (Primer cuatrimestre)<\/strong><\/span><\/a><\/li>\n<li><a href=\"https:\/\/uned-illesbalears.net\/recursos-para-estudiantes\/clases-tutorias\/grabaciones-clases-tutorias-curso-2024-2025\/grado-en-ingenieria-en-tecnologias-de-la-informacion\/segundo-semestre\/\"><span style=\"color: #008000;\"><strong>Grabaciones (Segundo cuatrimestre)<\/strong><\/span><\/a><\/li>\n<li><span style=\"color: #008000;\"><a style=\"color: #008000;\" href=\"https:\/\/uned-illesbalears.net\/ca\/recursos-para-estudiantes\/horaris-practiques\/formulari-practiques-grau-en-enginyeria-informatica-grau-en-tecnologia-de-la-informacio\/\"><strong>Pr\u00e1cticas de inform\u00e1tica<\/strong><\/a><\/span><\/li>\n<\/ul>\n<p>&nbsp;<\/p>\n<h4>HORARIOS\/ HORARIS (2025\/2026)<\/h4>\n<p>\n<table id=\"tablepress-218\" class=\"tablepress tablepress-id-218 tbody-has-connected-cells\">\n<tbody class=\"row-striping row-hover\">\n<tr class=\"row-1\">\n\t<td class=\"column-1\">Consultar los horarios en AkademosWeb<\/td><td class=\"column-2\"><\/td><td class=\"column-3\"><\/td><td class=\"column-4\"><\/td><td class=\"column-5\"><\/td><td class=\"column-6\"><\/td><td class=\"column-7\"><\/td><td class=\"column-8\"><\/td>\n<\/tr>\n<tr class=\"row-2\">\n\t<td class=\"column-1\"><a href=\"https:\/\/akademosweb.uned.es\/Default.aspx\">AkademosWeb<\/a><\/td><td class=\"column-2\"><\/td><td class=\"column-3\"><\/td><td class=\"column-4\"><\/td><td class=\"column-5\"><\/td><td class=\"column-6\"><\/td><td class=\"column-7\"><\/td><td class=\"column-8\"><\/td>\n<\/tr>\n<tr class=\"row-3\">\n\t<td class=\"column-1\"><\/td><td colspan=\"7\" class=\"column-2\"><h5>Primer curso\/curs - Primer cuatrimestre\/quadrimestre<\/h5><\/td>\n<\/tr>\n<tr class=\"row-4\">\n\t<td class=\"column-1\"><strong>C\u00f3digo\/Codi<\/strong><\/td><td class=\"column-2\"><strong>Asignaturas \/ Assignatures<\/strong><\/td><td class=\"column-3\"><strong>C\/Q<\/strong><\/td><td class=\"column-4\"><strong>Profesorado\/ Professorat<\/strong><\/td><td class=\"column-5\"><strong>D\u00eda\/Dia<\/strong><\/td><td class=\"column-6\"><strong>Hora<\/strong><\/td><td class=\"column-7\"><strong>Aula<\/strong><\/td><td class=\"column-8\"><strong>Sede<\/strong><\/td>\n<\/tr>\n<tr class=\"row-5\">\n\t<td class=\"column-1\">71901020<\/td><td class=\"column-2\">Fundamentos de programaci\u00f3n \/<br \/>\nFonaments de programaci\u00f3<\/td><td class=\"column-3\">1<\/td><td class=\"column-4\">X. Torres<\/td><td class=\"column-5\">Lunes\/Dilluns<br \/>\n<br \/>\n<\/td><td class=\"column-6\">17.30<br \/>\n<\/td><td class=\"column-7\">T. 4<\/td><td class=\"column-8\">Mallorca<\/td>\n<\/tr>\n<tr class=\"row-6\">\n\t<td class=\"column-1\">71901037<\/td><td class=\"column-2\"> L\u00f3gica y estructuras discretas \/<br \/>\nL\u00f2gica i estructures discretes<br \/>\n<br \/>\n<\/td><td class=\"column-3\">1<\/td><td class=\"column-4\">A. Rivero<\/td><td class=\"column-5\">Lunes\/Dilluns<br \/>\n<br \/>\n<\/td><td class=\"column-6\">18.30<br \/>\n<\/td><td class=\"column-7\">T. 5<\/td><td class=\"column-8\">Mallorca<\/td>\n<\/tr>\n<tr class=\"row-7\">\n\t<td class=\"column-1\">71011013<br \/>\n<\/td><td class=\"column-2\">Fundamentos f\u00edsicos de la inform\u00e1tica \/ Fonaments f\u00edsics de la inform\u00e0tica<\/td><td class=\"column-3\">1<\/td><td class=\"column-4\">R. Redondo<\/td><td class=\"column-5\">Martes\/Dimarts<\/td><td class=\"column-6\">18.30<\/td><td class=\"column-7\">A. 12<\/td><td class=\"column-8\">Mallorca<\/td>\n<\/tr>\n<tr class=\"row-8\">\n\t<td class=\"column-1\">7101102-<br \/>\n<\/td><td class=\"column-2\">Fundamentos matem\u00e1ticos de la inform\u00e1tica \/ Fonaments matem\u00e0tics de la inform\u00e0tica<\/td><td class=\"column-3\">1<\/td><td class=\"column-4\">J. de Font<br \/>\n<\/td><td class=\"column-5\">Martes\/Dimarts<br \/>\n<\/td><td class=\"column-6\">16:30<\/td><td class=\"column-7\">A. 4<\/td><td class=\"column-8\">Ibiza\/Eivissa<br \/>\nConexi\u00f3n para los presenciales desde Palma en T.10<\/td>\n<\/tr>\n<tr class=\"row-9\">\n\t<td class=\"column-1\">71901014<\/td><td class=\"column-2\">Fundamentos de sistemas digitales \/<br \/>\nFonaments de sistemes digitals<\/td><td class=\"column-3\">1<\/td><td class=\"column-4\">X. Torres<\/td><td class=\"column-5\">Mi\u00e9rcoles\/Dimecres<\/td><td class=\"column-6\">17.30<\/td><td class=\"column-7\">A. Inform\u00e1tica<\/td><td class=\"column-8\">Mallorca<\/td>\n<\/tr>\n<\/tbody>\n<\/table>\n<!-- #tablepress-218 from cache --><br \/>\n\n<table id=\"tablepress-219\" class=\"tablepress tablepress-id-219 tbody-has-connected-cells\">\n<tbody class=\"row-striping row-hover\">\n<tr class=\"row-1\">\n\t<td class=\"column-1\"><\/td><td colspan=\"7\" class=\"column-2\"><h5>Primer curso\/curs - Segundo cuatrimestre\/Segon quadrimestre<\/h5><\/td>\n<\/tr>\n<tr class=\"row-2\">\n\t<td class=\"column-1\"><strong>C\u00f3digo\/Codi<\/strong><\/td><td class=\"column-2\"><strong>Asignaturas \/ Assignatures<\/strong><\/td><td class=\"column-3\"><strong>C\/Q<\/strong><\/td><td class=\"column-4\"><strong>Profesorado\/ Professorat<\/strong><\/td><td class=\"column-5\"><strong>D\u00eda\/Dia<\/strong><\/td><td class=\"column-6\"><strong>Hora<\/strong><\/td><td class=\"column-7\"><strong>Aula<\/strong><\/td><td class=\"column-8\"><strong>Sede<\/strong><\/td>\n<\/tr>\n<tr class=\"row-3\">\n\t<td class=\"column-1\">7190105-<\/td><td class=\"column-2\">Estad\u00edstica<\/td><td class=\"column-3\">2<\/td><td class=\"column-4\">M. de la Rosa<\/td><td class=\"column-5\">Lunes\/Dilluns<\/td><td class=\"column-6\">16.30<\/td><td class=\"column-7\">T. 1<\/td><td class=\"column-8\">Mallorca<\/td>\n<\/tr>\n<tr class=\"row-4\">\n\t<td class=\"column-1\">71901072<\/td><td class=\"column-2\">Programaci\u00f3n orientada a objetos \/ Programaci\u00f3 orientada a objectes<\/td><td class=\"column-3\">2<\/td><td class=\"column-4\">M. Piulats<\/td><td class=\"column-5\">Lunes\/Dilluns<br \/>\n<br \/>\n<\/td><td class=\"column-6\">19.30<br \/>\n<\/td><td class=\"column-7\">A. Inform\u00e1tica<\/td><td class=\"column-8\">Mallorca<\/td>\n<\/tr>\n<tr class=\"row-5\">\n\t<td class=\"column-1\">71901043<\/td><td class=\"column-2\">Estrategias de programaci\u00f3n y estructuras de datos \/ Estrat\u00e8gies de programaci\u00f3 i estructures de dades<\/td><td class=\"column-3\">2<\/td><td class=\"column-4\">X. Torres<\/td><td class=\"column-5\">Jueves\/Dijous<\/td><td class=\"column-6\">17.30<\/td><td class=\"column-7\">T. 10<\/td><td class=\"column-8\">Mallorca<\/td>\n<\/tr>\n<tr class=\"row-6\">\n\t<td class=\"column-1\">71901089<\/td><td class=\"column-2\">Aut\u00f3matas, gram\u00e1ticas y lenguajes \/<br \/>\nAut\u00f2mats, gram\u00e0tiques i llenguatges<\/td><td class=\"column-3\">2<\/td><td class=\"column-4\">X. Torres<\/td><td class=\"column-5\">Jueves\/Dijous <\/td><td class=\"column-6\">18.30<\/td><td class=\"column-7\">T. 10<\/td><td class=\"column-8\">Mallorca<\/td>\n<\/tr>\n<tr class=\"row-7\">\n\t<td class=\"column-1\">71901066<\/td><td class=\"column-2\">Ingenier\u00eda de computadores I \/<br \/>\nEnginyeria de computadors I<\/td><td class=\"column-3\">2<\/td><td class=\"column-4\">CAMPUS<\/td><td class=\"column-5\"><\/td><td class=\"column-6\"><\/td><td class=\"column-7\"><\/td><td class=\"column-8\"><\/td>\n<\/tr>\n<\/tbody>\n<\/table>\n<!-- #tablepress-219 from cache --><br \/>\n\n<table id=\"tablepress-220\" class=\"tablepress tablepress-id-220 tbody-has-connected-cells\">\n<tbody class=\"row-striping row-hover\">\n<tr class=\"row-1\">\n\t<td class=\"column-1\"><\/td><td colspan=\"7\" class=\"column-2\"><h5>Segundo curso\/Segon curs - Primer cuatrimestre\/quadrimestre<\/h5><\/td>\n<\/tr>\n<tr class=\"row-2\">\n\t<td class=\"column-1\"><strong>C\u00f3digo\/Codi<\/strong><\/td><td class=\"column-2\"><strong>Asignaturas \/ Assignatures<\/strong><\/td><td class=\"column-3\"><strong>C\/Q<\/strong><\/td><td class=\"column-4\"><strong>Profesorado\/ Professorat<\/strong><\/td><td class=\"column-5\"><strong>D\u00eda\/Dia<\/strong><\/td><td class=\"column-6\"><strong>Hora<\/strong><\/td><td class=\"column-7\"><strong>Aula<\/strong><\/td><td class=\"column-8\"><strong>Sede<\/strong><\/td>\n<\/tr>\n<tr class=\"row-3\">\n\t<td class=\"column-1\">71022034<\/td><td class=\"column-2\">Redes y comunicaciones \/ Xarxes i comunicacions<\/td><td class=\"column-3\">1<\/td><td class=\"column-4\">M. Petrus<\/td><td class=\"column-5\">Jueves\/Dijous<\/td><td class=\"column-6\">18.30<\/td><td class=\"column-7\">A. 5<\/td><td class=\"column-8\">Menorca<\/td>\n<\/tr>\n<tr class=\"row-4\">\n\t<td class=\"column-1\">71012030<\/td><td class=\"column-2\">Redes de computadores \/ Xarxes de computadors<\/td><td class=\"column-3\">1<\/td><td class=\"column-4\">M. Piulats<\/td><td class=\"column-5\">Lunes\/Dilluns<\/td><td class=\"column-6\">19.30<\/td><td class=\"column-7\">A. Inform\u00e1tica<\/td><td class=\"column-8\">Mallorca<\/td>\n<\/tr>\n<tr class=\"row-5\">\n\t<td class=\"column-1\">71902019<\/td><td class=\"column-2\">Programaci\u00f3n y estructuras de datos avanzadas \/ Programaci\u00f3 i estructures de dades avan\u00e7ades<\/td><td class=\"column-3\">1<\/td><td class=\"column-4\">X. Torres<\/td><td class=\"column-5\">Martes\/Dimarts<\/td><td class=\"column-6\">17.30<\/td><td class=\"column-7\">A. Inform\u00e1tica<\/td><td class=\"column-8\">Mallorca<\/td>\n<\/tr>\n<tr class=\"row-6\">\n\t<td class=\"column-1\">71902025<\/td><td class=\"column-2\">Ingenier\u00eda de computadores II \/ Enginyeria de computadors II<br \/>\n<\/td><td class=\"column-3\">1<\/td><td class=\"column-4\">CAMPUS<\/td><td class=\"column-5\"><\/td><td class=\"column-6\"><\/td><td class=\"column-7\"><\/td><td class=\"column-8\"><\/td>\n<\/tr>\n<\/tbody>\n<\/table>\n<!-- #tablepress-220 from cache --><br \/>\n\n<table id=\"tablepress-221\" class=\"tablepress tablepress-id-221 tbody-has-connected-cells\">\n<tbody class=\"row-striping row-hover\">\n<tr class=\"row-1\">\n\t<td class=\"column-1\"><\/td><td colspan=\"7\" class=\"column-2\"><h5>Segundo curso\/Segon curs - Segundo Cuatrimestre\/Segon quadrimestre<\/h5><\/td>\n<\/tr>\n<tr class=\"row-2\">\n\t<td class=\"column-1\"><strong>C\u00f3digo\/Codi<\/strong><\/td><td class=\"column-2\"><strong>Asignaturas \/ Assignatures<\/strong><\/td><td class=\"column-3\"><strong>C\/Q<\/strong><\/td><td class=\"column-4\"><strong>Profesorado\/ Professorat<\/strong><\/td><td class=\"column-5\"><strong>D\u00eda\/Dia<\/strong><\/td><td class=\"column-6\"><strong>Hora<\/strong><\/td><td class=\"column-7\"><strong>Aula<\/strong><\/td><td class=\"column-8\"><strong>Sede<\/strong><\/td>\n<\/tr>\n<tr class=\"row-3\">\n\t<td class=\"column-1\">71012024<\/td><td class=\"column-2\">Teor\u00eda de los lenguajes de programaci\u00f3n \/ Teoria dels llenguatges de programaci\u00f3 (Inform\u00e1tica\/Inform\u00e0tica)<\/td><td class=\"column-3\">2<\/td><td class=\"column-4\">M. Piulats<\/td><td class=\"column-5\">Lunes\/Dilluns<\/td><td class=\"column-6\">18.30<\/td><td class=\"column-7\">A. Inform\u00e1tica<\/td><td class=\"column-8\">Mallorca<\/td>\n<\/tr>\n<tr class=\"row-4\">\n\t<td class=\"column-1\">71902077<\/td><td class=\"column-2\">Introducci\u00f3n a la ingenier\u00eda de software \/ Introducci\u00f3 a l\u2019enginyeria de software<\/td><td class=\"column-3\">2<\/td><td class=\"column-4\">D. Torres<\/td><td class=\"column-5\">Jueves\/Dijous<\/td><td class=\"column-6\">17.30<\/td><td class=\"column-7\">A. 8<\/td><td class=\"column-8\">Mallorca<\/td>\n<\/tr>\n<tr class=\"row-5\">\n\t<td class=\"column-1\">71902083<\/td><td class=\"column-2\">Bases de datos \/ Bases de dades<\/td><td class=\"column-3\">2<\/td><td class=\"column-4\">D. Torres<\/td><td class=\"column-5\">Jueves\/Dijous<\/td><td class=\"column-6\">18.30<\/td><td class=\"column-7\">A. 8<\/td><td class=\"column-8\">Mallorca<\/td>\n<\/tr>\n<tr class=\"row-6\">\n\t<td class=\"column-1\">71902060<\/td><td class=\"column-2\">Fundamentos de inteligencia artificial \/ Fonaments d\u2019intel\u00b7lig\u00e8ncia artificial<\/td><td class=\"column-3\">2<\/td><td class=\"column-4\">D. Torres<\/td><td class=\"column-5\">Jueves\/Dijous<br \/>\n<\/td><td class=\"column-6\">19.30<\/td><td class=\"column-7\">A. 8<\/td><td class=\"column-8\">Mallorca<\/td>\n<\/tr>\n<tr class=\"row-7\">\n\t<td class=\"column-1\">71022011<\/td><td class=\"column-2\">Dise\u00f1o de aplicaciones orientadas a objetos \/ Disseny d'aplicacions orientades a objectes (T.I.)<\/td><td class=\"column-3\">2<\/td><td class=\"column-4\">M. Piulats<\/td><td class=\"column-5\">Lunes\/Dilluns<\/td><td class=\"column-6\">17.30<\/td><td class=\"column-7\">A. Inform\u00e1tica<\/td><td class=\"column-8\">Mallorca<\/td>\n<\/tr>\n<tr class=\"row-8\">\n\t<td class=\"column-1\">71012018<\/td><td class=\"column-2\">Ingenier\u00eda de computadores III \/ Enginyeria de computadors III (Inform\u00e1tica\/Inform\u00e0tica)<br \/>\n<br \/>\n<br \/>\n<\/td><td class=\"column-3\">2<\/td><td class=\"column-4\">CAMPUS<\/td><td class=\"column-5\"><\/td><td class=\"column-6\"><\/td><td class=\"column-7\"><\/td><td class=\"column-8\"><\/td>\n<\/tr>\n<\/tbody>\n<\/table>\n<!-- #tablepress-221 from cache --><br \/>\n\n<table id=\"tablepress-227\" class=\"tablepress tablepress-id-227 tbody-has-connected-cells\">\n<tbody class=\"row-striping row-hover\">\n<tr class=\"row-1\">\n\t<td class=\"column-1\"><\/td><td colspan=\"7\" class=\"column-2\"><h5>Tercer curso \/ curs - Primer Cuatrimestre\/quatrimestre<\/h5><\/td>\n<\/tr>\n<tr class=\"row-2\">\n\t<td class=\"column-1\"><strong>C\u00f3digo\/Codi<\/strong><\/td><td class=\"column-2\"><strong>Asignaturas \/ Assignatures<\/strong><\/td><td class=\"column-3\"><strong>C\/Q<\/strong><\/td><td class=\"column-4\"><\/td><td class=\"column-5\"><\/td><td class=\"column-6\"><\/td><td class=\"column-7\"><\/td><td class=\"column-8\"><\/td>\n<\/tr>\n<tr class=\"row-3\">\n\t<td class=\"column-1\">71023016<\/td><td class=\"column-2\">Ampliaci\u00f3n de sistemas operativos\/Ampliaci\u00f3 de sistemes operatius<\/td><td class=\"column-3\">1<\/td><td class=\"column-4\">INTERCAMPUS<\/td><td class=\"column-5\"><\/td><td class=\"column-6\"><\/td><td class=\"column-7\"><\/td><td class=\"column-8\"><\/td>\n<\/tr>\n<tr class=\"row-4\">\n\t<td class=\"column-1\">71023022<\/td><td class=\"column-2\">Aplicaciones distribuidas\/Aplicacions distribuides<br \/>\n<br \/>\n<\/td><td class=\"column-3\">1<\/td><td class=\"column-4\">INTERCAMPUS<\/td><td class=\"column-5\"><\/td><td class=\"column-6\"><\/td><td class=\"column-7\"><\/td><td class=\"column-8\"><\/td>\n<\/tr>\n<tr class=\"row-5\">\n\t<td class=\"column-1\">71023039<\/td><td class=\"column-2\">Calidad del software\/Qualitat del software<br \/>\n<\/td><td class=\"column-3\">1<\/td><td class=\"column-4\">INTERCAMPUS<\/td><td class=\"column-5\"><\/td><td class=\"column-6\"><\/td><td class=\"column-7\"><\/td><td class=\"column-8\"><\/td>\n<\/tr>\n<tr class=\"row-6\">\n\t<td class=\"column-1\">71023045<\/td><td class=\"column-2\">Gesti\u00f3n de bases de datos\/Gesti\u00f3 de bases de dades<br \/>\n<\/td><td class=\"column-3\">1<\/td><td class=\"column-4\">INTERCAMPUS<\/td><td class=\"column-5\"><\/td><td class=\"column-6\"><\/td><td class=\"column-7\"><\/td><td class=\"column-8\"><\/td>\n<\/tr>\n<tr class=\"row-7\">\n\t<td class=\"column-1\">71023051<\/td><td class=\"column-2\">Procesamiento paralelo\/Processament Paralel<br \/>\n<\/td><td class=\"column-3\">1<\/td><td class=\"column-4\">INTERCAMPUS<\/td><td class=\"column-5\"><\/td><td class=\"column-6\"><\/td><td class=\"column-7\"><\/td><td class=\"column-8\"><\/td>\n<\/tr>\n<\/tbody>\n<\/table>\n<!-- #tablepress-227 from cache --><br \/>\n\n<table id=\"tablepress-228\" class=\"tablepress tablepress-id-228 tbody-has-connected-cells\">\n<tbody class=\"row-striping row-hover\">\n<tr class=\"row-1\">\n\t<td class=\"column-1\"><\/td><td colspan=\"7\" class=\"column-2\"><h5>\t<br \/>\nTercer curso\/curs - Segundo Cuatrimestre\/Segon quadrimestre<\/h5><\/td>\n<\/tr>\n<tr class=\"row-2\">\n\t<td class=\"column-1\"><strong>C\u00f3digo\/Codi<\/strong><\/td><td class=\"column-2\"><strong>Asignaturas \/ Assignatures<\/strong><\/td><td class=\"column-3\"><strong>C\/Q<\/strong><\/td><td class=\"column-4\"><\/td><td class=\"column-5\"><\/td><td class=\"column-6\"><\/td><td class=\"column-7\"><\/td><td class=\"column-8\"><\/td>\n<\/tr>\n<tr class=\"row-3\">\n\t<td class=\"column-1\">71023068<\/td><td class=\"column-2\">Sistemas de informaci\u00f3n de las organizaciones\/<br \/>\nSistemes d\u00b4informaci\u00f3 de les organitzacions<\/td><td class=\"column-3\">2<\/td><td class=\"column-4\">INTERCAMPUS<\/td><td class=\"column-5\"><\/td><td class=\"column-6\"><\/td><td class=\"column-7\"><\/td><td class=\"column-8\"><\/td>\n<\/tr>\n<tr class=\"row-4\">\n\t<td class=\"column-1\">71023074<\/td><td class=\"column-2\">Procesos y herramientas de gesti\u00f3n de la seguridad de redes\/<br \/>\nProcessos i eines de gesti\u00f3 de la seguretat de xarxas<br \/>\n<br \/>\n<\/td><td class=\"column-3\">2<\/td><td class=\"column-4\">INTERCAMPUS<\/td><td class=\"column-5\"><\/td><td class=\"column-6\"><\/td><td class=\"column-7\"><\/td><td class=\"column-8\"><\/td>\n<\/tr>\n<tr class=\"row-5\">\n\t<td class=\"column-1\">71023080<\/td><td class=\"column-2\">Consultor\u00eda y auditor\u00eda\/<br \/>\nConsultoria i auditoria<br \/>\n<\/td><td class=\"column-3\">2<\/td><td class=\"column-4\">INTERCAMPUS<\/td><td class=\"column-5\"><\/td><td class=\"column-6\"> <\/td><td class=\"column-7\"><\/td><td class=\"column-8\"><\/td>\n<\/tr>\n<tr class=\"row-6\">\n\t<td class=\"column-1\">71023097<\/td><td class=\"column-2\">Tecnolog\u00edas WEB\/<br \/>\nTecnologies WEB<br \/>\n<\/td><td class=\"column-3\">2<\/td><td class=\"column-4\">INTERCAMPUS<\/td><td class=\"column-5\"><\/td><td class=\"column-6\"><\/td><td class=\"column-7\"><\/td><td class=\"column-8\"><\/td>\n<\/tr>\n<\/tbody>\n<\/table>\n<!-- #tablepress-228 from cache --><br \/>\n\n<table id=\"tablepress-229\" class=\"tablepress tablepress-id-229 tbody-has-connected-cells\">\n<tbody class=\"row-striping row-hover\">\n<tr class=\"row-1\">\n\t<td class=\"column-1\"><\/td><td colspan=\"7\" class=\"column-2\"><h5>Cuarto curso\/Quart curs - Primer Cuatrimestre\/quadrimestre<\/h5><\/td>\n<\/tr>\n<tr class=\"row-2\">\n\t<td class=\"column-1\"><strong>C\u00f3digo\/Codi<\/strong><\/td><td class=\"column-2\"><strong>Asignaturas \/ Assignatures<\/strong><\/td><td class=\"column-3\"><strong>C\/Q<\/strong><\/td><td class=\"column-4\"><\/td><td class=\"column-5\"><\/td><td class=\"column-6\"><\/td><td class=\"column-7\"><\/td><td class=\"column-8\"><\/td>\n<\/tr>\n<tr class=\"row-3\">\n\t<td class=\"column-1\">71024010<\/td><td class=\"column-2\">Ingenier\u00eda y Gesti\u00f3n del Conocimiento \/ Enginyeria i Gesti\u00f3 del Coneixement<\/td><td class=\"column-3\">1<\/td><td class=\"column-4\">INTERCAMPUS<\/td><td class=\"column-5\"><\/td><td class=\"column-6\"><\/td><td class=\"column-7\"><\/td><td class=\"column-8\"><\/td>\n<\/tr>\n<tr class=\"row-4\">\n\t<td class=\"column-1\">71024027<\/td><td class=\"column-2\">Ingenier\u00eda de Factores Humanos en Sistemas Inform\u00e1ticos \/ Enginyeria de Factors Humans en Sistemes Inform\u00e0tics<br \/>\n<\/td><td class=\"column-3\">1<\/td><td class=\"column-4\">INTERCAMPUS<\/td><td class=\"column-5\"><\/td><td class=\"column-6\"><\/td><td class=\"column-7\"><\/td><td class=\"column-8\"><\/td>\n<\/tr>\n<tr class=\"row-5\">\n\t<td class=\"column-1\">71024033<\/td><td class=\"column-2\">Tecnolog\u00edas y Programaci\u00f3n Integrativas \/ Tecnologies i Programaci\u00f3 Integratives<br \/>\n<\/td><td class=\"column-3\">1<\/td><td class=\"column-4\">INTERCAMPUS<\/td><td class=\"column-5\"><\/td><td class=\"column-6\"><br \/>\n<\/td><td class=\"column-7\"><\/td><td class=\"column-8\"><\/td>\n<\/tr>\n<tr class=\"row-6\">\n\t<td class=\"column-1\"><\/td><td class=\"column-2\">Optativas \/ Optatives<br \/>\n<\/td><td class=\"column-3\">1<\/td><td class=\"column-4\">INTERCAMPUS<\/td><td class=\"column-5\"><\/td><td class=\"column-6\"><\/td><td class=\"column-7\"><\/td><td class=\"column-8\"><\/td>\n<\/tr>\n<\/tbody>\n<\/table>\n<!-- #tablepress-229 from cache --><br \/>\n\n<table id=\"tablepress-230\" class=\"tablepress tablepress-id-230 tbody-has-connected-cells\">\n<tbody class=\"row-striping row-hover\">\n<tr class=\"row-1\">\n\t<td class=\"column-1\"><\/td><td colspan=\"7\" class=\"column-2\"><h5>Cuarto curso\/ Quart curs - Segundo Cuatrimestre\/Segon quadrimestre<\/h5><\/td>\n<\/tr>\n<tr class=\"row-2\">\n\t<td class=\"column-1\"><strong>C\u00f3digo\/Codi<\/strong><\/td><td class=\"column-2\"><strong>Asignaturas \/ Assignatures<\/strong><\/td><td class=\"column-3\"><strong>C\/Q<\/strong><\/td><td class=\"column-4\"><\/td><td class=\"column-5\"><\/td><td class=\"column-6\"><\/td><td class=\"column-7\"><\/td><td class=\"column-8\"><\/td>\n<\/tr>\n<tr class=\"row-3\">\n\t<td class=\"column-1\">7102404-<\/td><td class=\"column-2\">Gesti\u00f3n de Procesos \/ Gesti\u00f3 de Processos<\/td><td class=\"column-3\">2<\/td><td class=\"column-4\">INTERCAMPUS<\/td><td class=\"column-5\"><\/td><td class=\"column-6\"><\/td><td class=\"column-7\"><\/td><td class=\"column-8\"><\/td>\n<\/tr>\n<tr class=\"row-4\">\n\t<td class=\"column-1\">71024056<\/td><td class=\"column-2\">Proyecto Fin de Grado \/ Projecte Fi de Grau<br \/>\n<\/td><td class=\"column-3\">2<\/td><td class=\"column-4\">INTERCAMPUS<\/td><td class=\"column-5\"><\/td><td class=\"column-6\"><\/td><td class=\"column-7\"><\/td><td class=\"column-8\"><\/td>\n<\/tr>\n<tr class=\"row-5\">\n\t<td class=\"column-1\">71904018<\/td><td class=\"column-2\">\u00c9tica y Legislaci\u00f3n \/ \u00c8tica i Legislaci\u00f3<br \/>\n<\/td><td class=\"column-3\">2<\/td><td class=\"column-4\">INTERCAMPUS<br \/>\nA. Cutini<\/td><td class=\"column-5\"><\/td><td class=\"column-6\"><\/td><td class=\"column-7\"><\/td><td class=\"column-8\"><\/td>\n<\/tr>\n<\/tbody>\n<\/table>\n<!-- #tablepress-230 from cache --><\/p>\n<!-- The table with the ID 386 is empty! --><!-- #tablepress-386 from cache -->\n","protected":false},"excerpt":{"rendered":"<p>RECURSOS Compra de material en\u00a0Librer\u00eda virtual Listado de asignaturas Grabaciones (Primer cuatrimestre) Grabaciones (Segundo cuatrimestre) Pr\u00e1cticas de inform\u00e1tica &nbsp; HORARIOS\/ HORARIS (2025\/2026)<\/p>\n","protected":false},"author":1,"featured_media":0,"parent":1288,"menu_order":0,"comment_status":"closed","ping_status":"closed","template":"","meta":{"_acf_changed":false,"footnotes":""},"acf":[],"_links":{"self":[{"href":"https:\/\/uned-illesbalears.net\/ca\/wp-json\/wp\/v2\/pages\/1345"}],"collection":[{"href":"https:\/\/uned-illesbalears.net\/ca\/wp-json\/wp\/v2\/pages"}],"about":[{"href":"https:\/\/uned-illesbalears.net\/ca\/wp-json\/wp\/v2\/types\/page"}],"author":[{"embeddable":true,"href":"https:\/\/uned-illesbalears.net\/ca\/wp-json\/wp\/v2\/users\/1"}],"replies":[{"embeddable":true,"href":"https:\/\/uned-illesbalears.net\/ca\/wp-json\/wp\/v2\/comments?post=1345"}],"version-history":[{"count":14,"href":"https:\/\/uned-illesbalears.net\/ca\/wp-json\/wp\/v2\/pages\/1345\/revisions"}],"predecessor-version":[{"id":278032,"href":"https:\/\/uned-illesbalears.net\/ca\/wp-json\/wp\/v2\/pages\/1345\/revisions\/278032"}],"up":[{"embeddable":true,"href":"https:\/\/uned-illesbalears.net\/ca\/wp-json\/wp\/v2\/pages\/1288"}],"wp:attachment":[{"href":"https:\/\/uned-illesbalears.net\/ca\/wp-json\/wp\/v2\/media?parent=1345"}],"curies":[{"name":"wp","href":"https:\/\/api.w.org\/{rel}","templated":true}]}}