{"id":1340,"date":"2013-08-27T14:41:39","date_gmt":"2013-08-27T14:41:39","guid":{"rendered":"https:\/\/uned-illesbalears.net\/recursos-para-estudiantes\/classes-de-tutoria\/classes-tutoria-a-mallorca\/educacion-social\/"},"modified":"2025-07-26T21:53:15","modified_gmt":"2025-07-26T19:53:15","slug":"educacion-social","status":"publish","type":"page","link":"https:\/\/uned-illesbalears.net\/ca\/recursos-para-estudiantes\/classes-de-tutoria\/clases-tutorias-en-mallorca\/educacion-social\/","title":{"rendered":"Grado en Educaci\u00f3n social\/Grado en Educaci\u00f3 social"},"content":{"rendered":"<h4>RECURSOS<\/h4>\n<ul>\n<li>Compra de material en\u00a0<span style=\"color: #008000;\"><strong><a style=\"color: #008000;\" href=\"http:\/\/libreria.uned-illesbalears.net\/producto-categoria\/6301-grado-en-educacion-social\/\">Librer\u00eda virtual<\/a><\/strong><\/span><\/li>\n<li><span style=\"color: #339966;\"><strong><a style=\"color: #339966;\" href=\"https:\/\/www.uned.es\/universidad\/inicio\/estudios\/grados\/grado-en-educacion-social.html?idContenido=5\">Listado de asignaturas <\/a><\/strong><\/span><\/li>\n<li><a href=\"https:\/\/uned-illesbalears.net\/recursos-para-estudiantes\/clases-tutorias\/grabaciones-clases-tutorias-curso-2024-2025\/grado-en-educacion-social\/primer-semestre\/\"><span style=\"color: #339966;\"><strong>Grabaciones (primer cuatrimestre)<\/strong><\/span><\/a><\/li>\n<li><a href=\"https:\/\/uned-illesbalears.net\/recursos-para-estudiantes\/clases-tutorias\/grabaciones-clases-tutorias-curso-2024-2025\/grado-en-educacion-social\/segundo-semestre\/\"><span style=\"color: #339966;\"><strong>Grabaciones (segundo cuatrimestre)<\/strong><\/span><\/a><\/li>\n<li><span style=\"color: #339966;\"><strong><a style=\"color: #339966;\" href=\"https:\/\/uned-illesbalears.net\/wp-content\/uploads\/2023\/10\/2.2.2.ConveniosPracticasCurriculares_2023-2024.pdf\" class=\"mtli_attachment mtli_pdf\">2.2.2.ConveniosPracticasCurriculares_2023-2024<\/a><\/strong><\/span><\/li>\n<li><span style=\"color: #339966;\"><strong><a style=\"color: #339966;\" href=\"https:\/\/uned-illesbalears.net\/wp-content\/uploads\/2024\/10\/2.2.2.FichaPracticasProfesionalesExternas_2024-2025.doc\" class=\"mtli_attachment mtli_doc\">2.2.2.FichaPracticasProfesionalesExternas_2024-2025<\/a><\/strong><\/span><\/li>\n<\/ul>\n<p>&nbsp;<\/p>\n<h4>HORARIOS \/ HORARIS (2025\/2026)<\/h4>\n<p>\n<table id=\"tablepress-119\" class=\"tablepress tablepress-id-119 tbody-has-connected-cells\">\n<tbody class=\"row-striping row-hover\">\n<tr class=\"row-1\">\n\t<td class=\"column-1\">Consultar horarios en AkademosWeb<\/td><td class=\"column-2\"><\/td><td class=\"column-3\"><\/td><td class=\"column-4\"><\/td><td class=\"column-5\"><\/td><td class=\"column-6\"><\/td><td class=\"column-7\"><\/td><td class=\"column-8\"><\/td>\n<\/tr>\n<tr class=\"row-2\">\n\t<td class=\"column-1\"><a href=\"https:\/\/akademosweb.uned.es\/Default.aspx\">AkademosWeb<\/a><\/td><td class=\"column-2\"><\/td><td class=\"column-3\"><\/td><td class=\"column-4\"><\/td><td class=\"column-5\"><\/td><td class=\"column-6\"><\/td><td class=\"column-7\"><\/td><td class=\"column-8\"><\/td>\n<\/tr>\n<tr class=\"row-3\">\n\t<td class=\"column-1\"><\/td><td colspan=\"7\" class=\"column-2\"><h5>Primer curso\/curs - Primer cuatrimestre\/quadrimestre<\/h5><\/td>\n<\/tr>\n<tr class=\"row-4\">\n\t<td class=\"column-1\"><strong>C\u00f3digo\/Codi<\/strong><\/td><td class=\"column-2\"><strong>Asignaturas \/ Assignatures<\/strong><\/td><td class=\"column-3\"><strong>C\/Q<\/strong><\/td><td class=\"column-4\"><strong>Profesorado\/ Professorat<\/strong><\/td><td class=\"column-5\"><strong>D\u00eda\/Dia<\/strong><\/td><td class=\"column-6\"><strong>Hora<\/strong><\/td><td class=\"column-7\"><strong>Aula<\/strong><\/td><td class=\"column-8\"><strong>Sede<\/strong><\/td>\n<\/tr>\n<tr class=\"row-5\">\n\t<td class=\"column-1\">63901075<\/td><td class=\"column-2\">Historia de la educaci\u00f3n \/ Hist\u00f2ria de l\u2019educaci\u00f3<\/td><td class=\"column-3\">1<\/td><td class=\"column-4\">I.C. Maciel<br \/>\n<\/td><td class=\"column-5\">Lunes\/Dilluns<\/td><td class=\"column-6\">17.30<\/td><td class=\"column-7\">A. 6<\/td><td class=\"column-8\">Ibiza\/Eivissa<\/td>\n<\/tr>\n<tr class=\"row-6\">\n\t<td class=\"column-1\">63901017<\/td><td class=\"column-2\">Psicolog\u00eda del desarrollo \/ Psicologia del desenvolupament<\/td><td class=\"column-3\">1<\/td><td class=\"column-4\">M.\u00c1. Ferrer<\/td><td class=\"column-5\">Mi\u00e9rcoles\/Dimecres<\/td><td class=\"column-6\">17.30<\/td><td class=\"column-7\">A. 8<\/td><td class=\"column-8\">Mallorca<\/td>\n<\/tr>\n<tr class=\"row-7\">\n\t<td class=\"column-1\">63901023<\/td><td class=\"column-2\">Comunicaci\u00f3n y educaci\u00f3n \/  Comunicaci\u00f3 i educaci\u00f3<\/td><td class=\"column-3\">1<\/td><td class=\"column-4\">L. L\u00f3pez<\/td><td class=\"column-5\">Jueves\/Dijous<\/td><td class=\"column-6\">18.30<\/td><td class=\"column-7\">A. 4 <\/td><td class=\"column-8\">Menorca<br \/>\nConexi\u00f3n para los presenciales desde Palma en A.13<\/td>\n<\/tr>\n<tr class=\"row-8\">\n\t<td class=\"column-1\">63901046<\/td><td class=\"column-2\">Derechos humanos y educaci\u00f3n \/ Drets humans i educaci\u00f3<\/td><td class=\"column-3\">1<\/td><td class=\"column-4\">M. Burguera<\/td><td class=\"column-5\">Viernes\/Divendres<\/td><td class=\"column-6\">18.30<\/td><td class=\"column-7\">T. 6<\/td><td class=\"column-8\">Mallorca<\/td>\n<\/tr>\n<tr class=\"row-9\">\n\t<td class=\"column-1\">6390103-<\/td><td class=\"column-2\">Sociedad del conocimiento, tecnolog\u00eda y educaci\u00f3n \/ Societat del coneixement, tecnologia i educaci\u00f3<\/td><td class=\"column-3\">1<\/td><td class=\"column-4\">J. Pastrana<\/td><td class=\"column-5\">Viernes\/Divendres<\/td><td class=\"column-6\">17.30<\/td><td class=\"column-7\">A. 3<\/td><td class=\"column-8\">Menorca<\/td>\n<\/tr>\n<\/tbody>\n<\/table>\n<!-- #tablepress-119 from cache --><br \/>\n\n<table id=\"tablepress-123\" class=\"tablepress tablepress-id-123 tbody-has-connected-cells\">\n<tbody class=\"row-striping row-hover\">\n<tr class=\"row-1\">\n\t<td class=\"column-1\"><\/td><td colspan=\"7\" class=\"column-2\"><h5>Primer curso\/curs - Segundo cuatrimestre\/Segon quadrimestre<\/h5><\/td>\n<\/tr>\n<tr class=\"row-2\">\n\t<td class=\"column-1\"><strong>C\u00f3digo\/Codi<\/strong><\/td><td class=\"column-2\"><strong>Asignaturas \/ Assignatures<\/strong><\/td><td class=\"column-3\"><strong>C\/Q<\/strong><\/td><td class=\"column-4\"><strong>Profesorado\/ Professorat<\/strong><\/td><td class=\"column-5\"><strong>D\u00eda\/Dia<\/strong><\/td><td class=\"column-6\"><strong>Hora<\/strong><\/td><td class=\"column-7\"><strong>Aula<\/strong><\/td><td class=\"column-8\"><strong>Sede<\/strong><\/td>\n<\/tr>\n<tr class=\"row-3\">\n\t<td class=\"column-1\">63901081<\/td><td class=\"column-2\">Pedagog\u00eda diferencial \/ Pedagogia diferencial<\/td><td class=\"column-3\">2<\/td><td class=\"column-4\">I.C. Maciel<br \/>\n<\/td><td class=\"column-5\">Lunes\/Dilluns<\/td><td class=\"column-6\">17.30<\/td><td class=\"column-7\">A. 6<\/td><td class=\"column-8\">Ibiza\/Eivissa<\/td>\n<\/tr>\n<tr class=\"row-4\">\n\t<td class=\"column-1\">63901106<\/td><td class=\"column-2\">Did\u00e1ctica General \/ Did\u00e0ctica General<\/td><td class=\"column-3\">2<\/td><td class=\"column-4\">J. Caules<br \/>\n<\/td><td class=\"column-5\">Martes\/Dimarts<\/td><td class=\"column-6\">17.30<\/td><td class=\"column-7\"><\/td><td class=\"column-8\">Menorca<\/td>\n<\/tr>\n<tr class=\"row-5\">\n\t<td class=\"column-1\">63901069<\/td><td class=\"column-2\">Teor\u00eda de la educaci\u00f3n \/ Teoria de l\u2019educaci\u00f3<\/td><td class=\"column-3\">2<\/td><td class=\"column-4\">V. Rey<\/td><td class=\"column-5\">Jueves\/Dijous<\/td><td class=\"column-6\">18.30<\/td><td class=\"column-7\">A. 11<\/td><td class=\"column-8\">Mallorca<\/td>\n<\/tr>\n<tr class=\"row-6\">\n\t<td class=\"column-1\">63901052<\/td><td class=\"column-2\">Estad\u00edstica aplicada a la educaci\u00f3n \/ <br \/>\nEstad\u00edstica aplicada a l\u2019educaci\u00f3<br \/>\n<\/td><td class=\"column-3\">2<\/td><td class=\"column-4\">M. Burguera<\/td><td class=\"column-5\">Viernes\/Divendres<\/td><td class=\"column-6\">18.30<\/td><td class=\"column-7\">T. 6<\/td><td class=\"column-8\">Mallorca<\/td>\n<\/tr>\n<tr class=\"row-7\">\n\t<td class=\"column-1\">63901098<\/td><td class=\"column-2\">Bases del aprendizaje y educaci\u00f3n \/ <br \/>\nBases de l\u2019aprenentatge i educaci\u00f3<\/td><td class=\"column-3\">2<\/td><td class=\"column-4\">M. Burguera<\/td><td class=\"column-5\">Viernes\/Divendres<\/td><td class=\"column-6\">19.30<\/td><td class=\"column-7\">T. 6<\/td><td class=\"column-8\">Mallorca<\/td>\n<\/tr>\n<\/tbody>\n<\/table>\n<!-- #tablepress-123 from cache --><br \/>\n\n<table id=\"tablepress-120\" class=\"tablepress tablepress-id-120 tbody-has-connected-cells\">\n<tbody class=\"row-striping row-hover\">\n<tr class=\"row-1\">\n\t<td class=\"column-1\"><\/td><td colspan=\"7\" class=\"column-2\"><h5>Segundo curso\/Segon curs - Primer cuatrimestre\/quadrimestre<\/h5><\/td>\n<\/tr>\n<tr class=\"row-2\">\n\t<td class=\"column-1\"><strong>C\u00f3digo\/Codi<\/strong><\/td><td class=\"column-2\"><strong>Asignaturas \/ Assignatures<\/strong><\/td><td class=\"column-3\"><strong>C\/Q<\/strong><\/td><td class=\"column-4\"><strong>Profesorado\/ Professorat<\/strong><\/td><td class=\"column-5\"><strong>D\u00eda\/Dia<\/strong><\/td><td class=\"column-6\"><strong>Hora<\/strong><\/td><td class=\"column-7\"><strong>Aula<\/strong><\/td><td class=\"column-8\"><strong>Sede<\/strong><\/td>\n<\/tr>\n<tr class=\"row-3\">\n\t<td class=\"column-1\">63012010<\/td><td class=\"column-2\">Dise\u00f1o de programas de desarrollo social y cultural \/ Disseny de programes de desenvolupament social i cultural<\/td><td class=\"column-3\">1<\/td><td class=\"column-4\">I.C. Maciel<\/td><td class=\"column-5\">Lunes\/Dilluns<\/td><td class=\"column-6\">18.30<\/td><td class=\"column-7\">A. 6<\/td><td class=\"column-8\">Ibiza\/Eivissa<\/td>\n<\/tr>\n<tr class=\"row-4\">\n\t<td class=\"column-1\">63012027<\/td><td class=\"column-2\">Pedagog\u00eda social \/ Pedagogia social<\/td><td class=\"column-3\">1<\/td><td class=\"column-4\">J. Pastrana<\/td><td class=\"column-5\">Jueves\/dijous<\/td><td class=\"column-6\">16.30<\/td><td class=\"column-7\">A. 5 <\/td><td class=\"column-8\">Menorca<\/td>\n<\/tr>\n<tr class=\"row-5\">\n\t<td class=\"column-1\">6301210-<\/td><td class=\"column-2\">Diversidad e igualdad en educaci\u00f3n (MIDE I)\/<br \/>\r\nDiversitat i igualtat en educaci\u00f3 (MIDE I)<\/td><td class=\"column-3\">1<\/td><td class=\"column-4\">L. L\u00f3pez<\/td><td class=\"column-5\">Jueves\/Dijous<\/td><td class=\"column-6\">17.30<\/td><td class=\"column-7\">A. 3<\/td><td class=\"column-8\">Menorca<\/td>\n<\/tr>\n<tr class=\"row-6\">\n\t<td class=\"column-1\">63023054<\/td><td class=\"column-2\">Pr\u00e1cticas profesionales  I \/ Pr\u00e0ctiques professionals I <\/td><td class=\"column-3\">1<\/td><td class=\"column-4\">V. Rey<\/td><td class=\"column-5\">Mi\u00e9rcoles\/Dimecres<\/td><td class=\"column-6\">18.30<\/td><td class=\"column-7\">A. 8<\/td><td class=\"column-8\">Mallorca<\/td>\n<\/tr>\n<tr class=\"row-7\">\n\t<td class=\"column-1\">6301204-<\/td><td class=\"column-2\">Diagn\u00f3stico en educaci\u00f3n social \/ Diagn\u00f2stic en educaci\u00f3 social<\/td><td class=\"column-3\">1<\/td><td class=\"column-4\">M. Burguera<\/td><td class=\"column-5\">Viernes\/Divendres<\/td><td class=\"column-6\">17.30<\/td><td class=\"column-7\">T. 6<\/td><td class=\"column-8\">Mallorca<\/td>\n<\/tr>\n<tr class=\"row-8\">\n\t<td class=\"column-1\"><\/td><td class=\"column-2\"><\/td><td class=\"column-3\"><\/td><td class=\"column-4\"><\/td><td class=\"column-5\"><\/td><td class=\"column-6\"><\/td><td class=\"column-7\"><\/td><td class=\"column-8\"><\/td>\n<\/tr>\n<\/tbody>\n<\/table>\n<!-- #tablepress-120 from cache --><br \/>\n\n<table id=\"tablepress-124\" class=\"tablepress tablepress-id-124 tbody-has-connected-cells\">\n<tbody class=\"row-striping row-hover\">\n<tr class=\"row-1\">\n\t<td class=\"column-1\"><\/td><td colspan=\"7\" class=\"column-2\"><h5>Segundo curso\/Segon curs - Segundo Cuatrimestre\/Segon quadrimestre<\/h5><\/td>\n<\/tr>\n<tr class=\"row-2\">\n\t<td class=\"column-1\"><strong>C\u00f3digo\/Codi<\/strong><\/td><td class=\"column-2\"><strong>Asignaturas \/ Assignatures<\/strong><\/td><td class=\"column-3\"><strong>C\/Q<\/strong><\/td><td class=\"column-4\"><strong>Profesorado\/ Professorat<\/strong><\/td><td class=\"column-5\"><strong>D\u00eda\/Dia<\/strong><\/td><td class=\"column-6\"><strong>Hora<\/strong><\/td><td class=\"column-7\"><strong>Aula<\/strong><\/td><td class=\"column-8\"><strong>Sede<\/strong><\/td>\n<\/tr>\n<tr class=\"row-3\">\n\t<td class=\"column-1\">63013096<\/td><td class=\"column-2\">Pr\u00e1cticas profesionales II \/ <br \/>\nPr\u00e0ctiques professionals II<\/td><td class=\"column-3\">2<\/td><td class=\"column-4\">J. Pastrana<\/td><td class=\"column-5\">Viernes<\/td><td class=\"column-6\">16.30<\/td><td class=\"column-7\">A.3<\/td><td class=\"column-8\">Menorca<\/td>\n<\/tr>\n<tr class=\"row-4\">\n\t<td class=\"column-1\">63012056<\/td><td class=\"column-2\">Animaci\u00f3n sociocultural \/ Animaci\u00f3 sociocultural<\/td><td class=\"column-3\">2<\/td><td class=\"column-4\">L.L\u00f3pez<\/td><td class=\"column-5\">Jueves\/Dijous<\/td><td class=\"column-6\">17.30<\/td><td class=\"column-7\">A. 3<\/td><td class=\"column-8\">Menorca<\/td>\n<\/tr>\n<tr class=\"row-5\">\n\t<td class=\"column-1\">63012062<\/td><td class=\"column-2\">Corrientes e Instituciones contempor\u00e1neas de la educaci\u00f3n \/ Corrents i Institucions contempor\u00e0nies de l\u2019educaci\u00f3<\/td><td class=\"column-3\">2<\/td><td class=\"column-4\">E. Romero<\/td><td class=\"column-5\">Jueves\/Dijous<\/td><td class=\"column-6\">18.30<\/td><td class=\"column-7\">A. 10<\/td><td class=\"column-8\">Mallorca<\/td>\n<\/tr>\n<tr class=\"row-6\">\n\t<td class=\"column-1\">63012085<\/td><td class=\"column-2\">M\u00e9todos de investigaci\u00f3n en educaci\u00f3n social \/ M\u00e8todes d\u2019investigaci\u00f3 en educaci\u00f3 social<\/td><td class=\"column-3\">2<\/td><td class=\"column-4\"><\/td><td class=\"column-5\"><\/td><td class=\"column-6\"><\/td><td class=\"column-7\"><\/td><td class=\"column-8\">Menorca<\/td>\n<\/tr>\n<tr class=\"row-7\">\n\t<td class=\"column-1\">63012091<\/td><td class=\"column-2\">Medios, tecnolog\u00eda y recursos para la intervenci\u00f3n socioeducativa \/ Mitjans, tecnolog\u00eda i recursos per a la intervenci\u00f3 socieducativa<\/td><td class=\"column-3\">2<\/td><td class=\"column-4\">J. Pastrana<\/td><td class=\"column-5\">Viernes\/Divendres<\/td><td class=\"column-6\">17.30<\/td><td class=\"column-7\">A. 3<\/td><td class=\"column-8\">Menorca<\/td>\n<\/tr>\n<\/tbody>\n<\/table>\n<!-- #tablepress-124 from cache --><br \/>\n\n<table id=\"tablepress-121\" class=\"tablepress tablepress-id-121 tbody-has-connected-cells\">\n<tbody class=\"row-striping row-hover\">\n<tr class=\"row-1\">\n\t<td class=\"column-1\"><\/td><td colspan=\"7\" class=\"column-2\"><h5>Tercer curso \/ curs - Primer Cuatrimestre\/quatrimestre<\/h5><\/td>\n<\/tr>\n<tr class=\"row-2\">\n\t<td class=\"column-1\"><strong>C\u00f3digo\/Codi<\/strong><\/td><td class=\"column-2\"><strong>Asignaturas \/ Assignatures<\/strong><\/td><td class=\"column-3\"><strong>C\/Q<\/strong><\/td><td class=\"column-4\"><strong>Profesorado\/ Professorat<\/strong><\/td><td class=\"column-5\"><strong>D\u00eda\/Dia<\/strong><\/td><td class=\"column-6\"><strong>Hora<\/strong><\/td><td class=\"column-7\"><strong>Aula<\/strong><\/td><td class=\"column-8\"><strong>Sede<\/strong><\/td>\n<\/tr>\n<tr class=\"row-3\">\n\t<td class=\"column-1\">63013038<\/td><td class=\"column-2\">Pol\u00edtica comparada de la educaci\u00f3n social \/ Pol\u00edtica comparada de l\u2019educaci\u00f3 social<\/td><td class=\"column-3\">1<\/td><td class=\"column-4\">E. Romero<\/td><td class=\"column-5\">Mi\u00e9rcoles\/Dimecres<\/td><td class=\"column-6\">18.30<\/td><td class=\"column-7\">A. 13<\/td><td class=\"column-8\">Mallorca<\/td>\n<\/tr>\n<tr class=\"row-4\">\n\t<td class=\"column-1\">63013067<\/td><td class=\"column-2\">Pr\u00e1cticas profesionales III \/ Pr\u00e0ctiques professionals III<\/td><td class=\"column-3\">1<\/td><td class=\"column-4\"><\/td><td class=\"column-5\">Mi\u00e9rcoles\/Dimecres<\/td><td class=\"column-6\">16.30<\/td><td class=\"column-7\">T. 10<br \/>\n<\/td><td class=\"column-8\">Mallorca<\/td>\n<\/tr>\n<tr class=\"row-5\">\n\t<td class=\"column-1\">63013021<\/td><td class=\"column-2\">Mediaci\u00f3n y orientaci\u00f3n familiar \/ Mediaci\u00f3 i orientaci\u00f3 familiar<\/td><td class=\"column-3\">1<\/td><td class=\"column-4\">B. Ata\u00fan<\/td><td class=\"column-5\">INTERCAMPUS<\/td><td class=\"column-6\"><\/td><td class=\"column-7\"><\/td><td class=\"column-8\"><\/td>\n<\/tr>\n<tr class=\"row-6\">\n\t<td class=\"column-1\">63013104<\/td><td class=\"column-2\">Educaci\u00f3n ambiental \/ Educaci\u00f3 ambiental<\/td><td class=\"column-3\">1<\/td><td class=\"column-4\"><\/td><td class=\"column-5\">INTERCAMPUS<\/td><td class=\"column-6\"><\/td><td class=\"column-7\"><\/td><td class=\"column-8\"><\/td>\n<\/tr>\n<tr class=\"row-7\">\n\t<td class=\"column-1\">63013015<\/td><td class=\"column-2\">Discapacidad y contextos de intervenci\u00f3n \/ Discapacitat i contexts d\u2019intervenci\u00f3<\/td><td class=\"column-3\">1<\/td><td class=\"column-4\"><\/td><td class=\"column-5\">INTERCAMPUS<\/td><td class=\"column-6\"><\/td><td class=\"column-7\"><\/td><td class=\"column-8\"><\/td>\n<\/tr>\n<\/tbody>\n<\/table>\n<!-- #tablepress-121 from cache --><br \/>\n\n<table id=\"tablepress-125\" class=\"tablepress tablepress-id-125 tbody-has-connected-cells\">\n<tbody class=\"row-striping row-hover\">\n<tr class=\"row-1\">\n\t<td class=\"column-1\"><\/td><td colspan=\"7\" class=\"column-2\"><h5>Tercer curso\/curs - Segundo Cuatrimestre\/Segon quadrimestre<\/h5><\/td>\n<\/tr>\n<tr class=\"row-2\">\n\t<td class=\"column-1\"><strong>C\u00f3digo\/Codi<\/strong><\/td><td class=\"column-2\"><strong>Asignaturas \/ Assignatures<\/strong><\/td><td class=\"column-3\"><strong>C\/Q<\/strong><\/td><td class=\"column-4\"><strong>Profesorado\/ Professorat<\/strong><\/td><td class=\"column-5\"><strong>D\u00eda\/Dia<\/strong><\/td><td class=\"column-6\"><strong>Hora<\/strong><\/td><td class=\"column-7\"><strong>Aula<\/strong><\/td><td class=\"column-8\"><strong>Sede<\/strong><\/td>\n<\/tr>\n<tr class=\"row-3\">\n\t<td class=\"column-1\">63013073<\/td><td class=\"column-2\">Evaluaci\u00f3n de la intervenci\u00f3n socioeducativa: agentes, \u00e1mbitos y proyectos \/ Avaluaci\u00f3 de la intervenci\u00f3 socioeducativa: agents, \u00e0mbits i projectes<\/td><td class=\"column-3\">2<\/td><td class=\"column-4\">I.C. Maciel<\/td><td class=\"column-5\">Lunes\/Dilluns<\/td><td class=\"column-6\">18.30<\/td><td class=\"column-7\">A. 6<\/td><td class=\"column-8\">Ibiza\/Eivissa<\/td>\n<\/tr>\n<tr class=\"row-4\">\n\t<td class=\"column-1\">63014026<\/td><td class=\"column-2\">Practicas profesionales IV \/ Pr\u00e0ctiques professionals IV<\/td><td class=\"column-3\">2<\/td><td class=\"column-4\">J. Pastrana<\/td><td class=\"column-5\">Viernes\/Divendres<\/td><td class=\"column-6\">18.30<\/td><td class=\"column-7\">A.3<\/td><td class=\"column-8\">Menorca<\/td>\n<\/tr>\n<tr class=\"row-5\">\n\t<td class=\"column-1\">6301308-<\/td><td class=\"column-2\">Asesoramiento y consulta en educaci\u00f3n social \/ Assessorament i consulta en educaci\u00f3 social<\/td><td class=\"column-3\">2<\/td><td class=\"column-4\">L. L\u00f3pez<\/td><td class=\"column-5\">Jueves\/Dijous<\/td><td class=\"column-6\">16.30<\/td><td class=\"column-7\">A. 3<\/td><td class=\"column-8\">Menorca<\/td>\n<\/tr>\n<tr class=\"row-6\">\n\t<td class=\"column-1\">63013050<\/td><td class=\"column-2\">Educaci\u00f3n para la salud \/ Educaci\u00f3 per a la salut<\/td><td class=\"column-3\">2<\/td><td class=\"column-4\">INTERCAMPUS<\/td><td class=\"column-5\"><\/td><td class=\"column-6\"><\/td><td class=\"column-7\"><\/td><td class=\"column-8\"><\/td>\n<\/tr>\n<tr class=\"row-7\">\n\t<td class=\"column-1\">63013044<\/td><td class=\"column-2\">Intervenci\u00f3n socioeducativa para la prevenci\u00f3n de la exclusi\u00f3n social \/ Intervenci\u00f3 socioeducativa per a la prevenci\u00f3 de l\u2019exclusi\u00f3 social<\/td><td class=\"column-3\">2<\/td><td class=\"column-4\">INTERCAMPUS<br \/>\n<\/td><td class=\"column-5\"><\/td><td class=\"column-6\"><\/td><td class=\"column-7\"><\/td><td class=\"column-8\"><\/td>\n<\/tr>\n<\/tbody>\n<\/table>\n<!-- #tablepress-125 from cache --><br \/>\n\n<table id=\"tablepress-122\" class=\"tablepress tablepress-id-122 tbody-has-connected-cells\">\n<tbody class=\"row-striping row-hover\">\n<tr class=\"row-1\">\n\t<td class=\"column-1\"><\/td><td colspan=\"7\" class=\"column-2\"><h5>Cuarto curso\/Quart curs - Primer Cuatrimestre\/quadrimestre<\/h5><\/td>\n<\/tr>\n<tr class=\"row-2\">\n\t<td class=\"column-1\"><strong>C\u00f3digo\/Codi<\/strong><\/td><td class=\"column-2\"><strong>Asignaturas \/ Assignatures<\/strong><\/td><td class=\"column-3\"><strong>C\/Q<\/strong><\/td><td class=\"column-4\"><strong>Profesorado\/ Professorat<\/strong><\/td><td class=\"column-5\"><strong>D\u00eda\/Dia<\/strong><\/td><td class=\"column-6\"><strong>Hora<\/strong><\/td><td class=\"column-7\"><strong>Aula<\/strong><\/td><td class=\"column-8\"><strong>Sede<\/strong><\/td>\n<\/tr>\n<tr class=\"row-3\">\n\t<td class=\"column-1\">6301418-<\/td><td class=\"column-2\">Organizaci\u00f3n y gesti\u00f3n de instituciones y programas de intervenci\u00f3n socioeducativa \/ Organitzaci\u00f3 y gesti\u00f3 d\u2019institucions i programes d\u2019intervenci\u00f3 socioeducativa<\/td><td class=\"column-3\">1<\/td><td class=\"column-4\">J. Pastrana<\/td><td class=\"column-5\">Jueves\/dijous<\/td><td class=\"column-6\">17.30<\/td><td class=\"column-7\">A.5<\/td><td class=\"column-8\">Menorca<\/td>\n<\/tr>\n<tr class=\"row-4\">\n\t<td class=\"column-1\">63014196<\/td><td class=\"column-2\">Deontolog\u00eda Profesional \/ Deontologia Professional<\/td><td class=\"column-3\">1<\/td><td class=\"column-4\">E. Romero<\/td><td class=\"column-5\">Jueves\/dijous<br \/>\n<\/td><td class=\"column-6\">18.30<\/td><td class=\"column-7\">T. 1<\/td><td class=\"column-8\">Mallorca<\/td>\n<\/tr>\n<tr class=\"row-5\">\n\t<td class=\"column-1\">63014032<\/td><td class=\"column-2\">Pr\u00e1cticas Profesionales V \/ Pr\u00e0ctiques Professionals V<\/td><td class=\"column-3\">1<\/td><td class=\"column-4\">INTERCAMPUS<\/td><td class=\"column-5\"><\/td><td class=\"column-6\"><\/td><td class=\"column-7\"><\/td><td class=\"column-8\"><\/td>\n<\/tr>\n<\/tbody>\n<\/table>\n<!-- #tablepress-122 from cache --><br \/>\n\n<table id=\"tablepress-126\" class=\"tablepress tablepress-id-126 tbody-has-connected-cells\">\n<tbody class=\"row-striping row-hover\">\n<tr class=\"row-1\">\n\t<td class=\"column-1\"><\/td><td colspan=\"7\" class=\"column-2\"><h5>Cuarto curso\/ Quart curs - Segundo Cuatrimestre\/Segon quadrimestre<\/h5><\/td>\n<\/tr>\n<tr class=\"row-2\">\n\t<td class=\"column-1\"><strong>C\u00f3digo\/Codi<\/strong><\/td><td class=\"column-2\"><strong>Asignaturas \/ Assignatures<\/strong><\/td><td class=\"column-3\"><strong>C\/Q<\/strong><\/td><td class=\"column-4\"><strong>Profesorado\/ Professorat<\/strong><\/td><td class=\"column-5\"><strong>D\u00eda\/Dia<\/strong><\/td><td class=\"column-6\"><strong>Hora<\/strong><\/td><td class=\"column-7\"><strong>Aula<\/strong><\/td><td class=\"column-8\"><strong>Sede<\/strong><\/td>\n<\/tr>\n<tr class=\"row-3\">\n\t<td class=\"column-1\">63014173<\/td><td class=\"column-2\">Evaluaci\u00f3n de programas e instituciones de Educaci\u00f3n Social \/ Avaluaci\u00f3 de programes i institucions d\u2019Educaci\u00f3 Social<br \/>\n<\/td><td class=\"column-3\">2<\/td><td class=\"column-4\">J. Caules<br \/>\n<\/td><td class=\"column-5\">Martes\/Dimarts<\/td><td class=\"column-6\">18.30<\/td><td class=\"column-7\">A. 5<br \/>\n<\/td><td class=\"column-8\">Menorca<\/td>\n<\/tr>\n<tr class=\"row-4\">\n\t<td class=\"column-1\">63012033<\/td><td class=\"column-2\">G\u00e9nesis y situaci\u00f3n de la educaci\u00f3n social \/ G\u00e8nesi i situaci\u00f3 de l\u2019educaci\u00f3 social<\/td><td class=\"column-3\">2<\/td><td class=\"column-4\">INTERCAMPUS<\/td><td class=\"column-5\"><\/td><td class=\"column-6\"><\/td><td class=\"column-7\"><\/td><td class=\"column-8\"><\/td>\n<\/tr>\n<tr class=\"row-5\">\n\t<td class=\"column-1\">6301401-<\/td><td class=\"column-2\">Trabajo Fin de Grado \/ Treball Fi de Grau<\/td><td class=\"column-3\">2<\/td><td class=\"column-4\">INTERCAMPUS<\/td><td class=\"column-5\"><\/td><td class=\"column-6\"><\/td><td class=\"column-7\"><\/td><td class=\"column-8\"><\/td>\n<\/tr>\n<tr class=\"row-6\">\n\t<td class=\"column-1\"><\/td><td class=\"column-2\">  Optativas \/ Optatives<\/td><td class=\"column-3\">2<\/td><td class=\"column-4\">INTERCAMPUS<\/td><td class=\"column-5\"><\/td><td class=\"column-6\"><\/td><td class=\"column-7\"><\/td><td class=\"column-8\"><\/td>\n<\/tr>\n<\/tbody>\n<\/table>\n<!-- #tablepress-126 from cache --><\/p>\n<!-- The table with the ID 386 is empty! --><!-- #tablepress-386 from cache -->\n","protected":false},"excerpt":{"rendered":"<p>RECURSOS Compra de material en\u00a0Librer\u00eda virtual Listado de asignaturas Grabaciones (primer cuatrimestre) Grabaciones (segundo cuatrimestre) 2.2.2.ConveniosPracticasCurriculares_2023-2024 2.2.2.FichaPracticasProfesionalesExternas_2024-2025 &nbsp; HORARIOS \/ HORARIS (2025\/2026)<\/p>\n","protected":false},"author":1,"featured_media":0,"parent":1288,"menu_order":0,"comment_status":"closed","ping_status":"closed","template":"","meta":{"_acf_changed":false,"footnotes":""},"acf":[],"_links":{"self":[{"href":"https:\/\/uned-illesbalears.net\/ca\/wp-json\/wp\/v2\/pages\/1340"}],"collection":[{"href":"https:\/\/uned-illesbalears.net\/ca\/wp-json\/wp\/v2\/pages"}],"about":[{"href":"https:\/\/uned-illesbalears.net\/ca\/wp-json\/wp\/v2\/types\/page"}],"author":[{"embeddable":true,"href":"https:\/\/uned-illesbalears.net\/ca\/wp-json\/wp\/v2\/users\/1"}],"replies":[{"embeddable":true,"href":"https:\/\/uned-illesbalears.net\/ca\/wp-json\/wp\/v2\/comments?post=1340"}],"version-history":[{"count":17,"href":"https:\/\/uned-illesbalears.net\/ca\/wp-json\/wp\/v2\/pages\/1340\/revisions"}],"predecessor-version":[{"id":278010,"href":"https:\/\/uned-illesbalears.net\/ca\/wp-json\/wp\/v2\/pages\/1340\/revisions\/278010"}],"up":[{"embeddable":true,"href":"https:\/\/uned-illesbalears.net\/ca\/wp-json\/wp\/v2\/pages\/1288"}],"wp:attachment":[{"href":"https:\/\/uned-illesbalears.net\/ca\/wp-json\/wp\/v2\/media?parent=1340"}],"curies":[{"name":"wp","href":"https:\/\/api.w.org\/{rel}","templated":true}]}}