{"id":1339,"date":"2013-08-26T20:39:23","date_gmt":"2013-08-26T20:39:23","guid":{"rendered":"https:\/\/uned-illesbalears.net\/recursos-para-estudiantes\/classes-de-tutoria\/classes-tutoria-a-mallorca\/economia\/"},"modified":"2025-07-26T21:51:11","modified_gmt":"2025-07-26T19:51:11","slug":"economia","status":"publish","type":"page","link":"https:\/\/uned-illesbalears.net\/ca\/recursos-para-estudiantes\/classes-de-tutoria\/clases-tutorias-en-mallorca\/economia\/","title":{"rendered":"Grado en Econom\u00eda\/Grau en Economia"},"content":{"rendered":"<h4>RECURSOS<\/h4>\n<ul>\n<li>Compra de material en\u00a0<span style=\"color: #008000;\"><strong><a style=\"color: #008000;\" href=\"http:\/\/libreria.uned-illesbalears.net\/producto-categoria\/6501-grado-en-economia\/\">Librer\u00eda virtual<\/a><\/strong><\/span><\/li>\n<li><span style=\"color: #008000;\"><strong><a style=\"color: #008000;\" href=\"https:\/\/www.uned.es\/universidad\/inicio\/estudios\/grados\/grado-en-economia.html?idContenido=5\">Listado de asignaturas <\/a><\/strong><\/span><\/li>\n<li><a href=\"https:\/\/uned-illesbalears.net\/recursos-para-estudiantes\/clases-tutorias\/grabaciones-clases-tutorias-curso-2024-2025\/grado-en-economia\/primer-semestre\/\"><span style=\"color: #008000;\"><strong>Grabaciones (primer cuatrimestre)<\/strong><\/span><\/a><\/li>\n<li><a href=\"https:\/\/uned-illesbalears.net\/recursos-para-estudiantes\/clases-tutorias\/grabaciones-clases-tutorias-curso-2024-2025\/grado-en-economia\/segundo-semestre\/\"><span style=\"color: #008000;\"><strong>Grabaciones (segundo cuatrimestre)<\/strong><\/span><\/a><\/li>\n<li><strong><span style=\"color: #008000;\"><a style=\"color: #008000;\" href=\"https:\/\/uned-illesbalears.net\/wp-content\/uploads\/2023\/10\/2.2.2.ConveniosPracticasCurriculares_2023-2024.pdf\" class=\"mtli_attachment mtli_pdf\">2.2.2.ConveniosPracticasCurriculares_2023-2024<\/a><\/span><\/strong><\/li>\n<li><strong><span style=\"color: #008000;\"><a style=\"color: #008000;\" href=\"https:\/\/uned-illesbalears.net\/wp-content\/uploads\/2023\/10\/2.2.2.FichaPracticasProfesionalesExternas_2023-2024.doc\" class=\"mtli_attachment mtli_doc\">2.2.2.FichaPracticasProfesionalesExternas_2023-2024<\/a><\/span><\/strong><\/li>\n<\/ul>\n<p>&nbsp;<\/p>\n<h4>HORARIOS HORARIS (2025\/2026)<\/h4>\n<p>\n<table id=\"tablepress-178\" class=\"tablepress tablepress-id-178 tbody-has-connected-cells\">\n<tbody class=\"row-striping row-hover\">\n<tr class=\"row-1\">\n\t<td class=\"column-1\">Consultar horarios en AkademosWeb<\/td><td class=\"column-2\"><\/td><td class=\"column-3\"><\/td><td class=\"column-4\"><\/td><td class=\"column-5\"><\/td><td class=\"column-6\"><\/td><td class=\"column-7\"><\/td><td class=\"column-8\"><\/td>\n<\/tr>\n<tr class=\"row-2\">\n\t<td class=\"column-1\"><a href=\"https:\/\/akademosweb.uned.es\/Default.aspx\">AkademosWeb<\/a><\/td><td class=\"column-2\"><\/td><td class=\"column-3\"><\/td><td class=\"column-4\"><\/td><td class=\"column-5\"><\/td><td class=\"column-6\"><\/td><td class=\"column-7\"><\/td><td class=\"column-8\"><\/td>\n<\/tr>\n<tr class=\"row-3\">\n\t<td class=\"column-1\"><\/td><td colspan=\"7\" class=\"column-2\"><h5>Primer curso\/curs - Primer cuatrimestre\/quadrimestre<\/h5><\/td>\n<\/tr>\n<tr class=\"row-4\">\n\t<td class=\"column-1\"><strong>C\u00f3digo\/Codi<\/strong><\/td><td class=\"column-2\"><strong>Asignaturas \/ Assignatures<\/strong><\/td><td class=\"column-3\"><strong>C\/Q<\/strong><\/td><td class=\"column-4\"><strong>Profesorado\/ Professorat<\/strong><\/td><td class=\"column-5\"><strong>D\u00eda\/Dia<\/strong><\/td><td class=\"column-6\"><strong>Hora<\/strong><\/td><td class=\"column-7\"><strong>Aula<\/strong><\/td><td class=\"column-8\"><strong>Sede<\/strong><br \/>\n<\/td>\n<\/tr>\n<tr class=\"row-5\">\n\t<td class=\"column-1\">65011049<\/td><td class=\"column-2\">Historia Econ\u00f3mica Mundial \/ Hist\u00f2ria Econ\u00f2mica Mundial <\/td><td class=\"column-3\">1<\/td><td class=\"column-4\">L. Carrasco<\/td><td class=\"column-5\">Lunes\/Dilluns<\/td><td class=\"column-6\">18.30<\/td><td class=\"column-7\">T. 6<\/td><td class=\"column-8\">Mallorca<\/td>\n<\/tr>\n<tr class=\"row-6\">\n\t<td class=\"column-1\">65011032<\/td><td class=\"column-2\">Fundamentos de Contabilidad \/<br \/>\nFonaments de Comptabilitat<br \/>\n(Com\u00fan ADE\/ Com\u00fa ADE)<\/td><td class=\"column-3\">1<\/td><td class=\"column-4\">A. Novo<\/td><td class=\"column-5\">Lunes\/Dilluns<\/td><td class=\"column-6\">19.30<\/td><td class=\"column-7\">A. 12<\/td><td class=\"column-8\">Mallorca<\/td>\n<\/tr>\n<tr class=\"row-7\">\n\t<td class=\"column-1\">6501101-<\/td><td class=\"column-2\">Introducci\u00f3n a la Microeconom\u00eda \/<br \/>\nIntroducci\u00f3 a la Microeconomia<\/td><td class=\"column-3\">1<\/td><td class=\"column-4\"><\/td><td class=\"column-5\">Martes\/Dimarts<\/td><td class=\"column-6\">18.30<\/td><td class=\"column-7\">T. 9<\/td><td class=\"column-8\">Mallorca<\/td>\n<\/tr>\n<tr class=\"row-8\">\n\t<td class=\"column-1\">65901010<\/td><td class=\"column-2\">Introducci\u00f3n Econom\u00eda de la Empresa \/ Introducci\u00f3 Economia de l\u2019Empresa<br \/>\n(Com\u00fan ADE\/ Com\u00fa ADE)<\/td><td class=\"column-3\">1<\/td><td class=\"column-4\">R. Antequera<\/td><td class=\"column-5\">Martes\/Dimars<\/td><td class=\"column-6\">17.30<\/td><td class=\"column-7\">A.10<\/td><td class=\"column-8\">Mallorca<\/td>\n<\/tr>\n<tr class=\"row-9\">\n\t<td class=\"column-1\">65011026<\/td><td class=\"column-2\">Matem\u00e1ticas para la Econom\u00eda: C\u00e1lculo \/<br \/>\nMatem\u00e0tiques per a l\u2019Economia:  C\u00e0lcul<br \/>\n(Com\u00fan ADE\/Com\u00fa ADE)<br \/>\n<\/td><td class=\"column-3\">1<\/td><td class=\"column-4\">J. Pareja<\/td><td class=\"column-5\">Jueves\/Dijous<\/td><td class=\"column-6\">17.30<\/td><td class=\"column-7\">A. Inform\u00e1tica<\/td><td class=\"column-8\">Mallorca<\/td>\n<\/tr>\n<\/tbody>\n<\/table>\n<!-- #tablepress-178 from cache --><br \/>\n\n<table id=\"tablepress-179\" class=\"tablepress tablepress-id-179 tbody-has-connected-cells\">\n<tbody class=\"row-striping row-hover\">\n<tr class=\"row-1\">\n\t<td class=\"column-1\"><\/td><td colspan=\"7\" class=\"column-2\"><h5>Primer curso\/curs - Segundo cuatrimestre\/Segon quadrimestre<\/h5><\/td>\n<\/tr>\n<tr class=\"row-2\">\n\t<td class=\"column-1\"><strong>C\u00f3digo\/Codi<\/strong><\/td><td class=\"column-2\"><strong>Asignaturas \/ Assignatures<\/strong><\/td><td class=\"column-3\"><strong>C\/Q<\/strong><\/td><td class=\"column-4\"><strong>Profesorado\/ Professorat<\/strong><\/td><td class=\"column-5\"><strong>D\u00eda\/Dia<\/strong><\/td><td class=\"column-6\"><strong>Hora<\/strong><\/td><td class=\"column-7\"><strong>Aula<\/strong><\/td><td class=\"column-8\"><strong>Sede<\/strong><br \/>\n<\/td>\n<\/tr>\n<tr class=\"row-3\">\n\t<td class=\"column-1\">65011078<\/td><td class=\"column-2\">Historia Econ\u00f3mica de Espa\u00f1a \/<br \/>\nHist\u00f2ria Econ\u00f2mica d\u2019Espanya<br \/>\n<\/td><td class=\"column-3\">2<\/td><td class=\"column-4\">L. Carrasco<\/td><td class=\"column-5\">Martes\/Dimarts<\/td><td class=\"column-6\">18.30<\/td><td class=\"column-7\">A. 11<\/td><td class=\"column-8\">Mallorca<\/td>\n<\/tr>\n<tr class=\"row-4\">\n\t<td class=\"column-1\">65011061<\/td><td class=\"column-2\">Fundamentos de la Uni\u00f3n Europea \/<br \/>\nFonaments de la Uni\u00f3 Europea<\/td><td class=\"column-3\">2<\/td><td class=\"column-4\">A. Villa<\/td><td class=\"column-5\">Jueves\/Dijous<\/td><td class=\"column-6\">19.30<\/td><td class=\"column-7\">A. 7<\/td><td class=\"column-8\">Ibiza\/Eivissa<\/td>\n<\/tr>\n<tr class=\"row-5\">\n\t<td class=\"column-1\">65011084<\/td><td class=\"column-2\">Matem\u00e1ticas para la Econom\u00eda: \u00c1lgebra \/<br \/>\nMatem\u00e0tiques per a l\u2019Economia: \u00c0lgebra<\/td><td class=\"column-3\">2<\/td><td class=\"column-4\">J. Pareja<\/td><td class=\"column-5\">Jueves\/Dijous<\/td><td class=\"column-6\">17.30<\/td><td class=\"column-7\">A. 14<\/td><td class=\"column-8\">Mallorca<\/td>\n<\/tr>\n<tr class=\"row-6\">\n\t<td class=\"column-1\">65011055<\/td><td class=\"column-2\">Introducci\u00f3n a la Estad\u00edstica \/ <br \/>\nIntroducci\u00f3 a l\u2019Estad\u00edstica<br \/>\n<\/td><td class=\"column-3\">2<\/td><td class=\"column-4\">A. Villa<br \/>\n<\/td><td class=\"column-5\">Jueves\/Dijous<br \/>\n<\/td><td class=\"column-6\">18.30<\/td><td class=\"column-7\">A. 7<\/td><td class=\"column-8\">Ibiza\/Eivissa<\/td>\n<\/tr>\n<tr class=\"row-7\">\n\t<td class=\"column-1\">65011090<\/td><td class=\"column-2\">Introducci\u00f3n a la Macroeconom\u00eda \/ <br \/>\nIntroducci\u00f3 a la Macroeconomia <br \/>\n<\/td><td class=\"column-3\">2<\/td><td class=\"column-4\">A. Muntaner<\/td><td class=\"column-5\">Viernes\/Divendres<\/td><td class=\"column-6\">18.30<\/td><td class=\"column-7\">T. 5<\/td><td class=\"column-8\">Mallorca<\/td>\n<\/tr>\n<\/tbody>\n<\/table>\n<!-- #tablepress-179 from cache --><br \/>\n\n<table id=\"tablepress-180\" class=\"tablepress tablepress-id-180 tbody-has-connected-cells\">\n<tbody class=\"row-striping row-hover\">\n<tr class=\"row-1\">\n\t<td class=\"column-1\"><\/td><td colspan=\"7\" class=\"column-2\"><h5>Segundo curso\/Segon curs - Primer cuatrimestre\/quadrimestre<\/h5><\/td>\n<\/tr>\n<tr class=\"row-2\">\n\t<td class=\"column-1\"><strong>C\u00f3digo\/Codi<\/strong><\/td><td class=\"column-2\"><strong>Asignaturas \/ Assignatures<\/strong><\/td><td class=\"column-3\"><strong>C\/Q<\/strong><\/td><td class=\"column-4\"><strong>Profesorado\/ Professorat<\/strong><\/td><td class=\"column-5\"><strong>D\u00eda\/Dia<\/strong><\/td><td class=\"column-6\"><strong>Hora<\/strong><\/td><td class=\"column-7\"><strong>Aula<\/strong><\/td><td class=\"column-8\"><strong>Sede<\/strong><\/td>\n<\/tr>\n<tr class=\"row-3\">\n\t<td class=\"column-1\">65902015<\/td><td class=\"column-2\">Econom\u00eda mundial \/ Economia mundial<br \/>\n(Com\u00fan ADE\/ Com\u00fa ADE)<\/td><td class=\"column-3\">1<\/td><td class=\"column-4\">L. Carrasco<\/td><td class=\"column-5\">Lunes\/Dilluns<\/td><td class=\"column-6\">17.30<\/td><td class=\"column-7\">T. 6<\/td><td class=\"column-8\">Mallorca<\/td>\n<\/tr>\n<tr class=\"row-4\">\n\t<td class=\"column-1\">65012103<\/td><td class=\"column-2\">Teor\u00eda del presupuesto y del gasto p\u00fablico \/ Teoria del pressupost i de la despesa p\u00fablica<\/td><td class=\"column-3\">1<\/td><td class=\"column-4\">S. Fern\u00e1ndez<\/td><td class=\"column-5\">Mi\u00e9rcoles\/Dimecres<\/td><td class=\"column-6\">18.30<\/td><td class=\"column-7\">A. 5<\/td><td class=\"column-8\">Menorca<\/td>\n<\/tr>\n<tr class=\"row-5\">\n\t<td class=\"column-1\">65012072<\/td><td class=\"column-2\">Econom\u00eda de la Empresa: Inversi\u00f3n y financiaci\u00f3n \/ Economia de l\u2019Empresa: Inversi\u00f3 i financiaci\u00f3<\/td><td class=\"column-3\">1<\/td><td class=\"column-4\">A. Novo<\/td><td class=\"column-5\">Mi\u00e9rcoles\/Dimecres<\/td><td class=\"column-6\">19.30<\/td><td class=\"column-7\">T. 10<\/td><td class=\"column-8\">Mallorca<\/td>\n<\/tr>\n<tr class=\"row-6\">\n\t<td class=\"column-1\">65012014<\/td><td class=\"column-2\">Microeconom\u00eda (consumo) \/ Microeconomia (consum)<\/td><td class=\"column-3\">1<\/td><td class=\"column-4\">CAMPUS<\/td><td class=\"column-5\"><\/td><td class=\"column-6\"><\/td><td class=\"column-7\"><\/td><td class=\"column-8\"><\/td>\n<\/tr>\n<tr class=\"row-7\">\n\t<td class=\"column-1\">65012066<\/td><td class=\"column-2\">Matem\u00e1ticas avanzadas para la econom\u00eda \/ Matem\u00e0tiques avan\u00e7ades per a la economia<\/td><td class=\"column-3\">1<\/td><td class=\"column-4\">CAMPUS<\/td><td class=\"column-5\"><\/td><td class=\"column-6\"><\/td><td class=\"column-7\"><\/td><td class=\"column-8\"><\/td>\n<\/tr>\n<\/tbody>\n<\/table>\n<!-- #tablepress-180 from cache --><br \/>\n\n<table id=\"tablepress-181\" class=\"tablepress tablepress-id-181 tbody-has-connected-cells\">\n<tbody class=\"row-striping row-hover\">\n<tr class=\"row-1\">\n\t<td class=\"column-1\"><\/td><td colspan=\"7\" class=\"column-2\"><h5>Segundo curso\/Segon curs - Segundo Cuatrimestre\/Segon quadrimestre<\/h5><\/td>\n<\/tr>\n<tr class=\"row-2\">\n\t<td class=\"column-1\"><strong>C\u00f3digo\/Codi<\/strong><\/td><td class=\"column-2\"><strong>Asignaturas \/ Assignatures<\/strong><\/td><td class=\"column-3\"><strong>C\/Q<\/strong><\/td><td class=\"column-4\"><strong>Profesorado\/ Professorat<\/strong><\/td><td class=\"column-5\"><strong>D\u00eda\/Dia<\/strong><\/td><td class=\"column-6\"><strong>Hora<\/strong><\/td><td class=\"column-7\"><strong>Aula<\/strong><\/td><td class=\"column-8\"><strong>Sede<\/strong><\/td>\n<\/tr>\n<tr class=\"row-3\">\n\t<td class=\"column-1\">6501211-<\/td><td class=\"column-2\">Introducci\u00f3n al derecho \/ <br \/>\nIntroducci\u00f3 al dret (Com\u00fan\/ Com\u00fa CCJJAAPP)<\/td><td class=\"column-3\">2<\/td><td class=\"column-4\">C. Mar\u00ed<\/td><td class=\"column-5\">Martes\/Dimarts<\/td><td class=\"column-6\">19.30<\/td><td class=\"column-7\">A. 12<\/td><td class=\"column-8\">Ibiza\/Eivissa<\/td>\n<\/tr>\n<tr class=\"row-4\">\n\t<td class=\"column-1\">65012095<\/td><td class=\"column-2\">Macroeconom\u00eda (demanda agregada) \/ Macroeconomia (demanda afegida)<br \/>\n<\/td><td class=\"column-3\">2<\/td><td class=\"column-4\">F.J. Franconetti<\/td><td class=\"column-5\">Mi\u00e9rcoles\/Dimecres<\/td><td class=\"column-6\">19.30<\/td><td class=\"column-7\">T. 10<\/td><td class=\"column-8\">Mallorca<\/td>\n<\/tr>\n<tr class=\"row-5\">\n\t<td class=\"column-1\">65012037<\/td><td class=\"column-2\">Teor\u00eda de los ingresos p\u00fablicos \/ <br \/>\nTeoria dels ingressos p\u00fablics<\/td><td class=\"column-3\">2<\/td><td class=\"column-4\">S. Fern\u00e1ndez<\/td><td class=\"column-5\">Jueves \/Dijous<\/td><td class=\"column-6\">18.30<\/td><td class=\"column-7\">A. 4<\/td><td class=\"column-8\">Menorca<\/td>\n<\/tr>\n<tr class=\"row-6\">\n\t<td class=\"column-1\">6501205-<\/td><td class=\"column-2\">Probabilidad. Modelos probabil\u00edsticos \/ Probabilitat. Models probabil\u00edstics<\/td><td class=\"column-3\">2<\/td><td class=\"column-4\">M. de la Rosa<\/td><td class=\"column-5\">Jueves\/Dijous<\/td><td class=\"column-6\">19.30<\/td><td class=\"column-7\">A. 13<\/td><td class=\"column-8\">Mallorca<\/td>\n<\/tr>\n<tr class=\"row-7\">\n\t<td class=\"column-1\">65012043<\/td><td class=\"column-2\">Organismos econ\u00f3micos internacionales \/ Organismes econ\u00f2mics internacionals<\/td><td class=\"column-3\">2<\/td><td class=\"column-4\">A. Villa<br \/>\n<\/td><td class=\"column-5\">Jueves\/Dijous<\/td><td class=\"column-6\">16.30<\/td><td class=\"column-7\">T. 7<\/td><td class=\"column-8\">Ibiza\/Eivissa<\/td>\n<\/tr>\n<\/tbody>\n<\/table>\n<!-- #tablepress-181 from cache --><br \/>\n\n<table id=\"tablepress-182\" class=\"tablepress tablepress-id-182 tbody-has-connected-cells\">\n<tbody class=\"row-striping row-hover\">\n<tr class=\"row-1\">\n\t<td class=\"column-1\"><\/td><td colspan=\"7\" class=\"column-2\"><h5>Tercer curso \/ curs - Primer Cuatrimestre\/quatrimestre<\/h5><\/td>\n<\/tr>\n<tr class=\"row-2\">\n\t<td class=\"column-1\"><strong>C\u00f3digo\/Codi<\/strong><\/td><td class=\"column-2\"><strong>Asignaturas \/ Assignatures<\/strong><\/td><td class=\"column-3\"><strong>C\/Q<\/strong><\/td><td class=\"column-4\"><\/td><td class=\"column-5\"><\/td><td class=\"column-6\"><\/td><td class=\"column-7\"><\/td><td class=\"column-8\"><\/td>\n<\/tr>\n<tr class=\"row-3\">\n\t<td class=\"column-1\">6501309-<\/td><td class=\"column-2\">Econom\u00eda internacional \/ Economia internacional<\/td><td class=\"column-3\">1<\/td><td class=\"column-4\">INTERCAMPUS<br \/>\n<\/td><td class=\"column-5\"><\/td><td class=\"column-6\"><\/td><td class=\"column-7\"><\/td><td class=\"column-8\"><\/td>\n<\/tr>\n<tr class=\"row-4\">\n\t<td class=\"column-1\">65013025<\/td><td class=\"column-2\">Introducci\u00f3n a la econometr\u00eda \/ Introducci\u00f3 a l\u2019econometria<br \/>\n<\/td><td class=\"column-3\">1<\/td><td class=\"column-4\">INTERCAMPUS<br \/>\n<\/td><td class=\"column-5\"><\/td><td class=\"column-6\"><\/td><td class=\"column-7\"><\/td><td class=\"column-8\"><\/td>\n<\/tr>\n<tr class=\"row-5\">\n\t<td class=\"column-1\">65013019<\/td><td class=\"column-2\">Microeconom\u00eda: Producci\u00f3n y mercados \/ Microeconomia: Producci\u00f3 i mercats<\/td><td class=\"column-3\">1<\/td><td class=\"column-4\">INTERCAMPUS<\/td><td class=\"column-5\"><\/td><td class=\"column-6\"><\/td><td class=\"column-7\"><\/td><td class=\"column-8\"><\/td>\n<\/tr>\n<tr class=\"row-6\">\n\t<td class=\"column-1\">65013108<\/td><td class=\"column-2\">Inferencia estad\u00edstica \/ Infer\u00e8ncia estad\u00edstica<\/td><td class=\"column-3\">1<\/td><td class=\"column-4\">INTERCAMPUS<\/td><td class=\"column-5\"><\/td><td class=\"column-6\"><\/td><td class=\"column-7\"><\/td><td class=\"column-8\"><\/td>\n<\/tr>\n<tr class=\"row-7\">\n\t<td class=\"column-1\">65013031<\/td><td class=\"column-2\">Pol\u00edtica econ\u00f3mica: Objetivos e instrumentos \/ Pol\u00edtica econ\u00f2mica: Objectius i instruments<\/td><td class=\"column-3\">1<\/td><td class=\"column-4\">INTERCAMPUS<\/td><td class=\"column-5\"><\/td><td class=\"column-6\"><\/td><td class=\"column-7\"><\/td><td class=\"column-8\"><\/td>\n<\/tr>\n<\/tbody>\n<\/table>\n<!-- #tablepress-182 from cache --><br \/>\n\n<table id=\"tablepress-183\" class=\"tablepress tablepress-id-183 tbody-has-connected-cells\">\n<tbody class=\"row-striping row-hover\">\n<tr class=\"row-1\">\n\t<td class=\"column-1\"><\/td><td colspan=\"7\" class=\"column-2\"><h5>Tercer curso\/curs - Segundo Cuatrimestre\/Segon quadrimestre<\/h5><\/td>\n<\/tr>\n<tr class=\"row-2\">\n\t<td class=\"column-1\"><strong>C\u00f3digo\/Codi<\/strong><\/td><td class=\"column-2\"><strong>Asignaturas \/ Assignatures<\/strong><\/td><td class=\"column-3\"><strong>C\/Q<\/strong><\/td><td class=\"column-4\"><strong>Profesorado\/ Professorat<\/strong><\/td><td class=\"column-5\"><strong>D\u00eda\/Dia<\/strong><\/td><td class=\"column-6\"><strong>Hora<\/strong><\/td><td class=\"column-7\"><strong>Aula<\/strong><\/td><td class=\"column-8\"><strong>Sede<\/strong><\/td>\n<\/tr>\n<tr class=\"row-3\">\n\t<td class=\"column-1\">65013083<\/td><td class=\"column-2\">Econometr\u00eda \/ Econometria<\/td><td class=\"column-3\">2<\/td><td class=\"column-4\">S. Fern\u00e1ndez<\/td><td class=\"column-5\">Jueves\/Dijous<\/td><td class=\"column-6\">17.30<\/td><td class=\"column-7\">A. 4<\/td><td class=\"column-8\">Menorca<\/td>\n<\/tr>\n<tr class=\"row-4\">\n\t<td class=\"column-1\">65013048<\/td><td class=\"column-2\">Macroeconom\u00eda: Oferta agregada \/ Macroeconomia: Oferta afegida<\/td><td class=\"column-3\">2<\/td><td class=\"column-4\">INTERCAMPUS<\/td><td class=\"column-5\"><\/td><td class=\"column-6\"><\/td><td class=\"column-7\"><\/td><td class=\"column-8\"><\/td>\n<\/tr>\n<tr class=\"row-5\">\n\t<td class=\"column-1\">65013054<\/td><td class=\"column-2\">Estructura econ\u00f3mica de Espa\u00f1a \/ <br \/>\nEstructura econ\u00f2mica d\u2019Espanya<\/td><td class=\"column-3\">2<\/td><td class=\"column-4\">INTERCAMPUS<\/td><td class=\"column-5\"><\/td><td class=\"column-6\"><\/td><td class=\"column-7\"><\/td><td class=\"column-8\"><\/td>\n<\/tr>\n<tr class=\"row-6\">\n\t<td class=\"column-1\">65013077<\/td><td class=\"column-2\">Sistema financiero \/ Sistema financer<\/td><td class=\"column-3\">2<\/td><td class=\"column-4\">INTERCAMPUS<\/td><td class=\"column-5\"><\/td><td class=\"column-6\"><\/td><td class=\"column-7\"><\/td><td class=\"column-8\"><\/td>\n<\/tr>\n<tr class=\"row-7\">\n\t<td class=\"column-1\">65013060<\/td><td class=\"column-2\">Pol\u00edticas econ\u00f3micas p\u00fablicas \/<br \/>\nPol\u00edtiques econ\u00f2miques p\u00fabliques<\/td><td class=\"column-3\">2<\/td><td class=\"column-4\">INTERCAMPUS<\/td><td class=\"column-5\"><\/td><td class=\"column-6\"><\/td><td class=\"column-7\"><\/td><td class=\"column-8\"><\/td>\n<\/tr>\n<\/tbody>\n<\/table>\n<!-- #tablepress-183 from cache --><br \/>\n\n<table id=\"tablepress-185\" class=\"tablepress tablepress-id-185 tbody-has-connected-cells\">\n<tbody class=\"row-striping row-hover\">\n<tr class=\"row-1\">\n\t<td class=\"column-1\"><\/td><td colspan=\"7\" class=\"column-2\"><h5>Cuarto curso\/Quart curs - Primer Cuatrimestre\/quadrimestre<\/h5><\/td>\n<\/tr>\n<tr class=\"row-2\">\n\t<td class=\"column-1\"><strong>C\u00f3digo\/Codi<\/strong><\/td><td class=\"column-2\"><strong>Asignaturas \/ Assignatures<\/strong><\/td><td class=\"column-3\"><strong>C\/Q<\/strong><\/td><td class=\"column-4\"><strong>Profesorado\/ Professorat<\/strong><\/td><td class=\"column-5\"><strong>D\u00eda\/Dia<\/strong><\/td><td class=\"column-6\"><strong>Hora<\/strong><\/td><td class=\"column-7\"><strong>Aula<\/strong><\/td><td class=\"column-8\"><strong>Sede<\/strong><\/td>\n<\/tr>\n<tr class=\"row-3\">\n\t<td class=\"column-1\">65904014<\/td><td class=\"column-2\">Pr\u00e1cticas \/ Pr\u00e0ctiques<\/td><td class=\"column-3\">Anual<\/td><td class=\"column-4\"><\/td><td class=\"column-5\"><\/td><td class=\"column-6\"><\/td><td class=\"column-7\"><\/td><td class=\"column-8\"><\/td>\n<\/tr>\n<tr class=\"row-4\">\n\t<td class=\"column-1\">6501402-<\/td><td class=\"column-2\">Presupuesto y gasto p\u00fablico en Espa\u00f1a \/ <br \/>\nPressupost i despesa p\u00fablica a Espanya<\/td><td class=\"column-3\">1<\/td><td class=\"column-4\">INTERCAMPUS<\/td><td class=\"column-5\"><\/td><td class=\"column-6\"><\/td><td class=\"column-7\"><\/td><td class=\"column-8\"><\/td>\n<\/tr>\n<tr class=\"row-5\">\n\t<td class=\"column-1\">65014036<\/td><td class=\"column-2\">Historia del pensamiento econ\u00f3mico \/ <br \/>\nHist\u00f2ria del pensament econ\u00f2mic<\/td><td class=\"column-3\">1<\/td><td class=\"column-4\">INTERCAMPUS<\/td><td class=\"column-5\"><\/td><td class=\"column-6\"><\/td><td class=\"column-7\"><\/td><td class=\"column-8\"><\/td>\n<\/tr>\n<tr class=\"row-6\">\n\t<td class=\"column-1\">65014125<\/td><td class=\"column-2\">Pol\u00edtica econ\u00f3mica Espa\u00f1ola y comparada \/ <br \/>\nPol\u00edtica econ\u00f2mica Espanyola i comparada<\/td><td class=\"column-3\">1<\/td><td class=\"column-4\">INTERCAMPUS<\/td><td class=\"column-5\"><\/td><td class=\"column-6\"><\/td><td class=\"column-7\"><\/td><td class=\"column-8\"><\/td>\n<\/tr>\n<tr class=\"row-7\">\n\t<td class=\"column-1\">65014131<\/td><td class=\"column-2\">Macroeconom\u00eda avanzada \/ <br \/>\nMacroeconomia avan\u00e7ada<\/td><td class=\"column-3\">1<\/td><td class=\"column-4\">INTERCAMPUS<\/td><td class=\"column-5\"><\/td><td class=\"column-6\"><\/td><td class=\"column-7\"><\/td><td class=\"column-8\"><\/td>\n<\/tr>\n<tr class=\"row-8\">\n\t<td class=\"column-1\">65014148<\/td><td class=\"column-2\">Microeconom\u00eda avanzada \/ <br \/>\nMicroeconomia avan\u00e7ada<\/td><td class=\"column-3\">1<\/td><td class=\"column-4\">INTERCAMPUS<\/td><td class=\"column-5\"><\/td><td class=\"column-6\"><\/td><td class=\"column-7\"><\/td><td class=\"column-8\"><\/td>\n<\/tr>\n<tr class=\"row-9\">\n\t<td class=\"column-1\"><\/td><td class=\"column-2\">Optativas \/ Optatives<br \/>\n<br \/>\n<\/td><td class=\"column-3\"><\/td><td class=\"column-4\">INTERCAMPUS<br \/>\n<br \/>\n<\/td><td class=\"column-5\"><\/td><td class=\"column-6\"><\/td><td class=\"column-7\"><\/td><td class=\"column-8\"><\/td>\n<\/tr>\n<\/tbody>\n<\/table>\n<!-- #tablepress-185 from cache --><br \/>\n\n<table id=\"tablepress-186\" class=\"tablepress tablepress-id-186 tbody-has-connected-cells\">\n<tbody class=\"row-striping row-hover\">\n<tr class=\"row-1\">\n\t<td class=\"column-1\"><\/td><td colspan=\"7\" class=\"column-2\"><h5>Cuarto curso\/ Quart curs - Segundo Cuatrimestre\/Segon quadrimestre<\/h5><\/td>\n<\/tr>\n<tr class=\"row-2\">\n\t<td class=\"column-1\"><strong>C\u00f3digo\/Codi<\/strong><\/td><td class=\"column-2\"><strong>Asignaturas \/ Assignatures<\/strong><\/td><td class=\"column-3\"><strong>C\/Q<\/strong><\/td><td class=\"column-4\"><strong>Profesorado\/ Professorat<\/strong><\/td><td class=\"column-5\"><strong>D\u00eda\/Dia<\/strong><\/td><td class=\"column-6\"><strong>Hora<\/strong><\/td><td class=\"column-7\"><strong>Aula<\/strong><\/td><td class=\"column-8\"><strong>Sede<\/strong><\/td>\n<\/tr>\n<tr class=\"row-3\">\n\t<td class=\"column-1\">65904014<\/td><td class=\"column-2\">Pr\u00e1cticas \/ Pr\u00e0ctiques<\/td><td class=\"column-3\">Anual<\/td><td class=\"column-4\"><\/td><td class=\"column-5\"><\/td><td class=\"column-6\"><\/td><td class=\"column-7\"><\/td><td class=\"column-8\"><\/td>\n<\/tr>\n<tr class=\"row-4\">\n\t<td class=\"column-1\">65014119<\/td><td class=\"column-2\">Sistema tributario Espa\u00f1ol: Estatal, Auton\u00f3mico y Local \/ <br \/>\nSistema tributari Espa\u00f1ol: Estatal, Auton\u00f2mic i Local<\/td><td class=\"column-3\">2<\/td><td class=\"column-4\">INTERCAMPUS<\/td><td class=\"column-5\"><\/td><td class=\"column-6\"><\/td><td class=\"column-7\"><\/td><td class=\"column-8\"><\/td>\n<\/tr>\n<tr class=\"row-5\">\n\t<td class=\"column-1\">65014013<\/td><td class=\"column-2\">Trabajo de Fin de Grado \/ Treball de Fi de Grau<br \/>\n<\/td><td class=\"column-3\">2<\/td><td class=\"column-4\">INTERCAMPUS<\/td><td class=\"column-5\"><\/td><td class=\"column-6\"><\/td><td class=\"column-7\"><\/td><td class=\"column-8\"><\/td>\n<\/tr>\n<tr class=\"row-6\">\n\t<td class=\"column-1\"><\/td><td class=\"column-2\">Optativas \/ Optatives<\/td><td class=\"column-3\">2<\/td><td class=\"column-4\">INTERCAMPUS<\/td><td class=\"column-5\"><\/td><td class=\"column-6\"><\/td><td class=\"column-7\"><\/td><td class=\"column-8\"><\/td>\n<\/tr>\n<\/tbody>\n<\/table>\n<!-- #tablepress-186 from cache --><\/p>\n<!-- The table with the ID 386 is empty! --><!-- #tablepress-386 from cache -->\n","protected":false},"excerpt":{"rendered":"<p>RECURSOS Compra de material en\u00a0Librer\u00eda virtual Listado de asignaturas Grabaciones (primer cuatrimestre) Grabaciones (segundo cuatrimestre) 2.2.2.ConveniosPracticasCurriculares_2023-2024 2.2.2.FichaPracticasProfesionalesExternas_2023-2024 &nbsp; HORARIOS HORARIS (2025\/2026)<\/p>\n","protected":false},"author":1,"featured_media":0,"parent":1288,"menu_order":0,"comment_status":"closed","ping_status":"closed","template":"","meta":{"_acf_changed":false,"footnotes":""},"acf":[],"_links":{"self":[{"href":"https:\/\/uned-illesbalears.net\/ca\/wp-json\/wp\/v2\/pages\/1339"}],"collection":[{"href":"https:\/\/uned-illesbalears.net\/ca\/wp-json\/wp\/v2\/pages"}],"about":[{"href":"https:\/\/uned-illesbalears.net\/ca\/wp-json\/wp\/v2\/types\/page"}],"author":[{"embeddable":true,"href":"https:\/\/uned-illesbalears.net\/ca\/wp-json\/wp\/v2\/users\/1"}],"replies":[{"embeddable":true,"href":"https:\/\/uned-illesbalears.net\/ca\/wp-json\/wp\/v2\/comments?post=1339"}],"version-history":[{"count":15,"href":"https:\/\/uned-illesbalears.net\/ca\/wp-json\/wp\/v2\/pages\/1339\/revisions"}],"predecessor-version":[{"id":278007,"href":"https:\/\/uned-illesbalears.net\/ca\/wp-json\/wp\/v2\/pages\/1339\/revisions\/278007"}],"up":[{"embeddable":true,"href":"https:\/\/uned-illesbalears.net\/ca\/wp-json\/wp\/v2\/pages\/1288"}],"wp:attachment":[{"href":"https:\/\/uned-illesbalears.net\/ca\/wp-json\/wp\/v2\/media?parent=1339"}],"curies":[{"name":"wp","href":"https:\/\/api.w.org\/{rel}","templated":true}]}}