{"id":1333,"date":"2013-08-26T20:35:26","date_gmt":"2013-08-26T20:35:26","guid":{"rendered":"https:\/\/uned-illesbalears.net\/recursos-para-estudiantes\/classes-de-tutoria\/classes-tutoria-a-mallorca\/ciencia-politica-y-de-la-administracion\/"},"modified":"2025-07-26T21:49:04","modified_gmt":"2025-07-26T19:49:04","slug":"ciencia-politica-y-de-la-administracion","status":"publish","type":"page","link":"https:\/\/uned-illesbalears.net\/ca\/recursos-para-estudiantes\/classes-de-tutoria\/clases-tutorias-en-mallorca\/ciencia-politica-y-de-la-administracion\/","title":{"rendered":"Grado en Ciencia Pol\u00edtica y de la Administraci\u00f3n\/Grau en Ci\u00e8ncia Pol\u00edtica i de l&#8217;Administraci\u00f3"},"content":{"rendered":"<h4>RECURSOS<\/h4>\n<ul>\n<li>Compra de material en\u00a0<span style=\"color: #008000;\"><strong><a style=\"color: #008000;\" href=\"http:\/\/libreria.uned-illesbalears.net\/producto-categoria\/6901-grado-en-ciencia-politica-y-de-la-administracion\/\">Librer\u00eda virtual<\/a><\/strong><\/span><\/li>\n<li><span style=\"color: #008000;\"><strong><a style=\"color: #008000;\" href=\"https:\/\/www.uned.es\/universidad\/inicio\/estudios\/grados\/grado-en-ciencia-politica-y-de-la-administracion.html?idContenido=5\">Listado de asignaturas <\/a><\/strong><\/span><\/li>\n<li><a href=\"https:\/\/uned-illesbalears.net\/recursos-para-estudiantes\/clases-tutorias\/grabaciones-clases-tutorias-curso-2024-2025\/grado-en-ciencia-politica-y-de-la-administracion\/primer-semestre\/\"><span style=\"color: #008000;\"><strong>Grabaciones (Primer cuatrimestre)<\/strong><\/span><\/a><\/li>\n<li><a href=\"https:\/\/uned-illesbalears.net\/recursos-para-estudiantes\/clases-tutorias\/grabaciones-clases-tutorias-curso-2024-2025\/grado-en-ciencia-politica-y-de-la-administracion\/segundo-semestre\/\"><strong><span style=\"color: #008000;\">Grabaciones (Segundo cuatrimestre)<\/span><\/strong><\/a><\/li>\n<\/ul>\n<h5>HORARIOS \/ HORARIS (2025\/2026) <span style=\"color: #ff0000;\"><strong>\u00a0<\/strong><\/span><\/h5>\n<p>\n<table id=\"tablepress-270\" class=\"tablepress tablepress-id-270 tbody-has-connected-cells\">\n<tbody class=\"row-striping row-hover\">\n<tr class=\"row-1\">\n\t<td class=\"column-1\">Consultar horarios en AkademosWeb<\/td><td class=\"column-2\"><\/td><td class=\"column-3\"><\/td><td class=\"column-4\"><\/td><td class=\"column-5\"><\/td><td class=\"column-6\"><\/td><td class=\"column-7\"><\/td><td class=\"column-8\"><\/td>\n<\/tr>\n<tr class=\"row-2\">\n\t<td class=\"column-1\"><a href=\"https:\/\/akademosweb.uned.es\/Default.aspx\">AkademosWeb<\/a><\/td><td class=\"column-2\"><\/td><td class=\"column-3\"><\/td><td class=\"column-4\"><\/td><td class=\"column-5\"><\/td><td class=\"column-6\"><\/td><td class=\"column-7\"><\/td><td class=\"column-8\"><\/td>\n<\/tr>\n<tr class=\"row-3\">\n\t<td class=\"column-1\"><\/td><td colspan=\"7\" class=\"column-2\"><h5>Primer curso\/curs - Primer cuatrimestre\/quadrimestre<\/h5><\/td>\n<\/tr>\n<tr class=\"row-4\">\n\t<td class=\"column-1\"><strong>C\u00f3digo\/Codi<\/strong><\/td><td class=\"column-2\"><strong>Asignaturas \/ Assignatures<\/strong><\/td><td class=\"column-3\"><strong>C\/Q<\/strong><\/td><td class=\"column-4\"><strong>Profesorado\/ Professorat<\/strong><\/td><td class=\"column-5\"><strong>D\u00eda\/Dia<\/strong><\/td><td class=\"column-6\"><strong>Hora<\/strong><\/td><td class=\"column-7\"><strong>Aula<\/strong><\/td><td class=\"column-8\"><strong>Sede<\/strong><\/td>\n<\/tr>\n<tr class=\"row-5\">\n\t<td class=\"column-1\">69011081<\/td><td class=\"column-2\">Introducci\u00f3n a la pol\u00edtica \/ Introducci\u00f3 a la pol\u00edtica<\/td><td class=\"column-3\">1<\/td><td class=\"column-4\">A. Oliver<\/td><td class=\"column-5\">Martes\/Dimarts <\/td><td class=\"column-6\">19:30<\/td><td class=\"column-7\">Aula 6<\/td><td class=\"column-8\">Menorca<\/td>\n<\/tr>\n<tr class=\"row-6\">\n\t<td class=\"column-1\">69011112<\/td><td class=\"column-2\">La evoluci\u00f3n del Estado. Teor\u00edas y conceptos \/ L'evoluci\u00f3 de l'Estat. Teories i conceptes<\/td><td class=\"column-3\">1<\/td><td class=\"column-4\">R.J. del Olmo<\/td><td class=\"column-5\">Viernes\/Divendres<\/td><td class=\"column-6\">17.30<\/td><td class=\"column-7\">T.3<\/td><td class=\"column-8\">Mallorca<\/td>\n<\/tr>\n<tr class=\"row-7\">\n\t<td class=\"column-1\">69901047<\/td><td class=\"column-2\">Introducci\u00f3n a la Econom\u00eda \/ Introducci\u00f3 a l\u2019Economia <br \/>\n(Com\u00fan Sociolog\u00eda\/Com\u00fa Sociologia)<\/td><td class=\"column-3\">1<\/td><td class=\"column-4\">J. Far<\/td><td class=\"column-5\">Martes\/Dimarts<br \/>\n<\/td><td class=\"column-6\">18.30<\/td><td class=\"column-7\">T.7<\/td><td class=\"column-8\">Mallorca<\/td>\n<\/tr>\n<tr class=\"row-8\">\n\t<td class=\"column-1\">69011106<\/td><td class=\"column-2\">Introducci\u00f3n a las pol\u00edticas p\u00fablicas \/ Introducci\u00f3 a les pol\u00edtiques p\u00fabliques<\/td><td class=\"column-3\">1<\/td><td class=\"column-4\">M. Carranza<\/td><td class=\"column-5\">Viernes\/Divendres<\/td><td class=\"column-6\">16.30<\/td><td class=\"column-7\">T.4<\/td><td class=\"column-8\">Mallorca<\/td>\n<\/tr>\n<tr class=\"row-9\">\n\t<td class=\"column-1\">69011098<\/td><td class=\"column-2\">Historia universal del siglo XX \/ Hist\u00f2ria universal del segle XX<\/td><td class=\"column-3\">1<\/td><td class=\"column-4\">D. \u00c1lvarez<\/td><td class=\"column-5\">Mi\u00e9rcoles\/Dimecres<\/td><td class=\"column-6\">16.30<\/td><td class=\"column-7\">A.7<\/td><td class=\"column-8\">Ibiza<\/td>\n<\/tr>\n<\/tbody>\n<\/table>\n<!-- #tablepress-270 from cache --><br \/>\n\n<table id=\"tablepress-271\" class=\"tablepress tablepress-id-271 tbody-has-connected-cells\">\n<tbody class=\"row-striping row-hover\">\n<tr class=\"row-1\">\n\t<td class=\"column-1\"><\/td><td colspan=\"7\" class=\"column-2\"><h5>Primer curso\/curs - Segundo cuatrimestre\/Segon quadrimestre<h5><\/td>\n<\/tr>\n<tr class=\"row-2\">\n\t<td class=\"column-1\"><strong>C\u00f3digo\/Codi<\/strong><\/td><td class=\"column-2\"><strong>Asignaturas \/ Assignatures<\/strong><\/td><td class=\"column-3\"><strong>C\/Q<\/strong><\/td><td class=\"column-4\"><strong>Profesorado\/ Professorat<\/strong><\/td><td class=\"column-5\"><strong>D\u00eda\/Dia<\/strong><\/td><td class=\"column-6\"><strong>Hora<\/strong><\/td><td class=\"column-7\"><strong>Aula<\/strong><\/td><td class=\"column-8\"><strong>Sede<\/strong><\/td>\n<\/tr>\n<tr class=\"row-3\">\n\t<td class=\"column-1\">69011158<\/td><td class=\"column-2\">Sistema Pol\u00edtico Espa\u00f1ol \/ Sistema Pol\u00edtic Espanyol<\/td><td class=\"column-3\">2<\/td><td class=\"column-4\">G. Graciette<\/td><td class=\"column-5\">Martes\/Dimarts<\/td><td class=\"column-6\">19.30<\/td><td class=\"column-7\">T.9<\/td><td class=\"column-8\">Mallorca<\/td>\n<\/tr>\n<tr class=\"row-4\">\n\t<td class=\"column-1\">69011141<\/td><td class=\"column-2\">Introducci\u00f3n a las relaciones internacionales \/ Introducci\u00f3 a les relacions internacionals<\/td><td class=\"column-3\">2<\/td><td class=\"column-4\">A. Canyelles<\/td><td class=\"column-5\">Martes\/Dimarts<\/td><td class=\"column-6\">12:00<\/td><td class=\"column-7\">Aula 3<\/td><td class=\"column-8\">Menorca<\/td>\n<\/tr>\n<tr class=\"row-5\">\n\t<td class=\"column-1\">69011052<\/td><td class=\"column-2\">Administraciones P\u00fablicas en Espa\u00f1a \/ Administracions P\u00fabliques a Espanya<\/td><td class=\"column-3\">2<\/td><td class=\"column-4\">A. Canyelles<\/td><td class=\"column-5\">Viernes\/Divendres<\/td><td class=\"column-6\">12:00<\/td><td class=\"column-7\">Aula 3<\/td><td class=\"column-8\">Menorca<\/td>\n<\/tr>\n<tr class=\"row-6\">\n\t<td class=\"column-1\">69012034<\/td><td class=\"column-2\">Estad\u00edstica social (Com\u00fan Sociolog\u00eda\/Com\u00fa Sociologia)<\/td><td class=\"column-3\">2<\/td><td class=\"column-4\">P. Lumbreras<\/td><td class=\"column-5\">Mi\u00e9rcoles\/Dimecres<\/td><td class=\"column-6\">19.30<\/td><td class=\"column-7\">T.8<\/td><td class=\"column-8\">Mallorca<\/td>\n<\/tr>\n<tr class=\"row-7\">\n\t<td class=\"column-1\">69011129<\/td><td class=\"column-2\">Actores y proceso pol\u00edtico \/ Actors i proc\u00e9s pol\u00edtic<\/td><td class=\"column-3\">2<\/td><td class=\"column-4\">R. del Olmo<\/td><td class=\"column-5\">Viernes\/Divendres<\/td><td class=\"column-6\">19.30<\/td><td class=\"column-7\">A.Inform\u00e1tica<\/td><td class=\"column-8\">Mallorca<\/td>\n<\/tr>\n<\/tbody>\n<\/table>\n<!-- #tablepress-271 from cache --><br \/>\n\n<table id=\"tablepress-272\" class=\"tablepress tablepress-id-272 tbody-has-connected-cells\">\n<tbody class=\"row-striping row-hover\">\n<tr class=\"row-1\">\n\t<td class=\"column-1\"><\/td><td colspan=\"7\" class=\"column-2\"><h5>Segundo curso\/Segon curs - Primer cuatrimestre\/quadrimestre<\/h5><\/td>\n<\/tr>\n<tr class=\"row-2\">\n\t<td class=\"column-1\"><strong>C\u00f3digo\/Codi<\/strong><\/td><td class=\"column-2\"><strong>Asignaturas \/ Assignatures<\/strong><\/td><td class=\"column-3\"><strong>C\/Q<\/strong><\/td><td class=\"column-4\"><strong>Profesorado\/ Professorat<\/strong><\/td><td class=\"column-5\"><strong>D\u00eda\/Dia<\/strong><\/td><td class=\"column-6\"><strong>Hora<\/strong><\/td><td class=\"column-7\"><strong>Aula<\/strong><\/td><td class=\"column-8\"><strong>Sede<\/strong><\/td>\n<\/tr>\n<tr class=\"row-3\">\n\t<td class=\"column-1\">69012117<\/td><td class=\"column-2\">Econom\u00eda P\u00fablica<\/td><td class=\"column-3\">1<\/td><td class=\"column-4\">J.M. Serra<\/td><td class=\"column-5\">Mi\u00e9rcoles\/Dimecres<\/td><td class=\"column-6\">17:30<\/td><td class=\"column-7\">A.7 Ibiza<\/td><td class=\"column-8\">Ibiza<\/td>\n<\/tr>\n<tr class=\"row-4\">\n\t<td class=\"column-1\">6901213-<\/td><td class=\"column-2\">Gesti\u00f3n P\u00fablica\/ Gesti\u00f3 P\u00fablica<\/td><td class=\"column-3\">1<\/td><td class=\"column-4\">F. Gonz\u00e1lez<\/td><td class=\"column-5\">Martes\/Dimarts<\/td><td class=\"column-6\">19.30<\/td><td class=\"column-7\">T.1<\/td><td class=\"column-8\">Mallorca<\/td>\n<\/tr>\n<tr class=\"row-5\">\n\t<td class=\"column-1\">69022073<\/td><td class=\"column-2\">Historia de las ideas pol\u00edticas \/ Hist\u00f2ria de les idees pol\u00edtiques<\/td><td class=\"column-3\">1<\/td><td class=\"column-4\">A. Oliver<\/td><td class=\"column-5\">Martes\/Dimarts<\/td><td class=\"column-6\">20:30<\/td><td class=\"column-7\">Aula 6<\/td><td class=\"column-8\">Menorca<\/td>\n<\/tr>\n<tr class=\"row-6\">\n\t<td class=\"column-1\">69012100<\/td><td class=\"column-2\">La sociedad global. Procesos de mundo contempor\u00e1neo \/ La societat global. Processos de m\u00f3n contemporani<\/td><td class=\"column-3\">1<\/td><td class=\"column-4\">F. Gonz\u00e1lez<\/td><td class=\"column-5\">Jueves\/Dijous<\/td><td class=\"column-6\">18:30<\/td><td class=\"column-7\">A.5<\/td><td class=\"column-8\">Mallorca<\/td>\n<\/tr>\n<tr class=\"row-7\">\n\t<td class=\"column-1\">69012123<\/td><td class=\"column-2\">La pr\u00e1ctica de la Ciencia Pol\u00edtica \/La pr\u00e0ctica de la Ci\u00e8ncia Pol\u00edtica<\/td><td class=\"column-3\">1<\/td><td class=\"column-4\">R. del Olmo<\/td><td class=\"column-5\">Viernes\/Divendres<\/td><td class=\"column-6\">16.30<\/td><td class=\"column-7\">T.3<\/td><td class=\"column-8\">Mallorca<\/td>\n<\/tr>\n<\/tbody>\n<\/table>\n<!-- #tablepress-272 from cache --><br \/>\n\n<table id=\"tablepress-273\" class=\"tablepress tablepress-id-273 tbody-has-connected-cells\">\n<tbody class=\"row-striping row-hover\">\n<tr class=\"row-1\">\n\t<td class=\"column-1\"><\/td><td colspan=\"7\" class=\"column-2\"><h5>Segundo curso\/Segon curs - Segundo Cuatrimestre\/Segon quadrimestre<\/h5><\/td>\n<\/tr>\n<tr class=\"row-2\">\n\t<td class=\"column-1\"><strong>C\u00f3digo\/Codi<\/strong><\/td><td class=\"column-2\"><strong>Asignaturas \/ Assignatures<\/strong><\/td><td class=\"column-3\"><strong>C\/Q<\/strong><\/td><td class=\"column-4\"><strong>Profesorado\/ Professorat<\/strong><\/td><td class=\"column-5\"><strong>D\u00eda\/Dia<\/strong><\/td><td class=\"column-6\"><strong>Hora<\/strong><\/td><td class=\"column-7\"><strong>Aula<\/strong><\/td><td class=\"column-8\"><strong>Sede<\/strong><\/td>\n<\/tr>\n<tr class=\"row-3\">\n\t<td class=\"column-1\">69011046<\/td><td class=\"column-2\">Sociolog\u00eda y Estructura Social \/ Sociologia i Estructura Social<\/td><td class=\"column-3\">2<\/td><td class=\"column-4\">M. Carranza<\/td><td class=\"column-5\">Martes\/Dimarts<\/td><td class=\"column-6\">16.30<\/td><td class=\"column-7\">14<\/td><td class=\"column-8\">Mallorca<\/td>\n<\/tr>\n<tr class=\"row-4\">\n\t<td class=\"column-1\">69012175<\/td><td class=\"column-2\">Sistema pol\u00edtico Espa\u00f1ol y Pol\u00edticas P\u00fablicas de la U.E. \/<br \/>\nSistema pol\u00edtic Espanyol i Politiques P\u00fabliques de la U.E.<\/td><td class=\"column-3\">2<\/td><td class=\"column-4\">Campus<\/td><td class=\"column-5\"><\/td><td class=\"column-6\"><\/td><td class=\"column-7\">T.6<\/td><td class=\"column-8\">Mallorca<\/td>\n<\/tr>\n<tr class=\"row-5\">\n\t<td class=\"column-1\">69012146<\/td><td class=\"column-2\">An\u00e1lisis Comparado de las decisiones p\u00fablicas \/ An\u00e0lisi Comparat de les decisions p\u00fabliques<\/td><td class=\"column-3\">2<\/td><td class=\"column-4\">I. Pascual<\/td><td class=\"column-5\">Viernes\/Divendres<\/td><td class=\"column-6\">16.30<\/td><td class=\"column-7\">A.6<\/td><td class=\"column-8\">Mallorca<\/td>\n<\/tr>\n<tr class=\"row-6\">\n\t<td class=\"column-1\">69012169<\/td><td class=\"column-2\">Instituciones y transformaciones del Estado contempor\u00e1neo \/ Institucions i transformacions de l'Estat contemporani<\/td><td class=\"column-3\">2<\/td><td class=\"column-4\">I. Pascual<\/td><td class=\"column-5\">Viernes\/Divendres<\/td><td class=\"column-6\">18.30<\/td><td class=\"column-7\">A.6<\/td><td class=\"column-8\">Mallorca<\/td>\n<\/tr>\n<tr class=\"row-7\">\n\t<td class=\"column-1\">69012152<\/td><td class=\"column-2\">Cooperaci\u00f3n Internacional y desarrollo \/ Cooperaci\u00f3 Internacional i desenvolupament<\/td><td class=\"column-3\">2<\/td><td class=\"column-4\">I. Pascual<\/td><td class=\"column-5\">Viernes\/Divendres<\/td><td class=\"column-6\">17.30<\/td><td class=\"column-7\">A.6<\/td><td class=\"column-8\">Mallorca<\/td>\n<\/tr>\n<\/tbody>\n<\/table>\n<!-- #tablepress-273 from cache --><br \/>\n\n<table id=\"tablepress-274\" class=\"tablepress tablepress-id-274 tbody-has-connected-cells\">\n<tbody class=\"row-striping row-hover\">\n<tr class=\"row-1\">\n\t<td class=\"column-1\"><\/td><td colspan=\"7\" class=\"column-2\"><h5>Tercer curso \/ curs - Primer Cuatrimestre\/quatrimestre<\/h5><\/td>\n<\/tr>\n<tr class=\"row-2\">\n\t<td class=\"column-1\"><strong>C\u00f3digo\/Codi<\/strong><\/td><td class=\"column-2\"><strong>Asignaturas \/ Assignatures<\/strong><\/td><td class=\"column-3\"><strong>C\/Q<\/strong><\/td><td class=\"column-4\"><strong>Profesorado\/ Professorat<\/strong><\/td><td class=\"column-5\"><strong>D\u00eda\/Dia<\/strong><\/td><td class=\"column-6\"><strong>Hora<\/strong><\/td><td class=\"column-7\"><strong>Aula<\/strong><\/td><td class=\"column-8\"><strong>Sede<\/strong><\/td>\n<\/tr>\n<tr class=\"row-3\">\n\t<td class=\"column-1\">69013105<\/td><td class=\"column-2\">M\u00e9todos y t\u00e9cnicas de investigaci\u00f3n social cualitativa \/ M\u00e8todes i t\u00e8cniques de recerca social qualitativa<\/td><td class=\"column-3\">1<\/td><td class=\"column-4\"><\/td><td class=\"column-5\">INTERCAMPUS<\/td><td class=\"column-6\"><\/td><td class=\"column-7\"><\/td><td class=\"column-8\"><\/td>\n<\/tr>\n<tr class=\"row-4\">\n\t<td class=\"column-1\">69013111<\/td><td class=\"column-2\">Pol\u00edtica comparada I<\/td><td class=\"column-3\">1<\/td><td class=\"column-4\">I. Pascual<\/td><td class=\"column-5\">INTERCAMPUS<\/td><td class=\"column-6\"><\/td><td class=\"column-7\"><\/td><td class=\"column-8\">Mallorca<\/td>\n<\/tr>\n<tr class=\"row-5\">\n\t<td class=\"column-1\">69013128<\/td><td class=\"column-2\">Movimientos sociales, acci\u00f3n colectiva y pol\u00edtica \/ Moviments socials, acci\u00f3 col\u00b7lectiva i pol\u00edtica<\/td><td class=\"column-3\">1<\/td><td class=\"column-4\"><\/td><td class=\"column-5\">INTERCAMPUS<\/td><td class=\"column-6\"><\/td><td class=\"column-7\"><\/td><td class=\"column-8\"><\/td>\n<\/tr>\n<\/tbody>\n<\/table>\n<!-- #tablepress-274 from cache --><br \/>\n\n<table id=\"tablepress-275\" class=\"tablepress tablepress-id-275 tbody-has-connected-cells\">\n<tbody class=\"row-striping row-hover\">\n<tr class=\"row-1\">\n\t<td class=\"column-1\"><\/td><td colspan=\"7\" class=\"column-2\"><h5>\t<br \/>\nTercer curso\/curs - Segundo Cuatrimestre\/Segon quadrimestre<\/h5><\/td>\n<\/tr>\n<tr class=\"row-2\">\n\t<td class=\"column-1\"><strong>C\u00f3digo\/Codi<\/strong><\/td><td class=\"column-2\"><strong>Asignaturas \/ Assignatures<\/strong><\/td><td class=\"column-3\"><strong>C\/Q<\/strong><\/td><td class=\"column-4\"><strong>Profesorado\/ Professorat<strong><\/td><td class=\"column-5\"><strong>D\u00eda\/Dia<strong><\/td><td class=\"column-6\"><strong>Hora<strong><\/td><td class=\"column-7\"><strong>Aula<strong><\/td><td class=\"column-8\"><strong>Sede<strong><\/td>\n<\/tr>\n<tr class=\"row-3\">\n\t<td class=\"column-1\">69013134<\/td><td class=\"column-2\">Comportamiento Pol\u00edtico y Electoral \/ Comportament Pol\u00edtic i Electoral<\/td><td class=\"column-3\">2<\/td><td class=\"column-4\"><\/td><td class=\"column-5\"><\/td><td class=\"column-6\"><\/td><td class=\"column-7\"><\/td><td class=\"column-8\"><\/td>\n<\/tr>\n<tr class=\"row-4\">\n\t<td class=\"column-1\">69013140<\/td><td class=\"column-2\">Introducci\u00f3n a la Teor\u00eda Pol\u00edtica \/ Introducci\u00f3 a la Teoria Pol\u00edtica<\/td><td class=\"column-3\">2<\/td><td class=\"column-4\">I. Pascual<\/td><td class=\"column-5\">Viernes\/Divendres<\/td><td class=\"column-6\">19.30<\/td><td class=\"column-7\">A.6<\/td><td class=\"column-8\">Mallorca<\/td>\n<\/tr>\n<tr class=\"row-5\">\n\t<td class=\"column-1\">69013157<\/td><td class=\"column-2\">Paz, seguridad y defensa en las relaciones internacionales \/ Pau, seguretat i defensa en les relacions internacionals <\/td><td class=\"column-3\">2<\/td><td class=\"column-4\">G. Graciette<br \/>\n<\/td><td class=\"column-5\">Martes<\/td><td class=\"column-6\">18.30<\/td><td class=\"column-7\">T.9<\/td><td class=\"column-8\">Mallorca<\/td>\n<\/tr>\n<\/tbody>\n<\/table>\n<!-- #tablepress-275 from cache --><br \/>\n\n<table id=\"tablepress-276\" class=\"tablepress tablepress-id-276 tbody-has-connected-cells\">\n<tbody class=\"row-striping row-hover\">\n<tr class=\"row-1\">\n\t<td class=\"column-1\"><\/td><td colspan=\"7\" class=\"column-2\"><h5>Cuarto curso\/Quart curs - Primer Cuatrimestre\/quadrimestre<\/h5><\/td>\n<\/tr>\n<tr class=\"row-2\">\n\t<td class=\"column-1\"><strong>C\u00f3digo\/Codi<\/strong><\/td><td class=\"column-2\"><strong>Asignaturas \/ Assignatures<\/strong><\/td><td class=\"column-3\"><strong>C\/Q<\/strong><\/td><td class=\"column-4\"><strong>Profesorado\/ Professorat<\/strong><\/td><td class=\"column-5\"><strong>D\u00eda\/Dia<\/strong><\/td><td class=\"column-6\"><strong>Hora<\/strong><\/td><td class=\"column-7\"><strong>Aula<\/strong><\/td><td class=\"column-8\"><strong>Sede<\/strong><\/td>\n<\/tr>\n<tr class=\"row-3\">\n\t<td class=\"column-1\">69902029<\/td><td class=\"column-2\">Ecolog\u00eda I: Medio Ambiente y Sociedad<\/td><td class=\"column-3\">1<\/td><td class=\"column-4\">F. Gonz\u00e1lez<\/td><td class=\"column-5\">Jueves\/Dijous<\/td><td class=\"column-6\">19:30h.<\/td><td class=\"column-7\">T.4<\/td><td class=\"column-8\"><\/td>\n<\/tr>\n<tr class=\"row-4\">\n\t<td class=\"column-1\">69014010<\/td><td class=\"column-2\">Trabajo Fin de Grado \/ Treball Fi de Grau<\/td><td class=\"column-3\">1<\/td><td class=\"column-4\"><\/td><td class=\"column-5\"><\/td><td class=\"column-6\"><\/td><td class=\"column-7\"><\/td><td class=\"column-8\"><\/td>\n<\/tr>\n<tr class=\"row-5\">\n\t<td class=\"column-1\">69014180<\/td><td class=\"column-2\">Actitutudes, preferencias y opiniones pol\u00edticas \/ Actituds, prefer\u00e8ncies i opinions pol\u00edtiques<\/td><td class=\"column-3\">1<\/td><td class=\"column-4\"><\/td><td class=\"column-5\"><\/td><td class=\"column-6\"><\/td><td class=\"column-7\"><\/td><td class=\"column-8\"><\/td>\n<\/tr>\n<tr class=\"row-6\">\n\t<td class=\"column-1\">69014197<\/td><td class=\"column-2\">Pol\u00edtica Comparada II <\/td><td class=\"column-3\">1<\/td><td class=\"column-4\"><\/td><td class=\"column-5\"><\/td><td class=\"column-6\"><\/td><td class=\"column-7\"><\/td><td class=\"column-8\"><\/td>\n<\/tr>\n<tr class=\"row-7\">\n\t<td class=\"column-1\">64014205<\/td><td class=\"column-2\">Ciencia Pol\u00edtica Aplicada con Encuestas y Experimentos \/ Ci\u00e8ncia Pol\u00edtica Aplicada amb Enquestes i Experiments<\/td><td class=\"column-3\">1<\/td><td class=\"column-4\"><\/td><td class=\"column-5\"><\/td><td class=\"column-6\"><\/td><td class=\"column-7\"><\/td><td class=\"column-8\"><\/td>\n<\/tr>\n<\/tbody>\n<\/table>\n<!-- #tablepress-276 from cache --><br \/>\n\n<table id=\"tablepress-277\" class=\"tablepress tablepress-id-277 tbody-has-connected-cells\">\n<tbody class=\"row-striping row-hover\">\n<tr class=\"row-1\">\n\t<td class=\"column-1\"><\/td><td colspan=\"7\" class=\"column-2\"><h5>Cuarto curso\/Quart curs - Segundo Cuatrimestre\/Segon quadrimestre<\/td>\n<\/tr>\n<tr class=\"row-2\">\n\t<td class=\"column-1\"><strong>C\u00f3digo\/Codi<\/strong><\/td><td class=\"column-2\"><strong>Asignaturas \/ Assignatures<\/strong><\/td><td class=\"column-3\"><strong>C\/Q<\/strong><\/td><td rowspan=\"4\" class=\"column-4\"><\/td><td rowspan=\"4\" class=\"column-5\"><\/td><td rowspan=\"3\" class=\"column-6\"><\/td><td rowspan=\"4\" class=\"column-7\"><\/td><td rowspan=\"4\" class=\"column-8\"><\/td>\n<\/tr>\n<tr class=\"row-3\">\n\t<td class=\"column-1\">69014010<\/td><td class=\"column-2\">Trabajo Fin de Grado \/ Treball Fi de Grau<\/td><td class=\"column-3\">2<\/td>\n<\/tr>\n<tr class=\"row-4\">\n\t<td class=\"column-1\">69014168<\/td><td class=\"column-2\">El Estado del Bienestar y las Pol\u00edticas Sociales \/ L'Estat del Benestar i les Pol\u00edtiques Sociales<\/td><td class=\"column-3\">2<\/td>\n<\/tr>\n<tr class=\"row-5\">\n\t<td class=\"column-1\">69014458<\/td><td class=\"column-2\">Teor\u00eda y enfoques en Ciencia Pol\u00edtica \/ Teoria i enfocaments en Ci\u00e8ncia Pol\u00edtica<\/td><td class=\"column-3\">2<\/td>\n<\/tr>\n<\/tbody>\n<\/table>\n<!-- #tablepress-277 from cache --><\/p>\n<!-- The table with the ID 386 is empty! --><!-- #tablepress-386 from cache -->\n","protected":false},"excerpt":{"rendered":"<p>RECURSOS Compra de material en\u00a0Librer\u00eda virtual Listado de asignaturas Grabaciones (Primer cuatrimestre) Grabaciones (Segundo cuatrimestre) HORARIOS \/ HORARIS (2025\/2026) \u00a0<\/p>\n","protected":false},"author":1,"featured_media":0,"parent":1288,"menu_order":0,"comment_status":"closed","ping_status":"closed","template":"","meta":{"_acf_changed":false,"footnotes":""},"acf":[],"_links":{"self":[{"href":"https:\/\/uned-illesbalears.net\/ca\/wp-json\/wp\/v2\/pages\/1333"}],"collection":[{"href":"https:\/\/uned-illesbalears.net\/ca\/wp-json\/wp\/v2\/pages"}],"about":[{"href":"https:\/\/uned-illesbalears.net\/ca\/wp-json\/wp\/v2\/types\/page"}],"author":[{"embeddable":true,"href":"https:\/\/uned-illesbalears.net\/ca\/wp-json\/wp\/v2\/users\/1"}],"replies":[{"embeddable":true,"href":"https:\/\/uned-illesbalears.net\/ca\/wp-json\/wp\/v2\/comments?post=1333"}],"version-history":[{"count":14,"href":"https:\/\/uned-illesbalears.net\/ca\/wp-json\/wp\/v2\/pages\/1333\/revisions"}],"predecessor-version":[{"id":278002,"href":"https:\/\/uned-illesbalears.net\/ca\/wp-json\/wp\/v2\/pages\/1333\/revisions\/278002"}],"up":[{"embeddable":true,"href":"https:\/\/uned-illesbalears.net\/ca\/wp-json\/wp\/v2\/pages\/1288"}],"wp:attachment":[{"href":"https:\/\/uned-illesbalears.net\/ca\/wp-json\/wp\/v2\/media?parent=1333"}],"curies":[{"name":"wp","href":"https:\/\/api.w.org\/{rel}","templated":true}]}}