{"id":1331,"date":"2013-08-19T17:19:52","date_gmt":"2013-08-19T17:19:52","guid":{"rendered":"https:\/\/uned-illesbalears.net\/recursos-para-estudiantes\/classes-de-tutoria\/antropologia\/"},"modified":"2025-07-26T21:39:00","modified_gmt":"2025-07-26T19:39:00","slug":"antropologia","status":"publish","type":"page","link":"https:\/\/uned-illesbalears.net\/ca\/recursos-para-estudiantes\/classes-de-tutoria\/antropologia\/","title":{"rendered":"Grado en Antropolog\u00eda social y cultural\/ Grau en Antropologia social i cultural"},"content":{"rendered":"<h4>RECURSOS<\/h4>\n<ul>\n<li>Compra de material en\u00a0<span style=\"color: #008000;\"><strong><a style=\"color: #008000;\" href=\"http:\/\/libreria.uned-illesbalears.net\/producto-categoria\/7002-grado-en-antropologia-social-y-cultural\/\">Librer\u00eda virtual<\/a><\/strong><\/span><\/li>\n<li><span style=\"color: #008000;\"><strong><a style=\"color: #008000;\" href=\"https:\/\/www.uned.es\/universidad\/inicio\/estudios\/grados\/grado-en-antropologia-social-y-cultural.html?idContenido=5\">Listado de asignaturas\u00a0<\/a><\/strong><\/span><\/li>\n<li><a href=\"https:\/\/uned-illesbalears.net\/recursos-para-estudiantes\/clases-tutorias\/grabaciones-clases-tutorias-curso-2024-2025\/grado-en-antropologia-social-y-cultural\/primer-semestre\/\"><strong><span style=\"color: #008000;\">Grabaciones (primer cuatrimestre)<\/span><\/strong><\/a><\/li>\n<li><a href=\"https:\/\/uned-illesbalears.net\/recursos-para-estudiantes\/clases-tutorias\/grabaciones-clases-tutorias-curso-2024-2025\/grado-en-antropologia-social-y-cultural\/segundo-semestre\/\"><strong><span style=\"color: #008000;\">Grabaciones (segundo cuatrimestre)<\/span><\/strong><\/a><\/li>\n<\/ul>\n<h4>HORARIOS \/ HORARIS (2025\/2026)<\/h4>\n<p>\n<table id=\"tablepress-137\" class=\"tablepress tablepress-id-137 tbody-has-connected-cells\">\n<tbody class=\"row-striping row-hover\">\n<tr class=\"row-1\">\n\t<td class=\"column-1\">Consultar horarios en AkademosWEB<\/td><td class=\"column-2\"><\/td><td class=\"column-3\"><\/td><td class=\"column-4\"><\/td><td class=\"column-5\"><\/td><td class=\"column-6\"><\/td><td class=\"column-7\"><\/td><td class=\"column-8\"><\/td>\n<\/tr>\n<tr class=\"row-2\">\n\t<td class=\"column-1\"><a href=\"https:\/\/akademosweb.uned.es\/Default.aspx\">AkademosWeb<\/a><\/td><td class=\"column-2\"><\/td><td class=\"column-3\"><\/td><td class=\"column-4\"><\/td><td class=\"column-5\"><\/td><td class=\"column-6\"><\/td><td class=\"column-7\"><\/td><td class=\"column-8\"><\/td>\n<\/tr>\n<tr class=\"row-3\">\n\t<td class=\"column-1\"><\/td><td colspan=\"7\" class=\"column-2\"><h5>Primer curso\/curs  - Primer cuatrimestre\/quadrimestre <\/h5><\/td>\n<\/tr>\n<tr class=\"row-4\">\n\t<td class=\"column-1\"><strong>C\u00f3digo\/Codi<\/strong><\/td><td class=\"column-2\"><strong>Asignaturas \/ Assignatures<\/strong><\/td><td class=\"column-3\"><strong>C\/Q<\/strong><\/td><td class=\"column-4\"><strong>Profesorado\/ Professorat<\/strong><\/td><td class=\"column-5\"><strong>D\u00eda\/Dia<\/strong><\/td><td class=\"column-6\"><strong>Hora<\/strong><\/td><td class=\"column-7\"><strong>Aula<\/strong><\/td><td class=\"column-8\"><strong>Sede<\/strong><\/td>\n<\/tr>\n<tr class=\"row-5\">\n\t<td class=\"column-1\">70022026<\/td><td class=\"column-2\">Antropolog\u00eda cognitiva y simb\u00f3lica I \/ Antropologia cognitiva i simb\u00f2lica I<\/td><td class=\"column-3\">1<\/td><td class=\"column-4\"><\/td><td class=\"column-5\">Martes\/Dimarts<br \/>\n<\/td><td class=\"column-6\">16.30<\/td><td class=\"column-7\">A. 9<\/td><td class=\"column-8\">Mallorca<\/td>\n<\/tr>\n<tr class=\"row-6\">\n\t<td class=\"column-1\">70022026<\/td><td class=\"column-2\">Antropolog\u00eda del parentesco I \/ Antropolog\u00eda del parentiu I<\/td><td class=\"column-3\">1<\/td><td class=\"column-4\">M. Barrera<\/td><td class=\"column-5\">Martes\/Dimarts<\/td><td class=\"column-6\">17.30<\/td><td class=\"column-7\">T. 5<\/td><td class=\"column-8\">Mallorca<\/td>\n<\/tr>\n<tr class=\"row-7\">\n\t<td class=\"column-1\">70021015<\/td><td class=\"column-2\">Antropolog\u00eda social y cultural \/ <br \/>\nAntropologia social i cultural<br \/>\n<\/td><td class=\"column-3\">1<\/td><td class=\"column-4\">S. Pastor<\/td><td class=\"column-5\">Martes\/Dimarts<br \/>\n<\/td><td class=\"column-6\">18.30<\/td><td class=\"column-7\">A. 14<\/td><td class=\"column-8\">Mallorca<\/td>\n<\/tr>\n<tr class=\"row-8\">\n\t<td class=\"column-1\">70021044<\/td><td class=\"column-2\">Historia de las teor\u00edas sociol\u00f3gicas \/ Hist\u00f2ria de les teories sociol\u00f2giques<\/td><td class=\"column-3\">1<\/td><td class=\"column-4\">M.\u00c1. Cernuda<\/td><td class=\"column-5\">Mi\u00e9rcoles\/Dimecres<\/td><td class=\"column-6\">17.30<\/td><td class=\"column-7\">A. 6<\/td><td class=\"column-8\">Mallorca<\/td>\n<\/tr>\n<tr class=\"row-9\">\n\t<td class=\"column-1\">70021050<\/td><td class=\"column-2\">Historia de la antropolog\u00eda I \/ Hist\u00f2ria de l\u2019antropologia I<\/td><td class=\"column-3\">1<\/td><td class=\"column-4\">S. Pastor<\/td><td class=\"column-5\">Jueves\/Dijous<br \/>\n<br \/>\n<\/td><td class=\"column-6\">18.30<\/td><td class=\"column-7\">A. 6<\/td><td class=\"column-8\">Mallorca<\/td>\n<\/tr>\n<\/tbody>\n<\/table>\n<!-- #tablepress-137 from cache --><br \/>\n\n<table id=\"tablepress-138\" class=\"tablepress tablepress-id-138 tbody-has-connected-cells\">\n<tbody class=\"row-striping row-hover\">\n<tr class=\"row-1\">\n\t<td class=\"column-1\"><\/td><td colspan=\"7\" class=\"column-2\"><h5>Primer curso\/curs  - Segundo cuatrimestre\/Segon quadrimestre<\/h5><\/td>\n<\/tr>\n<tr class=\"row-2\">\n\t<td class=\"column-1\"><strong>C\u00f3digo\/Codi<\/strong><\/td><td class=\"column-2\"><strong>Asignaturas \/ Assignatures<\/strong><\/td><td class=\"column-3\"><strong>C\/Q<\/strong><\/td><td class=\"column-4\"><strong>Profesorado\/ Professorat<\/strong><\/td><td class=\"column-5\"><strong>D\u00eda\/Dia<\/strong><\/td><td class=\"column-6\"><strong>Hora<\/strong><\/td><td class=\"column-7\"><strong>Aula<\/strong><\/td><td class=\"column-8\"><strong>Sede<\/strong><\/td>\n<\/tr>\n<tr class=\"row-3\">\n\t<td class=\"column-1\">69011046<\/td><td class=\"column-2\">Sociolog\u00eda y Estructura social \/ Sociologia i Estructura social<\/td><td class=\"column-3\">2<\/td><td class=\"column-4\">M. Carranza<\/td><td class=\"column-5\">Martes\/Dimarts<\/td><td class=\"column-6\">16.30<\/td><td class=\"column-7\">A. 14<\/td><td class=\"column-8\">Mallorca<\/td>\n<\/tr>\n<tr class=\"row-4\">\n\t<td class=\"column-1\">70021021<\/td><td class=\"column-2\">\u00c9ticas contempor\u00e1neas \/ \u00c8tiques contempor\u00e0nies  <\/td><td class=\"column-3\">2<\/td><td class=\"column-4\">C. Mocha<br \/>\n<\/td><td class=\"column-5\">Martes\/Dimarts<\/td><td class=\"column-6\">18.30<\/td><td class=\"column-7\">T. 3<\/td><td class=\"column-8\">Mallorca<\/td>\n<\/tr>\n<tr class=\"row-5\">\n\t<td class=\"column-1\">70021096<\/td><td class=\"column-2\">Historia moderna \/ Hist\u00f2ria moderna<\/td><td class=\"column-3\">2<\/td><td class=\"column-4\">M. Barrera<\/td><td class=\"column-5\">Mi\u00e9rcoles\/Dimecres<\/td><td class=\"column-6\">16.30<\/td><td class=\"column-7\">A. 6<\/td><td class=\"column-8\">Mallorca<\/td>\n<\/tr>\n<tr class=\"row-6\">\n\t<td class=\"column-1\">7002108-<\/td><td class=\"column-2\">Etnograf\u00eda y pr\u00e1cticas introductorias al trabajo de campo I \/ Etnografia i pr\u00e0ctiques introduct\u00f2ries al treball de camp I<\/td><td class=\"column-3\">2<\/td><td class=\"column-4\">M. Barrera<\/td><td class=\"column-5\">Mi\u00e9rcoles\/Dimecres<\/td><td class=\"column-6\">17.30<\/td><td class=\"column-7\">A. 6<\/td><td class=\"column-8\">Mallorca<\/td>\n<\/tr>\n<tr class=\"row-7\">\n\t<td class=\"column-1\">70021067<\/td><td class=\"column-2\">Relaciones interculturales \/ Relacions interculturals<\/td><td class=\"column-3\">2<\/td><td class=\"column-4\">M. Barrera<\/td><td class=\"column-5\">Mi\u00e9rcoles\/Dimecres<br \/>\n<\/td><td class=\"column-6\">18.30<\/td><td class=\"column-7\">A. 6<\/td><td class=\"column-8\">Mallorca<\/td>\n<\/tr>\n<\/tbody>\n<\/table>\n<!-- #tablepress-138 from cache --><br \/>\n\n<table id=\"tablepress-139\" class=\"tablepress tablepress-id-139 tbody-has-connected-cells\">\n<tbody class=\"row-striping row-hover\">\n<tr class=\"row-1\">\n\t<td class=\"column-1\"><\/td><td colspan=\"7\" class=\"column-2\"><h5>Segundo curso\/Segon curs -  Primer cuatrimestre\/quadrimestre <\/h5><\/td>\n<\/tr>\n<tr class=\"row-2\">\n\t<td class=\"column-1\"><strong>C\u00f3digo\/Codi<\/strong><\/td><td class=\"column-2\"><strong>Asignaturas \/ Assignatures<\/strong><\/td><td class=\"column-3\"><strong>C\/Q<\/strong><\/td><td class=\"column-4\"><strong>Profesorado\/ Professorat<\/strong><\/td><td class=\"column-5\"><strong>D\u00eda\/Dia<\/strong><\/td><td class=\"column-6\"><strong>Hora<\/strong><\/td><td class=\"column-7\"><strong>Aula<\/strong><\/td><td class=\"column-8\"><strong>Sede<\/strong><\/td>\n<\/tr>\n<tr class=\"row-3\">\n\t<td class=\"column-1\">70022061<\/td><td class=\"column-2\">Conocimiento etnogr\u00e1fico: Antropolog\u00eda del parentesto \/ Coneixement etnogr\u00e0fic: Antropologia del parentiu<\/td><td class=\"column-3\">1<\/td><td class=\"column-4\">M. Barrera<\/td><td class=\"column-5\">Martes\/Dimarts<\/td><td class=\"column-6\">18.30<\/td><td class=\"column-7\">T. 2<\/td><td class=\"column-8\">Mallorca<\/td>\n<\/tr>\n<tr class=\"row-4\">\n\t<td class=\"column-1\">7002201-<\/td><td class=\"column-2\">Historia de la antropolog\u00eda II \/ <br \/>\nHist\u00f2ria de l\u2019antropologia II<br \/>\n<\/td><td class=\"column-3\">1<\/td><td class=\"column-4\">F.M. Mart\u00ednez<\/td><td class=\"column-5\">Jueves<\/td><td class=\"column-6\">18.30<\/td><td class=\"column-7\">T. 8<\/td><td class=\"column-8\">Mallorca<\/td>\n<\/tr>\n<tr class=\"row-5\">\n\t<td class=\"column-1\">70022055<\/td><td class=\"column-2\">Antropolog\u00eda pol\u00edtica I \/ Antropologia pol\u00edtica I<br \/>\n<\/td><td class=\"column-3\">1<\/td><td class=\"column-4\">C. Pedret<\/td><td class=\"column-5\">Jueves\/Dijous<\/td><td class=\"column-6\">16.30<\/td><td class=\"column-7\">T. 8<\/td><td class=\"column-8\">Mallorca<\/td>\n<\/tr>\n<tr class=\"row-6\">\n\t<td class=\"column-1\">70022049<\/td><td class=\"column-2\">Antropolog\u00eda econ\u00f3mica I\/ Antropologia econ\u00f2mica I<\/td><td class=\"column-3\">1<\/td><td class=\"column-4\">C. Pedret<\/td><td class=\"column-5\">Jueves\/Dijous<\/td><td class=\"column-6\">17.30<\/td><td class=\"column-7\">T. 8<\/td><td class=\"column-8\">Mallorca<\/td>\n<\/tr>\n<tr class=\"row-7\">\n\t<td class=\"column-1\">70022032<\/td><td class=\"column-2\">Ling\u00fc\u00edstica<\/td><td class=\"column-3\">1<\/td><td class=\"column-4\">A. Soler<\/td><td class=\"column-5\">Mi\u00e9rcoles\/Dimecres<\/td><td class=\"column-6\">16.30<\/td><td class=\"column-7\">T. 12<\/td><td class=\"column-8\">Mallorca<\/td>\n<\/tr>\n<tr class=\"row-8\">\n\t<td class=\"column-1\">70021038<\/td><td class=\"column-2\">Geograf\u00eda Humana\/ Geografia Humana<\/td><td class=\"column-3\">1<\/td><td class=\"column-4\">D. Ferrer<\/td><td class=\"column-5\">Viernes\/Divendres<\/td><td class=\"column-6\">19.30<br \/>\n<\/td><td class=\"column-7\">T. 1<\/td><td class=\"column-8\">Mallorca<\/td>\n<\/tr>\n<\/tbody>\n<\/table>\n<!-- #tablepress-139 from cache --><br \/>\n\n<table id=\"tablepress-140\" class=\"tablepress tablepress-id-140 tbody-has-connected-cells\">\n<tbody class=\"row-striping row-hover\">\n<tr class=\"row-1\">\n\t<td class=\"column-1\"><\/td><td colspan=\"7\" class=\"column-2\"><h5>Segundo curso\/Segon curs  - Segundo Cuatrimestre\/Segon quadrimestre<\/h5><\/td>\n<\/tr>\n<tr class=\"row-2\">\n\t<td class=\"column-1\"><strong>C\u00f3digo\/Codi<\/strong><\/td><td class=\"column-2\"><strong>Asignaturas \/ Assignatures<\/strong><\/td><td class=\"column-3\"><strong>C\/Q<\/strong><\/td><td class=\"column-4\"><strong>Profesorado\/ Professorat<\/strong><\/td><td class=\"column-5\"><strong>D\u00eda\/Dia<\/strong><\/td><td class=\"column-6\"><strong>Hora<\/strong><\/td><td class=\"column-7\"><strong>Aula<\/strong><\/td><td class=\"column-8\"><strong>Sede<\/strong><\/td>\n<\/tr>\n<tr class=\"row-3\">\n\t<td class=\"column-1\">70902017<\/td><td class=\"column-2\">Antropolog\u00eda cognitiva y simb\u00f3lica II \/ Antropolog\u00eda cognitiva i simb\u00f2lica II<\/td><td class=\"column-3\">2<\/td><td class=\"column-4\">C. Pou<\/td><td class=\"column-5\">Martes\/Dimarts<\/td><td class=\"column-6\">16.30<\/td><td class=\"column-7\">T. 9<\/td><td class=\"column-8\">Mallorca<\/td>\n<\/tr>\n<tr class=\"row-4\">\n\t<td class=\"column-1\">70022078<\/td><td class=\"column-2\">Etnograf\u00eda y pr\u00e1cticas introductorias al trabajo de campo II \/ Etnografia i pr\u00e0ctiques introduct\u00f2ries al treball de camp II<\/td><td class=\"column-3\">2<\/td><td class=\"column-4\">C. Pou<\/td><td class=\"column-5\">Martes\/Dimarts<\/td><td class=\"column-6\">17.30<\/td><td class=\"column-7\">T. 9<\/td><td class=\"column-8\">Mallorca<\/td>\n<\/tr>\n<tr class=\"row-5\">\n\t<td class=\"column-1\">70022090<\/td><td class=\"column-2\">Conocimiento etnogr\u00e1fico: Antropolog\u00eda cognitiva y simb\u00f3lica \/ Coneixement etnogr\u00e0fic: Antropologia cognitiva i simb\u00f2lica <\/td><td class=\"column-3\">2<\/td><td class=\"column-4\">C. Pou<\/td><td class=\"column-5\">Mi\u00e9rcoles\/Dimecres<\/td><td class=\"column-6\">16.30<\/td><td class=\"column-7\">T. 2<\/td><td class=\"column-8\">Mallorca<\/td>\n<\/tr>\n<tr class=\"row-6\">\n\t<td class=\"column-1\">70022084<\/td><td class=\"column-2\">Antropolog\u00eda del parentesco II \/ Antropologia del parentiu II<\/td><td class=\"column-3\">2<\/td><td class=\"column-4\">C. Pedret<\/td><td class=\"column-5\">Jueves\/Dijous<\/td><td class=\"column-6\">16.30<\/td><td class=\"column-7\">T. 4<\/td><td class=\"column-8\">Mallorca<\/td>\n<\/tr>\n<tr class=\"row-7\">\n\t<td class=\"column-1\">70022115<\/td><td class=\"column-2\">Antropolog\u00eda econ\u00f3mica II \/ Antropologia econ\u00f2mica II<br \/>\n<\/td><td class=\"column-3\">2<\/td><td class=\"column-4\">C. Pedret<\/td><td class=\"column-5\">Jueves\/Dijous<\/td><td class=\"column-6\">17.30<\/td><td class=\"column-7\">T. 4<\/td><td class=\"column-8\">Mallorca<\/td>\n<\/tr>\n<tr class=\"row-8\">\n\t<td class=\"column-1\">70022109<\/td><td class=\"column-2\">Antropolog\u00eda pol\u00edtica II \/ Antropologia pol\u00edtica II<\/td><td class=\"column-3\">2<\/td><td class=\"column-4\">S. Pastor<\/td><td class=\"column-5\">Jueves\/Dijous<\/td><td class=\"column-6\">19.30<\/td><td class=\"column-7\">T. 3<\/td><td class=\"column-8\">Mallorca<\/td>\n<\/tr>\n<\/tbody>\n<\/table>\n<!-- #tablepress-140 from cache --><br \/>\n\n<table id=\"tablepress-141\" class=\"tablepress tablepress-id-141 tbody-has-connected-cells\">\n<tbody class=\"row-striping row-hover\">\n<tr class=\"row-1\">\n\t<td class=\"column-1\"><\/td><td colspan=\"7\" class=\"column-2\"><h5>Tercer curso \/ curs - Primer Cuatrimestre\/quatrimestre<\/h5><\/td>\n<\/tr>\n<tr class=\"row-2\">\n\t<td class=\"column-1\"><strong>C\u00f3digo\/Codi<\/strong><\/td><td class=\"column-2\"><strong>Asignaturas \/ Assignatures<\/strong><\/td><td class=\"column-3\"><strong>C\/Q<\/strong><\/td><td class=\"column-4\"><\/td><td class=\"column-5\"><\/td><td class=\"column-6\"><\/td><td class=\"column-7\"><\/td><td class=\"column-8\"><\/td>\n<\/tr>\n<tr class=\"row-3\">\n\t<td class=\"column-1\">70023014<\/td><td class=\"column-2\">Antropolog\u00eda y comparaci\u00f3n cultural \/ Antropologia i comparaci\u00f3 cultural<\/td><td colspan=\"2\" class=\"column-3\">1<\/td><td colspan=\"4\" class=\"column-5\">INTERCAMPUS<\/td>\n<\/tr>\n<tr class=\"row-4\">\n\t<td class=\"column-1\">70023020<\/td><td class=\"column-2\">Evoluci\u00f3n Humana I \/ Evoluci\u00f3 Humana I<\/td><td colspan=\"2\" class=\"column-3\">1<\/td><td colspan=\"4\" class=\"column-5\">INTERCAMPUS<\/td>\n<\/tr>\n<tr class=\"row-5\">\n\t<td class=\"column-1\">70023072<\/td><td class=\"column-2\">Conocimiento etnogr\u00e1fico: Antropolog\u00eda Econ\u00f3mica \/ Coneixement etnogr\u00e0fic: Antropologia Econ\u00f2mica<\/td><td class=\"column-3\">1<\/td><td class=\"column-4\">M.A. Cernuda<\/td><td class=\"column-5\">Mi\u00e9rcoles\/Dimecres<\/td><td class=\"column-6\">16.30<\/td><td colspan=\"2\" class=\"column-7\">A. 6<\/td>\n<\/tr>\n<tr class=\"row-6\">\n\t<td class=\"column-1\">70023089<\/td><td class=\"column-2\">Antropolog\u00eda de la religi\u00f3n \/ Antropologia de la religi\u00f3<br \/>\n<\/td><td colspan=\"2\" class=\"column-3\">1<\/td><td colspan=\"4\" class=\"column-5\">INTERCAMPUS<\/td>\n<\/tr>\n<tr class=\"row-7\">\n\t<td class=\"column-1\">70023095<\/td><td class=\"column-2\">Antropolog\u00eda y perspectiva de g\u00e9nero \/ Antropologia i perspectiva de g\u00e8nere<\/td><td colspan=\"2\" class=\"column-3\">1<\/td><td colspan=\"4\" class=\"column-5\">INTERCAMPUS<\/td>\n<\/tr>\n<tr class=\"row-8\">\n\t<td class=\"column-1\">70023103<\/td><td class=\"column-2\">Tiempo y teor\u00eda de la cultura: Etnohistoria \/ Temps i teoria de la cultura: Etnohist\u00f2ria<\/td><td colspan=\"2\" class=\"column-3\">1<\/td><td colspan=\"4\" class=\"column-5\">INTERCAMPUS<\/td>\n<\/tr>\n<\/tbody>\n<\/table>\n<!-- #tablepress-141 from cache --><br \/>\n\n<table id=\"tablepress-142\" class=\"tablepress tablepress-id-142\">\n<tbody class=\"row-striping row-hover\">\n<tr class=\"row-1\">\n\t<td class=\"column-1\"><\/td><td class=\"column-2\"><h5>Tercer curso\/curs -  Segundo Cuatrimestre\/Segon quadrimestre<\/h5><\/td><td class=\"column-3\"><\/td><td class=\"column-4\"><\/td><td class=\"column-5\"><\/td><td class=\"column-6\"><\/td><td class=\"column-7\"><\/td><td class=\"column-8\"><\/td>\n<\/tr>\n<tr class=\"row-2\">\n\t<td class=\"column-1\"><strong>C\u00f3digo\/Codi<\/strong><\/td><td class=\"column-2\"><strong>Asignaturas \/ Assignatures<\/strong><\/td><td class=\"column-3\"><strong>C\/Q<\/strong><\/td><td class=\"column-4\"><\/td><td class=\"column-5\"><\/td><td class=\"column-6\"><\/td><td class=\"column-7\"><\/td><td class=\"column-8\"><\/td>\n<\/tr>\n<tr class=\"row-3\">\n\t<td class=\"column-1\">70014156<\/td><td class=\"column-2\">Filosof\u00eda de las Ciencias Sociales \/ Filosofia de les Ci\u00e8ncies Socials <\/td><td class=\"column-3\">2<\/td><td class=\"column-4\"><\/td><td class=\"column-5\">INTERCAMPUS<\/td><td class=\"column-6\"><\/td><td class=\"column-7\"><\/td><td class=\"column-8\"><\/td>\n<\/tr>\n<tr class=\"row-4\">\n\t<td class=\"column-1\">70023037<\/td><td class=\"column-2\">\u00c1mbitos generales de las aplicaciones en Antropolog\u00eda \/ \u00c0mbits generals de les aplicacions en Antropologia<\/td><td class=\"column-3\">2<\/td><td class=\"column-4\"><\/td><td class=\"column-5\">INTERCAMPUS<\/td><td class=\"column-6\"><\/td><td class=\"column-7\"><\/td><td class=\"column-8\"><\/td>\n<\/tr>\n<tr class=\"row-5\">\n\t<td class=\"column-1\">70023043<\/td><td class=\"column-2\">Proyecto de investigaci\u00f3n. An\u00e1lisis de materiales emp\u00edricos y escritura \/ Projecte d\u2019investigaci\u00f3. An\u00e0lisi de materials emp\u00edrics i escriptura<\/td><td class=\"column-3\">2<\/td><td class=\"column-4\"><\/td><td class=\"column-5\">INTERCAMPUS<\/td><td class=\"column-6\"><\/td><td class=\"column-7\"><\/td><td class=\"column-8\"><\/td>\n<\/tr>\n<tr class=\"row-6\">\n\t<td class=\"column-1\">7002305-<\/td><td class=\"column-2\">Conocimiento etnogr\u00e1fico: Antropolog\u00eda pol\u00edtica \/ Coneixement etnogr\u00e0fic: Antropologia pol\u00edtica<br \/>\n<\/td><td class=\"column-3\">2<\/td><td class=\"column-4\"><\/td><td class=\"column-5\">INTERCAMPUS<\/td><td class=\"column-6\"><\/td><td class=\"column-7\"><\/td><td class=\"column-8\"><\/td>\n<\/tr>\n<tr class=\"row-7\">\n\t<td class=\"column-1\">70023066<\/td><td class=\"column-2\">Antropolog\u00eda del desarrollo \/ Antropologia del desenvolupament<\/td><td class=\"column-3\">2<\/td><td class=\"column-4\"><\/td><td class=\"column-5\">INTERCAMPUS<\/td><td class=\"column-6\"><\/td><td class=\"column-7\"><\/td><td class=\"column-8\"><\/td>\n<\/tr>\n<tr class=\"row-8\">\n\t<td class=\"column-1\">70903011<\/td><td class=\"column-2\">Evoluci\u00f3n Humana II \/ Evoluci\u00f3 Humana II<\/td><td class=\"column-3\">2<\/td><td class=\"column-4\"><\/td><td class=\"column-5\">INTERCAMPUS<\/td><td class=\"column-6\"><\/td><td class=\"column-7\"><\/td><td class=\"column-8\"><\/td>\n<\/tr>\n<\/tbody>\n<\/table>\n<!-- #tablepress-142 from cache --><br \/>\n\n<table id=\"tablepress-144\" class=\"tablepress tablepress-id-144\">\n<tbody class=\"row-striping row-hover\">\n<tr class=\"row-1\">\n\t<td class=\"column-1\"><\/td><td class=\"column-2\"><h5>Cuarto curso\/Quart curs -  Primer Cuatrimestre\/quadrimestre<\/h5><\/td><td class=\"column-3\"><\/td><td class=\"column-4\"><\/td><td class=\"column-5\"><\/td><td class=\"column-6\"><\/td><td class=\"column-7\"><\/td><td class=\"column-8\"><\/td>\n<\/tr>\n<tr class=\"row-2\">\n\t<td class=\"column-1\"><strong>C\u00f3digo\/Codi<\/strong><\/td><td class=\"column-2\"><strong>Asignaturas \/ Assignatures<\/strong><\/td><td class=\"column-3\"><strong>C\/Q<\/strong><\/td><td class=\"column-4\"><\/td><td class=\"column-5\"><\/td><td class=\"column-6\"><\/td><td class=\"column-7\"><\/td><td class=\"column-8\"><\/td>\n<\/tr>\n<tr class=\"row-3\">\n\t<td class=\"column-1\">70024137<\/td><td class=\"column-2\">Migraciones I \/ Migracions I<\/td><td class=\"column-3\">1<\/td><td class=\"column-4\"><\/td><td class=\"column-5\">INTERCAMPUS<\/td><td class=\"column-6\"><\/td><td class=\"column-7\"><\/td><td class=\"column-8\"><\/td>\n<\/tr>\n<tr class=\"row-4\">\n\t<td class=\"column-1\">70024143<\/td><td class=\"column-2\">Movimientos indigenistas y pueblos ind\u00edgenas \/ Moviments indigenistes i pobles ind\u00edgenes<\/td><td class=\"column-3\">1<\/td><td class=\"column-4\"><\/td><td class=\"column-5\">INTERCAMPUS<\/td><td class=\"column-6\"><\/td><td class=\"column-7\"><\/td><td class=\"column-8\"><\/td>\n<\/tr>\n<tr class=\"row-5\">\n\t<td class=\"column-1\"><\/td><td class=\"column-2\">Optativas \/ Optatives<\/td><td class=\"column-3\">1<\/td><td class=\"column-4\"><\/td><td class=\"column-5\">INTERCAMPUS<\/td><td class=\"column-6\"><\/td><td class=\"column-7\"><\/td><td class=\"column-8\"><\/td>\n<\/tr>\n<tr class=\"row-6\">\n\t<td class=\"column-1\">70024019<\/td><td class=\"column-2\">Trabajo Fin de Grado \/ Treball Fi de Grau<\/td><td class=\"column-3\">Anual<\/td><td class=\"column-4\"><\/td><td class=\"column-5\">INTERCAMPUS<\/td><td class=\"column-6\"><\/td><td class=\"column-7\"><\/td><td class=\"column-8\"><\/td>\n<\/tr>\n<\/tbody>\n<\/table>\n<!-- #tablepress-144 from cache --><br \/>\n\n<table id=\"tablepress-143\" class=\"tablepress tablepress-id-143\">\n<tbody class=\"row-striping row-hover\">\n<tr class=\"row-1\">\n\t<td class=\"column-1\"><\/td><td class=\"column-2\"><h5>Cuarto curso\/ Quart curs  -  Segundo Cuatrimestre\/Segon quadrimestre<\/h5><\/td><td class=\"column-3\"><\/td><td class=\"column-4\"><\/td><td class=\"column-5\"><\/td><td class=\"column-6\"><\/td><td class=\"column-7\"><\/td><td class=\"column-8\"><\/td>\n<\/tr>\n<tr class=\"row-2\">\n\t<td class=\"column-1\"><strong>C\u00f3digo\/Codi<\/strong><\/td><td class=\"column-2\"><strong>Asignaturas \/ Assignatures<\/strong><\/td><td class=\"column-3\"><strong>C\/Q<\/strong><\/td><td class=\"column-4\"><strong>Profesorado\/ Professorat<\/strong><\/td><td class=\"column-5\"><strong>D\u00eda\/Dia<\/strong><\/td><td class=\"column-6\"><strong>Hora<\/strong><\/td><td class=\"column-7\"><strong>Aula<\/strong><\/td><td class=\"column-8\"><strong>Sede<\/strong><\/td>\n<\/tr>\n<tr class=\"row-3\">\n\t<td class=\"column-1\">69022021<\/td><td class=\"column-2\">Psicolog\u00eda Social \/ Psicologia Social (Sociolog\u00eda\/Antropolog\u00eda)<\/td><td class=\"column-3\">2<\/td><td class=\"column-4\">A. Gornals<\/td><td class=\"column-5\">Jueves\/Dijous<\/td><td class=\"column-6\">19.30<\/td><td class=\"column-7\">T. 5<\/td><td class=\"column-8\">Mallorca<\/td>\n<\/tr>\n<tr class=\"row-4\">\n\t<td class=\"column-1\">7002415-<\/td><td class=\"column-2\">Migraciones II \/ Migracions II<\/td><td class=\"column-3\">2<\/td><td class=\"column-4\">INTERCAMPUS<\/td><td class=\"column-5\"><\/td><td class=\"column-6\"><\/td><td class=\"column-7\"><\/td><td class=\"column-8\"><\/td>\n<\/tr>\n<tr class=\"row-5\">\n\t<td class=\"column-1\"><\/td><td class=\"column-2\">Optativas \/ Optatives<\/td><td class=\"column-3\">2<\/td><td class=\"column-4\">INTERCAMPUS<\/td><td class=\"column-5\"><\/td><td class=\"column-6\"><\/td><td class=\"column-7\"><\/td><td class=\"column-8\"><\/td>\n<\/tr>\n<tr class=\"row-6\">\n\t<td class=\"column-1\">70024019<\/td><td class=\"column-2\">Trabajo Fin de Grado \/ Treball Fi de Grau<\/td><td class=\"column-3\">Anual<\/td><td class=\"column-4\">INTERCAMPUS<\/td><td class=\"column-5\"><\/td><td class=\"column-6\"><\/td><td class=\"column-7\"><\/td><td class=\"column-8\"><\/td>\n<\/tr>\n<\/tbody>\n<\/table>\n<!-- #tablepress-143 from cache --><\/p>\n<!-- The table with the ID 386 is empty! --><!-- #tablepress-386 from cache -->\n<!-- The table with the ID 387 is empty! --><!-- #tablepress-387 from cache -->\n<p><b><i>\u00a0<\/i><\/b><\/p>\n","protected":false},"excerpt":{"rendered":"<p>RECURSOS Compra de material en\u00a0Librer\u00eda virtual Listado de asignaturas\u00a0 Grabaciones (primer cuatrimestre) Grabaciones (segundo cuatrimestre) HORARIOS \/ HORARIS (2025\/2026) \u00a0<\/p>\n","protected":false},"author":1,"featured_media":0,"parent":1272,"menu_order":0,"comment_status":"closed","ping_status":"closed","template":"","meta":{"_acf_changed":false,"footnotes":""},"acf":[],"_links":{"self":[{"href":"https:\/\/uned-illesbalears.net\/ca\/wp-json\/wp\/v2\/pages\/1331"}],"collection":[{"href":"https:\/\/uned-illesbalears.net\/ca\/wp-json\/wp\/v2\/pages"}],"about":[{"href":"https:\/\/uned-illesbalears.net\/ca\/wp-json\/wp\/v2\/types\/page"}],"author":[{"embeddable":true,"href":"https:\/\/uned-illesbalears.net\/ca\/wp-json\/wp\/v2\/users\/1"}],"replies":[{"embeddable":true,"href":"https:\/\/uned-illesbalears.net\/ca\/wp-json\/wp\/v2\/comments?post=1331"}],"version-history":[{"count":20,"href":"https:\/\/uned-illesbalears.net\/ca\/wp-json\/wp\/v2\/pages\/1331\/revisions"}],"predecessor-version":[{"id":277976,"href":"https:\/\/uned-illesbalears.net\/ca\/wp-json\/wp\/v2\/pages\/1331\/revisions\/277976"}],"up":[{"embeddable":true,"href":"https:\/\/uned-illesbalears.net\/ca\/wp-json\/wp\/v2\/pages\/1272"}],"wp:attachment":[{"href":"https:\/\/uned-illesbalears.net\/ca\/wp-json\/wp\/v2\/media?parent=1331"}],"curies":[{"name":"wp","href":"https:\/\/api.w.org\/{rel}","templated":true}]}}