{"id":1311,"date":"2013-08-18T13:51:02","date_gmt":"2013-08-18T13:51:02","guid":{"rendered":"https:\/\/uned-illesbalears.net\/?page_id=1311"},"modified":"2017-10-15T17:33:03","modified_gmt":"2017-10-15T15:33:03","slug":"ibiza-clases-tutorias","status":"publish","type":"page","link":"https:\/\/uned-illesbalears.net\/ca\/recursos-para-estudiantes\/classes-de-tutoria\/ibiza-clases-tutorias\/","title":{"rendered":"Classes tutories Ibiza \/ Eivissa"},"content":{"rendered":"<table border=\"1\" width=\"642\" cellpadding=\"0\">\n<tbody>\n<tr>\n<td colspan=\"3\">\n<h5 align=\"center\"><span style=\"color: #008000;\"><b>Horario Clases Tutor\u00edas del Centro Asociado de la UNED de Les Illes Balears (IBIZA \/ EIVISSA)<br \/>\nCurso 2017\/2018<br \/>\n<\/b><\/span><\/h5>\n<\/td>\n<\/tr>\n<tr>\n<td colspan=\"3\">\n<h6 align=\"center\"><span style=\"color: #008000;\"><b>Para ver los horarios de las clases tutor\u00edas, clique en el nombre del estudio universitario.<\/b><\/span><\/h6>\n<h6 align=\"center\"><span style=\"color: #008000;\"><b>Las clases tutor\u00edas son presenciales en el Centro. Los alumnos que no se desplacen pueden seguir las clases tutor\u00edas de Grado y del Curso de Acceso por Webconferencia o por Streaming (videoconferencia).<\/b><\/span><\/h6>\n<\/td>\n<\/tr>\n<tr>\n<td colspan=\"3\">\n<h6 align=\"center\"><span style=\"color: #008000;\"><b>Las clases tutor\u00edas INTRACENTRO \u00a0se desarrollan de manera presencial, se emiten y se graban.\u00a0<\/b><\/span><\/h6>\n<h6 align=\"center\"><span style=\"color: #008000;\"><b>Las clases tutor\u00edas INTERCAMPUS se desarrollan por el Equipo docente con la colaboraci\u00f3n de profesores tutores de distintos Campus. En la plataforma aLF de su asignatura encontrar\u00e1 informaci\u00f3n adicional.<\/b><\/span><\/h6>\n<\/td>\n<\/tr>\n<tr>\n<td colspan=\"3\">\n<h6 align=\"center\"><span style=\"color: #008000;\"><a href=\"https:\/\/www.intecca.uned.es\/portalavip\/grabacion.php?ID_Sala=3&amp;ID_Grabacion=254584&amp;hashData=a2f0154b1f0b1bc511831a2b12217b59&amp;amp%3BparamsToCheck=SURfR3JhYmFjaW9uLElEX1NhbGEs\">GRABACI\u00d3N JORNADA FORMATIVA PARA NUEVOS ESTUDIANTES CURSO 2017-2018<\/a><\/span><\/h6>\n<h6 style=\"text-align: center;\"><a href=\"https:\/\/uned-illesbalears.net\/wp-content\/uploads\/2013\/08\/2.1.2.ICCL_.InstruccionesPlataformaAVIP-Webconferencia1718.pdf\" class=\"mtli_attachment mtli_pdf\">InstruccionesPlataformaAVIP-Webconferencia1718<\/a><\/h6>\n<h6 style=\"text-align: center;\"><a href=\"https:\/\/uned-illesbalears.net\/wp-content\/uploads\/2013\/08\/2.1.2.ICCL_.InstruccionesPlataformaAVIP-Videoconferencia1718.pdf\" class=\"mtli_attachment mtli_pdf\">InstruccionesPlataformaAVIP-Videoconferencia1718<\/a><\/h6>\n<\/td>\n<\/tr>\n<tr>\n<td colspan=\"3\">\n<h6 style=\"text-align: center;\"><a href=\"https:\/\/uned-illesbalears.net\/wp-content\/uploads\/2013\/08\/2.1.2.ICCL_.InstruccionesPlataforma_aLF1718.pdf\" class=\"mtli_attachment mtli_pdf\">InstruccionesPlataforma_aLF1718<\/a><\/h6>\n<\/td>\n<\/tr>\n<tr>\n<td colspan=\"3\">\n<h6 style=\"text-align: center;\"><span style=\"color: #008000;\"><a href=\"https:\/\/uned-illesbalears.net\/wp-content\/uploads\/2017\/08\/Calendario-Acad\u00e9mico-2017-18.pdf\" class=\"mtli_attachment mtli_pdf\">Calendario-Acad\u00e9mico-2017-2018 <\/a>\u00a0\u00a0<\/span><\/h6>\n<\/td>\n<\/tr>\n<tr>\n<td style=\"text-align: center;\" colspan=\"3\">\n<h6><span style=\"color: #008000;\"><a href=\"https:\/\/uned-illesbalears.net\/recursos-para-estudiantes\/incidencias-clases-tutorias-20152016\/\"><span style=\"color: #008000;\">\u00a0Incidencias clases tutor\u00eda Curso 2017-2018<\/span><\/a><\/span><\/h6>\n<\/td>\n<\/tr>\n<tr>\n<td colspan=\"3\">\n<h6 style=\"text-align: center;\"><span style=\"color: #008000;\">\u00a0<\/span><a href=\"https:\/\/uned-illesbalears.net\/recursos-para-estudiantes\/clases-tutorias\/grabaciones-clases-tutorias-curso-2017-2018\/\"><span style=\"color: #008000;\">GRABACIONES CLASES TUTOR\u00cdAS CURSO 2017-2018<\/span><\/a><\/h6>\n<\/td>\n<\/tr>\n<tr>\n<td width=\"287\">\n<p align=\"center\"><span style=\"color: #008000;\"><a title=\"Acceso 25 Ibiza\" href=\"https:\/\/uned-illesbalears.net\/recursos-para-estudiantes\/clases-tutorias\/ibiza-clases-tutorias\/acceso-ibiza\/\"><span style=\"color: #008000;\">ACCESO MAYORES 25 A\u00d1OS<\/span><\/a><\/span><\/p>\n<\/td>\n<td style=\"text-align: center;\" width=\"173\">\u00a0<a href=\"http:\/\/libreria.uned-illesbalears.net\/producto-categoria\/001-curso-de-acceso\/\">LIBRER\u00cdA VIRTUAL<\/a><\/td>\n<td width=\"174\">\n<p align=\"center\"><a title=\"Curso Acceso\" href=\"http:\/\/portal.uned.es\/portal\/page?_pageid=93,23751468,93_23751594&amp;_dad=portal&amp;_schema=PORTAL\">INFORMACI\u00d3N ASIGNATURAS<\/a><\/p>\n<\/td>\n<\/tr>\n<tr>\n<td width=\"287\">\n<p align=\"center\"><span style=\"color: #008000;\"><a title=\"Acceso 45 Ibiza\" href=\"https:\/\/uned-illesbalears.net\/recursos-para-estudiantes\/clases-tutorias\/ibiza-clases-tutorias\/acceso-45-ibiza\/\"><span style=\"color: #008000;\">ACCESO MAYORES 45 A\u00d1OS<\/span><\/a><\/span><\/p>\n<\/td>\n<td style=\"text-align: center;\" width=\"173\">\u00a0<a href=\"http:\/\/libreria.uned-illesbalears.net\/producto-categoria\/001-curso-de-acceso\/\">LIBRER\u00cdA VIRTUAL<\/a><\/td>\n<td width=\"174\">\n<p align=\"center\"><a title=\"Curso Acceso\" href=\"http:\/\/portal.uned.es\/portal\/page?_pageid=93,23751468,93_23751594&amp;_dad=portal&amp;_schema=PORTAL\">INFORMACI\u00d3N ASIGNATURAS<\/a><\/p>\n<\/td>\n<\/tr>\n<tr>\n<td>\n<p align=\"center\"><span style=\"color: #008000;\"><a title=\"Psicolog\u00eda Menorca-Ibiza\" href=\"https:\/\/uned-illesbalears.net\/recursos-para-estudiantes\/clases-tutorias\/ibiza-clases-tutorias\/psicologia-menorca-ibiza\/\"><span style=\"color: #008000;\">GRADO EN PSICOLOG\u00cdA<\/span><\/a><\/span><\/p>\n<\/td>\n<td>\n<p style=\"text-align: center;\" align=\"center\"><a href=\"http:\/\/libreria.uned-illesbalears.net\/producto-categoria\/6201-grado-en-psicologia\/\">LIBRER\u00cdA VIRTUAL<\/a><\/p>\n<p align=\"center\"><a href=\"https:\/\/uned-illesbalears.net\/wp-content\/uploads\/2013\/08\/2.2.2.CONVENIOSPRACTICASCURRICULARESLesIllesBalearsSeptiembre2017.pdf\" class=\"mtli_attachment mtli_pdf\">PR\u00c1CTICAS EXTERNAS<\/a><\/p>\n<p align=\"center\"><a href=\"https:\/\/uned-illesbalears.net\/wp-content\/uploads\/2013\/08\/2.2.2.FichapracticasprofesionalesLesIllesBalearsSeptiembre2017.doc\" class=\"mtli_attachment mtli_doc\">Ficha Pr\u00e1cticas<\/a><\/p>\n<\/td>\n<td style=\"text-align: center;\">\u00a0<a href=\"http:\/\/portal.uned.es\/portal\/page?_pageid=93,55557795&amp;_dad=portal&amp;_schema=PORTAL&amp;idGrado=6201\">INFORMACI\u00d3N ASIGNATURAS<\/a><\/td>\n<\/tr>\n<tr>\n<td>\n<p align=\"center\"><span style=\"color: #008000;\"><a title=\"Derecho Menorca-Ibiza\" href=\"https:\/\/uned-illesbalears.net\/recursos-para-estudiantes\/clases-tutorias\/ibiza-clases-tutorias\/derecho-menorca-ibiza\/\"><span style=\"color: #008000;\">GRADO EN DERECHO<\/span><\/a><\/span><\/p>\n<\/td>\n<td style=\"text-align: center;\">\u00a0<a href=\"http:\/\/libreria.uned-illesbalears.net\/producto-categoria\/6602-grado-en-derecho\/\">LIBRER\u00cdA VIRTUAL<\/a><\/td>\n<td style=\"text-align: center;\">\u00a0<a href=\"http:\/\/portal.uned.es\/portal\/page?_pageid=93,55557795&amp;_dad=portal&amp;_schema=PORTAL&amp;idGrado=6602\">INFORMACI\u00d3N ASIGNATURAS<\/a><\/td>\n<\/tr>\n<tr>\n<td>\n<p align=\"center\"><span style=\"color: #008000;\"><a title=\"Administraci\u00f3n y Direcci\u00f3n de Empresas\" href=\"https:\/\/uned-illesbalears.net\/recursos-para-estudiantes\/clases-tutorias\/clases-tutorias-en-mallorca\/administracion-y-direccion-de-empresas\/\"><span style=\"color: #008000;\">GRADO EN ADMINISTRACI\u00d3N Y DIRECCI\u00d3N DE EMPRESAS<\/span><\/a><\/span><\/p>\n<\/td>\n<td>\n<p style=\"text-align: center;\" align=\"center\">\u00a0<a href=\"http:\/\/libreria.uned-illesbalears.net\/producto-categoria\/6502-grado-en-administracion-y-direccion-de-empresas\/\">LIBRER\u00cdA VIRTUAL<\/a><\/p>\n<p style=\"text-align: center;\"><a href=\"https:\/\/uned-illesbalears.net\/wp-content\/uploads\/2013\/08\/2.2.2.CONVENIOSPRACTICASCURRICULARESLesIllesBalearsSeptiembre2017.pdf\" class=\"mtli_attachment mtli_pdf\">PR\u00c1CTICAS EXTERNAS<\/a><\/p>\n<p style=\"text-align: center;\" align=\"center\"><a href=\"https:\/\/uned-illesbalears.net\/wp-content\/uploads\/2013\/08\/2.2.2.FichapracticasprofesionalesLesIllesBalearsSeptiembre2017.doc\" class=\"mtli_attachment mtli_doc\">Ficha Pr\u00e1cticas<\/a><\/p>\n<\/td>\n<td style=\"text-align: center;\">\u00a0<a href=\"http:\/\/portal.uned.es\/portal\/page?_pageid=93,55557795&amp;_dad=portal&amp;_schema=PORTAL&amp;idGrado=6502\">INFORMACI\u00d3N ASIGNATURAS<\/a><\/td>\n<\/tr>\n<tr>\n<td>\n<p align=\"center\"><span style=\"color: #008000;\"><a title=\"Horarios Historia del Arte\" href=\"https:\/\/uned-illesbalears.net\/recursos-para-estudiantes\/clases-tutorias\/historia-del-arte\/\"><span style=\"color: #008000;\">GRADO EN HISTORIA DEL ARTE <\/span><\/a><\/span><\/p>\n<\/td>\n<td style=\"text-align: center;\">\u00a0<a href=\"http:\/\/libreria.uned-illesbalears.net\/producto-categoria\/6702-grado-en-historia-del-arte\/\">LIBRER\u00cdA VIRTUAL<\/a><\/td>\n<td style=\"text-align: center;\"><a href=\"http:\/\/portal.uned.es\/portal\/page?_pageid=93,55557795&amp;_dad=portal&amp;_schema=PORTAL&amp;idGrado=6702\">INFORMACI\u00d3N ASIGNATURAS<\/a><\/td>\n<\/tr>\n<tr>\n<td>\n<p align=\"center\"><span style=\"color: #008000;\"><a title=\"Historia Menorca-Ibiza\" href=\"https:\/\/uned-illesbalears.net\/recursos-para-estudiantes\/clases-tutorias\/ibiza-clases-tutorias\/historia-menorca-ibiza\/\"><span style=\"color: #008000;\">GRADO EN GEOGRAF\u00cdA E HISTORIA<\/span><\/a><\/span><\/p>\n<\/td>\n<td style=\"text-align: center;\">\u00a0<a href=\"http:\/\/libreria.uned-illesbalears.net\/producto-categoria\/6701-grado-en-geografia-e-historia\/\">LIBRER\u00cdA VIRTUAL<\/a><\/td>\n<td style=\"text-align: center;\">\u00a0<a href=\"http:\/\/portal.uned.es\/portal\/page?_pageid=93,55557795&amp;_dad=portal&amp;_schema=PORTAL&amp;idGrado=6701\">INFORMACI\u00d3N ASIGNATURAS<\/a><\/td>\n<\/tr>\n<tr>\n<td>\n<p align=\"center\"><span style=\"color: #008000;\"><a title=\"Educaci\u00f3n social Menorca-Ibiza\" href=\"https:\/\/uned-illesbalears.net\/recursos-para-estudiantes\/clases-tutorias\/ibiza-clases-tutorias\/educacion-social-menorca-ibiza\/\"><span style=\"color: #008000;\">GRADO EN EDUCACI\u00d3N SOCIAL<\/span><\/a><\/span><\/p>\n<\/td>\n<td>\n<p align=\"center\"><a href=\"http:\/\/libreria.uned-illesbalears.net\/producto-categoria\/6301-grado-en-educacion-social\/\">LIBRER\u00cdA VIRTUAL<\/a><\/p>\n<p align=\"center\"><a href=\"https:\/\/uned-illesbalears.net\/wp-content\/uploads\/2013\/08\/2.2.2.CONVENIOSPRACTICASCURRICULARESLesIllesBalearsSeptiembre2017.pdf\" class=\"mtli_attachment mtli_pdf\">PR\u00c1CTICAS EXTERNAS<\/a><\/p>\n<p style=\"text-align: center;\"><a href=\"https:\/\/uned-illesbalears.net\/wp-content\/uploads\/2013\/08\/2.2.2.FichapracticasprofesionalesLesIllesBalearsSeptiembre2017.doc\" class=\"mtli_attachment mtli_doc\">Ficha Pr\u00e1cticas<\/a><\/p>\n<\/td>\n<td style=\"text-align: center;\">\u00a0<a href=\"http:\/\/portal.uned.es\/portal\/page?_pageid=93,55557795&amp;_dad=portal&amp;_schema=PORTAL&amp;idGrado=6301\">INFORMACI\u00d3N ASIGNATURAS<\/a><\/td>\n<\/tr>\n<tr>\n<td>\n<p align=\"center\"><span style=\"color: #008000;\"><a title=\"Pedagog\u00eda Menorca-Ibiza\" href=\"https:\/\/uned-illesbalears.net\/recursos-para-estudiantes\/clases-tutorias\/ibiza-clases-tutorias\/pedagogia-menorca-ibiza\/\"><span style=\"color: #008000;\">GRADO EN PEDAGOG\u00cdA<\/span><\/a><\/span><\/p>\n<\/td>\n<td>\n<p align=\"center\"><a href=\"http:\/\/libreria.uned-illesbalears.net\/producto-categoria\/6302-grado-en-pedagogia\/\">LIBRER\u00cdA VIRTUAL<\/a><\/p>\n<p align=\"center\"><a href=\"https:\/\/uned-illesbalears.net\/wp-content\/uploads\/2013\/08\/2.2.2.CONVENIOSPRACTICASCURRICULARESLesIllesBalearsSeptiembre2017.pdf\" class=\"mtli_attachment mtli_pdf\">PR\u00c1CTICAS EXTERNAS<\/a><\/p>\n<p align=\"center\"><a href=\"https:\/\/uned-illesbalears.net\/wp-content\/uploads\/2013\/08\/2.2.2.FichapracticasprofesionalesLesIllesBalearsSeptiembre2017.doc\" class=\"mtli_attachment mtli_doc\">Ficha Pr\u00e1cticas<\/a><\/p>\n<\/td>\n<td style=\"text-align: center;\">\u00a0<a href=\"http:\/\/portal.uned.es\/portal\/page?_pageid=93,55557795&amp;_dad=portal&amp;_schema=PORTAL&amp;idGrado=6302\">INFORMACI\u00d3N ASIGNATURAS<\/a><\/td>\n<\/tr>\n<tr>\n<td>\n<p align=\"center\"><span style=\"color: #008000;\"><a title=\"Trabajo social Menorca-Ibiza\" href=\"https:\/\/uned-illesbalears.net\/recursos-para-estudiantes\/clases-tutorias\/ibiza-clases-tutorias\/trabajo-social-menorca-ibiza\/\"><span style=\"color: #008000;\">GRADO EN TRABAJO SOCIAL<\/span><\/a><\/span><\/p>\n<\/td>\n<td>\n<p align=\"center\"><a href=\"http:\/\/libreria.uned-illesbalears.net\/producto-categoria\/6603-grado-en-trabajo-social\/\">LIBRER\u00cdA VIRTUAL<\/a><\/p>\n<p align=\"center\"><a href=\"https:\/\/uned-illesbalears.net\/wp-content\/uploads\/2013\/08\/2.2.2.CONVENIOSPRACTICASCURRICULARESLesIllesBalearsSeptiembre2017.pdf\" class=\"mtli_attachment mtli_pdf\">PR\u00c1CTICAS EXTERNAS<\/a><\/p>\n<p align=\"center\"><a href=\"https:\/\/uned-illesbalears.net\/wp-content\/uploads\/2013\/08\/2.2.2.FichapracticasprofesionalesLesIllesBalearsSeptiembre2017.doc\" class=\"mtli_attachment mtli_doc\">Ficha Pr\u00e1cticas<\/a><\/p>\n<\/td>\n<td style=\"text-align: center;\">\u00a0<a href=\"http:\/\/portal.uned.es\/portal\/page?_pageid=93,55557795&amp;_dad=portal&amp;_schema=PORTAL&amp;idGrado=6503\">INFORMACI\u00d3N ASIGNATURAS<\/a><\/td>\n<\/tr>\n<\/tbody>\n<\/table>\n","protected":false},"excerpt":{"rendered":"<p>Horario Clases Tutor\u00edas del Centro Asociado de la UNED de Les Illes Balears (IBIZA \/ EIVISSA) Curso 2017\/2018 Para ver los horarios de las clases tutor\u00edas, clique en el nombre del estudio universitario. Las clases tutor\u00edas son presenciales en el Centro. Los alumnos que no se desplacen pueden seguir las clases tutor\u00edas de Grado y [&hellip;]<\/p>\n","protected":false},"author":1,"featured_media":0,"parent":1272,"menu_order":0,"comment_status":"closed","ping_status":"closed","template":"","meta":{"_acf_changed":false,"footnotes":""},"acf":[],"_links":{"self":[{"href":"https:\/\/uned-illesbalears.net\/ca\/wp-json\/wp\/v2\/pages\/1311"}],"collection":[{"href":"https:\/\/uned-illesbalears.net\/ca\/wp-json\/wp\/v2\/pages"}],"about":[{"href":"https:\/\/uned-illesbalears.net\/ca\/wp-json\/wp\/v2\/types\/page"}],"author":[{"embeddable":true,"href":"https:\/\/uned-illesbalears.net\/ca\/wp-json\/wp\/v2\/users\/1"}],"replies":[{"embeddable":true,"href":"https:\/\/uned-illesbalears.net\/ca\/wp-json\/wp\/v2\/comments?post=1311"}],"version-history":[{"count":0,"href":"https:\/\/uned-illesbalears.net\/ca\/wp-json\/wp\/v2\/pages\/1311\/revisions"}],"up":[{"embeddable":true,"href":"https:\/\/uned-illesbalears.net\/ca\/wp-json\/wp\/v2\/pages\/1272"}],"wp:attachment":[{"href":"https:\/\/uned-illesbalears.net\/ca\/wp-json\/wp\/v2\/media?parent=1311"}],"curies":[{"name":"wp","href":"https:\/\/api.w.org\/{rel}","templated":true}]}}