{"id":1292,"date":"2013-08-23T20:06:52","date_gmt":"2013-08-23T20:06:52","guid":{"rendered":"https:\/\/uned-illesbalears.net\/?page_id=1292"},"modified":"2025-07-26T21:42:43","modified_gmt":"2025-07-26T19:42:43","slug":"ciencias-ambientales","status":"publish","type":"page","link":"https:\/\/uned-illesbalears.net\/ca\/recursos-para-estudiantes\/classes-de-tutoria\/clases-tutorias-en-mallorca\/ciencias-ambientales\/","title":{"rendered":"Grado en Ciencias Ambientales \/Grau en Ci\u00e8ncies Ambientals"},"content":{"rendered":"<h4>RECURSOS<\/h4>\n<ul>\n<li>Compra de material en\u00a0<span style=\"color: #008000;\"><strong><a style=\"color: #008000;\" href=\"http:\/\/libreria.uned-illesbalears.net\/producto-categoria\/6101-grado-en-ciencias-ambientales\/\">Librer\u00eda virtual<\/a><\/strong><\/span><\/li>\n<li><span style=\"color: #339966;\"><strong><a style=\"color: #339966;\" href=\"https:\/\/www.uned.es\/universidad\/inicio\/estudios\/grados\/grado-en-ciencias-ambientales.html?idContenido=5\">Listado de asignaturas<\/a><\/strong><\/span><\/li>\n<li><a href=\"https:\/\/uned-illesbalears.net\/recursos-para-estudiantes\/clases-tutorias\/grabaciones-clases-tutorias-curso-2024-2025\/grado-en-ciencias-ambientales\/primer-semestre\/\"><span style=\"color: #339966;\"><strong>Grabaciones (primer cuatrimestre)<\/strong><\/span><\/a><\/li>\n<li><a href=\"https:\/\/uned-illesbalears.net\/recursos-para-estudiantes\/clases-tutorias\/grabaciones-clases-tutorias-curso-2024-2025\/grado-en-ciencias-ambientales\/segundo-semestre\/\"><span style=\"color: #339966;\"><strong>Grabaciones (segundo cuatrimestre)<\/strong><\/span><\/a><\/li>\n<li><span style=\"color: #339966;\"><strong><a style=\"color: #339966;\" href=\"https:\/\/uned-illesbalears.net\/ca\/recursos-para-estudiantes\/horaris-practiques\/formulario-practicas-grado-en-ciencias-ambientales\/\">Pr\u00e1cticas de laboratorio<\/a><\/strong><\/span><\/li>\n<\/ul>\n<h4>HORARIOS \/ HORARIS (2025\/2026)<\/h4>\n<p>\n<table id=\"tablepress-153\" class=\"tablepress tablepress-id-153 tbody-has-connected-cells\">\n<tbody class=\"row-striping row-hover\">\n<tr class=\"row-1\">\n\t<td class=\"column-1\">Consultar horarios en AkademosWeb<\/td><td class=\"column-2\"><\/td><td class=\"column-3\"><\/td><td class=\"column-4\"><\/td><td class=\"column-5\"><\/td><td class=\"column-6\"><\/td><td class=\"column-7\"><\/td><td class=\"column-8\"><\/td>\n<\/tr>\n<tr class=\"row-2\">\n\t<td class=\"column-1\"><a href=\"https:\/\/akademosweb.uned.es\/Default.aspx\">AkademosWeb<\/a><\/td><td class=\"column-2\"><\/td><td class=\"column-3\"><\/td><td class=\"column-4\"><\/td><td class=\"column-5\"><\/td><td class=\"column-6\"><\/td><td class=\"column-7\"><\/td><td class=\"column-8\"><\/td>\n<\/tr>\n<tr class=\"row-3\">\n\t<td class=\"column-1\"><\/td><td colspan=\"7\" class=\"column-2\"><h5>Primer curso\/curs - Primer cuatrimestre\/quadrimestre<\/h5><\/td>\n<\/tr>\n<tr class=\"row-4\">\n\t<td class=\"column-1\"><strong>C\u00f3digo\/Codi<\/strong><\/td><td class=\"column-2\"><strong>Asignaturas \/ Assignatures<\/strong><\/td><td class=\"column-3\"><strong>C\/Q<\/strong><\/td><td class=\"column-4\"><strong>Profesorado\/ Professorat<\/strong><\/td><td class=\"column-5\"><strong>D\u00eda\/Dia<\/strong><\/td><td class=\"column-6\"><strong>Hora<\/strong><\/td><td class=\"column-7\"><strong>Aula<\/strong><\/td><td class=\"column-8\"><strong>Sede<\/strong><\/td>\n<\/tr>\n<tr class=\"row-5\">\n\t<td class=\"column-1\">61011029<\/td><td class=\"column-2\">Biolog\u00eda I \/ Biologia I<\/td><td class=\"column-3\">1<\/td><td class=\"column-4\">J.E. Nadal<\/td><td class=\"column-5\">Lunes\/Dilluns<\/td><td class=\"column-6\">17.30<\/td><td class=\"column-7\">A. 7<\/td><td class=\"column-8\">Mallorca<\/td>\n<\/tr>\n<tr class=\"row-6\">\n\t<td class=\"column-1\">61011058<\/td><td class=\"column-2\">Medio ambiente y sociedad \/ Medi ambient i societat<\/td><td class=\"column-3\">1<\/td><td class=\"column-4\">F. Gonz\u00e1lez<\/td><td class=\"column-5\">Martes\/Dimarts<br \/>\n<\/td><td class=\"column-6\">18.30<br \/>\n<\/td><td class=\"column-7\">T. 1<\/td><td class=\"column-8\">Mallorca<\/td>\n<\/tr>\n<tr class=\"row-7\">\n\t<td class=\"column-1\">61011041<\/td><td class=\"column-2\">Bases f\u00edsicas del medio ambiente \/<br \/>\nBases f\u00edsiques del medi ambient<\/td><td class=\"column-3\">1<\/td><td class=\"column-4\">M.A. V\u00e1zquez<\/td><td class=\"column-5\">Martes\/Dimarts<br \/>\n<\/td><td class=\"column-6\">19.30<br \/>\n<\/td><td class=\"column-7\">A. 8<\/td><td class=\"column-8\">Mallorca<\/td>\n<\/tr>\n<tr class=\"row-8\">\n\t<td class=\"column-1\">61011035<\/td><td class=\"column-2\">Matem\u00e1ticas I \/ Matem\u00e0tiques I<\/td><td class=\"column-3\">1<\/td><td class=\"column-4\">A. Monge<\/td><td class=\"column-5\">Lunes\/Dilluns<\/td><td class=\"column-6\">18:30<\/td><td class=\"column-7\">A. 11<\/td><td class=\"column-8\">Mallorca<\/td>\n<\/tr>\n<tr class=\"row-9\">\n\t<td class=\"column-1\">61011012<\/td><td class=\"column-2\">Geolog\u00eda I \/ Geologia I<\/td><td class=\"column-3\">1<\/td><td class=\"column-4\">J. Aurell<\/td><td class=\"column-5\">Viernes\/Divendres<\/td><td class=\"column-6\">16.30<\/td><td class=\"column-7\">A. 5<\/td><td class=\"column-8\">Mallorca<\/td>\n<\/tr>\n<\/tbody>\n<\/table>\n<!-- #tablepress-153 from cache --><br \/>\n\n<table id=\"tablepress-154\" class=\"tablepress tablepress-id-154 tbody-has-connected-cells\">\n<tbody class=\"row-striping row-hover\">\n<tr class=\"row-1\">\n\t<td class=\"column-1\"><\/td><td colspan=\"7\" class=\"column-2\"><h5>Primer curso\/curs - Segundo cuatrimestre\/Segon quadrimestre<\/h5><\/td>\n<\/tr>\n<tr class=\"row-2\">\n\t<td class=\"column-1\"><strong>C\u00f3digo\/Codi<\/strong><\/td><td class=\"column-2\"><strong>Asignaturas \/ Assignatures<\/strong><\/td><td class=\"column-3\"><strong>C\/Q<\/strong><\/td><td class=\"column-4\"><strong>Profesorado\/ Professorat<\/strong><\/td><td class=\"column-5\"><strong>D\u00eda\/Dia<\/strong><\/td><td class=\"column-6\"><strong>Hora<\/strong><\/td><td class=\"column-7\"><strong>Aula<\/strong><\/td><td class=\"column-8\"><strong>Sede<\/strong><\/td>\n<\/tr>\n<tr class=\"row-3\">\n\t<td class=\"column-1\">61011070<\/td><td class=\"column-2\">Biolog\u00eda II \/ Biologia II<br \/>\n<\/td><td class=\"column-3\">2<\/td><td class=\"column-4\">J.E. Nadal<\/td><td class=\"column-5\">Lunes\/Dilluns<br \/>\n<\/td><td class=\"column-6\">17.30<br \/>\n<\/td><td class=\"column-7\">A. 12<\/td><td class=\"column-8\">Mallorca<\/td>\n<\/tr>\n<tr class=\"row-4\">\n\t<td class=\"column-1\">61011093<\/td><td class=\"column-2\">Bases qu\u00edmicas del medio ambiente \/<br \/>\nBases qu\u00edmiques del medi ambient<br \/>\n<br \/>\n<\/td><td class=\"column-3\">2<\/td><td class=\"column-4\">M.\u00c1. V\u00e1zquez<\/td><td class=\"column-5\">Martes\/ Dimarts<br \/>\n<\/td><td class=\"column-6\">18.30<br \/>\n<\/td><td class=\"column-7\">A. 12<\/td><td class=\"column-8\">Mallorca<\/td>\n<\/tr>\n<tr class=\"row-5\">\n\t<td class=\"column-1\">61011087<\/td><td class=\"column-2\">Matem\u00e1ticas II \/ Matem\u00e0tiques II<br \/>\n<\/td><td class=\"column-3\">2<\/td><td class=\"column-4\">A. Monge<\/td><td class=\"column-5\">Martes\/Dimarts<br \/>\n<br \/>\n<\/td><td class=\"column-6\">17.30<br \/>\n<\/td><td class=\"column-7\">A. 7<\/td><td class=\"column-8\">Ibiza\/Eivissa<\/td>\n<\/tr>\n<tr class=\"row-6\">\n\t<td class=\"column-1\">61011064<\/td><td class=\"column-2\">Geolog\u00eda II \/ Geologia II<br \/>\n<\/td><td class=\"column-3\">2<\/td><td class=\"column-4\">J. Aurell<\/td><td class=\"column-5\"><\/td><td class=\"column-6\"><\/td><td class=\"column-7\">A. 8<\/td><td class=\"column-8\">Mallorca<\/td>\n<\/tr>\n<tr class=\"row-7\">\n\t<td class=\"column-1\">61011101<\/td><td class=\"column-2\">Sistemas de informaci\u00f3n geogr\u00e1fica \/<br \/>\nSistemes d\u2019informaci\u00f3 geogr\u00e0fica<br \/>\n<\/td><td class=\"column-3\">2<\/td><td class=\"column-4\">D. Ferrer<\/td><td class=\"column-5\">Jueves\/Dijous<\/td><td class=\"column-6\">20.30<\/td><td class=\"column-7\">A. Inform\u00e1tica<\/td><td class=\"column-8\">Mallorca<\/td>\n<\/tr>\n<\/tbody>\n<\/table>\n<!-- #tablepress-154 from cache --><br \/>\n\n<table id=\"tablepress-155\" class=\"tablepress tablepress-id-155 tbody-has-connected-cells\">\n<tbody class=\"row-striping row-hover\">\n<tr class=\"row-1\">\n\t<td class=\"column-1\"><\/td><td colspan=\"7\" class=\"column-2\"><h5>Segundo curso\/Segon curs - Primer cuatrimestre\/quadrimestre<\/h5><\/td>\n<\/tr>\n<tr class=\"row-2\">\n\t<td class=\"column-1\"><strong>C\u00f3digo\/Codi<\/strong><\/td><td class=\"column-2\"><strong>Asignaturas \/ Assignatures<\/strong><\/td><td class=\"column-3\"><strong>C\/Q<\/strong><\/td><td class=\"column-4\"><strong>Profesorado\/ Professorat<\/strong><\/td><td class=\"column-5\"><strong>D\u00eda\/Dia<\/strong><\/td><td class=\"column-6\"><strong>Hora<\/strong><\/td><td class=\"column-7\"><strong>Aula<\/strong><\/td><td class=\"column-8\"><strong>Sede<\/strong><\/td>\n<\/tr>\n<tr class=\"row-3\">\n\t<td class=\"column-1\">61012106<\/td><td class=\"column-2\">Contaminaci\u00f3n por agentes f\u00edsicos \/ Contaminaci\u00f3 per agents f\u00edsics<br \/>\n<\/td><td class=\"column-3\">1<\/td><td class=\"column-4\">A. Mas<\/td><td class=\"column-5\">Lunes\/Dilluns<\/td><td class=\"column-6\">16.30<\/td><td class=\"column-7\">A. 4<\/td><td class=\"column-8\">Ibiza\/Eivissa\t<\/td>\n<\/tr>\n<tr class=\"row-4\">\n\t<td class=\"column-1\">6101203-<\/td><td class=\"column-2\">Diversidad vegetal \/ Diversitat vegetal<\/td><td class=\"column-3\">1<\/td><td class=\"column-4\">J.E. Nadal<\/td><td class=\"column-5\">Lunes\/Dilluns<\/td><td class=\"column-6\">16.30<\/td><td class=\"column-7\">A. 7<\/td><td class=\"column-8\">Mallorca<\/td>\n<\/tr>\n<tr class=\"row-5\">\n\t<td class=\"column-1\">61012046<\/td><td class=\"column-2\">Ecolog\u00eda I \/ Ecologia I<\/td><td class=\"column-3\">1<\/td><td class=\"column-4\">M. Boi<\/td><td class=\"column-5\">Mi\u00e9rcoles\/Dimecres<\/td><td class=\"column-6\">19.30<\/td><td class=\"column-7\">A. 12<\/td><td class=\"column-8\">Mallorca<\/td>\n<\/tr>\n<tr class=\"row-6\">\n\t<td class=\"column-1\">61012098<\/td><td class=\"column-2\">Administraci\u00f3n y legislaci\u00f3n ambiental \/ Administraci\u00f3 i legislaci\u00f3 ambiental<\/td><td class=\"column-3\">1<\/td><td class=\"column-4\">A. Cutini<\/td><td class=\"column-5\">Jueves\/Dijous<\/td><td class=\"column-6\">19.30<\/td><td class=\"column-7\">T. 9<\/td><td class=\"column-8\">Mallorca<\/td>\n<\/tr>\n<tr class=\"row-7\">\n\t<td class=\"column-1\">61012017<\/td><td class=\"column-2\">Estad\u00edstica aplicada al medio ambiente \/ Estad\u00edstica aplicada al medi ambient<br \/>\n<\/td><td class=\"column-3\">1<\/td><td class=\"column-4\">CAMPUS<\/td><td class=\"column-5\"><\/td><td class=\"column-6\"><\/td><td class=\"column-7\"><\/td><td class=\"column-8\"><\/td>\n<\/tr>\n<tr class=\"row-8\">\n\t<td class=\"column-1\">61012023<\/td><td class=\"column-2\">Origen y control de los contaminantes \/ Origen i control dels contaminants<br \/>\n<\/td><td class=\"column-3\">1<\/td><td class=\"column-4\">INTERCAMPUS<\/td><td class=\"column-5\"><\/td><td class=\"column-6\"><\/td><td class=\"column-7\"><\/td><td class=\"column-8\"><\/td>\n<\/tr>\n<\/tbody>\n<\/table>\n<!-- #tablepress-155 from cache --><br \/>\n\n<table id=\"tablepress-156\" class=\"tablepress tablepress-id-156 tbody-has-connected-cells\">\n<tbody class=\"row-striping row-hover\">\n<tr class=\"row-1\">\n\t<td class=\"column-1\"><\/td><td colspan=\"7\" class=\"column-2\"><h5>\t<br \/>\nSegundo curso\/Segon curs - Segundo Cuatrimestre\/Segon quadrimestre<\/h5><\/td>\n<\/tr>\n<tr class=\"row-2\">\n\t<td class=\"column-1\"><strong>C\u00f3digo\/Codi<\/strong><\/td><td class=\"column-2\"><strong>Asignaturas \/ Assignatures<\/strong><\/td><td class=\"column-3\"><strong>C\/Q<\/strong><\/td><td class=\"column-4\"><strong>Profesorado\/ Professorat<\/strong><\/td><td class=\"column-5\"><strong>D\u00eda\/Dia<\/strong><\/td><td class=\"column-6\"><strong>Hora<\/strong><\/td><td class=\"column-7\"><strong>Aula<\/strong><\/td><td class=\"column-8\"><strong>Sede<\/strong><\/td>\n<\/tr>\n<tr class=\"row-3\">\n\t<td class=\"column-1\">61012069<\/td><td class=\"column-2\">T\u00e9cnicas instrumentales \/ T\u00e8cniques instrumentals<\/td><td class=\"column-3\">2<\/td><td class=\"column-4\">E. Bar\u00f3n<\/td><td class=\"column-5\">Martes\/Dimarts<\/td><td class=\"column-6\">17.30<\/td><td class=\"column-7\">A. 5<\/td><td class=\"column-8\">Mallorca<\/td>\n<\/tr>\n<tr class=\"row-4\">\n\t<td class=\"column-1\">61012081<\/td><td class=\"column-2\">Diversidad animal \/ Diversitat animal<\/td><td class=\"column-3\">2<\/td><td class=\"column-4\">J.E. Nadal<\/td><td class=\"column-5\">Lunes\/Dilluns<\/td><td class=\"column-6\">16.30<\/td><td class=\"column-7\">A. 12<\/td><td class=\"column-8\">Mallorca<\/td>\n<\/tr>\n<tr class=\"row-5\">\n\t<td class=\"column-1\">61012112<\/td><td class=\"column-2\">Bases de la ingenier\u00eda ambiental \/ Bases de l\u2019enginyeria ambiental<\/td><td class=\"column-3\">2<\/td><td class=\"column-4\">JM Natta<\/td><td class=\"column-5\">Mi\u00e9rcoles\/Dimecres<\/td><td class=\"column-6\">16.30<\/td><td class=\"column-7\">A. 11<\/td><td class=\"column-8\">Mallorca<\/td>\n<\/tr>\n<tr class=\"row-6\">\n\t<td class=\"column-1\">61902018<\/td><td class=\"column-2\">Meteorolog\u00eda y climatolog\u00eda \/ Meteorologia i climatologia<\/td><td class=\"column-3\">2<\/td><td class=\"column-4\">J. P. Rodr\u00edguez<\/td><td class=\"column-5\">Mi\u00e9rcoles\/Dimecres<\/td><td class=\"column-6\">17.30<\/td><td class=\"column-7\">T. 4<\/td><td class=\"column-8\">Mallorca<\/td>\n<\/tr>\n<tr class=\"row-7\">\n\t<td class=\"column-1\">61012075<\/td><td class=\"column-2\">Econom\u00eda ambiental \/ Economia ambiental<\/td><td class=\"column-3\">2<\/td><td class=\"column-4\">M.Boi<\/td><td class=\"column-5\">Mi\u00e9rcoles\/Dimecres<\/td><td class=\"column-6\">18.30<\/td><td class=\"column-7\">A. 8<\/td><td class=\"column-8\">Mallorca<\/td>\n<\/tr>\n<tr class=\"row-8\">\n\t<td class=\"column-1\">61012052<\/td><td class=\"column-2\">Ecolog\u00eda II \/ Ecologia II<\/td><td class=\"column-3\">2<\/td><td class=\"column-4\">M. Boi<\/td><td class=\"column-5\">Mi\u00e9rcoles\/Dimecres<\/td><td class=\"column-6\">19.30<\/td><td class=\"column-7\">A. 8<\/td><td class=\"column-8\">Mallorca<\/td>\n<\/tr>\n<\/tbody>\n<\/table>\n<!-- #tablepress-156 from cache --><br \/>\n\n<table id=\"tablepress-157\" class=\"tablepress tablepress-id-157 tbody-has-connected-cells\">\n<tbody class=\"row-striping row-hover\">\n<tr class=\"row-1\">\n\t<td class=\"column-1\"><\/td><td colspan=\"7\" class=\"column-2\"><h5>Tercer curso \/ curs - Primer Cuatrimestre\/quatrimestre<\/h5><\/td>\n<\/tr>\n<tr class=\"row-2\">\n\t<td class=\"column-1\"><strong>C\u00f3digo\/Codi<\/strong><\/td><td class=\"column-2\"><strong>Asignaturas \/ Assignatures<\/strong><\/td><td class=\"column-3\"><strong>C\/Q<\/strong><\/td><td class=\"column-4\"><\/td><td class=\"column-5\"><\/td><td class=\"column-6\"><\/td><td class=\"column-7\"><\/td><td class=\"column-8\"><\/td>\n<\/tr>\n<tr class=\"row-3\">\n\t<td class=\"column-1\">61013011<\/td><td class=\"column-2\">Evaluaci\u00f3n del impacto ambiental I \/ Avaluaci\u00f3 de l'impacte ambiental<\/td><td class=\"column-3\">1<\/td><td class=\"column-4\">INTERCAMPUS<\/td><td class=\"column-5\"><\/td><td class=\"column-6\"><\/td><td class=\"column-7\"><\/td><td class=\"column-8\"><\/td>\n<\/tr>\n<tr class=\"row-4\">\n\t<td class=\"column-1\">6101307-<\/td><td class=\"column-2\">Auditor\u00eda ambiental \/ Auditoria ambiental<\/td><td class=\"column-3\">1<\/td><td class=\"column-4\">INTERCAMPUS<\/td><td class=\"column-5\"><\/td><td class=\"column-6\"><\/td><td class=\"column-7\"><\/td><td class=\"column-8\"><\/td>\n<\/tr>\n<tr class=\"row-5\">\n\t<td class=\"column-1\">61013086<\/td><td class=\"column-2\">Ordenaci\u00f3n del territorio I \/ Ordenaci\u00f3 del territori I<\/td><td class=\"column-3\">1<\/td><td class=\"column-4\">INTERCAMPUS<\/td><td class=\"column-5\"><\/td><td class=\"column-6\"><\/td><td class=\"column-7\"><\/td><td class=\"column-8\"><\/td>\n<\/tr>\n<tr class=\"row-6\">\n\t<td class=\"column-1\">61013092<\/td><td class=\"column-2\">Recursos geol\u00f3gicos \/ Recursos geol\u00f2gics<\/td><td class=\"column-3\">1<\/td><td class=\"column-4\">INTERCAMPUS<\/td><td class=\"column-5\"><\/td><td class=\"column-6\"><\/td><td class=\"column-7\"><\/td><td class=\"column-8\"><\/td>\n<\/tr>\n<tr class=\"row-7\">\n\t<td class=\"column-1\">61013100<\/td><td class=\"column-2\">Educaci\u00f3n ambiental \/ Educaci\u00f3 ambiental<\/td><td class=\"column-3\">1<\/td><td class=\"column-4\">INTERCAMPUS<\/td><td class=\"column-5\"><\/td><td class=\"column-6\"><\/td><td class=\"column-7\"><\/td><td class=\"column-8\"><\/td>\n<\/tr>\n<tr class=\"row-8\">\n\t<td class=\"column-1\">61903029<\/td><td class=\"column-2\">Gesti\u00f3n y conservaci\u00f3n de aguas y suelos \/ Gesti\u00f3 i conservaci\u00f3 d'aig\u00fces i s\u00f2ls<\/td><td class=\"column-3\">1<\/td><td class=\"column-4\">INTERCAMPUS<\/td><td class=\"column-5\"><\/td><td class=\"column-6\"><\/td><td class=\"column-7\"><\/td><td class=\"column-8\"><\/td>\n<\/tr>\n<\/tbody>\n<\/table>\n<!-- #tablepress-157 from cache --><br \/>\n\n<table id=\"tablepress-158\" class=\"tablepress tablepress-id-158 tbody-has-connected-cells\">\n<tbody class=\"row-striping row-hover\">\n<tr class=\"row-1\">\n\t<td class=\"column-1\"><\/td><td colspan=\"7\" class=\"column-2\"><h5>Tercer curso\/curs - Segundo Cuatrimestre\/Segon quadrimestre<\/h5><\/td>\n<\/tr>\n<tr class=\"row-2\">\n\t<td class=\"column-1\"><strong>C\u00f3digo\/Codi<\/strong><\/td><td class=\"column-2\"><strong>Asignaturas \/ Assignatures<\/strong><\/td><td class=\"column-3\"><strong>C\/Q<\/strong><\/td><td class=\"column-4\"><\/td><td class=\"column-5\"><\/td><td class=\"column-6\"><\/td><td class=\"column-7\"><\/td><td class=\"column-8\"><\/td>\n<\/tr>\n<tr class=\"row-3\">\n\t<td class=\"column-1\">61013028<\/td><td class=\"column-2\">Gesti\u00f3n y conservaci\u00f3n de flora y fauna \/ Gesti\u00f3 i conservaci\u00f3 de flora i fauna<\/td><td class=\"column-3\">2<\/td><td class=\"column-4\">INTERCAMPUS<\/td><td class=\"column-5\"><\/td><td class=\"column-6\"><\/td><td class=\"column-7\"><\/td><td class=\"column-8\"><\/td>\n<\/tr>\n<tr class=\"row-4\">\n\t<td class=\"column-1\">61013040<\/td><td class=\"column-2\">Riesgos geol\u00f3gicos \/ Riscos geol\u00f2gics<\/td><td class=\"column-3\">2<\/td><td class=\"column-4\">INTERCAMPUS<\/td><td class=\"column-5\"><\/td><td class=\"column-6\"><\/td><td class=\"column-7\"><\/td><td class=\"column-8\"><\/td>\n<\/tr>\n<tr class=\"row-5\">\n\t<td class=\"column-1\">61013057<\/td><td class=\"column-2\">Contaminaci\u00f3n atmosf\u00e9rica \/ Contaminaci\u00f3 atmosf\u00e8rica<\/td><td class=\"column-3\">2<\/td><td class=\"column-4\">INTERCAMPUS<\/td><td class=\"column-5\"><\/td><td class=\"column-6\"><\/td><td class=\"column-7\"><\/td><td class=\"column-8\"><\/td>\n<\/tr>\n<tr class=\"row-6\">\n\t<td class=\"column-1\">61013063<\/td><td class=\"column-2\">Evaluaci\u00f3n del impacto ambiental II \/ Avaluaci\u00f3 de l'impacte ambiental II<\/td><td class=\"column-3\">2<\/td><td class=\"column-4\">INTERCAMPUS<\/td><td class=\"column-5\"><\/td><td class=\"column-6\"><\/td><td class=\"column-7\"><\/td><td class=\"column-8\"><\/td>\n<\/tr>\n<tr class=\"row-7\">\n\t<td class=\"column-1\">61903012<\/td><td class=\"column-2\">Energ\u00eda y medio ambiente \/ Energia i medi ambient<\/td><td class=\"column-3\">2<\/td><td class=\"column-4\">INTERCAMPUS<\/td><td class=\"column-5\"><\/td><td class=\"column-6\"><\/td><td class=\"column-7\"><\/td><td class=\"column-8\"><\/td>\n<\/tr>\n<tr class=\"row-8\">\n\t<td class=\"column-1\">61903035<\/td><td class=\"column-2\">Reciclado y tratamiento de residuos \/ Reciclatge i tractament de residus<\/td><td class=\"column-3\">2<\/td><td class=\"column-4\">INTERCAMPUS<\/td><td class=\"column-5\"><\/td><td class=\"column-6\"><\/td><td class=\"column-7\"><\/td><td class=\"column-8\"><\/td>\n<\/tr>\n<\/tbody>\n<\/table>\n<!-- #tablepress-158 from cache --><br \/>\n\n<table id=\"tablepress-160\" class=\"tablepress tablepress-id-160 tbody-has-connected-cells\">\n<tbody class=\"row-striping row-hover\">\n<tr class=\"row-1\">\n\t<td class=\"column-1\"><\/td><td colspan=\"5\" class=\"column-2\"><h5>Cuarto curso\/Quart curs - Primer Cuatrimestre\/quadrimestre<\/h5><\/td><td class=\"column-7\"><\/td><td class=\"column-8\"><\/td>\n<\/tr>\n<tr class=\"row-2\">\n\t<td class=\"column-1\"><strong>C\u00f3digo\/Codi<\/strong><\/td><td class=\"column-2\"><strong>Asignaturas \/ Assignatures<\/strong><\/td><td class=\"column-3\"><strong>C\/Q<\/strong><\/td><td class=\"column-4\"><strong>Profesorado\/ Professorat<\/strong><\/td><td class=\"column-5\"><strong>D\u00eda\/Dia<\/strong><\/td><td class=\"column-6\"><strong>Hora<\/strong><\/td><td class=\"column-7\"><strong>Aula<\/strong><\/td><td class=\"column-8\"><strong>Sede<\/strong><\/td>\n<\/tr>\n<tr class=\"row-3\">\n\t<td class=\"column-1\">61014016<\/td><td class=\"column-2\">Trabajo Fin de Grado \/ Treball Fi de Grau<\/td><td class=\"column-3\">Anual<\/td><td class=\"column-4\">INTERCAMPUS<\/td><td class=\"column-5\"><\/td><td class=\"column-6\"><\/td><td class=\"column-7\"><\/td><td class=\"column-8\"><\/td>\n<\/tr>\n<tr class=\"row-4\">\n\t<td class=\"column-1\">61014157<\/td><td class=\"column-2\">Gesti\u00f3n de Proyectos Ambientales \/ <br \/>\nGesti\u00f3 de Projectes Ambientals<\/td><td class=\"column-3\">1<\/td><td class=\"column-4\">INTERCAMPUS<\/td><td class=\"column-5\"><\/td><td class=\"column-6\"><\/td><td class=\"column-7\"><\/td><td class=\"column-8\"><\/td>\n<\/tr>\n<tr class=\"row-5\">\n\t<td class=\"column-1\">61014192<\/td><td class=\"column-2\">Toxicolog\u00eda Ambiental y Salud \/ <br \/>\nToxicologia Ambiental i Salut<\/td><td class=\"column-3\">1<\/td><td class=\"column-4\">INTERCAMPUS<\/td><td class=\"column-5\"><\/td><td class=\"column-6\"><\/td><td class=\"column-7\"><\/td><td class=\"column-8\"><\/td>\n<\/tr>\n<\/tbody>\n<\/table>\n<!-- #tablepress-160 from cache --><br \/>\n\n<table id=\"tablepress-159\" class=\"tablepress tablepress-id-159 tbody-has-connected-cells\">\n<tbody class=\"row-striping row-hover\">\n<tr class=\"row-1\">\n\t<td class=\"column-1\"><\/td><td colspan=\"7\" class=\"column-2\"><h5>Cuarto curso\/ Quart curs - Segundo Cuatrimestre\/Segon quadrimestre<\/h5><\/td>\n<\/tr>\n<tr class=\"row-2\">\n\t<td class=\"column-1\"><strong>C\u00f3digo\/Codi<\/strong><\/td><td class=\"column-2\"><strong>Asignaturas \/ Assignatures<\/strong><\/td><td class=\"column-3\"><strong>C\/Q<\/strong><\/td><td class=\"column-4\"><\/td><td class=\"column-5\"><\/td><td class=\"column-6\"><\/td><td class=\"column-7\"><\/td><td class=\"column-8\"><\/td>\n<\/tr>\n<tr class=\"row-3\">\n\t<td class=\"column-1\">61014016<\/td><td class=\"column-2\">Trabajo Fin de Grado \/ Treball Fi de Grau<\/td><td class=\"column-3\">Anual<\/td><td class=\"column-4\">INTERCAMPUS<\/td><td class=\"column-5\"><\/td><td class=\"column-6\"><\/td><td class=\"column-7\"><\/td><td class=\"column-8\"><\/td>\n<\/tr>\n<tr class=\"row-4\">\n\t<td class=\"column-1\">61904017<\/td><td class=\"column-2\">Riesgos Mediambientales en la Industria \/ <br \/>\nRiscos Mediambientals en la Ind\u00fastria<\/td><td class=\"column-3\">2<\/td><td class=\"column-4\">INTERCAMPUS<\/td><td class=\"column-5\"><\/td><td class=\"column-6\"><\/td><td class=\"column-7\"><\/td><td class=\"column-8\"><\/td>\n<\/tr>\n<tr class=\"row-5\">\n\t<td class=\"column-1\"><\/td><td class=\"column-2\">Optativas \/ Optatives<\/td><td class=\"column-3\">2<\/td><td class=\"column-4\">INTERCAMPUS<\/td><td class=\"column-5\"><\/td><td class=\"column-6\"><\/td><td class=\"column-7\"><\/td><td class=\"column-8\"><\/td>\n<\/tr>\n<\/tbody>\n<\/table>\n<!-- #tablepress-159 from cache --><\/p>\n<p><b>\u00a0<!-- The table with the ID 386 is empty! --><!-- #tablepress-386 from cache --><\/b><\/p>\n","protected":false},"excerpt":{"rendered":"<p>RECURSOS Compra de material en\u00a0Librer\u00eda virtual Listado de asignaturas Grabaciones (primer cuatrimestre) Grabaciones (segundo cuatrimestre) Pr\u00e1cticas de laboratorio HORARIOS \/ HORARIS (2025\/2026) \u00a0<\/p>\n","protected":false},"author":1,"featured_media":0,"parent":1288,"menu_order":0,"comment_status":"closed","ping_status":"closed","template":"","meta":{"_acf_changed":false,"footnotes":""},"acf":[],"_links":{"self":[{"href":"https:\/\/uned-illesbalears.net\/ca\/wp-json\/wp\/v2\/pages\/1292"}],"collection":[{"href":"https:\/\/uned-illesbalears.net\/ca\/wp-json\/wp\/v2\/pages"}],"about":[{"href":"https:\/\/uned-illesbalears.net\/ca\/wp-json\/wp\/v2\/types\/page"}],"author":[{"embeddable":true,"href":"https:\/\/uned-illesbalears.net\/ca\/wp-json\/wp\/v2\/users\/1"}],"replies":[{"embeddable":true,"href":"https:\/\/uned-illesbalears.net\/ca\/wp-json\/wp\/v2\/comments?post=1292"}],"version-history":[{"count":15,"href":"https:\/\/uned-illesbalears.net\/ca\/wp-json\/wp\/v2\/pages\/1292\/revisions"}],"predecessor-version":[{"id":277988,"href":"https:\/\/uned-illesbalears.net\/ca\/wp-json\/wp\/v2\/pages\/1292\/revisions\/277988"}],"up":[{"embeddable":true,"href":"https:\/\/uned-illesbalears.net\/ca\/wp-json\/wp\/v2\/pages\/1288"}],"wp:attachment":[{"href":"https:\/\/uned-illesbalears.net\/ca\/wp-json\/wp\/v2\/media?parent=1292"}],"curies":[{"name":"wp","href":"https:\/\/api.w.org\/{rel}","templated":true}]}}