{"id":1291,"date":"2013-08-26T20:34:26","date_gmt":"2013-08-26T20:34:26","guid":{"rendered":"https:\/\/uned-illesbalears.net\/?page_id=1291"},"modified":"2025-07-26T21:49:43","modified_gmt":"2025-07-26T19:49:43","slug":"administracion-y-direccion-de-empresas","status":"publish","type":"page","link":"https:\/\/uned-illesbalears.net\/ca\/recursos-para-estudiantes\/classes-de-tutoria\/clases-tutorias-en-mallorca\/administracion-y-direccion-de-empresas\/","title":{"rendered":"Grado en Administraci\u00f3n y Direcci\u00f3n de Empresas\/Grau en Administraci\u00f3 i Direcci\u00f3 d&#8217;Empreses"},"content":{"rendered":"<h4>RECURSOS<\/h4>\n<ul>\n<li>Compra de material en\u00a0<span style=\"color: #008000;\"><strong><a style=\"color: #008000;\" href=\"http:\/\/libreria.uned-illesbalears.net\/producto-categoria\/6502-grado-en-administracion-y-direccion-de-empresas\/\">Librer\u00eda virtual<\/a><\/strong><\/span><\/li>\n<li><span style=\"color: #008000;\"><strong><a style=\"color: #008000;\" href=\"https:\/\/www.uned.es\/universidad\/inicio\/estudios\/grados\/grado-en-administracion-y-direccion-de-empresas.html?idContenido=5\">Listado de asignaturas <\/a><\/strong><\/span><\/li>\n<li><a href=\"https:\/\/uned-illesbalears.net\/recursos-para-estudiantes\/clases-tutorias\/grabaciones-clases-tutorias-curso-2024-2025\/grado-en-administracion-y-direccion-de-empresas\/primer-semestre\/\"><span style=\"color: #008000;\"><strong>Grabaciones (primer cuatrimestre)<\/strong><\/span><\/a><\/li>\n<li><a href=\"https:\/\/uned-illesbalears.net\/recursos-para-estudiantes\/clases-tutorias\/grabaciones-clases-tutorias-curso-2024-2025\/grado-en-administracion-y-direccion-de-empresas\/segundo-semestre\/\"><span style=\"color: #008000;\"><strong>Grabaciones (segundo cuatrimestre)<\/strong><\/span><\/a><\/li>\n<li><strong><span style=\"color: #008000;\"><a style=\"color: #008000;\" href=\"https:\/\/uned-illesbalears.net\/wp-content\/uploads\/2023\/10\/2.2.2.ConveniosPracticasCurriculares_2023-2024.pdf\" class=\"mtli_attachment mtli_pdf\">2.2.2.ConveniosPracticasCurriculares_2023-2024<\/a><\/span><\/strong><\/li>\n<li><strong><span style=\"color: #008000;\"><a style=\"color: #008000;\" href=\"https:\/\/uned-illesbalears.net\/wp-content\/uploads\/2023\/10\/2.2.2.FichaPracticasProfesionalesExternas_2023-2024.doc\" class=\"mtli_attachment mtli_doc\">2.2.2.FichaPracticasProfesionalesExternas_2023-2024<\/a><\/span><\/strong><\/li>\n<\/ul>\n<p>&nbsp;<\/p>\n<h5>HORARIOS \/ HORARIS (2025\/2026) <span style=\"color: #ff0000;\"><strong>\u00a0<\/strong><\/span><\/h5>\n<p>\n<table id=\"tablepress-128\" class=\"tablepress tablepress-id-128 tbody-has-connected-cells\">\n<tbody class=\"row-striping row-hover\">\n<tr class=\"row-1\">\n\t<td class=\"column-1\">Consultar horarios en AkademosWeb<\/td><td class=\"column-2\"><\/td><td class=\"column-3\"><\/td><td class=\"column-4\"><\/td><td class=\"column-5\"><\/td><td class=\"column-6\"><\/td><td class=\"column-7\"><\/td><td class=\"column-8\"><\/td>\n<\/tr>\n<tr class=\"row-2\">\n\t<td class=\"column-1\"><a href=\"https:\/\/akademosweb.uned.es\/Default.aspx\">AkademosWeb<\/a><\/td><td class=\"column-2\"><\/td><td class=\"column-3\"><\/td><td class=\"column-4\"><\/td><td class=\"column-5\"><\/td><td class=\"column-6\"><\/td><td class=\"column-7\"><\/td><td class=\"column-8\"><\/td>\n<\/tr>\n<tr class=\"row-3\">\n\t<td class=\"column-1\"><\/td><td colspan=\"7\" class=\"column-2\"><h5>Primer curso\/curs - Primer cuatrimestre\/quadrimestre<\/h5><\/td>\n<\/tr>\n<tr class=\"row-4\">\n\t<td class=\"column-1\"><strong>C\u00f3digo\/Codi<\/strong><\/td><td class=\"column-2\"><strong>Asignaturas \/ Assignatures<\/strong><\/td><td class=\"column-3\"><strong>C\/Q<\/strong><\/td><td class=\"column-4\"><strong>Profesorado\/ Professorat<\/strong><\/td><td class=\"column-5\"><strong>D\u00eda\/Dia<\/strong><\/td><td class=\"column-6\"><strong>Hora<\/strong><\/td><td class=\"column-7\"><strong>Aula<\/strong><\/td><td class=\"column-8\"><strong>Sede<\/strong><\/td>\n<\/tr>\n<tr class=\"row-5\">\n\t<td class=\"column-1\">65902015<\/td><td class=\"column-2\">Econom\u00eda mundial \/ Economia mundial<\/td><td class=\"column-3\">1<\/td><td class=\"column-4\">L. Carrasco<\/td><td class=\"column-5\">Lunes\/Dilluns<br \/>\n<\/td><td class=\"column-6\">17.30<\/td><td class=\"column-7\">T. 6<\/td><td class=\"column-8\">Mallorca<\/td>\n<\/tr>\n<tr class=\"row-6\">\n\t<td class=\"column-1\">65021036<\/td><td class=\"column-2\">Introducci\u00f3n a la contabilidad \/ Introducci\u00f3 a la comptabilitat (Com\u00fan Econom\u00eda\/ Com\u00fa Economia)<\/td><td class=\"column-3\">1<\/td><td class=\"column-4\">A. Novo<\/td><td class=\"column-5\">Lunes\/Dilluns<\/td><td class=\"column-6\">19.30<\/td><td class=\"column-7\">A. 12<\/td><td class=\"column-8\">Mallorca<\/td>\n<\/tr>\n<tr class=\"row-7\">\n\t<td class=\"column-1\">6502102-<\/td><td class=\"column-2\">Matem\u00e1ticas I \/ Matem\u00e0tiques I<\/td><td class=\"column-3\">1<\/td><td class=\"column-4\">J. de Font<\/td><td class=\"column-5\">Martes\/Dimarts<\/td><td class=\"column-6\">18.30<\/td><td class=\"column-7\">A. 4<\/td><td class=\"column-8\">Ibiza\/Eivissa<\/td>\n<\/tr>\n<tr class=\"row-8\">\n\t<td class=\"column-1\">65021013<\/td><td class=\"column-2\">Introducci\u00f3n a la microeconom\u00eda \/ Introducci\u00f3 a la microeconomia<\/td><td class=\"column-3\">1<\/td><td class=\"column-4\">F. Crespi<\/td><td class=\"column-5\">Martes\/Dimarts<\/td><td class=\"column-6\">19:30<\/td><td class=\"column-7\">T. 9<\/td><td class=\"column-8\">Mallorca<\/td>\n<\/tr>\n<tr class=\"row-9\">\n\t<td class=\"column-1\">65901010<\/td><td class=\"column-2\">Introducci\u00f3n a la econom\u00eda de la empresa \/ Introducci\u00f3 a l\u2019economia de l\u2019empresa<br \/>\n(Com\u00fan Econom\u00eda\/ Com\u00fa Economia)<\/td><td class=\"column-3\">1<\/td><td class=\"column-4\">R. Antequera<\/td><td class=\"column-5\">Martes\/Dimarts<\/td><td class=\"column-6\">17.30<\/td><td class=\"column-7\">A.10<\/td><td class=\"column-8\">Mallorca<\/td>\n<\/tr>\n<\/tbody>\n<\/table>\n<!-- #tablepress-128 from cache --><br \/>\n\n<table id=\"tablepress-135\" class=\"tablepress tablepress-id-135 tbody-has-connected-cells\">\n<tbody class=\"row-striping row-hover\">\n<tr class=\"row-1\">\n\t<td class=\"column-1\"><\/td><td colspan=\"7\" class=\"column-2\"><h5>Primer curso\/curs - Segundo cuatrimestre\/Segon quadrimestre<\/h5><\/td>\n<\/tr>\n<tr class=\"row-2\">\n\t<td class=\"column-1\"><strong>C\u00f3digo\/Codi<\/strong><\/td><td class=\"column-2\"><strong>Asignaturas \/ Assignatures<\/strong><\/td><td class=\"column-3\"><strong>C\/Q<\/strong><\/td><td class=\"column-4\"><strong>Profesorado\/ Professorat<\/strong><\/td><td class=\"column-5\"><strong>D\u00eda\/Dia<\/strong><\/td><td class=\"column-6\"><strong>Hora<\/strong><\/td><td class=\"column-7\"><strong>Aula<\/strong><\/td><td class=\"column-8\"><strong>Sede<\/strong><\/td>\n<\/tr>\n<tr class=\"row-3\">\n\t<td class=\"column-1\">65021042<\/td><td class=\"column-2\">Introducci\u00f3n a la estad\u00edstica \/ Introducci\u00f3 a l\u2019estad\u00edstica<\/td><td class=\"column-3\">2<\/td><td class=\"column-4\">A. Novo<\/td><td class=\"column-5\">Lunes\/ Dilluns<br \/>\n<\/td><td class=\"column-6\">18.30<\/td><td class=\"column-7\">A. 12<br \/>\n<\/td><td class=\"column-8\">Mallorca<\/td>\n<\/tr>\n<tr class=\"row-4\">\n\t<td class=\"column-1\">65021059<\/td><td class=\"column-2\">Contabilidad financiera \/ Comptabilitat financiera<\/td><td class=\"column-3\">2<\/td><td class=\"column-4\">A. Novo<\/td><td class=\"column-5\">Lunes\/ Dilluns<br \/>\n<\/td><td class=\"column-6\">19.30<\/td><td class=\"column-7\">A. 12<br \/>\n<\/td><td class=\"column-8\">Mallorca<\/td>\n<\/tr>\n<tr class=\"row-5\">\n\t<td class=\"column-1\">65021071<\/td><td class=\"column-2\">Historia econ\u00f3mica \/ Hist\u00f2ria econ\u00f3mica<\/td><td class=\"column-3\">2<\/td><td class=\"column-4\">L. Carrasco<\/td><td class=\"column-5\">Martes\/Dimarts<\/td><td class=\"column-6\">19.30<\/td><td class=\"column-7\">A. 11<\/td><td class=\"column-8\">Mallorca<\/td>\n<\/tr>\n<tr class=\"row-6\">\n\t<td class=\"column-1\">65901027<\/td><td class=\"column-2\">Introducci\u00f3n a la macroeconom\u00eda \/ Introducci\u00f3 a la macroeconomia<\/td><td class=\"column-3\">2<\/td><td class=\"column-4\">A. Muntaner<\/td><td class=\"column-5\">Viernes\/Divendres<\/td><td class=\"column-6\">16.30<\/td><td class=\"column-7\">T. 5<br \/>\n<\/td><td class=\"column-8\">Mallorca<\/td>\n<\/tr>\n<tr class=\"row-7\">\n\t<td class=\"column-1\">65021065<\/td><td class=\"column-2\">Introducci\u00f3n a las finanzas \/ Introducci\u00f3 a les finances<\/td><td class=\"column-3\">2<\/td><td class=\"column-4\">A. Muntaner<\/td><td class=\"column-5\">Viernes\/Divendres<\/td><td class=\"column-6\">17.30<\/td><td class=\"column-7\">T. 5<br \/>\n<\/td><td class=\"column-8\">Mallorca<\/td>\n<\/tr>\n<\/tbody>\n<\/table>\n<!-- #tablepress-135 from cache --><br \/>\n\n<table id=\"tablepress-129\" class=\"tablepress tablepress-id-129 tbody-has-connected-cells\">\n<tbody class=\"row-striping row-hover\">\n<tr class=\"row-1\">\n\t<td class=\"column-1\"><\/td><td colspan=\"7\" class=\"column-2\"><h5>Segundo curso\/Segon curs - Primer cuatrimestre\/quadrimestre<\/h5><\/td>\n<\/tr>\n<tr class=\"row-2\">\n\t<td class=\"column-1\"><strong>C\u00f3digo\/Codi<\/strong><\/td><td class=\"column-2\"><strong>Asignaturas \/ Assignatures<\/strong><\/td><td class=\"column-3\"><strong>C\/Q<\/strong><\/td><td class=\"column-4\"><strong>Profesorado\/ Professorat<\/strong><\/td><td class=\"column-5\"><strong>D\u00eda\/Dia<\/strong><\/td><td class=\"column-6\"><strong>Hora<\/strong><\/td><td class=\"column-7\"><strong>Aula<\/strong><\/td><td class=\"column-8\"><strong>Sede<\/strong><\/td>\n<\/tr>\n<tr class=\"row-3\">\n\t<td class=\"column-1\">65022053<\/td><td class=\"column-2\">Econom\u00eda de la empresa \/ Economia de l\u2019empresa<\/td><td class=\"column-3\">1<\/td><td class=\"column-4\">M. Sierra<\/td><td class=\"column-5\">Martes\/Dimarts <\/td><td class=\"column-6\">16.30<\/td><td class=\"column-7\">A. Inform\u00e1tica<\/td><td class=\"column-8\">Mallorca<\/td>\n<\/tr>\n<tr class=\"row-4\">\n\t<td class=\"column-1\">65022018<\/td><td class=\"column-2\">Microeconom\u00eda \/ Microeconomia<\/td><td class=\"column-3\">1<\/td><td class=\"column-4\">M. Sierra<\/td><td class=\"column-5\">Martes\/Dimarts <\/td><td class=\"column-6\">17.30<\/td><td class=\"column-7\">A. Inform\u00e1tica<\/td><td class=\"column-8\">Mallorca<\/td>\n<\/tr>\n<tr class=\"row-5\">\n\t<td class=\"column-1\">65022030<\/td><td class=\"column-2\">Matem\u00e1tica financiera \/ Matem\u00e0tica financera<\/td><td class=\"column-3\">1<\/td><td class=\"column-4\">J. Far<\/td><td class=\"column-5\">Lunes\/Dilluns<\/td><td class=\"column-6\">18.30<\/td><td class=\"column-7\">A. 12<\/td><td class=\"column-8\">Mallorca<\/td>\n<\/tr>\n<tr class=\"row-6\">\n\t<td class=\"column-1\">65022024<\/td><td class=\"column-2\">Matem\u00e1ticas II \/ Matem\u00e0tiques II <\/td><td class=\"column-3\">1<\/td><td class=\"column-4\">M. de la Rosa<\/td><td class=\"column-5\">Lunes\/Dilluns<\/td><td class=\"column-6\">19.30<\/td><td class=\"column-7\">A. 14<\/td><td class=\"column-8\">Mallorca<\/td>\n<\/tr>\n<tr class=\"row-7\">\n\t<td class=\"column-1\">65022047<\/td><td class=\"column-2\">Introducci\u00f3n al marketing \/ Introducci\u00f3 al m\u00e0rketing <\/td><td class=\"column-3\">1<\/td><td class=\"column-4\">S. Fern\u00e1ndez<\/td><td class=\"column-5\">Viernes\/Divendres<\/td><td class=\"column-6\">18.30<\/td><td class=\"column-7\">A. 4<\/td><td class=\"column-8\">Menorca<\/td>\n<\/tr>\n<\/tbody>\n<\/table>\n<!-- #tablepress-129 from cache --><br \/>\n\n<table id=\"tablepress-134\" class=\"tablepress tablepress-id-134 tbody-has-connected-cells\">\n<tbody class=\"row-striping row-hover\">\n<tr class=\"row-1\">\n\t<td class=\"column-1\"><\/td><td colspan=\"7\" class=\"column-2\"><h5>\t<br \/>\nSegundo curso\/Segon curs - Segundo Cuatrimestre\/Segon quadrimestre<\/h5><\/td>\n<\/tr>\n<tr class=\"row-2\">\n\t<td class=\"column-1\"><strong>C\u00f3digo\/Codi<\/strong><\/td><td class=\"column-2\"><strong>Asignaturas \/ Assignatures<\/strong><\/td><td class=\"column-3\"><strong>C\/Q<\/strong><\/td><td class=\"column-4\"><strong>Profesorado\/ Professorat<\/strong><\/td><td class=\"column-5\"><strong>D\u00eda\/Dia<\/strong><\/td><td class=\"column-6\"><strong>Hora<\/strong><\/td><td class=\"column-7\"><strong>Aula<\/strong><\/td><td class=\"column-8\"><strong>Sede<\/strong><\/td>\n<\/tr>\n<tr class=\"row-3\">\n\t<td class=\"column-1\">65022107<\/td><td class=\"column-2\">Introducci\u00f3n al Derecho \/ Introducci\u00f3 al Dret<\/td><td class=\"column-3\">2<\/td><td class=\"column-4\">M. Sierra<\/td><td class=\"column-5\">Viernes\/Divendres<br \/>\n<\/td><td class=\"column-6\">17.30<\/td><td class=\"column-7\">T. 3<\/td><td class=\"column-8\">Mallorca<\/td>\n<\/tr>\n<tr class=\"row-4\">\n\t<td class=\"column-1\">65022082<\/td><td class=\"column-2\">Contabilidad financiera superior \/ Comptabilitat financera superior<\/td><td class=\"column-3\">2<\/td><td class=\"column-4\">A. Novo<\/td><td class=\"column-5\">Martes\/Dimarts<\/td><td class=\"column-6\">18.30<\/td><td class=\"column-7\">A. 1-2<\/td><td class=\"column-8\">Mallorca<\/td>\n<\/tr>\n<tr class=\"row-5\">\n\t<td class=\"column-1\">6502206-<\/td><td class=\"column-2\">Renta y dinero \/ Renda i diners<\/td><td class=\"column-3\">2<\/td><td class=\"column-4\">F.J. Franconetti<\/td><td class=\"column-5\">Mi\u00e9rcoles\/Dimecres<\/td><td class=\"column-6\">17.30<\/td><td class=\"column-7\">T. 10<\/td><td class=\"column-8\">Mallorca<\/td>\n<\/tr>\n<tr class=\"row-6\">\n\t<td class=\"column-1\">65022076<\/td><td class=\"column-2\">Estad\u00edstica empresarial <\/td><td class=\"column-3\">2<\/td><td class=\"column-4\">F.J. Franconetti<\/td><td class=\"column-5\">Mi\u00e9rcoles\/Dimecres<\/td><td class=\"column-6\">18.30<\/td><td class=\"column-7\">T. 10<\/td><td class=\"column-8\">Mallorca<\/td>\n<\/tr>\n<tr class=\"row-7\">\n\t<td class=\"column-1\">65022099<\/td><td class=\"column-2\">Direcci\u00f3n de la producci\u00f3n \/ Direcci\u00f3 de la producci\u00f3<\/td><td class=\"column-3\">2<\/td><td class=\"column-4\">J.C. Carazo<\/td><td class=\"column-5\">Jueves\/Dijous<\/td><td class=\"column-6\">17.30<\/td><td class=\"column-7\">A. Inform\u00e1tica<\/td><td class=\"column-8\">Mallorca<\/td>\n<\/tr>\n<\/tbody>\n<\/table>\n<!-- #tablepress-134 from cache --><br \/>\n\n<table id=\"tablepress-130\" class=\"tablepress tablepress-id-130 tbody-has-connected-cells\">\n<tbody class=\"row-striping row-hover\">\n<tr class=\"row-1\">\n\t<td class=\"column-1\"><\/td><td colspan=\"7\" class=\"column-2\"><h5>Tercer curso \/ curs - Primer Cuatrimestre\/quatrimestre<\/h5><\/td>\n<\/tr>\n<tr class=\"row-2\">\n\t<td class=\"column-1\"><strong>C\u00f3digo\/Codi<\/strong><\/td><td class=\"column-2\"><strong>Asignaturas \/ Assignatures<\/strong><\/td><td class=\"column-3\"><strong>C\/Q<\/strong><\/td><td class=\"column-4\"><strong>Profesorado\/ Professorat<\/strong><\/td><td class=\"column-5\"><strong>D\u00eda\/Dia<\/strong><\/td><td class=\"column-6\"><strong>Hora<\/strong><\/td><td class=\"column-7\"><strong>Aula<\/strong><\/td><td class=\"column-8\"><strong>Sede<\/strong><\/td>\n<\/tr>\n<tr class=\"row-3\">\n\t<td class=\"column-1\">65023058<\/td><td class=\"column-2\">Hacienda P\u00fablica y Sistemas Fiscales \/ Hisencia P\u00fablica i Sistemes Fiscals<\/td><td class=\"column-3\">1<\/td><td class=\"column-4\">S. Fern\u00e1ndez<br \/>\n<\/td><td class=\"column-5\">Mi\u00e9rcoles\/Dimecres<\/td><td class=\"column-6\">17.30<\/td><td class=\"column-7\">A. 5<\/td><td class=\"column-8\">Menorca<\/td>\n<\/tr>\n<tr class=\"row-4\">\n\t<td class=\"column-1\">65023012<\/td><td class=\"column-2\">Inflaci\u00f3n y crecimiento \/ Inflaci\u00f3 i creixement<\/td><td class=\"column-3\">1<\/td><td class=\"column-4\">INTERCAMPUS<\/td><td class=\"column-5\"><\/td><td class=\"column-6\"><\/td><td class=\"column-7\"><\/td><td class=\"column-8\"><\/td>\n<\/tr>\n<tr class=\"row-5\">\n\t<td class=\"column-1\">65023041<\/td><td class=\"column-2\">Marketing estrat\u00e9gico \/ M\u00e0rketing estrat\u00e8gic<\/td><td class=\"column-3\">1<\/td><td class=\"column-4\">INTERCAMPUS<\/td><td class=\"column-5\"><\/td><td class=\"column-6\"><\/td><td class=\"column-7\"><br \/>\n<\/td><td class=\"column-8\"><\/td>\n<\/tr>\n<tr class=\"row-6\">\n\t<td class=\"column-1\">65023029<\/td><td class=\"column-2\">Matem\u00e1ticas III \/ Matem\u00e0tiques III<\/td><td class=\"column-3\">1<\/td><td class=\"column-4\">INTERCAMPUS<\/td><td class=\"column-5\"><\/td><td class=\"column-6\"><\/td><td class=\"column-7\"><\/td><td class=\"column-8\"><\/td>\n<\/tr>\n<tr class=\"row-7\">\n\t<td class=\"column-1\">65023035<\/td><td class=\"column-2\">Inversi\u00f3n y financiaci\u00f3n \/ Inversi\u00f3 i financiaci\u00f3<\/td><td class=\"column-3\">1<\/td><td class=\"column-4\">INTERCAMPUS<\/td><td class=\"column-5\"><\/td><td class=\"column-6\"><\/td><td class=\"column-7\"><\/td><td class=\"column-8\"><\/td>\n<\/tr>\n<\/tbody>\n<\/table>\n<!-- #tablepress-130 from cache --><br \/>\n\n<table id=\"tablepress-133\" class=\"tablepress tablepress-id-133 tbody-has-connected-cells\">\n<tbody class=\"row-striping row-hover\">\n<tr class=\"row-1\">\n\t<td class=\"column-1\"><\/td><td colspan=\"7\" class=\"column-2\"><h5>Tercer curso\/curs - Segundo Cuatrimestre\/Segon quadrimestre<\/h5><\/td>\n<\/tr>\n<tr class=\"row-2\">\n\t<td class=\"column-1\"><strong>C\u00f3digo\/Codi<\/strong><\/td><td class=\"column-2\"><strong>Asignaturas \/ Assignatures<\/strong><\/td><td class=\"column-3\"><strong>C\/Q<\/strong><\/td><td class=\"column-4\"><strong>Profesorado\/ Professorat<\/strong><\/td><td class=\"column-5\"><strong>D\u00eda\/Dia<\/strong><\/td><td class=\"column-6\"><strong>Hora<\/strong><\/td><td class=\"column-7\"><strong>Aula<\/strong><\/td><td class=\"column-8\"><strong>Sede<\/strong><\/td>\n<\/tr>\n<tr class=\"row-3\">\n\t<td class=\"column-1\">65023064<\/td><td class=\"column-2\">Estructura econ\u00f3mica y financiera de Espa\u00f1a \/ Estructura econ\u00f2mica i financera d\u2019Espanya<\/td><td class=\"column-3\">2<\/td><td class=\"column-4\">M.Sierra<\/td><td class=\"column-5\">Viernes\/Divendres<\/td><td class=\"column-6\">16.30<\/td><td class=\"column-7\">T. 3<br \/>\n<\/td><td class=\"column-8\">Mallorca<\/td>\n<\/tr>\n<tr class=\"row-4\">\n\t<td class=\"column-1\">65023070<\/td><td class=\"column-2\">Econometr\u00eda \/ Econometria<\/td><td class=\"column-3\">2<\/td><td class=\"column-4\">S. Fern\u00e1ndez<br \/>\n<\/td><td class=\"column-5\">Mi\u00e9rcoles\/dimecres<\/td><td class=\"column-6\">18.30<\/td><td class=\"column-7\">A. 4<br \/>\n<\/td><td class=\"column-8\">Menorca<\/td>\n<\/tr>\n<tr class=\"row-5\">\n\t<td class=\"column-1\">65023093<\/td><td class=\"column-2\">Contabilidad de Costes \/ Comptabilitat de costos<\/td><td class=\"column-3\">2<\/td><td class=\"column-4\">INTERCAMPUS<\/td><td class=\"column-5\"><\/td><td class=\"column-6\"><\/td><td class=\"column-7\"><\/td><td class=\"column-8\"><\/td>\n<\/tr>\n<tr class=\"row-6\">\n\t<td class=\"column-1\">65023087<\/td><td class=\"column-2\">Direcci\u00f3n de las operaciones \/ Direcci\u00f3 de les operacions<\/td><td class=\"column-3\">2<\/td><td class=\"column-4\">INTERCAMPUS<\/td><td class=\"column-5\"><\/td><td class=\"column-6\"><\/td><td class=\"column-7\"><\/td><td class=\"column-8\"><\/td>\n<\/tr>\n<tr class=\"row-7\">\n\t<td class=\"column-1\">65023101<\/td><td class=\"column-2\">Pol\u00edticas econ\u00f3micas p\u00fablicas \/ Pol\u00edtiques econ\u00f2miques p\u00fabliques<\/td><td class=\"column-3\">2<\/td><td class=\"column-4\">INTERCAMPUS<\/td><td class=\"column-5\"><\/td><td class=\"column-6\"><\/td><td class=\"column-7\"><\/td><td class=\"column-8\"><\/td>\n<\/tr>\n<\/tbody>\n<\/table>\n<!-- #tablepress-133 from cache --><br \/>\n\n<table id=\"tablepress-131\" class=\"tablepress tablepress-id-131 tbody-has-connected-cells\">\n<tbody class=\"row-striping row-hover\">\n<tr class=\"row-1\">\n\t<td class=\"column-1\"><\/td><td colspan=\"7\" class=\"column-2\"><h5>Cuarto curso\/Quart curs - Primer Cuatrimestre\/quadrimestre<\/h5><\/td>\n<\/tr>\n<tr class=\"row-2\">\n\t<td class=\"column-1\"><strong>C\u00f3digo\/Codi<\/strong><\/td><td class=\"column-2\"><strong>Asignaturas \/ Assignatures<\/strong><\/td><td class=\"column-3\"><strong>C\/Q<\/strong><\/td><td class=\"column-4\"><strong>Profesorado\/ Professorat<\/strong><\/td><td class=\"column-5\"><strong>D\u00eda\/Dia<\/strong><\/td><td class=\"column-6\"><strong>Hora<\/strong><\/td><td class=\"column-7\"><strong>Aula<\/strong><\/td><td class=\"column-8\"><strong>Sede<\/strong><\/td>\n<\/tr>\n<tr class=\"row-3\">\n\t<td class=\"column-1\">65024052<\/td><td class=\"column-2\">Pol\u00edtica Econ\u00f3mica Espa\u00f1ola y Comparada \/ Pol\u00edtica Econ\u00f2mica Espanyola Comparada<\/td><td class=\"column-3\">1<\/td><td class=\"column-4\">A. Muntaner<\/td><td class=\"column-5\">Lunes\/Dilluns<\/td><td class=\"column-6\">19.30<\/td><td class=\"column-7\">T. 10<\/td><td class=\"column-8\">Mallorca<\/td>\n<\/tr>\n<tr class=\"row-4\">\n\t<td class=\"column-1\">65904014<\/td><td class=\"column-2\">Pr\u00e1cticas \/ Pr\u00e0ctiques<\/td><td class=\"column-3\">Anual<\/td><td class=\"column-4\"><\/td><td class=\"column-5\"><\/td><td class=\"column-6\"><\/td><td class=\"column-7\"><\/td><td class=\"column-8\"><\/td>\n<\/tr>\n<tr class=\"row-5\">\n\t<td class=\"column-1\">65024046<\/td><td class=\"column-2\">Sistema Fiscal Espa\u00f1ol \/ Sistema Fiscal Espanyol<\/td><td class=\"column-3\">1<\/td><td class=\"column-4\">J.C. Carazo<\/td><td class=\"column-5\">Jueves\/Dijous<\/td><td class=\"column-6\">18.30<\/td><td class=\"column-7\">A. 8<\/td><td class=\"column-8\">Mallorca<\/td>\n<\/tr>\n<tr class=\"row-6\">\n\t<td class=\"column-1\">65024023<\/td><td class=\"column-2\">Contabilidad de Gesti\u00f3n \/ Comptabilitat de Gesti\u00f3<\/td><td class=\"column-3\">1<\/td><td class=\"column-4\">INTERCAMPUS<\/td><td class=\"column-5\"><\/td><td class=\"column-6\"><\/td><td class=\"column-7\"><\/td><td class=\"column-8\"><\/td>\n<\/tr>\n<tr class=\"row-7\">\n\t<td class=\"column-1\">6502403-<\/td><td class=\"column-2\">Direcci\u00f3n Financiera \/ Direcci\u00f3  Financera<\/td><td class=\"column-3\">1<\/td><td class=\"column-4\">INTERCAMPUS<\/td><td class=\"column-5\"><\/td><td class=\"column-6\"><\/td><td class=\"column-7\"><\/td><td class=\"column-8\"><\/td>\n<\/tr>\n<tr class=\"row-8\">\n\t<td class=\"column-1\">65024069<\/td><td class=\"column-2\">Estrategias y Pol\u00edticas de Empresa \/ Estrat\u00e8gies i Pol\u00edtiques d\u2019Empresa<\/td><td class=\"column-3\">1<\/td><td class=\"column-4\">INTERCAMPUS<\/td><td class=\"column-5\"><\/td><td class=\"column-6\"><\/td><td class=\"column-7\"><\/td><td class=\"column-8\"><\/td>\n<\/tr>\n<tr class=\"row-9\">\n\t<td class=\"column-1\"><\/td><td class=\"column-2\">Optativas \/ Optatives<br \/>\n<\/td><td class=\"column-3\"><\/td><td class=\"column-4\">INTERCAMPUS<br \/>\n<\/td><td class=\"column-5\"><\/td><td class=\"column-6\"><\/td><td class=\"column-7\"><\/td><td class=\"column-8\"><\/td>\n<\/tr>\n<\/tbody>\n<\/table>\n<!-- #tablepress-131 from cache --><br \/>\n\n<table id=\"tablepress-132\" class=\"tablepress tablepress-id-132 tbody-has-connected-cells\">\n<tbody class=\"row-striping row-hover\">\n<tr class=\"row-1\">\n\t<td class=\"column-1\"><\/td><td colspan=\"7\" class=\"column-2\"><h5>Cuarto curso\/ Quart curs - Segundo Cuatrimestre\/Segon quadrimestre<\/h5><\/td>\n<\/tr>\n<tr class=\"row-2\">\n\t<td class=\"column-1\"><strong>C\u00f3digo\/Codi<\/strong><\/td><td class=\"column-2\"><strong>Asignaturas \/ Assignatures<\/strong><\/td><td class=\"column-3\"><strong>C\/Q<\/strong><\/td><td class=\"column-4\"><\/td><td class=\"column-5\"><\/td><td class=\"column-6\"><\/td><td class=\"column-7\"><\/td><td class=\"column-8\"><\/td>\n<\/tr>\n<tr class=\"row-3\">\n\t<td class=\"column-1\">65904014<\/td><td class=\"column-2\">Pr\u00e1cticas\/Pr\u00e0ctiques<\/td><td class=\"column-3\">2<\/td><td class=\"column-4\"><\/td><td class=\"column-5\"><\/td><td class=\"column-6\"><\/td><td class=\"column-7\"><\/td><td class=\"column-8\"><\/td>\n<\/tr>\n<tr class=\"row-4\">\n\t<td class=\"column-1\">65024075<\/td><td class=\"column-2\">An\u00e1lisis de Estados Financieros \/ An\u00e0lisi d\u2019Estats Financers<\/td><td class=\"column-3\">2<\/td><td class=\"column-4\">INTERCAMPUS<\/td><td class=\"column-5\"><\/td><td class=\"column-6\"><\/td><td class=\"column-7\"><\/td><td class=\"column-8\"><\/td>\n<\/tr>\n<tr class=\"row-5\">\n\t<td class=\"column-1\">65024017<\/td><td class=\"column-2\">Trabajo Fin de Grado \/ Treball Fi de Grau<\/td><td class=\"column-3\">2<\/td><td class=\"column-4\">INTERCAMPUS<\/td><td class=\"column-5\"><\/td><td class=\"column-6\"><\/td><td class=\"column-7\"><\/td><td class=\"column-8\"><\/td>\n<\/tr>\n<tr class=\"row-6\">\n\t<td class=\"column-1\"><\/td><td class=\"column-2\">Optativas \/ Optatives<\/td><td class=\"column-3\">2<\/td><td class=\"column-4\">INTERCAMPUS<\/td><td class=\"column-5\"><\/td><td class=\"column-6\"><\/td><td class=\"column-7\"><\/td><td class=\"column-8\"><\/td>\n<\/tr>\n<\/tbody>\n<\/table>\n<!-- #tablepress-132 from cache --><\/p>\n<!-- The table with the ID 386 is empty! --><!-- #tablepress-386 from cache -->\n","protected":false},"excerpt":{"rendered":"<p>RECURSOS Compra de material en\u00a0Librer\u00eda virtual Listado de asignaturas Grabaciones (primer cuatrimestre) Grabaciones (segundo cuatrimestre) 2.2.2.ConveniosPracticasCurriculares_2023-2024 2.2.2.FichaPracticasProfesionalesExternas_2023-2024 &nbsp; HORARIOS \/ HORARIS (2025\/2026) \u00a0<\/p>\n","protected":false},"author":1,"featured_media":0,"parent":1288,"menu_order":0,"comment_status":"closed","ping_status":"closed","template":"","meta":{"_acf_changed":false,"footnotes":""},"acf":[],"_links":{"self":[{"href":"https:\/\/uned-illesbalears.net\/ca\/wp-json\/wp\/v2\/pages\/1291"}],"collection":[{"href":"https:\/\/uned-illesbalears.net\/ca\/wp-json\/wp\/v2\/pages"}],"about":[{"href":"https:\/\/uned-illesbalears.net\/ca\/wp-json\/wp\/v2\/types\/page"}],"author":[{"embeddable":true,"href":"https:\/\/uned-illesbalears.net\/ca\/wp-json\/wp\/v2\/users\/1"}],"replies":[{"embeddable":true,"href":"https:\/\/uned-illesbalears.net\/ca\/wp-json\/wp\/v2\/comments?post=1291"}],"version-history":[{"count":16,"href":"https:\/\/uned-illesbalears.net\/ca\/wp-json\/wp\/v2\/pages\/1291\/revisions"}],"predecessor-version":[{"id":277998,"href":"https:\/\/uned-illesbalears.net\/ca\/wp-json\/wp\/v2\/pages\/1291\/revisions\/277998"}],"up":[{"embeddable":true,"href":"https:\/\/uned-illesbalears.net\/ca\/wp-json\/wp\/v2\/pages\/1288"}],"wp:attachment":[{"href":"https:\/\/uned-illesbalears.net\/ca\/wp-json\/wp\/v2\/media?parent=1291"}],"curies":[{"name":"wp","href":"https:\/\/api.w.org\/{rel}","templated":true}]}}