{"id":1287,"date":"2013-08-29T22:24:13","date_gmt":"2013-08-29T22:24:13","guid":{"rendered":"https:\/\/uned-illesbalears.net\/?page_id=1287"},"modified":"2013-09-28T17:20:04","modified_gmt":"2013-09-28T17:20:04","slug":"trabajo-social-menorca-ibiza","status":"publish","type":"page","link":"https:\/\/uned-illesbalears.net\/ca\/recursos-para-estudiantes\/classes-de-tutoria\/ibiza-clases-tutorias\/trabajo-social-menorca-ibiza\/","title":{"rendered":"Trabajo social \/ Treball social Menorca &#8211; Ibiza \/ Eivissa"},"content":{"rendered":"<h5>HORARIOS\/HORARIS (2013\/2014)<\/h5>\n<h5>GRADO EN TRABAJO SOCIAL<\/h5>\n<h5>GRAU EN TREBALL SOCIAL<\/h5>\n<table width=\"99%\" border=\"1\" cellspacing=\"0\" cellpadding=\"0\">\n<tbody>\n<tr>\n<td width=\"36%\">\n<h6 align=\"center\">Asignaturas \/ Assignatures<\/h6>\n<\/td>\n<td valign=\"top\" width=\"4%\">\n<h6 align=\"center\">C\/Q<\/h6>\n<\/td>\n<td valign=\"top\" width=\"13%\">\n<h6 align=\"center\">Profesorado\/ Professorat<\/h6>\n<\/td>\n<td valign=\"top\" width=\"16%\">\n<h6 align=\"center\">D\u00eda\/Dia<\/h6>\n<\/td>\n<td valign=\"top\" width=\"9%\">\n<h6 align=\"center\">Hora<\/h6>\n<\/td>\n<td valign=\"top\" width=\"8%\">\n<h6 align=\"center\">Aula<\/h6>\n<\/td>\n<td valign=\"top\" width=\"12%\">\n<h6 align=\"center\">Sala Web<\/h6>\n<\/td>\n<\/tr>\n<tr>\n<td colspan=\"6\" width=\"87%\">\n<h6>Primer curso\/ Primer curs<\/h6>\n<\/td>\n<td valign=\"top\" width=\"12%\"><\/td>\n<\/tr>\n<tr>\n<td valign=\"top\" width=\"36%\">Introducci\u00f3n a los servicios sociales\/ Introducci\u00f3 als serveis socials<\/td>\n<td valign=\"top\" width=\"4%\">\n<p align=\"center\">1<\/p>\n<\/td>\n<td valign=\"top\" width=\"13%\">\n<p align=\"center\">E. Madrigal<\/p>\n<\/td>\n<td valign=\"top\" width=\"16%\">\n<p align=\"center\">Martes\/ Dimarts<\/p>\n<\/td>\n<td valign=\"top\" width=\"9%\">\n<p align=\"center\">19,30<\/p>\n<\/td>\n<td valign=\"top\" width=\"8%\">\n<p align=\"center\">Mallorca<\/p>\n<p align=\"center\">A.13<\/p>\n<\/td>\n<td valign=\"top\" width=\"12%\">\n<p align=\"center\">Sala<\/p>\n<p align=\"center\">TrabajoSocial1<\/p>\n<\/td>\n<\/tr>\n<tr>\n<td valign=\"top\" width=\"36%\">Fundamentos de trabajo social \/ Fonaments de Treball Social<\/td>\n<td valign=\"top\" width=\"4%\">\n<p align=\"center\">1<\/p>\n<\/td>\n<td valign=\"top\" width=\"13%\">\n<p align=\"center\">C. Vecina<\/p>\n<\/td>\n<td valign=\"top\" width=\"16%\">\n<p align=\"center\">Jueves\/ Dijous<\/p>\n<\/td>\n<td valign=\"top\" width=\"9%\">\n<p align=\"center\">18,30<\/p>\n<\/td>\n<td valign=\"top\" width=\"8%\">\n<p align=\"center\">Mallorca<\/p>\n<p align=\"center\">A.15<\/p>\n<\/td>\n<td valign=\"top\" width=\"12%\">\n<p align=\"center\">Sala<\/p>\n<p align=\"center\">TrabajoSocial1<\/p>\n<\/td>\n<\/tr>\n<tr>\n<td valign=\"top\" width=\"36%\">Fundamentos de trabajo social \/ Fonaments de Treball Social<\/td>\n<td valign=\"top\" width=\"4%\">\n<p align=\"center\">1<\/p>\n<\/td>\n<td valign=\"top\" width=\"13%\">\n<p align=\"center\">Sara Sintes<\/p>\n<\/td>\n<td valign=\"top\" width=\"16%\">\n<p style=\"text-align: center;\">Viernes\/<\/p>\n<p style=\"text-align: center;\">Divendres<\/p>\n<\/td>\n<td valign=\"top\" width=\"9%\">\n<p align=\"center\">17,30<\/p>\n<\/td>\n<td valign=\"top\" width=\"8%\">\n<p align=\"center\">Menorca<\/p>\n<p align=\"center\">D<\/p>\n<\/td>\n<td valign=\"top\" width=\"12%\">\n<p align=\"center\">LesIllesBalears- Menorca-Ibiza-Trabajo Social<\/p>\n<\/td>\n<\/tr>\n<tr>\n<td valign=\"top\" width=\"36%\">Derecho Civil: Persona y patrimonio \/ Dret Civil: Persona i patrimoni<\/td>\n<td valign=\"top\" width=\"4%\">\n<p align=\"center\">1<\/p>\n<\/td>\n<td valign=\"top\" width=\"13%\">\n<p align=\"center\">S. Oliver<\/p>\n<\/td>\n<td valign=\"top\" width=\"16%\">\n<p align=\"center\">Jueves\/ Dijous<\/p>\n<\/td>\n<td valign=\"top\" width=\"9%\">\n<p align=\"center\">20,30<\/p>\n<\/td>\n<td valign=\"top\" width=\"8%\">\n<p align=\"center\">Mallorca<\/p>\n<p align=\"center\">A.15<\/p>\n<\/td>\n<td valign=\"top\" width=\"12%\">\n<p align=\"center\">Sala<\/p>\n<p align=\"center\">TrabajoSocial1<\/p>\n<\/td>\n<\/tr>\n<tr>\n<td valign=\"top\" width=\"36%\">Estado Constitucional \/ Estat Constitucional<\/td>\n<td valign=\"top\" width=\"4%\">\n<p align=\"center\">1<\/p>\n<\/td>\n<td valign=\"top\" width=\"13%\">\n<p align=\"center\">V. Ferrandis<\/p>\n<\/td>\n<td valign=\"top\" width=\"16%\">\n<p align=\"center\">Martes\/ Dimarts<\/p>\n<\/td>\n<td valign=\"top\" width=\"9%\">\n<p align=\"center\">18,30<\/p>\n<\/td>\n<td valign=\"top\" width=\"8%\">\n<p align=\"center\">Mallorca<\/p>\n<p align=\"center\">A.13<\/p>\n<\/td>\n<td valign=\"top\" width=\"12%\">\n<p align=\"center\">Sala<\/p>\n<p align=\"center\">TrabajoSocial1<\/p>\n<\/td>\n<\/tr>\n<tr>\n<td valign=\"top\" width=\"36%\">Or\u00edgenes y desarrollo del trabajo social\/ Origens i desenvolupament del treball social<\/td>\n<td valign=\"top\" width=\"4%\">\n<p align=\"center\">1<\/p>\n<\/td>\n<td valign=\"top\" width=\"13%\">\n<p align=\"center\">C. Vecina<\/p>\n<\/td>\n<td valign=\"top\" width=\"16%\">\n<p align=\"center\">Jueves\/ Dijous<\/p>\n<\/td>\n<td valign=\"top\" width=\"9%\">\n<p align=\"center\">19,30<\/p>\n<\/td>\n<td valign=\"top\" width=\"8%\">\n<p align=\"center\">Mallorca<\/p>\n<p align=\"center\">A.15<\/p>\n<\/td>\n<td valign=\"top\" width=\"12%\">\n<p align=\"center\">Sala<\/p>\n<p align=\"center\">TrabajoSocial1<\/p>\n<\/td>\n<\/tr>\n<tr>\n<td valign=\"top\" width=\"36%\">Or\u00edgenes y desarrollo del trabajo social\/ Origens i desenvolupament del treball social<\/td>\n<td valign=\"top\" width=\"4%\">\n<p align=\"center\">1<\/p>\n<\/td>\n<td valign=\"top\" width=\"13%\">\n<p align=\"center\">Sara Sintes<\/p>\n<\/td>\n<td valign=\"top\" width=\"16%\">\n<p align=\"center\">Viernes\/<\/p>\n<p align=\"center\">Divendres<\/p>\n<\/td>\n<td valign=\"top\" width=\"9%\">\n<p align=\"center\">18,30<\/p>\n<\/td>\n<td valign=\"top\" width=\"8%\">\n<p align=\"center\">Mallorca<\/p>\n<p align=\"center\">Menorca<\/p>\n<p align=\"center\">D<\/p>\n<\/td>\n<td valign=\"top\" width=\"12%\">\n<p align=\"center\">LesIllesBalears- Menorca-Ibiza-Trabajo Social<\/p>\n<\/td>\n<\/tr>\n<tr>\n<td valign=\"top\" width=\"36%\">Estado y sistemas de bienestar social\/ Estat i sistemas de benestar social<\/td>\n<td valign=\"top\" width=\"4%\">\n<p align=\"center\">1<\/p>\n<\/td>\n<td valign=\"top\" width=\"13%\">\n<p align=\"center\">E. Madrigal<\/p>\n<\/td>\n<td valign=\"top\" width=\"16%\">\n<p align=\"center\">Martes\/ Dimarts<\/p>\n<\/td>\n<td valign=\"top\" width=\"9%\">\n<p align=\"center\">17,30<\/p>\n<\/td>\n<td valign=\"top\" width=\"8%\">\n<p align=\"center\">Mallorca<\/p>\n<p align=\"center\">A.13<\/p>\n<\/td>\n<td valign=\"top\" width=\"12%\">\n<p align=\"center\">Sala<\/p>\n<p align=\"center\">TrabajoSocial1<\/p>\n<\/td>\n<\/tr>\n<tr>\n<td valign=\"top\" width=\"36%\">Sociolog\u00eda general \/ Sociologia general<\/td>\n<td valign=\"top\" width=\"4%\">\n<p align=\"center\">2<\/p>\n<\/td>\n<td valign=\"top\" width=\"13%\">\n<p align=\"center\">A. Sastre<\/p>\n<\/td>\n<td valign=\"top\" width=\"16%\">\n<p align=\"center\">Martes\/ Dimarts<\/p>\n<\/td>\n<td valign=\"top\" width=\"9%\">\n<p align=\"center\">18,30<\/p>\n<\/td>\n<td valign=\"top\" width=\"8%\">\n<p align=\"center\">Mallorca<\/p>\n<p align=\"center\">T. 1<\/p>\n<\/td>\n<td valign=\"top\" width=\"12%\">\n<p align=\"center\">Sala<\/p>\n<p align=\"center\">TrabajoSocial1<\/p>\n<\/td>\n<\/tr>\n<tr>\n<td valign=\"top\" width=\"36%\">Sociolog\u00eda general \/ Sociologia general<\/td>\n<td valign=\"top\" width=\"4%\">\n<p align=\"center\">2<\/p>\n<\/td>\n<td valign=\"top\" width=\"13%\">\n<p align=\"center\">Sara Sintes<\/p>\n<\/td>\n<td valign=\"top\" width=\"16%\">\n<p align=\"center\">Viernes\/<\/p>\n<p align=\"center\">Divendres<\/p>\n<\/td>\n<td valign=\"top\" width=\"9%\">\n<p align=\"center\">18,30<\/p>\n<\/td>\n<td valign=\"top\" width=\"8%\">\n<p align=\"center\">Menorca<\/p>\n<p align=\"center\">D<\/p>\n<\/td>\n<td valign=\"top\" width=\"12%\">\n<p align=\"center\">LesIllesBalears- Menorca-Ibiza-Trabajo Social<\/p>\n<\/td>\n<\/tr>\n<tr>\n<td valign=\"top\" width=\"36%\">Psicolog\u00eda del desarrollo\/Psicologia del desemvolupament<\/td>\n<td valign=\"top\" width=\"4%\">\n<p align=\"center\">2<\/p>\n<\/td>\n<td valign=\"top\" width=\"13%\">\n<p align=\"center\">J. Garc\u00eda<\/p>\n<\/td>\n<td valign=\"top\" width=\"16%\">\n<p align=\"center\">Jueves\/<\/p>\n<p align=\"center\">Dijous<\/p>\n<\/td>\n<td valign=\"top\" width=\"9%\">\n<p align=\"center\">20,30<\/p>\n<\/td>\n<td valign=\"top\" width=\"8%\">\n<p align=\"center\">Mallorca<\/p>\n<p align=\"center\">A.15<\/p>\n<\/td>\n<td valign=\"top\" width=\"12%\">\n<p align=\"center\">Sala<\/p>\n<p align=\"center\">TrabajoSocial1<\/p>\n<\/td>\n<\/tr>\n<tr>\n<td valign=\"top\" width=\"36%\">Derecho Civil:Familia\/Dret Civil: Fam\u00edlia<\/td>\n<td valign=\"top\" width=\"4%\">\n<p align=\"center\">2<\/p>\n<\/td>\n<td valign=\"top\" width=\"13%\">\n<p align=\"center\">S. Oliver<\/p>\n<\/td>\n<td valign=\"top\" width=\"16%\">\n<p align=\"center\">Jueves\/<\/p>\n<p align=\"center\">Dijous<\/p>\n<\/td>\n<td valign=\"top\" width=\"9%\">\n<p align=\"center\">19,30<\/p>\n<\/td>\n<td valign=\"top\" width=\"8%\">\n<p align=\"center\">Mallorca<\/p>\n<p align=\"center\">A.15<\/p>\n<\/td>\n<td valign=\"top\" width=\"12%\">\n<p align=\"center\">Sala<\/p>\n<p align=\"center\">TrabajoSocial1<\/p>\n<\/td>\n<\/tr>\n<tr>\n<td valign=\"top\" width=\"36%\">M\u00e9todos y t\u00e9cnicas de investigaci\u00f3n I\/M\u00e8todes i t\u00e8cniques d\u2019investigaci\u00f3I<\/td>\n<td valign=\"top\" width=\"4%\">\n<p align=\"center\">2<\/p>\n<p align=\"center\">\n<\/td>\n<td valign=\"top\" width=\"13%\">\n<p align=\"center\">C. Vecina<\/p>\n<p align=\"center\">\n<\/td>\n<td valign=\"top\" width=\"16%\">\n<p align=\"center\">Jueves\/<\/p>\n<p align=\"center\">Dijous<\/p>\n<\/td>\n<td valign=\"top\" width=\"9%\">\n<p align=\"center\">18,30<\/p>\n<\/td>\n<td valign=\"top\" width=\"8%\">\n<p align=\"center\">Mallorca<\/p>\n<p align=\"center\">A.15<\/p>\n<\/td>\n<td valign=\"top\" width=\"12%\">\n<p align=\"center\">Sala<\/p>\n<p align=\"center\">TrabajoSocial1<\/p>\n<\/td>\n<\/tr>\n<tr>\n<td valign=\"top\" width=\"36%\">Teor\u00eda del trabajo social con grupos\/ Teoria del treball social amb grups<\/td>\n<td valign=\"top\" width=\"4%\">\n<p align=\"center\">2<\/p>\n<p align=\"center\">\n<\/td>\n<td valign=\"top\" width=\"13%\">\n<p align=\"center\">B. Ata\u00fan<\/p>\n<p align=\"center\">\n<\/td>\n<td valign=\"top\" width=\"16%\">\n<p align=\"center\">Martes\/<\/p>\n<p align=\"center\">Dimarts<\/p>\n<p align=\"center\">\n<\/td>\n<td valign=\"top\" width=\"9%\">\n<p align=\"center\">17,30<\/p>\n<p align=\"center\">\n<\/td>\n<td valign=\"top\" width=\"8%\">\n<p align=\"center\">Mallorca<\/p>\n<p align=\"center\">T.1<\/p>\n<p align=\"center\">\n<\/td>\n<td valign=\"top\" width=\"12%\">\n<p align=\"center\">Sala<\/p>\n<p align=\"center\">TrabajoSocial1<\/p>\n<\/td>\n<\/tr>\n<\/tbody>\n<\/table>\n<p><b>Mallorca: <\/b>la clase se emite desde Mallorca \/ la classe s\u2019emet des de Mallorca<b><\/b><\/p>\n<p><b>Menorca: <\/b>la clase se emite desde Menorca \/ la classe s\u2019emet des de Menorca<b><\/b><\/p>\n","protected":false},"excerpt":{"rendered":"<p>HORARIOS\/HORARIS (2013\/2014) GRADO EN TRABAJO SOCIAL GRAU EN TREBALL SOCIAL Asignaturas \/ Assignatures C\/Q Profesorado\/ Professorat D\u00eda\/Dia Hora Aula Sala Web Primer curso\/ Primer curs Introducci\u00f3n a los servicios sociales\/ Introducci\u00f3 als serveis socials 1 E. Madrigal Martes\/ Dimarts 19,30 Mallorca A.13 Sala TrabajoSocial1 Fundamentos de trabajo social \/ Fonaments de Treball Social 1 C. [&hellip;]<\/p>\n","protected":false},"author":1,"featured_media":0,"parent":1311,"menu_order":0,"comment_status":"closed","ping_status":"closed","template":"","meta":{"_acf_changed":false,"footnotes":""},"acf":[],"_links":{"self":[{"href":"https:\/\/uned-illesbalears.net\/ca\/wp-json\/wp\/v2\/pages\/1287"}],"collection":[{"href":"https:\/\/uned-illesbalears.net\/ca\/wp-json\/wp\/v2\/pages"}],"about":[{"href":"https:\/\/uned-illesbalears.net\/ca\/wp-json\/wp\/v2\/types\/page"}],"author":[{"embeddable":true,"href":"https:\/\/uned-illesbalears.net\/ca\/wp-json\/wp\/v2\/users\/1"}],"replies":[{"embeddable":true,"href":"https:\/\/uned-illesbalears.net\/ca\/wp-json\/wp\/v2\/comments?post=1287"}],"version-history":[{"count":0,"href":"https:\/\/uned-illesbalears.net\/ca\/wp-json\/wp\/v2\/pages\/1287\/revisions"}],"up":[{"embeddable":true,"href":"https:\/\/uned-illesbalears.net\/ca\/wp-json\/wp\/v2\/pages\/1311"}],"wp:attachment":[{"href":"https:\/\/uned-illesbalears.net\/ca\/wp-json\/wp\/v2\/media?parent=1287"}],"curies":[{"name":"wp","href":"https:\/\/api.w.org\/{rel}","templated":true}]}}