{"id":1286,"date":"2013-09-01T16:04:55","date_gmt":"2013-09-01T16:04:55","guid":{"rendered":"https:\/\/uned-illesbalears.net\/?page_id=1286"},"modified":"2013-09-21T22:24:00","modified_gmt":"2013-09-21T22:24:00","slug":"psicologia-menorca-eivissa","status":"publish","type":"page","link":"https:\/\/uned-illesbalears.net\/ca\/recursos-para-estudiantes\/classes-de-tutoria\/ibiza-clases-tutorias\/psicologia-menorca-eivissa\/","title":{"rendered":"Psicolog\u00eda Menorca-Ibiza \/ Psicologia Menorca-Eivissa"},"content":{"rendered":"<h5><b>HORARIOS \/ HORARIS (2013 \/ 2014) <\/b><\/h5>\n<h5><b>GRADO EN PSICOLOG\u00cdA<\/b><\/h5>\n<h5><b>GRAU EN PSICOLOGIA<\/b><\/h5>\n<table width=\"688\" border=\"0\" cellspacing=\"0\" cellpadding=\"0\">\n<tbody>\n<tr>\n<td valign=\"top\" width=\"187\">\n<h6 align=\"center\"><b>Asignaturas \/ Assignatures<\/b><\/h6>\n<\/td>\n<td valign=\"top\" width=\"57\">\n<h6 align=\"center\"><b>C\/Q<\/b><\/h6>\n<\/td>\n<td valign=\"top\" width=\"123\">\n<h6 align=\"center\"><b>Profesorado<\/b><\/h6>\n<h6 align=\"center\"><b>professorat<\/b><\/h6>\n<\/td>\n<td valign=\"top\" width=\"94\">\n<h6 align=\"center\"><b>D\u00eda \/ Dia<\/b><\/h6>\n<\/td>\n<td valign=\"top\" width=\"57\">\n<h6 align=\"center\"><b>Hora<\/b><\/h6>\n<\/td>\n<td valign=\"top\" width=\"66\">\n<h6 align=\"center\"><b>Aula<\/b><\/h6>\n<\/td>\n<td valign=\"top\" width=\"104\">\n<h6 align=\"center\"><b>Sala<\/b><\/h6>\n<h6 align=\"center\"><b>Web<\/b><b><\/b><\/h6>\n<\/td>\n<\/tr>\n<tr>\n<td colspan=\"7\" valign=\"top\" width=\"688\">\n<h6><b>Primer curso \/ Primer curs<\/b><\/h6>\n<\/td>\n<\/tr>\n<tr>\n<td valign=\"top\" width=\"187\">Psicolog\u00eda social\/ Psicologia social<\/td>\n<td valign=\"top\" width=\"57\">\n<p align=\"center\">Anual<\/p>\n<\/td>\n<td valign=\"top\" width=\"123\">\n<p align=\"center\">Juan \u00c1ngel Serra<\/p>\n<\/td>\n<td valign=\"top\" width=\"94\">\n<p align=\"center\">Lunes \/ Dilluns<\/p>\n<\/td>\n<td valign=\"top\" width=\"57\">\n<p align=\"center\">19,00<\/p>\n<\/td>\n<td valign=\"top\" width=\"66\">\n<p align=\"center\">Ibiza\/ Eivissa<\/p>\n<p align=\"center\">Aula 1<\/p>\n<\/td>\n<td valign=\"top\" width=\"104\">\n<p align=\"center\">Sala<\/p>\n<p align=\"center\">Menorca-Ibiza-Psicologia1<\/p>\n<\/td>\n<\/tr>\n<tr>\n<td valign=\"top\" width=\"187\">Fundamentos de Psicobiolog\u00eda\/ Fonaments de Psicobiologia<\/td>\n<td valign=\"top\" width=\"57\">\n<p align=\"center\">Anual<\/p>\n<\/td>\n<td valign=\"top\" width=\"123\">\n<p align=\"center\">M\u00aa Dolores Salve<\/p>\n<\/td>\n<td valign=\"top\" width=\"94\">\n<p align=\"center\">Jueves\/Dijous<\/p>\n<\/td>\n<td valign=\"top\" width=\"57\">\n<p align=\"center\">18,00<\/p>\n<\/td>\n<td valign=\"top\" width=\"66\">\n<p align=\"center\">Ibiza\/ Eivissa<\/p>\n<p align=\"center\">Aula 16<\/p>\n<\/td>\n<td valign=\"top\" width=\"104\">\n<p align=\"center\">Sala<\/p>\n<p align=\"center\">Menorca-Ibiza-Psicologia1<\/p>\n<\/td>\n<\/tr>\n<tr>\n<td valign=\"top\" width=\"187\">Fundamentos de Investigaci\u00f3n\/ Fonaments d\u2019Investigaci\u00f3<\/td>\n<td valign=\"top\" width=\"57\">\n<p align=\"center\">1<\/p>\n<\/td>\n<td valign=\"top\" width=\"123\">\n<p align=\"center\">M\u00aa Dolores Salve<\/p>\n<\/td>\n<td valign=\"top\" width=\"94\">\n<p align=\"center\">Lunes\/ Dilluns<\/p>\n<\/td>\n<td valign=\"top\" width=\"57\">\n<p align=\"center\">18,00<\/p>\n<\/td>\n<td valign=\"top\" width=\"66\">\n<p align=\"center\">Ibiza\/ Eivissa<\/p>\n<p align=\"center\">Aula 16<\/p>\n<\/td>\n<td valign=\"top\" width=\"104\">\n<p align=\"center\">Sala<\/p>\n<p align=\"center\">Menorca-Ibiza-Psicologia1<\/p>\n<\/td>\n<\/tr>\n<tr>\n<td valign=\"top\" width=\"187\">Psicolog\u00eda de la motivaci\u00f3n\/ Psicologia de la motivaci\u00f3<\/td>\n<td valign=\"top\" width=\"57\">\n<p align=\"center\">1<\/p>\n<\/td>\n<td valign=\"top\" width=\"123\">\n<p align=\"center\">Juan \u00c1ngel Serra<\/p>\n<\/td>\n<td valign=\"top\" width=\"94\">\n<p align=\"center\">Lunes\/ Dilluns<\/p>\n<\/td>\n<td valign=\"top\" width=\"57\">\n<p align=\"center\">20,00<\/p>\n<\/td>\n<td valign=\"top\" width=\"66\">\n<p align=\"center\">Ibiza\/ Eivissa<\/p>\n<p align=\"center\">Aula 1<\/p>\n<\/td>\n<td valign=\"top\" width=\"104\">\n<p align=\"center\">Sala<\/p>\n<p align=\"center\">Menorca-Ibiza-Psicologia1<\/p>\n<\/td>\n<\/tr>\n<tr>\n<td valign=\"top\" width=\"187\">Introducci\u00f3n An\u00e1lisis de Datos\/ Introducci\u00f3 An\u00e0lisi de Dades<\/td>\n<td valign=\"top\" width=\"57\">\n<p align=\"center\">1<\/p>\n<\/td>\n<td valign=\"top\" width=\"123\">\n<p align=\"center\">Santiago Bofill<\/p>\n<\/td>\n<td valign=\"top\" width=\"94\">\n<p align=\"center\">Martes\/ Dimarts<\/p>\n<\/td>\n<td valign=\"top\" width=\"57\">\n<p align=\"center\">18,00<\/p>\n<\/td>\n<td valign=\"top\" width=\"66\">\n<p align=\"center\">Ibiza\/ Eivissa<\/p>\n<p align=\"center\">Aula 16<\/p>\n<\/td>\n<td valign=\"top\" width=\"104\">\n<p align=\"center\">Sala<\/p>\n<p align=\"center\">Menorca-Ibiza-Psicologia1<\/p>\n<\/td>\n<\/tr>\n<tr>\n<td valign=\"top\" width=\"187\">Introducci\u00f3n An\u00e1lisis de Datos\/ Introducci\u00f3 An\u00e0lisi de Dades<\/td>\n<td valign=\"top\" width=\"57\">\n<p align=\"center\">1<\/p>\n<\/td>\n<td valign=\"top\" width=\"123\">\n<p align=\"center\">Cristina Timoner<\/p>\n<\/td>\n<td valign=\"top\" width=\"94\">\n<p align=\"center\">Viernes\/ Divendres<\/p>\n<\/td>\n<td valign=\"top\" width=\"57\">\n<p align=\"center\">17,30<\/p>\n<\/td>\n<td valign=\"top\" width=\"66\">\n<p align=\"center\">Menorca<\/p>\n<p align=\"center\">Aula C<\/p>\n<\/td>\n<td valign=\"top\" width=\"104\">\n<p align=\"center\">Sala<\/p>\n<p align=\"center\">Menorca-Ibiza-Psicologia1<\/p>\n<\/td>\n<\/tr>\n<tr>\n<td valign=\"top\" width=\"187\">Psicolog\u00eda del aprendizaje\/ Psicologia de l\u2019aprenentatge<\/td>\n<td valign=\"top\" width=\"57\">\n<p align=\"center\">2<\/p>\n<\/td>\n<td valign=\"top\" width=\"123\">\n<p align=\"center\">M\u00aa Dolores Salve<\/p>\n<\/td>\n<td valign=\"top\" width=\"94\">\n<p align=\"center\">Lunes\/ Dilluns<\/p>\n<\/td>\n<td valign=\"top\" width=\"57\">\n<p align=\"center\">17,00<\/p>\n<\/td>\n<td valign=\"top\" width=\"66\">\n<p align=\"center\">Ibiza\/ Eivissa<\/p>\n<p align=\"center\">Aula 16<\/p>\n<\/td>\n<td valign=\"top\" width=\"104\">\n<p align=\"center\">Sala<\/p>\n<p align=\"center\">Menorca-Ibiza-Psicologia1<\/p>\n<\/td>\n<\/tr>\n<tr>\n<td valign=\"top\" width=\"187\">Psicolog\u00eda de la atenci\u00f3n\/ Psicologia de l\u2019atenci\u00f3<\/td>\n<td valign=\"top\" width=\"57\">\n<p align=\"center\">2<\/p>\n<\/td>\n<td valign=\"top\" width=\"123\">\n<p align=\"center\">M\u00aa Dolores Salve<\/p>\n<\/td>\n<td valign=\"top\" width=\"94\">\n<p align=\"center\">Lunes\/ Dilluns<\/p>\n<\/td>\n<td valign=\"top\" width=\"57\">\n<p align=\"center\">18,00<\/p>\n<\/td>\n<td valign=\"top\" width=\"66\">\n<p align=\"center\">Ibiza\/ Eivissa<\/p>\n<p align=\"center\">Aula 16<\/p>\n<\/td>\n<td valign=\"top\" width=\"104\">\n<p align=\"center\">Sala<\/p>\n<p align=\"center\">Menorca-Ibiza-Psicologia1<\/p>\n<\/td>\n<\/tr>\n<tr>\n<td valign=\"top\" width=\"187\">Psicolog\u00eda de la emoci\u00f3n\/ Psicologia de l\u2019emoci\u00f3<\/td>\n<td valign=\"top\" width=\"57\">\n<p align=\"center\">2<\/p>\n<\/td>\n<td valign=\"top\" width=\"123\">\n<p align=\"center\">Juan \u00c1ngel Serra<\/p>\n<\/td>\n<td valign=\"top\" width=\"94\">\n<p align=\"center\">Lunes\/ Dilluns<\/p>\n<\/td>\n<td valign=\"top\" width=\"57\">\n<p align=\"center\">20,00<\/p>\n<\/td>\n<td valign=\"top\" width=\"66\">\n<p align=\"center\">Ibiza\/ Eivissa<\/p>\n<p align=\"center\">Aula 1<\/p>\n<\/td>\n<td valign=\"top\" width=\"104\">\n<p align=\"center\">Sala<\/p>\n<p align=\"center\">Menorca-Ibiza-Psicologia1<\/p>\n<\/td>\n<\/tr>\n<tr>\n<td valign=\"top\" width=\"187\">Historia de la Psicolog\u00eda\/Hist\u00f2ria de la Psicologia<\/td>\n<td valign=\"top\" width=\"57\">\n<p align=\"center\">2<\/p>\n<\/td>\n<td valign=\"top\" width=\"123\">\n<p align=\"center\">Adela Ortiz<\/p>\n<\/td>\n<td valign=\"top\" width=\"94\">\n<p align=\"center\">Viernes\/ Divendres<\/p>\n<\/td>\n<td valign=\"top\" width=\"57\">\n<p align=\"center\">17,30<\/p>\n<\/td>\n<td valign=\"top\" width=\"66\">\n<p align=\"center\">Menorca<\/p>\n<p align=\"center\">Aula V<\/p>\n<\/td>\n<td valign=\"top\" width=\"104\">\n<p align=\"center\">Sala<\/p>\n<p align=\"center\">Menorca-Ibiza-Psicologia1<\/p>\n<\/td>\n<\/tr>\n<tr>\n<td colspan=\"7\" valign=\"top\" width=\"688\">\n<h6><b>Segundo curso\/ Segon curs<\/b><\/h6>\n<\/td>\n<\/tr>\n<tr>\n<td valign=\"top\" width=\"187\">Dise\u00f1os de investigaci\u00f3n y an\u00e1lisis de datos\/ Dissenys d\u2019Investigaci\u00f3 i an\u00e0lisi de dades<\/td>\n<td valign=\"top\" width=\"57\">\n<p align=\"center\">1<\/p>\n<\/td>\n<td valign=\"top\" width=\"123\">\n<p align=\"center\">Araceli Pelluz<\/p>\n<\/td>\n<td valign=\"top\" width=\"94\">\n<p align=\"center\">Mi\u00e9rcoles\/ Dimecres<\/p>\n<\/td>\n<td valign=\"top\" width=\"57\">\n<p align=\"center\">18,00<\/p>\n<\/td>\n<td valign=\"top\" width=\"66\">\n<p align=\"center\">Ibiza\/ Eivissa<\/p>\n<p align=\"center\">Aula 12<\/p>\n<\/td>\n<td valign=\"top\" width=\"104\">\n<p align=\"center\">Sala<\/p>\n<p align=\"center\">Menorca-Ibiza-Psicologia2<\/p>\n<\/td>\n<\/tr>\n<tr>\n<td valign=\"top\" width=\"187\">Psicometr\u00eda \/ Psicometr\u00eda<\/td>\n<td valign=\"top\" width=\"57\">\n<p align=\"center\">2<\/p>\n<\/td>\n<td valign=\"top\" width=\"123\">\n<p align=\"center\">Araceli Pelluz<\/p>\n<\/td>\n<td valign=\"top\" width=\"94\">\n<p align=\"center\">Mi\u00e9rcoles\/ Dimecres<\/p>\n<\/td>\n<td valign=\"top\" width=\"57\">\n<p align=\"center\">18,00<\/p>\n<\/td>\n<td valign=\"top\" width=\"66\">\n<p align=\"center\">Ibiza\/ Eivissa<\/p>\n<p align=\"center\">Aula 12<\/p>\n<\/td>\n<td valign=\"top\" width=\"104\">\n<p align=\"center\">Sala<\/p>\n<p align=\"center\">Menorca-Ibiza-Psicologia2<\/p>\n<\/td>\n<\/tr>\n<tr>\n<td colspan=\"7\" valign=\"top\" width=\"688\">\n<h6><b>Cuarto curso\/ Quart curs<\/b><\/h6>\n<\/td>\n<\/tr>\n<tr>\n<td valign=\"top\" width=\"187\">Pr\u00e1cticas externas \/ Pr\u00e0ctiques externes<\/td>\n<td valign=\"top\" width=\"57\">\n<p align=\"center\">Anual<\/p>\n<\/td>\n<td valign=\"top\" width=\"123\">\n<p align=\"center\">Juan \u00c1ngel Serra<\/p>\n<\/td>\n<td valign=\"top\" width=\"94\">\n<p align=\"center\">Viernes\/ Divendres<\/p>\n<\/td>\n<td valign=\"top\" width=\"57\">\n<p align=\"center\">17,00<\/p>\n<\/td>\n<td valign=\"top\" width=\"66\">\n<p align=\"center\">Ibiza\/ Eivissa<\/p>\n<p align=\"center\">Aula 12<\/p>\n<\/td>\n<td valign=\"top\" width=\"104\">\n<p align=\"center\">Sala<\/p>\n<p align=\"center\">Ibiza-Psicologia-Practicas<\/p>\n<\/td>\n<\/tr>\n<tr>\n<td valign=\"top\" width=\"187\">Pr\u00e1cticas externas \/ Pr\u00e0ctiques externes<\/td>\n<td valign=\"top\" width=\"57\">\n<p align=\"center\">Anual<\/p>\n<\/td>\n<td valign=\"top\" width=\"123\">\n<p align=\"center\">Joana Caules<\/p>\n<\/td>\n<td valign=\"top\" width=\"94\">\n<p align=\"center\">Jueves\/ Dijous<\/p>\n<\/td>\n<td valign=\"top\" width=\"57\">\n<p align=\"center\">17,30<\/p>\n<\/td>\n<td valign=\"top\" width=\"66\">\n<p align=\"center\">Menorca<\/p>\n<p align=\"center\">Aula V<\/p>\n<\/td>\n<td valign=\"top\" width=\"104\">\n<p align=\"center\">Sala<\/p>\n<p align=\"center\">Menorca- Psicologia-Practicas<\/p>\n<\/td>\n<\/tr>\n<\/tbody>\n<\/table>\n<p>&nbsp;<\/p>\n<h5>\u00a0<b>HORARIOS\/HORARIS (2013\/2014)<\/b><\/h5>\n<h5><b>PSICOLOG\u00cdA <\/b><\/h5>\n<h5><b>PSICOLOGIA<\/b><\/h5>\n<h5><b>(PLA\/PLAN 2000)<\/b><\/h5>\n<table width=\"689\" border=\"0\" cellspacing=\"0\" cellpadding=\"0\">\n<tbody>\n<tr>\n<td colspan=\"7\" valign=\"top\" width=\"688\">\n<h6><b>Quinto curso\/ Cinqu\u00e9 curs<\/b><\/h6>\n<\/td>\n<td valign=\"top\" width=\"1\"><\/td>\n<\/tr>\n<tr>\n<td valign=\"top\" width=\"164\">Pr\u00e1ticum\/ Pr\u00e0cticum<\/td>\n<td valign=\"top\" width=\"127\">\n<p align=\"center\">Anual<\/p>\n<\/td>\n<td valign=\"top\" width=\"104\">\n<p align=\"center\">Juan \u00c1ngel Serra<\/p>\n<\/td>\n<td valign=\"top\" width=\"76\">\n<p align=\"center\">Viernes\/ Divendres<\/p>\n<\/td>\n<td valign=\"top\" width=\"57\">\n<p align=\"center\">17,00<\/p>\n<\/td>\n<td valign=\"top\" width=\"66\">\n<p align=\"center\">Ibiza-Eivissa<\/p>\n<p align=\"center\">Aula 12<\/p>\n<\/td>\n<td valign=\"top\" width=\"95\">\n<p align=\"center\">Sala<\/p>\n<p align=\"center\">Ibiza-Psicologia-Practicas<\/p>\n<\/td>\n<td width=\"1\"><\/td>\n<\/tr>\n<tr>\n<td valign=\"top\" width=\"164\">Pr\u00e1ticum\/ Pr\u00e0cticum<\/td>\n<td valign=\"top\" width=\"127\">\n<p align=\"center\">Anual<\/p>\n<\/td>\n<td valign=\"top\" width=\"104\">\n<p align=\"center\">Joana Caules<\/p>\n<\/td>\n<td valign=\"top\" width=\"76\">\n<p align=\"center\">Jueves\/ Dijous<\/p>\n<\/td>\n<td valign=\"top\" width=\"57\">\n<p align=\"center\">17,30<\/p>\n<\/td>\n<td valign=\"top\" width=\"66\">\n<p align=\"center\">Menorca<\/p>\n<p align=\"center\">Aula V<\/p>\n<\/td>\n<td valign=\"top\" width=\"95\">\n<p align=\"center\">Sala<\/p>\n<p align=\"center\">Menorca- Psicologia-Practicas<\/p>\n<\/td>\n<td width=\"1\"><\/td>\n<\/tr>\n<\/tbody>\n<\/table>\n<p>&nbsp;<\/p>\n<p><b>Ibiza-Eivissa: <\/b>la clase se emite desde Ibiza \/ la classes\u2019emet des d\u2019Eivissa<b><\/b><\/p>\n<p><b>Menorca: <\/b>la clase se emite desde Menorca \/ la classes\u2019emet des de Menorca<b><\/b><\/p>\n<p><b>\u00a0<\/b><\/p>\n<p><b>LOS ESTUDIANTES DE LA LICENCIATURA PUEDEN ASISTIR A LAS CLASES TUTOR\u00cdAS DE LAS ASIGNATURAS EQUIVALENTES DEL GRADO<\/b><\/p>\n<p><b><br \/>\nELS ESTUDIANTS DE LA LLICENCIATURA PODEN ASSISTIR A LES CLASSES TUTORIES DE LES ASSIGNATURES EQUIVALENTS DEL GRAU<\/b><\/p>\n","protected":false},"excerpt":{"rendered":"<p>HORARIOS \/ HORARIS (2013 \/ 2014) GRADO EN PSICOLOG\u00cdA GRAU EN PSICOLOGIA Asignaturas \/ Assignatures C\/Q Profesorado professorat D\u00eda \/ Dia Hora Aula Sala Web Primer curso \/ Primer curs Psicolog\u00eda social\/ Psicologia social Anual Juan \u00c1ngel Serra Lunes \/ Dilluns 19,00 Ibiza\/ Eivissa Aula 1 Sala Menorca-Ibiza-Psicologia1 Fundamentos de Psicobiolog\u00eda\/ Fonaments de Psicobiologia Anual [&hellip;]<\/p>\n","protected":false},"author":1,"featured_media":0,"parent":1311,"menu_order":0,"comment_status":"closed","ping_status":"closed","template":"","meta":{"_acf_changed":false,"footnotes":""},"acf":[],"_links":{"self":[{"href":"https:\/\/uned-illesbalears.net\/ca\/wp-json\/wp\/v2\/pages\/1286"}],"collection":[{"href":"https:\/\/uned-illesbalears.net\/ca\/wp-json\/wp\/v2\/pages"}],"about":[{"href":"https:\/\/uned-illesbalears.net\/ca\/wp-json\/wp\/v2\/types\/page"}],"author":[{"embeddable":true,"href":"https:\/\/uned-illesbalears.net\/ca\/wp-json\/wp\/v2\/users\/1"}],"replies":[{"embeddable":true,"href":"https:\/\/uned-illesbalears.net\/ca\/wp-json\/wp\/v2\/comments?post=1286"}],"version-history":[{"count":0,"href":"https:\/\/uned-illesbalears.net\/ca\/wp-json\/wp\/v2\/pages\/1286\/revisions"}],"up":[{"embeddable":true,"href":"https:\/\/uned-illesbalears.net\/ca\/wp-json\/wp\/v2\/pages\/1311"}],"wp:attachment":[{"href":"https:\/\/uned-illesbalears.net\/ca\/wp-json\/wp\/v2\/media?parent=1286"}],"curies":[{"name":"wp","href":"https:\/\/api.w.org\/{rel}","templated":true}]}}