{"id":1279,"date":"2013-08-29T22:20:37","date_gmt":"2013-08-29T22:20:37","guid":{"rendered":"https:\/\/uned-illesbalears.net\/?page_id=1279"},"modified":"2022-09-21T08:59:06","modified_gmt":"2022-09-21T06:59:06","slug":"historia-menorca-ibiza","status":"publish","type":"page","link":"https:\/\/uned-illesbalears.net\/ca\/recursos-para-estudiantes\/classes-de-tutoria\/ibiza-clases-tutorias\/historia-menorca-ibiza\/","title":{"rendered":"Grado en Geograf\u00eda e Historia\/Grau en Geografia i Hist\u00f2ria  Menorca-Ibiza\/Menorca-Eivissa"},"content":{"rendered":"<h4>RECURSOS<\/h4>\n<ul>\n<li>Compra de material en\u00a0<span style=\"color: #008000;\"><strong><a style=\"color: #008000;\" href=\"http:\/\/libreria.uned-illesbalears.net\/producto-categoria\/6701-grado-en-geografia-e-historia\/\">Librer\u00eda virtual<\/a><\/strong><\/span><\/li>\n<li><span style=\"color: #008000;\"><strong><a style=\"color: #008000;\" href=\"http:\/\/portal.uned.es\/portal\/page?_pageid=93,71542237&amp;_dad=portal&amp;_schema=PORTAL&amp;idTitulacion=6701\">Listado de asignaturas<\/a><\/strong><\/span><\/li>\n<\/ul>\n<h5><b>HORARIOS \/ HORARIS\u00a0<\/b><b>(2022-2023)\u00a0<\/b><\/h5>\n<h5><b>GRADO EN GEOGRAF\u00cdA E HISTORIA<\/b><\/h5>\n<h5><b>GRAU EN GEOGRAFIA I HIST\u00d2RIA<\/b><\/h5>\n<p>\n<table id=\"tablepress-444\" class=\"tablepress tablepress-id-444 tbody-has-connected-cells\">\n<tbody class=\"row-striping row-hover\">\n<tr class=\"row-1\">\n\t<td class=\"column-1\"><\/td><td colspan=\"7\" class=\"column-2\"><h5>Primer curso\/Primer curs - Primer Cuatrimestre\/quadrimestre<\/h5><\/td>\n<\/tr>\n<tr class=\"row-2\">\n\t<td class=\"column-1\"><strong>C\u00f3digo\/Codi<\/strong><\/td><td class=\"column-2\"><strong>Asignaturas \/ Assignatures<\/strong><\/td><td class=\"column-3\"><strong>C\/Q<\/strong><\/td><td class=\"column-4\"><strong>Profesorado\/ Professorat<\/strong><\/td><td class=\"column-5\"><strong>D\u00eda\/Dia<\/strong><\/td><td class=\"column-6\"><strong>Hora<\/strong><\/td><td class=\"column-7\"><strong>Aula<\/strong><\/td><td class=\"column-8\"><strong>Sala Webconferencia<\/strong><\/td>\n<\/tr>\n<tr class=\"row-3\">\n\t<td class=\"column-1\">67011042<\/td><td class=\"column-2\">Historia antigua I\/ Hist\u00f2ria antiga I <\/td><td class=\"column-3\">1<\/td><td class=\"column-4\">B.S\u00e1nchez<\/td><td class=\"column-5\">Martes\/Dimarts<br \/>\n<\/td><td class=\"column-6\">18.30<br \/>\n<\/td><td class=\"column-7\">Menorca <br \/>\nAula 5<\/td><td class=\"column-8\"><\/td>\n<\/tr>\n<tr class=\"row-4\">\n\t<td class=\"column-1\">67011013<\/td><td class=\"column-2\">Geograf\u00eda general I (F\u00edsica)\/ <br \/>\nGeografia general I (F\u00edsica) <br \/>\n<br \/>\n<\/td><td class=\"column-3\">1<\/td><td class=\"column-4\">B.S\u00e1nchez<\/td><td class=\"column-5\">Martes\/Dimarts<\/td><td class=\"column-6\">19.30<\/td><td class=\"column-7\">Menorca <br \/>\nAula 5<\/td><td class=\"column-8\"><\/td>\n<\/tr>\n<tr class=\"row-5\">\n\t<td class=\"column-1\">67011059<\/td><td class=\"column-2\">Historia Medieval I (siglos V-XII)\/ <br \/>\nHist\u00f2ria Medieval I (segles V-XII) <br \/>\n<br \/>\n<\/td><td class=\"column-3\">1<\/td><td class=\"column-4\">L.Tudela<\/td><td class=\"column-5\">Mi\u00e9rcoles\/ Dimecres<\/td><td class=\"column-6\">17.30<\/td><td class=\"column-7\">Mallorca<br \/>\nT.1<\/td><td class=\"column-8\"><\/td>\n<\/tr>\n<tr class=\"row-6\">\n\t<td class=\"column-1\">67011036<\/td><td class=\"column-2\">Prehistoria I\/ Prehist\u00f2ria I <br \/>\n<br \/>\n<\/td><td class=\"column-3\">1<\/td><td class=\"column-4\">A.Mezquida<\/td><td class=\"column-5\">Lunes\/Dilluns<br \/>\n<br \/>\n<\/td><td class=\"column-6\">20.30<br \/>\n<\/td><td class=\"column-7\">Ibiza\/Eivissa<br \/>\nA.7<\/td><td class=\"column-8\"><\/td>\n<\/tr>\n<tr class=\"row-7\">\n\t<td class=\"column-1\">6701102-<\/td><td class=\"column-2\">H\u00aa Filosof\u00eda Antigua y Medieval\/ <br \/>\nH\u00aa Filosofia Antiga i Medieval <br \/>\n<\/td><td class=\"column-3\">1<\/td><td class=\"column-4\">D.\u00c1lvarez<\/td><td class=\"column-5\">Lunes\/Dilluns<\/td><td class=\"column-6\">18.30<\/td><td class=\"column-7\">Ibiza\/Eivissa<br \/>\nA.7<\/td><td class=\"column-8\"><\/td>\n<\/tr>\n<\/tbody>\n<\/table>\n<!-- #tablepress-444 from cache --><br \/>\n\n<table id=\"tablepress-445\" class=\"tablepress tablepress-id-445 tbody-has-connected-cells\">\n<tbody class=\"row-striping row-hover\">\n<tr class=\"row-1\">\n\t<td class=\"column-1\"><\/td><td colspan=\"7\" class=\"column-2\"><h5>Primer curso\/Primer curs - Segundo Cuatrimestre\/Segon quadrimestre<\/h5><\/td>\n<\/tr>\n<tr class=\"row-2\">\n\t<td class=\"column-1\"><strong>C\u00f3digo\/Codi<\/strong><\/td><td class=\"column-2\"><strong>Asignaturas \/ Assignatures<\/strong><\/td><td class=\"column-3\"><strong>C\/Q<\/strong><\/td><td class=\"column-4\"><strong>Profesorado\/ Professorat<\/strong><\/td><td class=\"column-5\"><strong>D\u00eda\/Dia<\/strong><\/td><td class=\"column-6\"><strong>Hora<\/strong><\/td><td class=\"column-7\"><strong>Aula<\/strong><\/td><td class=\"column-8\"><strong>Sala Webconferencia\/Videoconferencia<\/strong><\/td>\n<\/tr>\n<tr class=\"row-3\">\n\t<td class=\"column-1\">67901014<\/td><td class=\"column-2\">H\u00aa del Arte de la Baja Edad Media\/ H\u00aa de l\u2019Art de la Baixa Edat Mitjana <br \/>\n(Com\u00fan Arte\/Com\u00fa Art)<br \/>\n<br \/>\n<\/td><td class=\"column-3\">2<\/td><td class=\"column-4\">C. Torres <\/td><td class=\"column-5\">Lunes\/ Dilluns <br \/>\n<\/td><td class=\"column-6\">17.30<br \/>\n<\/td><td class=\"column-7\">Mallorca<\/td><td class=\"column-8\"><\/td>\n<\/tr>\n<tr class=\"row-4\">\n\t<td class=\"column-1\">67011094<\/td><td class=\"column-2\">Historia Antigua II (El mundo cl\u00e1sico)\/ <br \/>\nHist\u00f2ria Antiga II (El m\u00f3n cl\u00e0ssic) <br \/>\n<br \/>\n<\/td><td class=\"column-3\">2<\/td><td class=\"column-4\">B.S\u00e1nchez<\/td><td class=\"column-5\">Martes\/Dimarts<br \/>\n<br \/>\n<br \/>\n<\/td><td class=\"column-6\">18.30<br \/>\n<\/td><td class=\"column-7\">Menorca<br \/>\nAula 5<\/td><td class=\"column-8\"><\/td>\n<\/tr>\n<tr class=\"row-5\">\n\t<td class=\"column-1\">67011065<\/td><td class=\"column-2\">Geograf\u00eda general II (Humana)\/ <br \/>\nGeografia general II (Humana) <br \/>\n<br \/>\n<\/td><td class=\"column-3\">2<\/td><td class=\"column-4\">B.S\u00e1nchez<\/td><td class=\"column-5\">Martes\/Dimarts<\/td><td class=\"column-6\">19.30<\/td><td class=\"column-7\">Menorca<br \/>\nAula 5<\/td><td class=\"column-8\"><\/td>\n<\/tr>\n<tr class=\"row-6\">\n\t<td class=\"column-1\">67011102<\/td><td class=\"column-2\">Historia Medieval II (siglos XIII-XV)\/ <br \/>\nHist\u00f2ria Medieval II (segles XIII-XV)<\/td><td class=\"column-3\">2<\/td><td class=\"column-4\">L.Tudela<\/td><td class=\"column-5\">Mi\u00e9rcoles\/Dimecres<\/td><td class=\"column-6\">20.30<\/td><td class=\"column-7\">Mallorca<br \/>\nT.1<\/td><td class=\"column-8\"><\/td>\n<\/tr>\n<tr class=\"row-7\">\n\t<td class=\"column-1\">67011071<\/td><td class=\"column-2\">H\u00aa de la cultura material del mundo cl\u00e1sico\/ H\u00aa de la cultura material del m\u00f3n cl\u00e0ssic <\/td><td class=\"column-3\">2<\/td><td class=\"column-4\">A.Mezquida<\/td><td class=\"column-5\">Jueves\/Dijous<\/td><td class=\"column-6\">17.30<br \/>\n<\/td><td class=\"column-7\">Ibiza\/Eivissa<br \/>\nA.7<\/td><td class=\"column-8\"><\/td>\n<\/tr>\n<tr class=\"row-8\">\n\t<td class=\"column-1\">67011088<\/td><td class=\"column-2\">Prehistoria II (las sociedades metal\u00fargicas)\/ Prehist\u00f2ria II (les societats metal\u00fargiques) <br \/>\n<\/td><td class=\"column-3\">2<\/td><td class=\"column-4\">A.Mezquida<\/td><td class=\"column-5\">Jueves\/Dijous<br \/>\n<br \/>\n<\/td><td class=\"column-6\">18.30<br \/>\n<\/td><td class=\"column-7\">Ibiza\/Eivissa<br \/>\nA.7<\/td><td class=\"column-8\"><\/td>\n<\/tr>\n<\/tbody>\n<\/table>\n<!-- #tablepress-445 from cache --><br \/>\n\n<table id=\"tablepress-446\" class=\"tablepress tablepress-id-446 tbody-has-connected-cells\">\n<tbody class=\"row-striping row-hover\">\n<tr class=\"row-1\">\n\t<td class=\"column-1\"><\/td><td colspan=\"7\" class=\"column-2\"><h5>Segundo curso\/ Segon curs - Primer Cuatrimestre\/quadrimestre<\/h5><\/td>\n<\/tr>\n<tr class=\"row-2\">\n\t<td class=\"column-1\"><strong>C\u00f3digo\/Codi<\/strong><\/td><td class=\"column-2\"><strong>Asignaturas \/ Assignatures<\/strong><\/td><td class=\"column-3\"><strong>C\/Q<\/strong><\/td><td class=\"column-4\"><strong>Profesorado\/ Professorat<\/strong><\/td><td class=\"column-5\"><strong>D\u00eda\/Dia<\/strong><\/td><td class=\"column-6\"><strong>Hora<\/strong><\/td><td class=\"column-7\"><strong>Aula<\/strong><\/td><td class=\"column-8\"><strong>Sala Webconferencia\/Videoconferencia<\/strong><\/td>\n<\/tr>\n<tr class=\"row-3\">\n\t<td class=\"column-1\">67012030<\/td><td class=\"column-2\">Historia Contempor\u00e1nea I \/ Hist\u00f2ria Contempor\u00e0nia I<br \/>\n<br \/>\n<\/td><td class=\"column-3\">1<\/td><td class=\"column-4\">J. Ma\u00edz<\/td><td class=\"column-5\">Mi\u00e9rcoles\/ Dimecres<br \/>\n<\/td><td class=\"column-6\">17.30<br \/>\n<\/td><td class=\"column-7\">Mallorca<\/td><td class=\"column-8\"><\/td>\n<\/tr>\n<tr class=\"row-4\">\n\t<td class=\"column-1\">67903013<\/td><td class=\"column-2\"> Arte y poder en la Edad Moderna\/ Art i poder en l\u2019Edat Moderna<br \/>\n<br \/>\n<\/td><td class=\"column-3\">1<\/td><td class=\"column-4\">A. Ortega<\/td><td class=\"column-5\">Mi\u00e9rcoles\/Dimecres<br \/>\n<br \/>\n<\/td><td class=\"column-6\">18.30<br \/>\n<\/td><td class=\"column-7\">Mallorca<\/td><td class=\"column-8\"><\/td>\n<\/tr>\n<tr class=\"row-5\">\n\t<td class=\"column-1\">67012018<\/td><td class=\"column-2\">Geograf\u00eda de los grandes espacios mundiales\/ Geografia dels grans espais mundials (Com\u00fan Arte\/Com\u00fa Art)<\/td><td class=\"column-3\">1<\/td><td class=\"column-4\">A. Ortega<\/td><td class=\"column-5\">Mi\u00e9rcoles\/Dimecres<br \/>\n<\/td><td class=\"column-6\">19.30<br \/>\n<\/td><td class=\"column-7\">Mallorca<\/td><td class=\"column-8\"><\/td>\n<\/tr>\n<tr class=\"row-6\">\n\t<td class=\"column-1\">67012024<\/td><td class=\"column-2\">Historia de la Alta Edad Moderna \/ Hist\u00f2ria de l\u2019Alta Edat Moderna<br \/>\n<\/td><td class=\"column-3\">1<\/td><td class=\"column-4\">X. Rotger<\/td><td class=\"column-5\">Viernes\/ Divendres <br \/>\n<br \/>\n<br \/>\n<\/td><td class=\"column-6\">17.30<br \/>\n<\/td><td class=\"column-7\">Mallorca<\/td><td class=\"column-8\"><br \/>\n<\/td>\n<\/tr>\n<tr class=\"row-7\">\n\t<td class=\"column-1\">67012047<\/td><td class=\"column-2\">Historia del mundo actual (desde 1989) \/ Hist\u00f2ria del mon actual (des de 1989)<\/td><td class=\"column-3\">1<\/td><td class=\"column-4\">D.\u00c1lvarez<\/td><td class=\"column-5\">Viernes\/ Divendres<br \/>\n<\/td><td class=\"column-6\">16.30<br \/>\n<\/td><td class=\"column-7\">Ibiza\/Eivissa<br \/>\nA.7<\/td><td class=\"column-8\"><\/td>\n<\/tr>\n<\/tbody>\n<\/table>\n<!-- #tablepress-446 from cache --><br \/>\n\n<table id=\"tablepress-447\" class=\"tablepress tablepress-id-447 tbody-has-connected-cells\">\n<tbody class=\"row-striping row-hover\">\n<tr class=\"row-1\">\n\t<td class=\"column-1\"><\/td><td colspan=\"7\" class=\"column-2\"><h5>Segundo curso\/ Segon curs - Segundo Cuatrimestre\/Segon quadrimestre <\/h5><\/td>\n<\/tr>\n<tr class=\"row-2\">\n\t<td class=\"column-1\"><strong>C\u00f3digo\/Codi<\/strong><\/td><td class=\"column-2\"><strong>Asignaturas \/ Assignatures<\/strong><\/td><td class=\"column-3\"><strong>C\/Q<\/strong><\/td><td class=\"column-4\"><strong>Profesorado\/ Professorat<\/strong><\/td><td class=\"column-5\"><strong>D\u00eda\/Dia<\/strong><\/td><td class=\"column-6\"><strong>Hora<\/strong><\/td><td class=\"column-7\"><strong>Aula<\/strong><\/td><td class=\"column-8\"><strong>Sala Webconferencia<\/strong><\/td>\n<\/tr>\n<tr class=\"row-3\">\n\t<td class=\"column-1\">67012053<\/td><td class=\"column-2\">Geograf\u00eda de Espa\u00f1a \/ Geografia d\u2019Espanya <\/td><td class=\"column-3\">2<\/td><td class=\"column-4\">D.Ferrer<\/td><td class=\"column-5\">Lunes\/Dilluns<\/td><td class=\"column-6\">19.30<\/td><td class=\"column-7\">Mallorca<\/td><td class=\"column-8\"><\/td>\n<\/tr>\n<tr class=\"row-4\">\n\t<td class=\"column-1\">6701206-<\/td><td class=\"column-2\">Historia de la Filosof\u00eda Moderna y Contempor\u00e1nea\/ Hist\u00f2ria de la Filosofia Moderna i Contempor\u00e0nia<br \/>\n<\/td><td class=\"column-3\">2<\/td><td class=\"column-4\">A. Ortega<\/td><td class=\"column-5\">Mi\u00e9rcoles\/Dimecres<br \/>\n<br \/>\n<\/td><td class=\"column-6\">17.30<br \/>\n<\/td><td class=\"column-7\">Mallorca<\/td><td class=\"column-8\"><\/td>\n<\/tr>\n<tr class=\"row-5\">\n\t<td class=\"column-1\">67012082<\/td><td class=\"column-2\">Historia Contempor\u00e1nea II \/ Hist\u00f2ria Contempor\u00e0nia II<\/td><td class=\"column-3\">2<\/td><td class=\"column-4\">J. Ma\u00edz<\/td><td class=\"column-5\">Mi\u00e9rcoles\/Dimecres<br \/>\n<\/td><td class=\"column-6\">18.30<br \/>\n<\/td><td class=\"column-7\">Mallorca<\/td><td class=\"column-8\"><br \/>\n<\/td>\n<\/tr>\n<tr class=\"row-6\">\n\t<td class=\"column-1\">67904018<\/td><td class=\"column-2\">Los discursos del Arte Contempor\u00e1neo \/ Els discursos de l\u2019Art Contemporani<br \/>\n<\/td><td class=\"column-3\">2<\/td><td class=\"column-4\">A.Garc\u00eda<\/td><td class=\"column-5\">Mi\u00e9rcoles\/Dimecres<br \/>\n<br \/>\n<br \/>\n<\/td><td class=\"column-6\">19.30<br \/>\n<\/td><td class=\"column-7\">Mallorca<\/td><td class=\"column-8\"><\/td>\n<\/tr>\n<tr class=\"row-7\">\n\t<td class=\"column-1\">67012076<\/td><td class=\"column-2\">Historia de Baja Edad Moderna \/ Hist\u00f2ria de la Baixa Edat Moderna<\/td><td class=\"column-3\">2<\/td><td class=\"column-4\"> X. Rotger<\/td><td class=\"column-5\">Viernes\/ Divendres <br \/>\n<br \/>\n<br \/>\n<\/td><td class=\"column-6\">17.30<br \/>\n<\/td><td class=\"column-7\">Mallorca<\/td><td class=\"column-8\"><\/td>\n<\/tr>\n<tr class=\"row-8\">\n\t<td class=\"column-1\">67012099<\/td><td class=\"column-2\">Historia de la integraci\u00f3n Europea \/ Hist\u00f2ria de la integraci\u00f3 Europea<\/td><td class=\"column-3\">2<\/td><td class=\"column-4\"> E. Pascual<\/td><td class=\"column-5\">Mi\u00e9rcoles\/Dimecres <br \/>\n<br \/>\n<br \/>\n<\/td><td class=\"column-6\">16.30<br \/>\n<\/td><td class=\"column-7\">Mallorca<br \/>\n<\/td><td class=\"column-8\"><\/td>\n<\/tr>\n<\/tbody>\n<\/table>\n<!-- #tablepress-447 from cache --><br \/>\n\n<table id=\"tablepress-214\" class=\"tablepress tablepress-id-214 tbody-has-connected-cells\">\n<tbody class=\"row-striping row-hover\">\n<tr class=\"row-1\">\n\t<td class=\"column-1\"><\/td><td colspan=\"7\" class=\"column-2\"><h5>Tercer curso\/Tercer curs -  Primer Cuatrimestre\/quadrimestre <\/h5><\/td>\n<\/tr>\n<tr class=\"row-2\">\n\t<td class=\"column-1\"><strong>C\u00f3digo\/Codi<\/strong><\/td><td class=\"column-2\"><strong>Asignaturas \/ Assignatures<\/strong><\/td><td class=\"column-3\"><strong>C\/Q<\/strong><\/td><td class=\"column-4\"><strong>Profesorado\/ Professorat<\/strong><\/td><td class=\"column-5\"><strong>D\u00eda\/Dia<\/strong><\/td><td class=\"column-6\"><strong>Hora<\/strong><\/td><td class=\"column-7\"><strong>Aula<\/strong><\/td><td class=\"column-8\"><strong>Sede<\/strong><\/td>\n<\/tr>\n<tr class=\"row-3\">\n\t<td class=\"column-1\">67013041<\/td><td class=\"column-2\">Historia moderna de Espa\u00f1a I (1469-1665) \/ <br \/>\nHist\u00f2ria moderna d\u2019Espanya I (1469-1665)<\/td><td class=\"column-3\">1<\/td><td class=\"column-4\">E. Pascual<\/td><td class=\"column-5\">Martes\/Dimarts<\/td><td class=\"column-6\">17.30<\/td><td class=\"column-7\">A. 6<\/td><td class=\"column-8\">Mallorca<\/td>\n<\/tr>\n<tr class=\"row-4\">\n\t<td class=\"column-1\">67013058<\/td><td class=\"column-2\">Historia contempor\u00e1nea de Espa\u00f1a I \/ <br \/>\nHist\u00f2ria contempor\u00e0nia d\u2019Espanya I<\/td><td class=\"column-3\">1<\/td><td class=\"column-4\">E. Pascual<\/td><td class=\"column-5\">Martes\/Dimarts<\/td><td class=\"column-6\">18.30<\/td><td class=\"column-7\">A. 6<\/td><td class=\"column-8\">Mallorca<\/td>\n<\/tr>\n<tr class=\"row-5\">\n\t<td class=\"column-1\">67013012<\/td><td class=\"column-2\">Prehistoria antigua de la Pen\u00ednsula Ib\u00e9rica\/ <br \/>\nPrehist\u00f2ria antiga de la Pen\u00ednsula Ib\u00e8rica<\/td><td class=\"column-3\">1<\/td><td class=\"column-4\">A. Mezquida<\/td><td class=\"column-5\">Jueves\/Dijous<\/td><td class=\"column-6\">17.30<\/td><td class=\"column-7\">A. 7<br \/>\n<\/td><td class=\"column-8\">Ibiza\/Eivissa<\/td>\n<\/tr>\n<tr class=\"row-6\">\n\t<td class=\"column-1\">67013147<\/td><td class=\"column-2\">Historia de la cultura material de \u00e9poca cl\u00e1sica en pen\u00ednsula\/Hist\u00f2ria de la cultura material d'\u00e8poca cl\u00e0ssica a pen\u00ednsula<\/td><td class=\"column-3\">1<\/td><td class=\"column-4\">A. Mezquida<\/td><td class=\"column-5\">Jueves\/Dijous<\/td><td class=\"column-6\">18.30<\/td><td class=\"column-7\">A. 7<\/td><td class=\"column-8\">Ibiza\/Eivissa<\/td>\n<\/tr>\n<tr class=\"row-7\">\n\t<td class=\"column-1\">67013029<\/td><td class=\"column-2\">Historia Antigua Pen\u00ednsula Ib\u00e9rica I\/ Hist\u00f2ria Antiga Pen\u00ednsula Ib\u00e8rica I<\/td><td class=\"column-3\">1<\/td><td class=\"column-4\">B. Mart\u00ednez<\/td><td class=\"column-5\">Jueves\/Dijous<\/td><td class=\"column-6\">19.30<\/td><td class=\"column-7\">A. 1-2<\/td><td class=\"column-8\">Mallorca<\/td>\n<\/tr>\n<tr class=\"row-8\">\n\t<td class=\"column-1\">67013035<\/td><td class=\"column-2\">Historia medieval de Espa\u00f1a I (siglos VIII \u2013 XIII)\/ <br \/>\nHist\u00f2ria medieval d\u2019Espanya (segles VIII-XIII)<\/td><td class=\"column-3\">1<\/td><td class=\"column-4\">J.M. Gonz\u00e1lez<\/td><td class=\"column-5\">Viernes\/Divendres<\/td><td class=\"column-6\">18.30<\/td><td class=\"column-7\">T. 5<\/td><td class=\"column-8\">Mallorca<\/td>\n<\/tr>\n<tr class=\"row-9\">\n\t<td class=\"column-1\">67013058<\/td><td class=\"column-2\">Historia de la cultura material desde la antig\u00fcedad tard\u00eda a la \u00e9poca industrial \/<br \/>\n Hist\u00f2ria de la cultura material des de l\u2019antiguitat tardana al\u2019\u00e8poca industrial<\/td><td class=\"column-3\">1<\/td><td class=\"column-4\"><\/td><td class=\"column-5\"><\/td><td class=\"column-6\"><\/td><td class=\"column-7\"><\/td><td class=\"column-8\"><\/td>\n<\/tr>\n<\/tbody>\n<\/table>\n<!-- #tablepress-214 from cache --><br \/>\n\n<table id=\"tablepress-216\" class=\"tablepress tablepress-id-216 tbody-has-connected-cells\">\n<tbody class=\"row-striping row-hover\">\n<tr class=\"row-1\">\n\t<td class=\"column-1\"><\/td><td colspan=\"7\" class=\"column-2\"><h5>Tercer curso\/Tercer  curs -  Segundo Cuatrimestre\/Segon quadrimestre<\/h5><\/td>\n<\/tr>\n<tr class=\"row-2\">\n\t<td class=\"column-1\"><strong>C\u00f3digo\/Codi<\/strong><\/td><td class=\"column-2\"><strong>Asignaturas \/ Assignatures<\/strong><\/td><td class=\"column-3\"><strong>C\/Q<\/strong><\/td><td class=\"column-4\"><strong>Profesorado\/ Professorat<\/strong><\/td><td class=\"column-5\"><strong>D\u00eda\/Dia<\/strong><\/td><td class=\"column-6\"><strong>Hora<\/strong><\/td><td class=\"column-7\"><strong>Aula<\/strong><\/td><td class=\"column-8\"><strong>Sede<\/strong><\/td>\n<\/tr>\n<tr class=\"row-3\">\n\t<td class=\"column-1\">67013101<\/td><td class=\"column-2\">Historia moderna de Espa\u00f1a II (1665-1808) \/ Hist\u00f2ria moderna d\u2019Espanya II (1665-1808)<\/td><td class=\"column-3\">2<\/td><td class=\"column-4\">E.Pascual<\/td><td class=\"column-5\">Martes\/Dimarts<br \/>\n<br \/>\n<\/td><td class=\"column-6\">17.30<\/td><td class=\"column-7\">A. 6<\/td><td class=\"column-8\">Mallorca<\/td>\n<\/tr>\n<tr class=\"row-4\">\n\t<td class=\"column-1\">67013118<\/td><td class=\"column-2\">Historia contempor\u00e1nea de Espa\u00f1a II (desde 1923) \/ Hist\u00f2ria contempor\u00e0nia d\u2019Espanya II (des de 1923)<\/td><td class=\"column-3\">2<\/td><td class=\"column-4\">E. Pascual<\/td><td class=\"column-5\">Martes\/Dimarts<br \/>\n<\/td><td class=\"column-6\">18.30<\/td><td class=\"column-7\">A. 6<\/td><td class=\"column-8\">Mallorca<\/td>\n<\/tr>\n<tr class=\"row-5\">\n\t<td class=\"column-1\">67013070<\/td><td class=\"column-2\">Prehistoria reciente de la Pen\u00ednsula Ib\u00e9rica \/ Prehist\u00f2ria recent de la Pen\u00ednsula Ib\u00e9rica<br \/>\n<\/td><td class=\"column-3\">2<\/td><td class=\"column-4\">A.Mezquida<\/td><td class=\"column-5\">Jueves\/Dijous<br \/>\n<br \/>\n<\/td><td class=\"column-6\">18.30<\/td><td class=\"column-7\">A. 7<\/td><td class=\"column-8\">Ibiza\/Eivissa<\/td>\n<\/tr>\n<tr class=\"row-6\">\n\t<td class=\"column-1\">67013087<\/td><td class=\"column-2\">Historia antigua de la Pen\u00ednsula Ib\u00e9rica II\/ Hist\u00f2ria antita de la Pen\u00ednsula Ib\u00e9rica II<\/td><td class=\"column-3\">2<\/td><td class=\"column-4\">B. Mart\u00ednez<br \/>\n<\/td><td class=\"column-5\">Jueves\/Dijous<\/td><td class=\"column-6\">19.30<\/td><td class=\"column-7\">A. 6<\/td><td class=\"column-8\">Mallorca<\/td>\n<\/tr>\n<tr class=\"row-7\">\n\t<td class=\"column-1\">67013124<\/td><td class=\"column-2\">Paleograf\u00eda y Diplom\u00e1tica\/Paleografia i Diplom\u00e0tica I<\/td><td class=\"column-3\">2<\/td><td class=\"column-4\">A. Ortega<\/td><td class=\"column-5\">Viernes\/Divendres<\/td><td class=\"column-6\">16.30<\/td><td class=\"column-7\">T. 1<\/td><td class=\"column-8\">Mallorca<\/td>\n<\/tr>\n<tr class=\"row-8\">\n\t<td class=\"column-1\">67013093<\/td><td class=\"column-2\">Historia medieval de Espa\u00f1a II (siglos XIV-XV) \/ Hist\u00f2ria medieval d\u2019Espanya II (segles XIV-XV)<br \/>\n<\/td><td class=\"column-3\">2<\/td><td class=\"column-4\">J.M. Gonz\u00e1lez<\/td><td class=\"column-5\">Viernes\/Divendres<\/td><td class=\"column-6\">17.30<\/td><td class=\"column-7\">T. 7<\/td><td class=\"column-8\">Mallorca<\/td>\n<\/tr>\n<\/tbody>\n<\/table>\n<!-- #tablepress-216 from cache --><br \/>\n\n<table id=\"tablepress-217\" class=\"tablepress tablepress-id-217 tbody-has-connected-cells\">\n<tbody class=\"row-striping row-hover\">\n<tr class=\"row-1\">\n\t<td class=\"column-1\"><\/td><td colspan=\"7\" class=\"column-2\"><h5>Cuarto curso\/ Quart  curs - Anual<\/h5><\/td>\n<\/tr>\n<tr class=\"row-2\">\n\t<td class=\"column-1\"><strong>C\u00f3digo\/Codi<\/strong><\/td><td class=\"column-2\"><strong>Asignaturas \/ Assignatures<\/strong><\/td><td class=\"column-3\"><strong>C\/Q<\/strong><\/td><td class=\"column-4\"><strong>Profesorado\/ Professorat<\/strong><\/td><td class=\"column-5\"><strong>D\u00eda\/Dia<\/strong><\/td><td class=\"column-6\"><strong>Hora<\/strong><\/td><td class=\"column-7\"><strong>Aula<\/strong><\/td><td class=\"column-8\"><strong>Sede<\/strong><\/td>\n<\/tr>\n<tr class=\"row-3\">\n\t<td class=\"column-1\">69011017<\/td><td class=\"column-2\">Introducci\u00f3n a la Sociolog\u00eda \/Introducci\u00f3 a la Sociologia <\/td><td class=\"column-3\">1<\/td><td class=\"column-4\">A. Gornals<\/td><td class=\"column-5\">Jueves\/Dijous<\/td><td class=\"column-6\">17:30<\/td><td class=\"column-7\">T. 5<\/td><td class=\"column-8\">Mallorca<\/td>\n<\/tr>\n<tr class=\"row-4\">\n\t<td class=\"column-1\">64011053<\/td><td class=\"column-2\">Lengua moderna I: Ingl\u00e9s<\/td><td class=\"column-3\">1<\/td><td class=\"column-4\">A. Tobar\u00edas<\/td><td class=\"column-5\">Viernes\/Divendres<\/td><td class=\"column-6\">16:30<\/td><td class=\"column-7\">Ibiza<\/td><td class=\"column-8\">Ibiza<\/td>\n<\/tr>\n<tr class=\"row-5\">\n\t<td class=\"column-1\">67014017<br \/>\n67014276<br \/>\n67014282<\/td><td class=\"column-2\">Trabajo de Fin de Grado \/ Treball de fi de Grau<\/td><td class=\"column-3\">Anual<\/td><td class=\"column-4\">INTERCAMPUS<\/td><td class=\"column-5\"><\/td><td class=\"column-6\">El estudiante se ha de poner en contacto con el E.D. en el Foro de Tutor\u00eda en la Plataforma Alf a principios de curso. L'estudiant s'ha de posar en contacte amb l'ED al forum de tutoria a la plataforma Alf a principi de curs.<\/td><td class=\"column-7\"><\/td><td class=\"column-8\"><\/td>\n<\/tr>\n<tr class=\"row-6\">\n\t<td class=\"column-1\"><\/td><td class=\"column-2\">Optativas \/ Optatives<\/td><td class=\"column-3\">Anual<\/td><td class=\"column-4\">INTERCAMPUS<\/td><td class=\"column-5\"><\/td><td class=\"column-6\"><\/td><td class=\"column-7\"><\/td><td class=\"column-8\"><\/td>\n<\/tr>\n<\/tbody>\n<\/table>\n<!-- #tablepress-217 from cache --><br \/>\n<!-- The table with the ID 386 is empty! --><!-- #tablepress-386 from cache --><\/p>\n<p>Ibiza-Eivissa: la clase se emite desde Ibiza \/ la classe s\u2019emet des d\u2019Eivissa<b><\/b><\/p>\n<p>Menorca<b>: <\/b>la clase se emite desde Menorca \/ la classe s\u2019emet des de Menorca<b><\/b><\/p>\n<p>Mallorca: la clase se emite desde Mallorca \/ la classe s\u2019emet des de Mallorca<\/p>\n<p>&nbsp;<\/p>\n","protected":false},"excerpt":{"rendered":"<p>RECURSOS Compra de material en\u00a0Librer\u00eda virtual Listado de asignaturas HORARIOS \/ HORARIS\u00a0(2022-2023)\u00a0 GRADO EN GEOGRAF\u00cdA E HISTORIA GRAU EN GEOGRAFIA I HIST\u00d2RIA Ibiza-Eivissa: la clase se emite desde Ibiza \/ la classe s\u2019emet des d\u2019Eivissa Menorca: la clase se emite desde Menorca \/ la classe s\u2019emet des de Menorca Mallorca: la clase se emite desde [&hellip;]<\/p>\n","protected":false},"author":1,"featured_media":0,"parent":1311,"menu_order":0,"comment_status":"closed","ping_status":"closed","template":"","meta":{"_acf_changed":false,"footnotes":""},"acf":[],"_links":{"self":[{"href":"https:\/\/uned-illesbalears.net\/ca\/wp-json\/wp\/v2\/pages\/1279"}],"collection":[{"href":"https:\/\/uned-illesbalears.net\/ca\/wp-json\/wp\/v2\/pages"}],"about":[{"href":"https:\/\/uned-illesbalears.net\/ca\/wp-json\/wp\/v2\/types\/page"}],"author":[{"embeddable":true,"href":"https:\/\/uned-illesbalears.net\/ca\/wp-json\/wp\/v2\/users\/1"}],"replies":[{"embeddable":true,"href":"https:\/\/uned-illesbalears.net\/ca\/wp-json\/wp\/v2\/comments?post=1279"}],"version-history":[{"count":3,"href":"https:\/\/uned-illesbalears.net\/ca\/wp-json\/wp\/v2\/pages\/1279\/revisions"}],"predecessor-version":[{"id":217754,"href":"https:\/\/uned-illesbalears.net\/ca\/wp-json\/wp\/v2\/pages\/1279\/revisions\/217754"}],"up":[{"embeddable":true,"href":"https:\/\/uned-illesbalears.net\/ca\/wp-json\/wp\/v2\/pages\/1311"}],"wp:attachment":[{"href":"https:\/\/uned-illesbalears.net\/ca\/wp-json\/wp\/v2\/media?parent=1279"}],"curies":[{"name":"wp","href":"https:\/\/api.w.org\/{rel}","templated":true}]}}