{"id":1277,"date":"2013-09-01T16:02:41","date_gmt":"2013-09-01T16:02:41","guid":{"rendered":"https:\/\/uned-illesbalears.net\/?page_id=1277"},"modified":"2013-09-01T16:02:41","modified_gmt":"2013-09-01T16:02:41","slug":"dret-menorca-eivissa","status":"publish","type":"page","link":"https:\/\/uned-illesbalears.net\/ca\/recursos-para-estudiantes\/classes-de-tutoria\/ibiza-clases-tutorias\/dret-menorca-eivissa\/","title":{"rendered":"Dret Menorca-Eivissa"},"content":{"rendered":"<h5><b>HORARIOS \/ HORARIS (2013\/2014) <\/b><\/h5>\n<h5>GRADO EN DERECHO<\/h5>\n<h5>GRADO EN DRET<\/h5>\n<table width=\"680\" border=\"0\" cellspacing=\"0\" cellpadding=\"0\">\n<tbody>\n<tr>\n<td valign=\"top\" width=\"170\">\n<h6 align=\"center\"><b>Materia \/ Mat\u00e8ria<\/b><\/h6>\n<\/td>\n<td valign=\"top\" width=\"76\">\n<h6 align=\"center\"><b>C\/Q<\/b><\/h6>\n<\/td>\n<td valign=\"top\" width=\"123\">\n<h6 align=\"center\"><b>Profesorado \/<\/b><\/h6>\n<h6 align=\"center\"><b>Professorat<\/b><\/h6>\n<\/td>\n<td valign=\"top\" width=\"76\">\n<h6 align=\"center\"><b>D\u00eda \/ Dia<\/b><\/h6>\n<\/td>\n<td colspan=\"2\" valign=\"top\" width=\"66\">\n<h6 align=\"center\"><b>Hora<\/b><\/h6>\n<\/td>\n<td valign=\"top\" width=\"57\">\n<h6 align=\"center\"><b>Aula<\/b><\/h6>\n<\/td>\n<td valign=\"top\" width=\"113\">\n<h6 align=\"center\"><b>Sala<\/b><\/h6>\n<h6 align=\"center\"><b>Web<\/b><b><\/b><\/h6>\n<\/td>\n<\/tr>\n<tr>\n<td colspan=\"8\" valign=\"top\" width=\"680\">\n<h6><b>Primer curso \/ Primer curs<\/b><\/h6>\n<\/td>\n<\/tr>\n<tr>\n<td valign=\"top\" width=\"170\">Derecho Civil I (Parte general, persona y familia \/ Dret Civil I (Part general, persona i fam\u00edlia)<\/td>\n<td valign=\"top\" width=\"76\">\n<p align=\"center\">Anual<\/p>\n<\/td>\n<td valign=\"top\" width=\"123\">\n<p align=\"center\">M\u00aa Carmen Mar\u00edn<\/p>\n<\/td>\n<td valign=\"top\" width=\"76\">\n<p align=\"center\">Mi\u00e9rcoles\/ Dimecres<\/p>\n<\/td>\n<td valign=\"top\" width=\"57\">\n<p align=\"center\">19,00<\/p>\n<\/td>\n<td colspan=\"2\" valign=\"top\" width=\"66\">\n<p align=\"center\">Ibiza\/ Eivissa<\/p>\n<p align=\"center\">Aula 1<\/p>\n<\/td>\n<td valign=\"top\" width=\"113\">\n<p align=\"center\">Menorca-<\/p>\n<p align=\"center\">Ibiza-Derecho1<\/p>\n<\/td>\n<\/tr>\n<tr>\n<td valign=\"top\" width=\"170\">Teor\u00eda del derecho \/ Teoria del dret<\/td>\n<td valign=\"top\" width=\"76\">\n<p align=\"center\">1<\/p>\n<\/td>\n<td valign=\"top\" width=\"123\">\n<p align=\"center\">Vicente Vaquero<\/p>\n<\/td>\n<td valign=\"top\" width=\"76\">\n<p align=\"center\">Lunes\/ Dilluns<\/p>\n<\/td>\n<td valign=\"top\" width=\"57\">\n<p align=\"center\">18,00<\/p>\n<\/td>\n<td colspan=\"2\" valign=\"top\" width=\"66\">\n<p align=\"center\">Menorca<\/p>\n<p align=\"center\">Aula C<\/p>\n<\/td>\n<td valign=\"top\" width=\"113\">\n<p align=\"center\">Menorca-<\/p>\n<p align=\"center\">Ibiza-Derecho1<\/p>\n<\/td>\n<\/tr>\n<tr>\n<td valign=\"top\" width=\"170\">Introducci\u00f3n al Derecho Procesal \/ Introducci\u00f3 al Dret Processal<\/td>\n<td valign=\"top\" width=\"76\">\n<p align=\"center\">1<\/p>\n<\/td>\n<td valign=\"top\" width=\"123\">\n<p align=\"center\">Antonio Torres<\/p>\n<\/td>\n<td valign=\"top\" width=\"76\">\n<p align=\"center\">Viernes\/ Divendres<\/p>\n<\/td>\n<td valign=\"top\" width=\"57\">\n<p align=\"center\">18,00<\/p>\n<\/td>\n<td colspan=\"2\" valign=\"top\" width=\"66\">\n<p align=\"center\">Ibiza\/ Eivissa<\/p>\n<p align=\"center\">Aula 12<\/p>\n<p align=\"center\">\n<\/td>\n<td valign=\"top\" width=\"113\">\n<p align=\"center\">Menorca-<\/p>\n<p align=\"center\">Ibiza-Derecho1<\/p>\n<\/td>\n<\/tr>\n<tr>\n<td valign=\"top\" width=\"170\">Fundamentos cl\u00e1sicos de la democracia y de la administraci\u00f3n \/ Fonaments cl\u00e0sics de la democracia i de l\u2019administraci\u00f3<\/td>\n<td valign=\"top\" width=\"76\">\n<p align=\"center\">1<\/p>\n<\/td>\n<td valign=\"top\" width=\"123\">\n<p align=\"center\">&#8212;&#8212;-<\/p>\n<\/td>\n<td valign=\"top\" width=\"76\">\n<p align=\"center\">&#8212;&#8212;<\/p>\n<\/td>\n<td valign=\"top\" width=\"57\">\n<p align=\"center\">&#8212;&#8211;<\/p>\n<\/td>\n<td colspan=\"2\" valign=\"top\" width=\"66\">\n<p align=\"center\">&#8212;&#8211;<\/p>\n<\/td>\n<td valign=\"top\" width=\"113\">\n<p align=\"center\">Menorca-<\/p>\n<p>Ibiza-Derecho1<\/td>\n<\/tr>\n<tr>\n<td valign=\"top\" width=\"170\">Historia del Derecho Espa\u00f1ol \/ Hist\u00f2ria del Dret Espanyol<\/td>\n<td valign=\"top\" width=\"76\">\n<p align=\"center\">1<\/p>\n<\/td>\n<td valign=\"top\" width=\"123\">\n<p align=\"center\">Josefa Juan<\/p>\n<\/td>\n<td valign=\"top\" width=\"76\">\n<p align=\"center\">Mi\u00e9rcoles\/<\/p>\n<p align=\"center\">Dimecres<\/p>\n<\/td>\n<td valign=\"top\" width=\"57\">\n<p align=\"center\">18,00<\/p>\n<\/td>\n<td colspan=\"2\" valign=\"top\" width=\"66\">\n<p align=\"center\">Ibiza\/ Eivissa<\/p>\n<p align=\"center\">Aula 1<\/p>\n<\/td>\n<td valign=\"top\" width=\"113\">\n<p align=\"center\">Menorca-<\/p>\n<p align=\"center\">Ibiza-Derecho1<\/p>\n<\/td>\n<\/tr>\n<tr>\n<td valign=\"top\" width=\"170\">Teor\u00eda del Estado Constitucional \/ Teoria de l\u2019Estat Constitucional<\/td>\n<td valign=\"top\" width=\"76\">\n<p align=\"center\">1<\/p>\n<\/td>\n<td valign=\"top\" width=\"123\">\n<p align=\"center\">Antonio Torres<\/p>\n<\/td>\n<td valign=\"top\" width=\"76\">\n<p align=\"center\">Lunes\/ Dilluns<\/p>\n<\/td>\n<td valign=\"top\" width=\"57\">\n<p align=\"center\">19,30<\/p>\n<\/td>\n<td colspan=\"2\" valign=\"top\" width=\"66\">\n<p align=\"center\">Ibiza\/ Eivissa<\/p>\n<p align=\"center\">Aula 12<\/p>\n<p align=\"center\">\n<\/td>\n<td valign=\"top\" width=\"113\">\n<p align=\"center\">Menorca-<\/p>\n<p align=\"center\">Ibiza-Derecho1<\/p>\n<\/td>\n<\/tr>\n<tr>\n<td valign=\"top\" width=\"170\">Derecho Constitucional I \/Dret Constitucional I<\/td>\n<td valign=\"top\" width=\"76\">\n<p align=\"center\">2<\/p>\n<\/td>\n<td valign=\"top\" width=\"123\">\n<p align=\"center\">Vicente Vaquero<\/p>\n<\/td>\n<td valign=\"top\" width=\"76\">\n<p align=\"center\">Lunes\/ Dilluns<\/p>\n<\/td>\n<td valign=\"top\" width=\"57\">\n<p align=\"center\">18,00<\/p>\n<\/td>\n<td colspan=\"2\" valign=\"top\" width=\"66\">\n<p align=\"center\">Menorca<\/p>\n<p align=\"center\">Aula C<\/p>\n<\/td>\n<td valign=\"top\" width=\"113\">\n<p align=\"center\">Menorca-<\/p>\n<p align=\"center\">Ibiza-Derecho1<\/p>\n<\/td>\n<\/tr>\n<tr>\n<td valign=\"top\" width=\"170\">Derecho Romano\/ Dret Rom\u00e0<\/td>\n<td valign=\"top\" width=\"76\">\n<p align=\"center\">2<\/p>\n<\/td>\n<td valign=\"top\" width=\"123\">\n<p align=\"center\">Josefa Juan<\/p>\n<\/td>\n<td valign=\"top\" width=\"76\">\n<p align=\"center\">Mi\u00e9rcoles\/<\/p>\n<p align=\"center\">Dimecres<\/p>\n<\/td>\n<td valign=\"top\" width=\"57\">\n<p align=\"center\">17,00<\/p>\n<\/td>\n<td colspan=\"2\" valign=\"top\" width=\"66\">\n<p align=\"center\">Ibiza\/ Eivissa<\/p>\n<p align=\"center\">Aula 1<\/p>\n<\/td>\n<td valign=\"top\" width=\"113\">\n<p align=\"center\">Menorca-<\/p>\n<p align=\"center\">Ibiza-Derecho1<\/p>\n<\/td>\n<\/tr>\n<tr>\n<td valign=\"top\" width=\"170\">Cultura Europea en Espa\u00f1a \/ Cultura Europea a Espanya<\/td>\n<td valign=\"top\" width=\"76\">\n<p align=\"center\">2<\/p>\n<\/td>\n<td valign=\"top\" width=\"123\">\n<p align=\"center\">Josefa Juan<\/p>\n<\/td>\n<td valign=\"top\" width=\"76\">\n<p align=\"center\">Mi\u00e9rcoles\/<\/p>\n<p align=\"center\">Dimecres<\/p>\n<\/td>\n<td valign=\"top\" width=\"57\">\n<p align=\"center\">18,00<\/p>\n<\/td>\n<td colspan=\"2\" valign=\"top\" width=\"66\">\n<p align=\"center\">Ibiza\/ Eivissa<\/p>\n<p align=\"center\">Aula 1<\/p>\n<\/td>\n<td valign=\"top\" width=\"113\">\n<p align=\"center\">Menorca-<\/p>\n<p align=\"center\">Ibiza-Derecho1<\/p>\n<\/td>\n<\/tr>\n<tr>\n<td valign=\"top\" width=\"170\">Derecho Administrativo I \/ Dret Administratiu I<\/td>\n<td valign=\"top\" width=\"76\">\n<p align=\"center\">2<\/p>\n<\/td>\n<td valign=\"top\" width=\"123\">\n<p align=\"center\">Margarita Bonet<\/p>\n<\/td>\n<td valign=\"top\" width=\"76\">\n<p align=\"center\">Martes \/ Dimarts<\/p>\n<\/td>\n<td valign=\"top\" width=\"57\">\n<p align=\"center\">18,00<\/p>\n<\/td>\n<td colspan=\"2\" valign=\"top\" width=\"66\">\n<p align=\"center\">Ibiza\/ Eivissa<\/p>\n<p align=\"center\">Aula 12<\/p>\n<\/td>\n<td valign=\"top\" width=\"113\">\n<p align=\"center\">Menorca-<\/p>\n<p align=\"center\">Ibiza-Derecho1<\/p>\n<\/td>\n<\/tr>\n<tr>\n<td colspan=\"8\" valign=\"top\" width=\"680\">\n<h6><b>S<\/b><b>egundo curso\/Segon curs<\/b><\/h6>\n<\/td>\n<\/tr>\n<tr>\n<td valign=\"top\" width=\"170\">Derecho Penal I \/ Dret Penal I<\/td>\n<td valign=\"top\" width=\"76\">\n<p align=\"center\">Anual<\/p>\n<\/td>\n<td valign=\"top\" width=\"123\">\n<p align=\"center\">Antonio Torres<\/p>\n<\/td>\n<td valign=\"top\" width=\"76\">\n<p align=\"center\">Lunes\/ Dilluns<\/p>\n<\/td>\n<td valign=\"top\" width=\"57\">\n<p align=\"center\">18,30<\/p>\n<\/td>\n<td colspan=\"2\" valign=\"top\" width=\"66\">\n<p align=\"center\">Ibiza\/ Eivissa<\/p>\n<p align=\"center\">Aula 12<\/p>\n<\/td>\n<td valign=\"top\" width=\"113\">\n<p align=\"center\">Menorca-<\/p>\n<p align=\"center\">Ibiza-Derecho2<\/p>\n<\/td>\n<\/tr>\n<tr>\n<td valign=\"top\" width=\"170\">Derecho Civil II: Obligaciones y contratos\/ Dret Civil II: Obligacions i contractes<\/td>\n<td valign=\"top\" width=\"76\">\n<p align=\"center\">Anual<\/p>\n<\/td>\n<td valign=\"top\" width=\"123\">\n<p align=\"center\">Francisco Olives<\/p>\n<\/td>\n<td valign=\"top\" width=\"76\">\n<p align=\"center\">Martes \/ Dimarts<\/p>\n<\/td>\n<td valign=\"top\" width=\"57\">\n<p align=\"center\">17,30<\/p>\n<\/td>\n<td colspan=\"2\" valign=\"top\" width=\"66\">\n<p align=\"center\">Menorca<\/p>\n<p align=\"center\">Aula D<\/p>\n<\/td>\n<td valign=\"top\" width=\"113\">\n<p align=\"center\">Menorca-<\/p>\n<p align=\"center\">Ibiza-Derecho2<\/p>\n<\/td>\n<\/tr>\n<tr>\n<td valign=\"top\" width=\"170\">Econom\u00eda Pol\u00edtica \/ Economia Pol\u00edtica<\/td>\n<td valign=\"top\" width=\"76\">\n<p align=\"center\">1<\/p>\n<\/td>\n<td valign=\"top\" width=\"123\">\n<p align=\"center\">Pedro Guasch<\/p>\n<\/td>\n<td valign=\"top\" width=\"76\">\n<p align=\"center\">Lunes\/ Dilluns<\/p>\n<\/td>\n<td valign=\"top\" width=\"57\">\n<p align=\"center\">17,00<\/p>\n<\/td>\n<td colspan=\"2\" valign=\"top\" width=\"66\">\n<p align=\"center\">Ibiza\/ Eivissa<\/p>\n<p align=\"center\">Aula 1<\/p>\n<\/td>\n<td valign=\"top\" width=\"113\">\n<p align=\"center\">Menorca-<\/p>\n<p align=\"center\">Ibiza-Derecho2<\/p>\n<\/td>\n<\/tr>\n<tr>\n<td valign=\"top\" width=\"170\">Derecho Constitucional II \/ Dret Constitucional II<\/td>\n<td valign=\"top\" width=\"76\">\n<p align=\"center\">1<\/p>\n<\/td>\n<td valign=\"top\" width=\"123\">\n<p align=\"center\">Francisco Olives<\/p>\n<\/td>\n<td valign=\"top\" width=\"76\">\n<p align=\"center\">Martes \/ Dimarts<\/p>\n<\/td>\n<td valign=\"top\" width=\"57\">\n<p align=\"center\">18,30<\/p>\n<\/td>\n<td colspan=\"2\" valign=\"top\" width=\"66\">\n<p align=\"center\">Menorca<\/p>\n<p align=\"center\">Aula D<\/p>\n<\/td>\n<td valign=\"top\" width=\"113\">\n<p align=\"center\">Menorca-<\/p>\n<p align=\"center\">Ibiza-Derecho2<\/p>\n<\/td>\n<\/tr>\n<tr>\n<td valign=\"top\" width=\"170\">Derecho Constitucional III\/ Dret Constitucional III<\/td>\n<td valign=\"top\" width=\"76\">\n<p align=\"center\">1<\/p>\n<\/td>\n<td valign=\"top\" width=\"123\">\n<p align=\"center\">Francisco Olives<\/p>\n<\/td>\n<td valign=\"top\" width=\"76\">\n<p align=\"center\">Martes \/ Dimarts<\/p>\n<\/td>\n<td valign=\"top\" width=\"57\">\n<p align=\"center\">18,30<\/p>\n<\/td>\n<td colspan=\"2\" valign=\"top\" width=\"66\">\n<p align=\"center\">Menorca<\/p>\n<p align=\"center\">Aula D<\/p>\n<\/td>\n<td valign=\"top\" width=\"113\">\n<p align=\"center\">Menorca-<\/p>\n<p align=\"center\">Ibiza-Derecho2<\/p>\n<\/td>\n<\/tr>\n<tr>\n<td valign=\"top\" width=\"170\">Hacienda P\u00fablica \/ Hisenda P\u00fablica<\/td>\n<td valign=\"top\" width=\"76\">\n<p align=\"center\">1<\/p>\n<\/td>\n<td valign=\"top\" width=\"123\">\n<p align=\"center\">Pedro Guasch<\/p>\n<\/td>\n<td valign=\"top\" width=\"76\">\n<p align=\"center\">Lunes\/ Dilluns<\/p>\n<\/td>\n<td valign=\"top\" width=\"57\">\n<p align=\"center\">17,00<\/p>\n<\/td>\n<td colspan=\"2\" valign=\"top\" width=\"66\">\n<p align=\"center\">Ibiza\/ Eivissa<\/p>\n<p align=\"center\">Aula 1<\/p>\n<\/td>\n<td valign=\"top\" width=\"113\">\n<p align=\"center\">Menorca-<\/p>\n<p align=\"center\">Ibiza-Derecho2<\/p>\n<\/td>\n<\/tr>\n<tr>\n<td colspan=\"8\" valign=\"top\" width=\"680\">\n<h6>Tercer curso \/ Tercer curs<\/h6>\n<p>&nbsp;<\/td>\n<\/tr>\n<tr>\n<td valign=\"top\" width=\"170\">Derecho Penal II \/ Dret Penal II<\/td>\n<td valign=\"top\" width=\"76\">\n<p align=\"center\">Anual<\/p>\n<\/td>\n<td valign=\"top\" width=\"123\">\n<p align=\"center\">Antonio Torres<\/p>\n<\/td>\n<td colspan=\"5\" valign=\"top\" width=\"312\">\n<p align=\"center\"><b>CLASES\/TUTORIAS<\/b><\/p>\n<p align=\"center\"><b>INTRACENTRO<\/b><\/p>\n<p align=\"center\"><b>CLASSES TUTORIES<\/b><\/p>\n<p align=\"center\"><b>INTRACENTRE<\/b><\/p>\n<p align=\"center\">(**)<\/p>\n<\/td>\n<\/tr>\n<tr>\n<td valign=\"top\" width=\"170\">Derecho Mercantil I\/Dret Mercantil I<\/td>\n<td valign=\"top\" width=\"76\">\n<p align=\"center\">Anual<\/p>\n<\/td>\n<td valign=\"top\" width=\"123\">\n<p align=\"center\">Josefa Juan<\/p>\n<\/td>\n<td colspan=\"5\" valign=\"top\" width=\"312\">\n<p align=\"center\"><b>CLASES\/TUTORIAS<\/b><\/p>\n<p align=\"center\"><b>INTRACAMPUS<\/b><\/p>\n<p align=\"center\"><b>CLASSES TUTORIES<\/b><\/p>\n<p align=\"center\"><b>INTRACAMPUS<\/b><\/p>\n<p align=\"center\"><b>\u00a0<\/b><\/p>\n<\/td>\n<\/tr>\n<\/tbody>\n<\/table>\n<p><b>\u00a0<\/b><\/p>\n<p><b>Ibiza-Eivissa: <\/b>la clase se emite desde Ibiza \/ la classe s\u2019emet des d\u2019Eivissa<b><\/b><\/p>\n<p><b>Menorca: <\/b>la clase se emite desde Menorca \/ la classe s\u2019emet des de Menorca<b><\/b><\/p>\n<p><b>Mallorca: <\/b>la clase se emite desde Mallorca \/ la classe s\u2019emet des de Mallorca<\/p>\n<p>&nbsp;<\/p>\n<p>&nbsp;<\/p>\n<p>(**) <b>CLASES\/TUTORIAS INTRACENTRO\/ <i>CLASSES TUTORIES INTRACENTRE<\/i><\/b><\/p>\n<p>Los alumnos dispondr\u00e1n de 9 clases grabadas, y disponibles en el Foro de la Tutor\u00eda y en la p\u00e1gina web del Centro: <a href=\"https:\/\/uned-illesbalears.net\/\">www.uned-illesbalears.net<\/a>, con el siguiente calendario:<\/p>\n<p><span style=\"text-decoration: underline;\">1\u00ba cuatrimestre<\/span>:<\/p>\n<p>Semanas del 14, 21 y 28 de octubre. 4, 11, 18\u00a0 y 25 de noviembre. 9 y 16 de diciembre.<\/p>\n<p><span style=\"text-decoration: underline;\">2\u00ba cuatrimestre<\/span>:<\/p>\n<p>Semanas del 17 y 24 de febrero. 3, 10, 17, 24 y 31 de marzo. 7 y 28 de abril.<\/p>\n<p><i>Els alumnes disposaran de 9 classes gravades, i disponibles en el F\u00f2rum de la Tutoria i en la p\u00e0gina web del Centre: <a href=\"https:\/\/uned-illesbalears.net\/\">www.uned-illesbalears.net<\/a>, amb el seg\u00fcent calendari:<\/i><\/p>\n<p><i><span style=\"text-decoration: underline;\">1r quadrimestre<\/span><\/i><i>:<\/i><\/p>\n<p><i>Setmanes del <\/i><i>14, 21 i 28 <\/i><i>d\u2019octubre. <\/i><i>4, 11, 18\u00a0 i 25 <\/i><i>de novembre. <\/i><i>9 i 16 <\/i><i>de desembre.<\/i><\/p>\n<p><i><span style=\"text-decoration: underline;\">2n quadrimestre<\/span><\/i><i>:<\/i><\/p>\n<p><i>Setmanes del <\/i><i>17 i 24 <\/i><i>\u00a0de febrer. <\/i><i>3, 10, 17, 24 i 31 <\/i><i>de mar\u00e7. 7 i 28 d\u2019abril. <\/i><\/p>\n<p>EL PROFESOR TUTOR IMPARTIR\u00c1, AL MENOS, EL 50% DE CLASES PRESENCIALES EN EL CENTRO, DE ENTRE LAS 9 PROGRAMADAS, POR CUATRIMESTRE, PREVIA CONVOCATORIA A LOS ESTUDIANTES. DICHA CLASE-TUTOR\u00cdA TAMBI\u00c9N SE EMITIR\u00c1 EN DIRECTO Y SE GRABAR\u00c1.<\/p>\n<p><i>EL PROFESSOR<\/i><i> TUTOR S&#8217;IMPARTIR\u00c0, AL MENYS, EL 50% DE CLASSES PRESENCIALS AL CENTRE, D&#8217;ENTRE LES 9 PROGRAMADES, PER QUADRIMESTRE, PR\u00c8VIA CONVOCAT\u00d2RIA ALS ESTUDIANTS. DITA CLASSE<\/i><i>&#8211;<\/i><i>TUTORIA TAMB\u00c9 S&#8217;EMETR\u00c0 EN DIRECTE I ES GRAVAR\u00c0.\u00a0<\/i><\/p>\n","protected":false},"excerpt":{"rendered":"<p>HORARIOS \/ HORARIS (2013\/2014) GRADO EN DERECHO GRADO EN DRET Materia \/ Mat\u00e8ria C\/Q Profesorado \/ Professorat D\u00eda \/ Dia Hora Aula Sala Web Primer curso \/ Primer curs Derecho Civil I (Parte general, persona y familia \/ Dret Civil I (Part general, persona i fam\u00edlia) Anual M\u00aa Carmen Mar\u00edn Mi\u00e9rcoles\/ Dimecres 19,00 Ibiza\/ Eivissa [&hellip;]<\/p>\n","protected":false},"author":1,"featured_media":0,"parent":1311,"menu_order":0,"comment_status":"closed","ping_status":"closed","template":"","meta":{"_acf_changed":false,"footnotes":""},"acf":[],"_links":{"self":[{"href":"https:\/\/uned-illesbalears.net\/ca\/wp-json\/wp\/v2\/pages\/1277"}],"collection":[{"href":"https:\/\/uned-illesbalears.net\/ca\/wp-json\/wp\/v2\/pages"}],"about":[{"href":"https:\/\/uned-illesbalears.net\/ca\/wp-json\/wp\/v2\/types\/page"}],"author":[{"embeddable":true,"href":"https:\/\/uned-illesbalears.net\/ca\/wp-json\/wp\/v2\/users\/1"}],"replies":[{"embeddable":true,"href":"https:\/\/uned-illesbalears.net\/ca\/wp-json\/wp\/v2\/comments?post=1277"}],"version-history":[{"count":0,"href":"https:\/\/uned-illesbalears.net\/ca\/wp-json\/wp\/v2\/pages\/1277\/revisions"}],"up":[{"embeddable":true,"href":"https:\/\/uned-illesbalears.net\/ca\/wp-json\/wp\/v2\/pages\/1311"}],"wp:attachment":[{"href":"https:\/\/uned-illesbalears.net\/ca\/wp-json\/wp\/v2\/media?parent=1277"}],"curies":[{"name":"wp","href":"https:\/\/api.w.org\/{rel}","templated":true}]}}