{"id":1270,"date":"2013-09-01T15:58:31","date_gmt":"2013-09-01T15:58:31","guid":{"rendered":"https:\/\/uned-illesbalears.net\/?page_id=1270"},"modified":"2024-11-11T15:56:14","modified_gmt":"2024-11-11T14:56:14","slug":"banc-dexamens","status":"publish","type":"page","link":"https:\/\/uned-illesbalears.net\/ca\/recursos-para-estudiantes\/banc-dexamens\/","title":{"rendered":"Banc d&#8217;ex\u00e0mens"},"content":{"rendered":"<h6>Pot vost\u00e8 descarregar enunciats d&#8217;ex\u00e0mens de convocat\u00f2ries anteriors en la web dels Centres de Barbastro i Calatayud.<\/h6>\n<h6>Haur\u00e0 vost\u00e8 que identificar-se en portal UNED per poder accedir als enunciats.<\/h6>\n<h6>Enlla\u00e7 banc d&#8217;ex\u00e0mens del centre de Barbastro: <span style=\"color: #008000;\"><a title=\"Enunciats ex\u00e0mens\" href=\"http:\/\/www.unedbarbastro.es\/Default.aspx?id_servicio=146\" target=\"_blank\" rel=\"noopener\"><span style=\"color: #008000;\">EX\u00c0MENS \u00a0CONVOCAT\u00d2RIES ANTERIORS<\/span><\/a><\/span><\/h6>\n<h6>Enla\u00e7 banc d&#8217;ex\u00e0mens del centre de Calatayud: <span style=\"color: #008000;\"><a title=\"Enunciats ex\u00e0mens\" href=\"http:\/\/www.calatayud.uned.es\/examenes\/examenes_step_0.asp\" target=\"_blank\" rel=\"noopener\"><span style=\"color: #008000;\">EX\u00c0MENS \u00a0CONVOCAT\u00d2RIES ANTERIORS<\/span><\/a><\/span><\/h6>\n","protected":false},"excerpt":{"rendered":"<p>Pot vost\u00e8 descarregar enunciats d&#8217;ex\u00e0mens de convocat\u00f2ries anteriors en la web dels Centres de Barbastro i Calatayud. Haur\u00e0 vost\u00e8 que identificar-se en portal UNED per poder accedir als enunciats. Enlla\u00e7 banc d&#8217;ex\u00e0mens del centre de Barbastro: EX\u00c0MENS \u00a0CONVOCAT\u00d2RIES ANTERIORS Enla\u00e7 banc d&#8217;ex\u00e0mens del centre de Calatayud: EX\u00c0MENS \u00a0CONVOCAT\u00d2RIES ANTERIORS<\/p>\n","protected":false},"author":1,"featured_media":0,"parent":1031,"menu_order":0,"comment_status":"closed","ping_status":"closed","template":"","meta":{"_acf_changed":false,"footnotes":""},"acf":[],"_links":{"self":[{"href":"https:\/\/uned-illesbalears.net\/ca\/wp-json\/wp\/v2\/pages\/1270"}],"collection":[{"href":"https:\/\/uned-illesbalears.net\/ca\/wp-json\/wp\/v2\/pages"}],"about":[{"href":"https:\/\/uned-illesbalears.net\/ca\/wp-json\/wp\/v2\/types\/page"}],"author":[{"embeddable":true,"href":"https:\/\/uned-illesbalears.net\/ca\/wp-json\/wp\/v2\/users\/1"}],"replies":[{"embeddable":true,"href":"https:\/\/uned-illesbalears.net\/ca\/wp-json\/wp\/v2\/comments?post=1270"}],"version-history":[{"count":1,"href":"https:\/\/uned-illesbalears.net\/ca\/wp-json\/wp\/v2\/pages\/1270\/revisions"}],"predecessor-version":[{"id":263798,"href":"https:\/\/uned-illesbalears.net\/ca\/wp-json\/wp\/v2\/pages\/1270\/revisions\/263798"}],"up":[{"embeddable":true,"href":"https:\/\/uned-illesbalears.net\/ca\/wp-json\/wp\/v2\/pages\/1031"}],"wp:attachment":[{"href":"https:\/\/uned-illesbalears.net\/ca\/wp-json\/wp\/v2\/media?parent=1270"}],"curies":[{"name":"wp","href":"https:\/\/api.w.org\/{rel}","templated":true}]}}