{"id":11888,"date":"2014-09-05T07:17:03","date_gmt":"2014-09-05T07:17:03","guid":{"rendered":"https:\/\/uned-illesbalears.net\/qualitat\/plan-de-gestion-anual\/"},"modified":"2025-11-05T11:45:20","modified_gmt":"2025-11-05T10:45:20","slug":"plan-de-gestion-anual","status":"publish","type":"page","link":"https:\/\/uned-illesbalears.net\/ca\/qualitat\/plan-de-gestion-anual\/","title":{"rendered":"1.1.2.Plan de Gesti\u00f3n anual"},"content":{"rendered":"<h6>Curso 2025-2026<\/h6>\n<h6><span style=\"color: #008000;\"><a style=\"color: #008000;\" href=\"https:\/\/uned-illesbalears.net\/wp-content\/uploads\/2025\/11\/1.1.2.PCDI_.Plan-de-Gestion-Anual-2025-2026.pdf\" class=\"mtli_attachment mtli_pdf\">1.1.2.PCDI.Plan de Gesti\u00f3n Anual 2025-2026<\/a><\/span><\/h6>\n<h6><strong>Curso 2023-2024<\/strong><\/h6>\n<h6><span style=\"color: #008000;\"><a style=\"color: #008000;\" href=\"https:\/\/uned-illesbalears.net\/wp-content\/uploads\/2024\/05\/1.1.2.PCD_.Plan-de-Gestion-Anual-2023-24-f.pdf\" class=\"mtli_attachment mtli_pdf\">1.1.2.PCD.Plan de Gesti\u00f3n Anual 2023-24 f<\/a><\/span><\/h6>\n<h6><strong>Curso 2022-2023<\/strong><\/h6>\n<h6><span style=\"color: #008000;\"><a style=\"color: #008000;\" href=\"https:\/\/uned-illesbalears.net\/wp-content\/uploads\/2022\/07\/1.1.2.PCDI_.Plan-de-Gestion-Anual-2022-23f.pdf\" class=\"mtli_attachment mtli_pdf\">1.1.2.PCDI.Plan de Gesti\u00f3n Anual 2022-23f<\/a><\/span><\/h6>\n<h6><span style=\"color: #008000;\"><a style=\"color: #008000;\" href=\"https:\/\/uned-illesbalears.net\/wp-content\/uploads\/2023\/03\/1.1.2.-ISCDI-PGA-2022-2023-ed9-v1-Julio-2022-Febrero-23-VB.pdf\" class=\"mtli_attachment mtli_pdf\">1.1.2. ISCDI PGA 2022-2023 ed9 v1 Julio 2022 Febrero 23 VB<\/a><\/span><\/h6>\n<h6><span style=\"color: #008000;\"><a style=\"color: #008000;\" href=\"https:\/\/uned-illesbalears.net\/wp-content\/uploads\/2023\/03\/1.1.2.-RCDI-PGA-Cuadro-Resumen-2022-2023-ed9-v1-Julio-2022-Febrero-23-VB.pdf\" class=\"mtli_attachment mtli_pdf\">1.1.2. RCDI PGA Cuadro Resumen 2022-2023 ed9 v1 Julio 2022 Febrero 23 VB<\/a><\/span><\/h6>\n<h6><span style=\"color: #008000;\"><a style=\"color: #008000;\" href=\"https:\/\/uned-illesbalears.net\/wp-content\/uploads\/2023\/03\/1.2.3-CertificadoAcuerdoJR-PGA-27-07-2022-signed.pdf\" class=\"mtli_attachment mtli_pdf\">1.2.3 CertificadoAcuerdoJR PGA 27 07 2022-signed<\/a><\/span><\/h6>\n<p>&nbsp;<\/p>\n<h6><strong>Curso 2021-2022<\/strong><\/h6>\n<h6><span style=\"color: #008000;\"><a style=\"color: #008000;\" href=\"https:\/\/uned-illesbalears.net\/wp-content\/uploads\/2023\/03\/1.1.1.-RCDI-Mapa-estrategico-y-Vision-2021-2022-VBJ.pdf\" class=\"mtli_attachment mtli_pdf\">1.1.1. RCDI Mapa estrat\u00e9gico y Visi\u00f3n 2021-2022 VBJ<\/a><\/span><\/h6>\n<h6><span style=\"color: #008000;\"><a style=\"color: #008000;\" href=\"https:\/\/uned-illesbalears.net\/wp-content\/uploads\/2023\/03\/1.1.1.-ValoresIllesBalears2020-2021-VBJ-valido-21-22.pdf\" class=\"mtli_attachment mtli_pdf\">1.1.1. ValoresIllesBalears2020-2021 VBJ v\u00e1lido 21-22<\/a><\/span><\/h6>\n<h6><span style=\"color: #008000;\"><a style=\"color: #008000;\" href=\"https:\/\/uned-illesbalears.net\/wp-content\/uploads\/2023\/03\/1.1.1.-Mision-IllesBalears2020-2021-v1-VBJ-valido-21-22.pdf\" class=\"mtli_attachment mtli_pdf\">1.1.1. Misi\u00f3n IllesBalears2020-2021 v1 VBJ v\u00e1lido 21-22<\/a><\/span><\/h6>\n<h6><span style=\"color: #008000;\"><a style=\"color: #008000;\" href=\"https:\/\/uned-illesbalears.net\/wp-content\/uploads\/2023\/03\/1.1.1.-PoliticadeCalidadIllesBalears-2021-2022-VBJ.pdf\" class=\"mtli_attachment mtli_pdf\">1.1.1. Pol\u00edticadeCalidadIllesBalears 2021-2022 VBJ<\/a><\/span><\/h6>\n<h6><span style=\"color: #008000;\"><a style=\"color: #008000;\" href=\"https:\/\/uned-illesbalears.net\/wp-content\/uploads\/2022\/01\/1.1.2.-DCDI-DirectrizPlandeGestionIllesBalears-21-22-con-adapatacion-a-REDER-VBJ.pdf\" class=\"mtli_attachment mtli_pdf\">1.1.2. DCDI-DirectrizPlandeGestionIllesBalears-21-22-con-adapatacion-a-REDER-VBJ<\/a><\/span><\/h6>\n<h6><span style=\"color: #008000;\"><a style=\"color: #008000;\" href=\"https:\/\/uned-illesbalears.net\/wp-content\/uploads\/2022\/02\/1.1.2-PCDI-Plan-de-Gestion-Anual-2021-22.pdf\" class=\"mtli_attachment mtli_pdf\">1.1.2 PCDI-Plan de Gestion Anual 2021-22<\/a><\/span><\/h6>\n<h6><span style=\"color: #008000;\"><a class=\"mtli_attachment mtli_pdf mtli_attachment mtli_pdf\" style=\"color: #008000;\" href=\"https:\/\/uned-illesbalears.net\/wp-content\/uploads\/2022\/08\/1.1.2.-RCDI-PGA-Cuadro-Resumen-2021-2022-V1-Julio-2021-Junio-22-VoBo.pdf\">1.1.2. RCDI PGA Cuadro Resumen 2021-2022 V1 Julio 2021 Junio 22<\/a><\/span><\/h6>\n<h6><span style=\"color: #008000;\"><a style=\"color: #008000;\" href=\"https:\/\/uned-illesbalears.net\/wp-content\/uploads\/2022\/01\/1.1.2.-RCDI-PGA-Cuadro-Resumen-2021-2022-V1-Julio-2021.pdf\" class=\"mtli_attachment mtli_pdf\">1.1.2 RCDI-PGA Cuadro Resumen 2021-2022 V1 Julio 2021<\/a><\/span><\/h6>\n<h6><span style=\"color: #008000;\"><a style=\"color: #008000;\" href=\"https:\/\/uned-illesbalears.net\/wp-content\/uploads\/2022\/03\/1.1.2.-ISCDI-PGA-2021-2022-V1-Julio-2021-Febrero-22-VB.pdf\" class=\"mtli_attachment mtli_pdf\">1.1.2. ISCDI PGA 2021-2022 V1 Julio 2021 Febrero 22<\/a><\/span><\/h6>\n<h6><span style=\"color: #008000;\"><a style=\"color: #008000;\" href=\"https:\/\/uned-illesbalears.net\/wp-content\/uploads\/2022\/03\/1.1.2.-RCDI-PGA-Cuadro-Resumen-2021-2022-V1-Julio-2021-Febrero-22-VB.pdf\" class=\"mtli_attachment mtli_pdf\">1.1.2. RCDI PGA Cuadro Resumen 2021-2022 V1 Julio 2021 Febrero 22<\/a><\/span><\/h6>\n<h6><span style=\"color: #008000;\"><a style=\"color: #008000;\" href=\"https:\/\/uned-illesbalears.net\/wp-content\/uploads\/2023\/03\/1.2.3-CertificadoAcuerdoJR-PGA-27-07-2021-signed.pdf\" class=\"mtli_attachment mtli_pdf\">1.2.3 CertificadoAcuerdoJR PGA 27 07 2021-signed<\/a><\/span><\/h6>\n<h6><\/h6>\n<p>&nbsp;<\/p>\n<h6><strong>Curso 2020-2021<\/strong><\/h6>\n<h6><span style=\"color: #008000;\"><a style=\"color: #008000;\" href=\"https:\/\/uned-illesbalears.net\/wp-content\/uploads\/2021\/01\/1.1.2.DirectrizPlandeGestionIllesBalears19-20-v\u00e1lida-20-21-1.pdf\" class=\"mtli_attachment mtli_pdf\">1.1.2.DirectrizPlandeGestionIllesBalears19-20 v\u00e1lida 20-21<\/a><\/span><\/h6>\n<h6><span style=\"color: #008000;\"><a style=\"color: #008000;\" href=\"https:\/\/uned-illesbalears.net\/wp-content\/uploads\/2021\/01\/1.1.2-RCDI-Plan-de-gesti\u00f3n-2020-21.pdf\" class=\"mtli_attachment mtli_pdf\">1.1.2. PCDI Plan de Gesti\u00f3n Anual 2020-21<\/a><\/span><\/h6>\n<h6><span style=\"color: #008000;\"><a style=\"color: #008000;\" href=\"https:\/\/uned-illesbalears.net\/wp-content\/uploads\/2021\/03\/1.1.2.-RCDI-PGA-Cuadro-Resumen-2020-2021-2v-1.pdf\" class=\"mtli_attachment mtli_pdf\">1.1.2. PCDI PGA Cuadro Resumen 2020-2021-2v<\/a><\/span><\/h6>\n<h6><span style=\"color: #008000;\"><a style=\"color: #008000;\" href=\"https:\/\/uned-illesbalears.net\/wp-content\/uploads\/2021\/02\/1.1.2.-RCDI-PGA-Cuadro-Resumen-2020-2021.pdf\" class=\"mtli_attachment mtli_pdf\">1.1.2. PCDI PGA Cuadro Resumen 2020-2021<\/a><\/span><\/h6>\n<h6><span style=\"color: #008000;\"><a style=\"color: #008000;\" href=\"https:\/\/uned-illesbalears.net\/wp-content\/uploads\/2022\/01\/1.1.2.-RCDI-PGA-Cuadro-Resumen-2020-2021-V2-Resultados-SEPTIEMBRE-21-VBJ-1.pdf\" class=\"mtli_attachment mtli_pdf\">1.1.2. RCDI PGA Cuadro Resumen 2020-2021 V2 Resultados SEPTIEMBRE 21 VBJ<\/a><\/span><\/h6>\n<h6><span style=\"color: #008000;\"><a style=\"color: #008000;\" href=\"https:\/\/uned-illesbalears.net\/wp-content\/uploads\/2021\/01\/1.1.2.-ICDI-Gesti\u00f3n-de-cambios-Illes-Balears-2020-21-VB.pdf\" class=\"mtli_attachment mtli_pdf\">1.1.2. ICDI Gesti\u00f3n de cambios Illes Balears 2020-21<\/a><\/span><\/h6>\n<h6><span style=\"color: #008000;\"><a style=\"color: #008000;\" href=\"https:\/\/uned-illesbalears.net\/wp-content\/uploads\/2021\/01\/1.1.1.RCDI_.-Gu\u00eda-an\u00e1lisis-estrat\u00e9gicoIllesBalears-2020-2021-VB-1.pdf\" class=\"mtli_attachment mtli_pdf\">1.1.1.PCDI. Gu\u00eda an\u00e1lisis estrat\u00e9gicoIllesBalears 2020-2021<\/a><\/span><\/h6>\n<h6><span style=\"color: #008000;\"><a style=\"color: #008000;\" href=\"https:\/\/uned-illesbalears.net\/wp-content\/uploads\/2021\/01\/1.1.1.-RCDI-Mapa-estrat\u00e9gico-y-Visi\u00f3n-2020-2021.pdf\" class=\"mtli_attachment mtli_pdf\">1.1.1. PCDI Mapa estrat\u00e9gico y Visi\u00f3n 2020-2021<\/a><\/span><\/h6>\n<h6><span style=\"color: #008000;\"><a style=\"color: #008000;\" href=\"https:\/\/uned-illesbalears.net\/wp-content\/uploads\/2021\/01\/1.1.1.-RCDI.DAFOIllesBalears-2020-2021-revisado.pdf\" class=\"mtli_attachment mtli_pdf\">1.1.1. PCDI.DAFOIllesBalears 2020-2021<\/a><\/span><\/h6>\n<h6><span style=\"color: #008000;\"><a style=\"color: #008000;\" href=\"https:\/\/uned-illesbalears.net\/wp-content\/uploads\/2021\/02\/1.1.1.-ValoresIllesBalears2020-2021-borrador-revisado-judit.pdf\" class=\"mtli_attachment mtli_pdf\">1.1.1. ValoresIllesBalears2020-2021<\/a><\/span><\/h6>\n<h6><span style=\"color: #008000;\"><a style=\"color: #008000;\" href=\"https:\/\/uned-illesbalears.net\/wp-content\/uploads\/2021\/02\/1.1.1.-Misi\u00f3n-IllesBalears2020-2021-v1-REVISADO-JUDIT.pdf\" class=\"mtli_attachment mtli_pdf\">1.1.1. Misi\u00f3n IllesBalears2020-2021 v1<\/a><\/span><\/h6>\n<h6><span style=\"color: #008000;\"><a style=\"color: #008000;\" href=\"https:\/\/uned-illesbalears.net\/wp-content\/uploads\/2021\/02\/1.1.1.-Pol\u00edticadeCalidadIllesBalears-2020-2021F.pdf\" class=\"mtli_attachment mtli_pdf\">1.1.1. Pol\u00edticadeCalidadIllesBalears 2020-2021<\/a><\/span><\/h6>\n<h6><span style=\"color: #008000;\"><a style=\"color: #008000;\" href=\"https:\/\/uned-illesbalears.net\/wp-content\/uploads\/2021\/02\/1.1.1.-RCDI.ProcesosClaveFactoresCriticosIllesBalears2020-2021-corregido.pdf\" class=\"mtli_attachment mtli_pdf\">1.1.1. PCDI.ProcesosClaveFactoresCriticosIllesBalears2020-2021<\/a><\/span><\/h6>\n<h6><span style=\"color: #008000;\"><a style=\"color: #008000;\" href=\"https:\/\/uned-illesbalears.net\/wp-content\/uploads\/2021\/02\/1.1.1.-RCDI.AnexoControldeubicacionIllesBalears-2020-2021-reservado-judit.pdf\" class=\"mtli_attachment mtli_pdf\">1.1.1. PCDI.AnexoControldeubicacionIllesBalears 2020-2021<\/a><\/span><\/h6>\n<h6><span style=\"color: #008000;\"><a style=\"color: #008000;\" href=\"https:\/\/uned-illesbalears.net\/wp-content\/uploads\/2021\/02\/1.1.1.-GruposInter\u00e9sExpectativasIllesBalears-2020-2021-revisado.pdf\" class=\"mtli_attachment mtli_pdf\">1.1.1. GruposInter\u00e9sExpectativasIllesBalears 2020-2021<\/a><\/span><\/h6>\n<h6><span style=\"color: #008000;\"><a style=\"color: #008000;\" href=\"https:\/\/uned-illesbalears.net\/wp-content\/uploads\/2021\/06\/1.2.3-Certificado-Sistema-Calidad-Gesti\u00f3n-JR-28-07-20-F-1.pdf\" class=\"mtli_attachment mtli_pdf\">1.2.3 Certificado Sistema Calidad Gesti\u00f3n JR 28 07 20-F<\/a><\/span><\/h6>\n<h6><\/h6>\n<p>&nbsp;<\/p>\n<h6><strong>Curso 2019-2020<\/strong><\/h6>\n<h6><span style=\"color: #008000;\"><a style=\"color: #008000;\" href=\"https:\/\/uned-illesbalears.net\/wp-content\/uploads\/2020\/06\/1.1.2.DirectrizPlandeGestionIllesBalears2019-2020-1.pdf\" class=\"mtli_attachment mtli_pdf\">1.1.2. DirectrizPlandeGestionIllesBalears2019-2020<\/a><\/span><\/h6>\n<h6><span style=\"color: #008000;\"><a style=\"color: #008000;\" href=\"https:\/\/uned-illesbalears.net\/wp-content\/uploads\/2020\/09\/1.1.2.-RCDI-Plan-de-Gesti\u00f3n-Anual-2019-2020-1.pdf\" class=\"mtli_attachment mtli_pdf\">1.1.2. RCDI Plan de Gesti\u00f3n Anual 2019-2020<\/a><\/span><\/h6>\n<h6><span style=\"color: #008000;\"><a style=\"color: #008000;\" href=\"https:\/\/uned-illesbalears.net\/wp-content\/uploads\/2020\/06\/1.1.2.-RCDI-PGA-Cuadro-2019-2020.pdf\" class=\"mtli_attachment mtli_pdf\">1.1.2. RCDI PGA Cuadro 2019-2020<\/a><\/span><\/h6>\n<h6><span style=\"color: #008000;\"><a style=\"color: #008000;\" href=\"https:\/\/uned-illesbalears.net\/wp-content\/uploads\/2020\/06\/1.1.2.-PCDI-Plan-contingenciasIllesBalears2019-2020.pdf\" class=\"mtli_attachment mtli_pdf\">1.1.2. PCDI Plan contingenciasIllesBalears2019-2020<\/a><\/span><\/h6>\n<h6><span style=\"color: #008000;\"><a style=\"color: #008000;\" href=\"https:\/\/uned-illesbalears.net\/wp-content\/uploads\/2020\/06\/1.1.2.-ICDI-Gesti\u00f3n-de-cambios-Illes-Balears-2019-2020-1.pdf\" class=\"mtli_attachment mtli_pdf\">1.1.2. ICDI Gesti\u00f3n de cambios Illes Balears 2019-2020<\/a><\/span><\/h6>\n<h6><span style=\"color: #008000;\"><a style=\"color: #008000;\" href=\"https:\/\/uned-illesbalears.net\/wp-content\/uploads\/2020\/04\/1.1.1.RCDI_.-Gu\u00eda-an\u00e1lisis-estrat\u00e9gicoIllesBalears19-20.pdf\" class=\"mtli_attachment mtli_pdf\">1.1.1. RCDI. Gu\u00eda an\u00e1lisis estrat\u00e9gicoIllesBalears19-2020<\/a><\/span><\/h6>\n<h6><span style=\"color: #008000;\"><a style=\"color: #008000;\" href=\"https:\/\/uned-illesbalears.net\/wp-content\/uploads\/2020\/04\/1.1.1.-RCDI-Mapa-estrat\u00e9gico-y-Visi\u00f3n-2019-2020-VB.pdf\" class=\"mtli_attachment mtli_pdf\">1.1.1. RCDI Mapa estrat\u00e9gico y Visi\u00f3n 2019-2020<\/a><\/span><\/h6>\n<h6><span style=\"color: #008000;\"><a style=\"color: #008000;\" href=\"https:\/\/uned-illesbalears.net\/wp-content\/uploads\/2020\/04\/1.1.1.-RCDI.DAFOIllesBalears-2019-2020-VB.pdf\" class=\"mtli_attachment mtli_pdf\">1.1.1. RCDI.DAFOIllesBalears 2019-2020<\/a><\/span><\/h6>\n<h6><span style=\"color: #008000;\"><a style=\"color: #008000;\" href=\"https:\/\/uned-illesbalears.net\/wp-content\/uploads\/2020\/04\/1.2.3-CertificadoacuerdoJR201219PGA2019-20-F.pdf\" class=\"mtli_attachment mtli_pdf\">1.2.3 CertificadoAcuerdoJR201219PGA2019-20-F<\/a><\/span><\/h6>\n<p>&nbsp;<\/p>\n<p>&nbsp;<\/p>\n<h6><strong>Curso 2018-2019<\/strong><\/h6>\n<h6><span style=\"color: #008000;\"><a style=\"color: #008000;\" href=\"https:\/\/uned-illesbalears.net\/wp-content\/uploads\/2019\/06\/1.1.2.ISCDI_.PlanGestio\u0301nenero2019LesIllesBalears.pdf\" class=\"mtli_attachment mtli_pdf\">1.1.2.ISCDI.PlanGestio\u0301nenero2019LesIllesBalears<\/a><\/span><\/h6>\n<h6><span style=\"color: #008000;\"><a style=\"color: #008000;\" href=\"https:\/\/uned-illesbalears.net\/wp-content\/uploads\/2018\/09\/1.1.2.PlanGesti\u00f3nCompletoLesIllesBalears2018-2019.pdf\" class=\"mtli_attachment mtli_pdf\">1.1.2.PlanGesti\u00f3nCompletoLesIllesBalears2018-2019<\/a><\/span><\/h6>\n<h6><span style=\"color: #008000;\"><a style=\"color: #008000;\" href=\"https:\/\/uned-illesbalears.net\/wp-content\/uploads\/2018\/09\/1.1.1.RCDI_.FC_.ExitoRiesgoLesIllesBalears-2018-2019.pdf\" class=\"mtli_attachment mtli_pdf\">1.1.1.RCDI.FC.ExitoRiesgoLesIllesBalears 2018-2019<\/a><\/span><\/h6>\n<h6><span style=\"color: #339966;\"><a style=\"color: #339966;\" href=\"https:\/\/uned-illesbalears.net\/wp-content\/uploads\/2018\/09\/1.1.1.-RCDI.ProcesosClaveFactoresCriticosLesIllesBalears2018-2019-1.pdf\" class=\"mtli_attachment mtli_pdf\">1.1.1. RCDI.ProcesosClaveFactoresCriticosLesIllesBalears2018-2019<\/a><\/span><\/h6>\n<h6><span style=\"color: #008000;\"><a style=\"color: #008000;\" href=\"https:\/\/uned-illesbalears.net\/wp-content\/uploads\/2018\/09\/1.1.2.RCDI-.Gesti\u00f3nCambiosImportantesLesIllesBalears2018-2019.pdf\" class=\"mtli_attachment mtli_pdf\">1.1.2.RCDI .Gesti\u00f3nCambiosImportantesLesIllesBalears2018-2019<\/a><\/span><\/h6>\n<h6><span style=\"color: #339966;\"><a style=\"color: #339966;\" href=\"https:\/\/uned-illesbalears.net\/wp-content\/uploads\/2018\/09\/1.1.1RCDI.Estrategiadirecci\u00f3nLesIllesbalears2018-2019.pdf\" class=\"mtli_attachment mtli_pdf\">1.1.1RCDI.Estrategiadirecci\u00f3nLesIllesbalears2018-2019<\/a><\/span><\/h6>\n<h6><span style=\"color: #339966;\"><a style=\"color: #339966;\" href=\"https:\/\/uned-illesbalears.net\/wp-content\/uploads\/2018\/09\/1.1.1.ICDI-Informaci\u00f3nGILesIllesBalears2018-2019.pdf\" class=\"mtli_attachment mtli_pdf\">1.1.1.ICDI Informaci\u00f3nGILesIllesBalears2018-2019<\/a><\/span><\/h6>\n<h6><span style=\"color: #339966;\"><a style=\"color: #339966;\" href=\"https:\/\/uned-illesbalears.net\/wp-content\/uploads\/2018\/09\/1.1.1.RCDI_.-Gu\u00eda-an\u00e1lisis-estrat\u00e9gicoLesIllesBalears2018-2019.pdf\" class=\"mtli_attachment mtli_pdf\">1.1.1.RCDI. Gu\u00eda an\u00e1lisis estrat\u00e9gicoLesIllesBalears2018-2019<\/a><\/span><\/h6>\n<h6><span style=\"color: #339966;\"><a style=\"color: #339966;\" href=\"https:\/\/uned-illesbalears.net\/wp-content\/uploads\/2018\/09\/1.1.2.-PCDI-Plan-contingenciasLesIllesBalears2018-2019.pdf\" class=\"mtli_attachment mtli_pdf\">1.1.2. PCDI Plan contingenciasLesIllesBalears2018-2019<\/a><\/span><\/h6>\n<h6><span style=\"color: #339966;\"><a style=\"color: #339966;\" href=\"https:\/\/uned-illesbalears.net\/wp-content\/uploads\/2018\/09\/1.1.1.RCDI_.-MapaEstrat\u00e9gicoVisi\u00f3n-2018-2019.pdf\" class=\"mtli_attachment mtli_pdf\">1.1.1.RCDI. MapaEstrat\u00e9gicoVisi\u00f3n 2018-2019<\/a><\/span><\/h6>\n<h6><span style=\"color: #339966;\"><a style=\"color: #339966;\" href=\"https:\/\/uned-illesbalears.net\/wp-content\/uploads\/2018\/09\/1.1.1.-RCDI.DAFOLesIllesBalears2018-2019.pdf\" class=\"mtli_attachment mtli_pdf\">1.1.1. RCDI.DAFOLesIllesBalears2018-2019<\/a><\/span><\/h6>\n<p>&nbsp;<\/p>\n<h6>Curso 2017-2018<\/h6>\n<h6><span style=\"color: #008000;\"><a href=\"https:\/\/uned-illesbalears.net\/wp-content\/uploads\/2014\/09\/1.1.2.PlanGesti\u00f3nLesIllesBalears2017-2018-1.pdf\" class=\"mtli_attachment mtli_pdf\"><span style=\"color: #008000;\">1.1.2.PlanGesti\u00f3nLesIllesBalears2017-2018<\/span><\/a><\/span><\/h6>\n<h6><span style=\"color: #008000;\"><a href=\"https:\/\/uned-illesbalears.net\/wp-content\/uploads\/2014\/09\/1.1.1.RCDI_.FC_.ExitoRiesgoLesIllesBalears2017-2018.pdf\" class=\"mtli_attachment mtli_pdf\"><span style=\"color: #008000;\">1.1.1.RDI.FC.ExitoRiesgoLesIllesBalears2017-2018<\/span><\/a><\/span><\/h6>\n<h6><span style=\"color: #008000;\"><a href=\"https:\/\/uned-illesbalears.net\/wp-content\/uploads\/2014\/09\/1.1.1.-RCDI.ProcesosClaveFactoresCriticosLesIllesBalears2017-2018.pdf\" class=\"mtli_attachment mtli_pdf\"><span style=\"color: #008000;\">1.1.1. RCDI.ProcesosClaveFactoresCriticosLesIllesBalears2017-2018<\/span><\/a><\/span><\/h6>\n<h6><span style=\"color: #008000;\"><a href=\"https:\/\/uned-illesbalears.net\/wp-content\/uploads\/2014\/09\/1.1.2.RCDI-.Gesti\u00f3nCambiosImportantesLesIllesBalears2017-2018.pdf\" class=\"mtli_attachment mtli_pdf\"><span style=\"color: #008000;\">1.1.2.RCDI.Gesti\u00f3nCambiosImportantesLesIllesBalears2017-2018<\/span><\/a><\/span><\/h6>\n<h6><span style=\"color: #008000;\"><a href=\"https:\/\/uned-illesbalears.net\/wp-content\/uploads\/2014\/09\/1.1.1RCDI.Estrategiadirecci\u00f3nLesIllesbalears2017-2018.pdf\" class=\"mtli_attachment mtli_pdf\"><span style=\"color: #008000;\">1.1.1RCDI.Estrategiadirecci\u00f3nLesIllesbalears2017-2018<\/span><\/a><\/span><\/h6>\n<h6><span style=\"color: #008000;\"><a href=\"https:\/\/uned-illesbalears.net\/wp-content\/uploads\/2014\/09\/1.1.1.ICDI-Informaci\u00f3nGILesIllesBalears2017-2018.pdf\" class=\"mtli_attachment mtli_pdf\"><span style=\"color: #008000;\">1.1.1.ICDI.Informaci\u00f3nGILesIllesBalears2017-2018<\/span><\/a><\/span><\/h6>\n<h6><span style=\"color: #008000;\"><a href=\"https:\/\/uned-illesbalears.net\/wp-content\/uploads\/2014\/09\/1.1.1.RCDI_.-Gu\u00eda-an\u00e1lisis-estrat\u00e9gicoLesIllesBalears2017-2018.pdf\" class=\"mtli_attachment mtli_pdf\"><span style=\"color: #008000;\">1.1.1.RCDI. Gu\u00eda an\u00e1lisis estrat\u00e9gicoLesIllesBalears2017-2018<\/span><\/a><\/span><\/h6>\n<h6><span style=\"color: #008000;\"><a href=\"https:\/\/uned-illesbalears.net\/wp-content\/uploads\/2014\/09\/1.1.2.-PCDI-Plan-contingenciasLesIllesBalears2017-2018.pdf\" class=\"mtli_attachment mtli_pdf\"><span style=\"color: #008000;\">1.1.2. PCDI. Plan contingenciasLesIllesBalears2017-2018<\/span><\/a><\/span><\/h6>\n<h6><span style=\"color: #008000;\"><a href=\"https:\/\/uned-illesbalears.net\/wp-content\/uploads\/2014\/09\/1.1.1.RCDI_.-MapaEstrat\u00e9gicoVisi\u00f3n-2017-2018.pdf\" class=\"mtli_attachment mtli_pdf\"><span style=\"color: #008000;\">1.1.1.RCDI. MapaEstrat\u00e9gicoVisi\u00f3nLesIllesBalears2017-2018<\/span><\/a><\/span><\/h6>\n<h6><a href=\"https:\/\/uned-illesbalears.net\/wp-content\/uploads\/2014\/09\/1.1.1.-RCDI.DAFOLesIllesBalears2017-2018.pdf\" class=\"mtli_attachment mtli_pdf\"><span style=\"color: #008000;\">1.1.1. RCDI.DAFOLesIllesBalears2017-2018<\/span><\/a><\/h6>\n<p>&nbsp;<\/p>\n<h6><\/h6>\n","protected":false},"excerpt":{"rendered":"<p>Curso 2025-2026 1.1.2.PCDI.Plan de Gesti\u00f3n Anual 2025-2026 Curso 2023-2024 1.1.2.PCD.Plan de Gesti\u00f3n Anual 2023-24 f Curso 2022-2023 1.1.2.PCDI.Plan de Gesti\u00f3n Anual 2022-23f 1.1.2. ISCDI PGA 2022-2023 ed9 v1 Julio 2022 Febrero 23 VB 1.1.2. RCDI PGA Cuadro Resumen 2022-2023 ed9 v1 Julio 2022 Febrero 23 VB 1.2.3 CertificadoAcuerdoJR PGA 27 07 2022-signed &nbsp; Curso 2021-2022 [&hellip;]<\/p>\n","protected":false},"author":1,"featured_media":0,"parent":833,"menu_order":0,"comment_status":"closed","ping_status":"closed","template":"","meta":{"_acf_changed":false,"footnotes":""},"acf":[],"_links":{"self":[{"href":"https:\/\/uned-illesbalears.net\/ca\/wp-json\/wp\/v2\/pages\/11888"}],"collection":[{"href":"https:\/\/uned-illesbalears.net\/ca\/wp-json\/wp\/v2\/pages"}],"about":[{"href":"https:\/\/uned-illesbalears.net\/ca\/wp-json\/wp\/v2\/types\/page"}],"author":[{"embeddable":true,"href":"https:\/\/uned-illesbalears.net\/ca\/wp-json\/wp\/v2\/users\/1"}],"replies":[{"embeddable":true,"href":"https:\/\/uned-illesbalears.net\/ca\/wp-json\/wp\/v2\/comments?post=11888"}],"version-history":[{"count":66,"href":"https:\/\/uned-illesbalears.net\/ca\/wp-json\/wp\/v2\/pages\/11888\/revisions"}],"predecessor-version":[{"id":280255,"href":"https:\/\/uned-illesbalears.net\/ca\/wp-json\/wp\/v2\/pages\/11888\/revisions\/280255"}],"up":[{"embeddable":true,"href":"https:\/\/uned-illesbalears.net\/ca\/wp-json\/wp\/v2\/pages\/833"}],"wp:attachment":[{"href":"https:\/\/uned-illesbalears.net\/ca\/wp-json\/wp\/v2\/media?parent=11888"}],"curies":[{"name":"wp","href":"https:\/\/api.w.org\/{rel}","templated":true}]}}