{"id":11842,"date":"2014-09-04T10:06:51","date_gmt":"2014-09-04T10:06:51","guid":{"rendered":"https:\/\/uned-illesbalears.net\/qualitat\/memorias-academicas\/"},"modified":"2025-02-16T11:36:37","modified_gmt":"2025-02-16T10:36:37","slug":"memorias-academicas","status":"publish","type":"page","link":"https:\/\/uned-illesbalears.net\/ca\/qualitat\/memorias-academicas\/","title":{"rendered":"1.1.2.Memorias Anuales"},"content":{"rendered":"<p>Curs 2023-2024<\/p>\n<h6><span style=\"color: #008000;\"><a style=\"color: #008000;\" href=\"https:\/\/uned-illesbalears.net\/wp-content\/uploads\/2025\/02\/Memoria_COIE_Anual_CA-Illes-Balears_2023-2024.pdf\" class=\"mtli_attachment mtli_pdf\">1.1.2 Memoria Anual Acad\u00e9mica curso 2023-24<\/a><\/span><\/h6>\n<p>Curs 2022-2023<\/p>\n<h6><span style=\"color: #008000;\"><a style=\"color: #008000;\" href=\"https:\/\/uned-illesbalears.net\/wp-content\/uploads\/2025\/02\/MEMORIA_CA_UNED_Illes-Balears-22-23.pdf\" class=\"mtli_attachment mtli_pdf\">1.1.2 Memoria Anual Acad\u00e9mica curso 2022-23<\/a><\/span><\/h6>\n<p>Curs 2021-2022<\/p>\n<h6><span style=\"color: #008000;\"><a style=\"color: #008000;\" href=\"https:\/\/uned-illesbalears.net\/wp-content\/uploads\/2022\/10\/1.1.2-Memoria-Anual-Academica-curso-2021-22.pdf\" class=\"mtli_attachment mtli_pdf\">1.1.2 Memoria Anual Acad\u00e9mica curso 2021-22<\/a><\/span><\/h6>\n<h6><span style=\"color: #008000;\"><a class=\"mtli_attachment mtli_pdf mtli_attachment mtli_pdf\" style=\"color: #008000;\" href=\"https:\/\/uned-illesbalears.net\/wp-content\/uploads\/2023\/02\/2.1.2.RCCL_.Memoria_ProgramaGUIA_2021-2022-VoBo.pdf\">2.1.2.RCCL.Memoria_ProgramaGU\u00cdA_2021-2022 V\u00baB\u00ba<\/a><\/span><\/h6>\n<h6><span style=\"color: #008000;\"><a style=\"color: #008000;\" href=\"https:\/\/uned-illesbalears.net\/wp-content\/uploads\/2023\/03\/2.3.1-Proyecto-Anual-COIE-2022-23-CA-Illes-Balears.pdf\" class=\"mtli_attachment mtli_pdf\">2.3.1 Proyecto Anual COIE 2022-23 CA Illes Balears<\/a><\/span><\/h6>\n<h6><span style=\"color: #008000;\"><a style=\"color: #008000;\" href=\"https:\/\/uned-illesbalears.net\/wp-content\/uploads\/2023\/03\/2.3.1-Memoria-Anual-COIE-2021-22.pdf\" class=\"mtli_attachment mtli_pdf\">2.3.1 Memoria Anual COIE 2021-22<\/a><\/span><\/h6>\n<p>&nbsp;<\/p>\n<p>Curs 2020-2021<\/p>\n<h6><span style=\"color: #008000;\"><a style=\"color: #008000;\" href=\"https:\/\/uned-illesbalears.net\/wp-content\/uploads\/2022\/09\/1.1.2-Memoria-Anual-Academica-Curso-2020-21-2.pdf\" class=\"mtli_attachment mtli_pdf\">1.1.2 Memoria Anual Acad\u00e9mica Curso 2020-21<\/a><\/span><\/h6>\n<h6><span style=\"color: #008000;\"><a style=\"color: #008000;\" href=\"https:\/\/uned-illesbalears.net\/wp-content\/uploads\/2022\/03\/2.1.2.RCCL_.Memoria_ProgramaGUIA_2020-21.pdf\" class=\"mtli_attachment mtli_pdf\">2.1.2.RCCL.Memoria_ProgramaGU\u00cdA_2020-21<\/a><\/span><\/h6>\n<h6><span style=\"color: #008000;\"><a style=\"color: #008000;\" href=\"https:\/\/uned-illesbalears.net\/wp-content\/uploads\/2022\/02\/2.3.1-Memoria-Anual-COIE-2020-21.pdf\" class=\"mtli_attachment mtli_pdf\">2.3.1 Memoria Anual COIE 2020-21<\/a><\/span><\/h6>\n<h6><span style=\"color: #008000;\"><a style=\"color: #008000;\" href=\"https:\/\/uned-illesbalears.net\/wp-content\/uploads\/2022\/02\/2.3.1-Proyecto-Anual-COIE-2021-22-CA-Illes-Balears.pdf\" class=\"mtli_attachment mtli_pdf\">2.3.1 Proyecto Anual COIE 2021-22 CA Illes Balears<\/a><\/span><\/h6>\n<h6><span style=\"color: #008000;\"><a style=\"color: #008000;\" href=\"https:\/\/uned-illesbalears.net\/wp-content\/uploads\/2022\/03\/2.1.2.-PCCL.Plan-de-Acogida-Illes-Balears-2021-2022.pdf\" class=\"mtli_attachment mtli_pdf\">2.1.2. PCCL.Plan de Acogida Illes Balears 2021-2022<\/a><\/span><\/h6>\n<p>Curs 2019-2020<\/p>\n<h6><span style=\"color: #008000;\"><a style=\"color: #008000;\" href=\"https:\/\/uned-illesbalears.net\/wp-content\/uploads\/2021\/08\/1.1.2-Memoria-Anual-Academica-Curso-2019-20.pdf\" class=\"mtli_attachment mtli_pdf\">1.1.2 Memoria Anual Acad\u00e9mica Curso 2019-20<\/a><\/span><\/h6>\n<h6><span style=\"color: #008000;\"><a style=\"color: #008000;\" href=\"https:\/\/uned-illesbalears.net\/wp-content\/uploads\/2020\/10\/2.1.2-RCCL.-Memoria-Programa-GU\u00cdA-2019-20.pdf\" class=\"mtli_attachment mtli_pdf\">2.1.2 RCCL. Memoria Programa GU\u00cdA 2019-20<\/a><\/span><\/h6>\n<h6><span style=\"color: #008000;\"><a style=\"color: #008000;\" href=\"https:\/\/uned-illesbalears.net\/wp-content\/uploads\/2021\/01\/2.1.2.-PCCL.Plan-de-AcogidaLesIllesBalears-2019-2020.pdf\" class=\"mtli_attachment mtli_pdf\">2.1.2.-PCCL. Plan de Acogida Les Illes Balears 2019-2020<\/a><\/span><\/h6>\n<h6><span style=\"color: #008000;\"><a style=\"color: #008000;\" href=\"https:\/\/uned-illesbalears.net\/wp-content\/uploads\/2020\/10\/2.3.1-Memoria-Anual-del-COIE-2019-20.pdf\" class=\"mtli_attachment mtli_pdf\">2.3.1 Memoria Anual del COIE 2019-20<\/a><\/span><\/h6>\n<h6><span style=\"color: #008000;\"><a style=\"color: #008000;\" href=\"https:\/\/uned-illesbalears.net\/wp-content\/uploads\/2021\/01\/2.3.1.MEMORIA-PLAN-de-ACOGIDA-C.A.-Illes-Balears-2019-2020-1.pdf\" class=\"mtli_attachment mtli_pdf\">2.3.1 MEMORIA PLAN de ACOGIDA C.A.-Illes Balears-2019-2020<\/a><\/span><\/h6>\n<h6><span style=\"color: #008000;\"><a style=\"color: #008000;\" href=\"https:\/\/uned-illesbalears.net\/wp-content\/uploads\/2020\/10\/2.3.1-Proyecto-Anual-COIE-2019-20-CA-Illes-Balears.pdf\" class=\"mtli_attachment mtli_pdf\">2.3.1 Proyecto Anual COIE 2019-20 CA Illes Balears<\/a><\/span><\/h6>\n<p>Curs 2018-2019<\/p>\n<h6><span style=\"color: #008000;\"><a style=\"color: #008000;\" href=\"https:\/\/uned-illesbalears.net\/wp-content\/uploads\/2019\/12\/1.1.2.MemoriaAnual2018-19P.pdf\" class=\"mtli_attachment mtli_pdf\">1.1.2.Memoria Acad\u00e9mica\u00a0 Curso 2018-19<\/a><\/span><\/h6>\n<h6><span style=\"color: #008000;\"><a style=\"color: #008000;\" href=\"https:\/\/uned-illesbalears.net\/wp-content\/uploads\/2018\/09\/2.1.2.-PCCL.Plan-de-AcogidaLesIllesBalears-2018-2019.pdf\" class=\"mtli_attachment mtli_pdf\">2.1.2. PCCL.Plan de AcogidaLesIllesBalears 2018-2019<\/a><\/span><\/h6>\n<h6><span style=\"color: #008000;\"><a style=\"color: #008000;\" href=\"https:\/\/uned-illesbalears.net\/wp-content\/uploads\/2020\/01\/2.1.2.MEMORIAPLANACOGIDACAUNEDLESILLESBALEARS2018-2019.pdf\" class=\"mtli_attachment mtli_pdf\">2.1.2.MEMORIAPLANACOGIDACAUNEDLESILLESBALEARS2018-2019<\/a><\/span><\/h6>\n<h6><span style=\"color: #008000;\"><a style=\"color: #008000;\" href=\"https:\/\/uned-illesbalears.net\/wp-content\/uploads\/2020\/01\/2.1.2.RCCL_.Memoria_ProgramaGU\u00cdA_2018-2019.pdf\" class=\"mtli_attachment mtli_pdf\">2.1.2.RCCL.Memoria_ProgramaGU\u00cdA_2018-2019<\/a><\/span><\/h6>\n<h6><span style=\"color: #008000;\"><a style=\"color: #008000;\" href=\"https:\/\/uned-illesbalears.net\/wp-content\/uploads\/2018\/09\/2.3.1.ProyectoAnualCOIELesIllesBalears2018-2019.pdf\" class=\"mtli_attachment mtli_pdf\">2.3.1.ProyectoAnualCOIELesIllesBalears2018-2019<\/a><\/span><\/h6>\n<h6><span style=\"color: #008000;\"><a style=\"color: #008000;\" href=\"https:\/\/uned-illesbalears.net\/wp-content\/uploads\/2020\/01\/2.3.1.MEMORIACOIECAUNEDILLESBALEARS2018-2019.pdf\" class=\"mtli_attachment mtli_pdf\">2.3.1.MEMORIACOIECAUNEDILLESBALEARS2018-2019<\/a><\/span><\/h6>\n<h6><span style=\"color: #008000;\"><a style=\"color: #008000;\" href=\"https:\/\/uned-illesbalears.net\/wp-content\/uploads\/2020\/04\/1.2.3-CertificadoacuerdoJR201219MemoriasAnuales2018-19-F.pdf\" class=\"mtli_attachment mtli_pdf\">1.2.3 CertificadoAcuerdoJR201219MemoriasAnuales2018-19-F<\/a><\/span><\/h6>\n<p>Curs 2017-2018<\/p>\n<h6><span style=\"color: #008000;\"><a style=\"color: #008000;\" href=\"https:\/\/uned-illesbalears.net\/wp-content\/uploads\/2018\/09\/1.1.2.MemoriaAnual2017-18R.pdf\" class=\"mtli_attachment mtli_pdf\">1.1.2.MemoriaAnual2017-18R<\/a><\/span><\/h6>\n<h6><span style=\"color: #008000;\"><a style=\"color: #008000;\" href=\"https:\/\/uned-illesbalears.net\/wp-content\/uploads\/2018\/09\/2.3.1.MEMORIACOIECAUNEDLESILLESBALEARS2017-2018.pdf\" class=\"mtli_attachment mtli_pdf\">2.3.1.MEMORIACOIECAUNEDLESILLESBALEARS2017-2018<\/a><\/span><\/h6>\n<h6><span style=\"color: #008000;\"><a style=\"color: #008000;\" href=\"https:\/\/uned-illesbalears.net\/wp-content\/uploads\/2018\/09\/2.1.2.MEMORIAPLANACOGIDACAUNEDLESILLESBALEARS2017-2018.pdf\" class=\"mtli_attachment mtli_pdf\">2.1.2.MEMORIAPLANACOGIDACAUNEDLESILLESBALEARS2017-2018<\/a><\/span><\/h6>\n<h6><span style=\"color: #008000;\"><a style=\"color: #008000;\" href=\"https:\/\/uned-illesbalears.net\/wp-content\/uploads\/2018\/08\/2.1.2.RCCL_.Memoria_ProgramaGU\u00cdA_1718.pdf\" class=\"mtli_attachment mtli_pdf\">2.1.2.RCCL.Memoria ProgramaGU\u00cdA 2017-2018<\/a><\/span><\/h6>\n<p>&nbsp;<\/p>\n<p>&nbsp;<\/p>\n<p>&nbsp;<\/p>\n","protected":false},"excerpt":{"rendered":"<p>Curs 2023-2024 1.1.2 Memoria Anual Acad\u00e9mica curso 2023-24 Curs 2022-2023 1.1.2 Memoria Anual Acad\u00e9mica curso 2022-23 Curs 2021-2022 1.1.2 Memoria Anual Acad\u00e9mica curso 2021-22 2.1.2.RCCL.Memoria_ProgramaGU\u00cdA_2021-2022 V\u00baB\u00ba 2.3.1 Proyecto Anual COIE 2022-23 CA Illes Balears 2.3.1 Memoria Anual COIE 2021-22 &nbsp; Curs 2020-2021 1.1.2 Memoria Anual Acad\u00e9mica Curso 2020-21 2.1.2.RCCL.Memoria_ProgramaGU\u00cdA_2020-21 2.3.1 Memoria Anual COIE 2020-21 2.3.1 [&hellip;]<\/p>\n","protected":false},"author":1,"featured_media":0,"parent":833,"menu_order":0,"comment_status":"closed","ping_status":"closed","template":"","meta":{"_acf_changed":false,"footnotes":""},"acf":[],"_links":{"self":[{"href":"https:\/\/uned-illesbalears.net\/ca\/wp-json\/wp\/v2\/pages\/11842"}],"collection":[{"href":"https:\/\/uned-illesbalears.net\/ca\/wp-json\/wp\/v2\/pages"}],"about":[{"href":"https:\/\/uned-illesbalears.net\/ca\/wp-json\/wp\/v2\/types\/page"}],"author":[{"embeddable":true,"href":"https:\/\/uned-illesbalears.net\/ca\/wp-json\/wp\/v2\/users\/1"}],"replies":[{"embeddable":true,"href":"https:\/\/uned-illesbalears.net\/ca\/wp-json\/wp\/v2\/comments?post=11842"}],"version-history":[{"count":6,"href":"https:\/\/uned-illesbalears.net\/ca\/wp-json\/wp\/v2\/pages\/11842\/revisions"}],"predecessor-version":[{"id":269193,"href":"https:\/\/uned-illesbalears.net\/ca\/wp-json\/wp\/v2\/pages\/11842\/revisions\/269193"}],"up":[{"embeddable":true,"href":"https:\/\/uned-illesbalears.net\/ca\/wp-json\/wp\/v2\/pages\/833"}],"wp:attachment":[{"href":"https:\/\/uned-illesbalears.net\/ca\/wp-json\/wp\/v2\/media?parent=11842"}],"curies":[{"name":"wp","href":"https:\/\/api.w.org\/{rel}","templated":true}]}}