{"id":118213,"date":"2019-01-13T17:27:56","date_gmt":"2019-01-13T15:27:56","guid":{"rendered":"https:\/\/uned-illesbalears.net\/?page_id=118213"},"modified":"2022-09-21T09:18:04","modified_gmt":"2022-09-21T07:18:04","slug":"1-1-4-responsabilidad-social-universitaria","status":"publish","type":"page","link":"https:\/\/uned-illesbalears.net\/ca\/calidad\/1-1-4-responsabilidad-social-universitaria\/","title":{"rendered":"1.1.4.Responsabilidad Social Universitaria"},"content":{"rendered":"<h6><span style=\"color: #008000;\"><a style=\"color: #008000;\" href=\"https:\/\/uned-illesbalears.net\/wp-content\/uploads\/2022\/09\/1.1.4.-RCDI.-Declaracion-de-politica-de-calidad-responsabilidad-social-y-Agenda-2030-2022-2023.pdf\" class=\"mtli_attachment mtli_pdf\">1.1.4. RCDI. Declaraci\u00f3n de pol\u00edtica de calidad, responsabilidad social y Agenda 2030 2022-2023<\/a><\/span><\/h6>\n<h6><span style=\"color: #008000;\"><a style=\"color: #008000;\" href=\"https:\/\/uned-illesbalears.net\/wp-content\/uploads\/2022\/09\/Los-ODS-y-la-agenda-2030-aplicados-al-ambito-educativo-universitario.pdf\" class=\"mtli_attachment mtli_pdf\">Los ODS y la agenda 2030 aplicados al \u00e1mbito educativo universitario<\/a><\/span><\/h6>\n<h6><span style=\"color: #008000;\">Enlace a la p\u00e1gina web de la UNED: <strong><a style=\"color: #008000;\" href=\"https:\/\/portal.uned.es\/portal\/page?_pageid=93,40328573&amp;_dad=portal&amp;_schema=PORTAL\">C\u00f3digos de conducta<\/a><\/strong><\/span><\/h6>\n<p>&nbsp;<\/p>\n","protected":false},"excerpt":{"rendered":"<p>1.1.4. RCDI. Declaraci\u00f3n de pol\u00edtica de calidad, responsabilidad social y Agenda 2030 2022-2023 Los ODS y la agenda 2030 aplicados al \u00e1mbito educativo universitario Enlace a la p\u00e1gina web de la UNED: C\u00f3digos de conducta &nbsp;<\/p>\n","protected":false},"author":1,"featured_media":0,"parent":305,"menu_order":0,"comment_status":"closed","ping_status":"closed","template":"","meta":{"_acf_changed":false,"footnotes":""},"acf":[],"_links":{"self":[{"href":"https:\/\/uned-illesbalears.net\/ca\/wp-json\/wp\/v2\/pages\/118213"}],"collection":[{"href":"https:\/\/uned-illesbalears.net\/ca\/wp-json\/wp\/v2\/pages"}],"about":[{"href":"https:\/\/uned-illesbalears.net\/ca\/wp-json\/wp\/v2\/types\/page"}],"author":[{"embeddable":true,"href":"https:\/\/uned-illesbalears.net\/ca\/wp-json\/wp\/v2\/users\/1"}],"replies":[{"embeddable":true,"href":"https:\/\/uned-illesbalears.net\/ca\/wp-json\/wp\/v2\/comments?post=118213"}],"version-history":[{"count":10,"href":"https:\/\/uned-illesbalears.net\/ca\/wp-json\/wp\/v2\/pages\/118213\/revisions"}],"predecessor-version":[{"id":217772,"href":"https:\/\/uned-illesbalears.net\/ca\/wp-json\/wp\/v2\/pages\/118213\/revisions\/217772"}],"up":[{"embeddable":true,"href":"https:\/\/uned-illesbalears.net\/ca\/wp-json\/wp\/v2\/pages\/305"}],"wp:attachment":[{"href":"https:\/\/uned-illesbalears.net\/ca\/wp-json\/wp\/v2\/media?parent=118213"}],"curies":[{"name":"wp","href":"https:\/\/api.w.org\/{rel}","templated":true}]}}