{"id":10893,"date":"2014-08-06T12:38:36","date_gmt":"2014-08-06T12:38:36","guid":{"rendered":"https:\/\/uned-illesbalears.net\/recursos-para-estudiantes\/horarios-practicas\/formulario-practicas-grado-en-ingenieria-informatica-grado-en-ingenieria-en-tecnologia-de-la-informacion\/"},"modified":"2025-10-18T17:20:18","modified_gmt":"2025-10-18T15:20:18","slug":"formulari-practiques-grau-en-enginyeria-informatica-grau-en-tecnologia-de-la-informacio","status":"publish","type":"page","link":"https:\/\/uned-illesbalears.net\/ca\/recursos-para-estudiantes\/horaris-practiques\/formulari-practiques-grau-en-enginyeria-informatica-grau-en-tecnologia-de-la-informacio\/","title":{"rendered":"Formulario pr\u00e1cticas Grado en Ingenier\u00eda Inform\u00e1tica, Grado en Tecnolog\u00eda de la Informaci\u00f3n"},"content":{"rendered":"<h3 style=\"text-align: center;\"><span style=\"color: #008000;\"><strong>CALENDARIO DE LAS PR\u00c1CTICAS DE LABORATORIO\u00a0 DEL CENTRO DE LA UNED BALEARES. Curso 2025-2026<\/strong><\/span><\/h3>\n<p><span style=\"color: #008000;\"><strong>Las pr\u00e1cticas se desarrollan en las instalaciones del Centro de la UNED en Palma de Mallorca<\/strong><\/span><\/p>\n<p><span style=\"color: #008000;\"><strong>Los estudiantes interesados deben inscribirse mediante el formulario online disponible en el men\u00fa de esta p\u00e1gina o en la aplicaci\u00f3n disponible en Mis pr\u00e1cticas,\u00a0 DOS SEMANAS ANTES DE LA FECHA DE LAS PR\u00c1CTICAS.<\/strong><\/span><span style=\"color: #ffffff;\">id<\/span><\/p>\n<p><span style=\"color: #008000;\">Los estudiantes que residen en Menorca, Ibiza y Formentera podr\u00e1n\u00a0 solicitar ayudas al desplazamiento a Mallorca a la Conselleria d\u2019Educaci\u00f3, Cultura i Universitats. Es necesario matricularse de, al menos, 42 ECTS.<\/span><\/p>\n<p><span style=\"color: #008000;\">Si reside fuera de la Comunidad Aut\u00f3noma de las Baleares ind\u00edquelo en el apartado de observaciones en la solicitud de inscripci\u00f3n.<\/span><\/p>\n<h3>Horario<\/h3>\n\n<table id=\"tablepress-383\" class=\"tablepress tablepress-id-383 tbody-has-connected-cells\">\n<tbody class=\"row-striping row-hover\">\n<tr class=\"row-1\">\n\t<td class=\"column-1\"><\/td><td colspan=\"9\" class=\"column-2\"><h5>Pr\u00e1cticas Grado en Ingenier\u00eda Inform\u00e1tica , Grado en Ingenier\u00eda en Tecnolog\u00eda de la Informaci\u00f3n  \/Pr\u00e0ctiques Grau en  Enginyeria Inform\u00e0tica, Grau en  Tecnologia de la Informaci\u00f3<\/h5><\/td>\n<\/tr>\n<tr class=\"row-2\">\n\t<td class=\"column-1\"><\/td><td colspan=\"9\" class=\"column-2\"><h5>Primer curso\/curs - Primer cuatrimestre\/quadrimestre<\/h5><\/td>\n<\/tr>\n<tr class=\"row-3\">\n\t<td class=\"column-1\"><strong>C\u00f3digo\/Codi<\/strong><\/td><td class=\"column-2\"><strong>Asignaturas \/ Assignatures<\/strong><\/td><td class=\"column-3\"><strong>Curso\/Curs<\/strong><\/td><td class=\"column-4\"><strong>C\/Q<\/strong><\/td><td class=\"column-5\"><strong>Profesorado\/ Professorat<\/strong><\/td><td class=\"column-6\"><strong>Fecha\/Data<\/strong><\/td><td class=\"column-7\"><strong>D\u00eda\/Dia<\/strong><\/td><td class=\"column-8\"><strong>Hora<\/strong><\/td><td class=\"column-9\"><strong>Aula<\/strong><\/td><td class=\"column-10\"><strong>Observaciones\/Observacions<\/strong><\/td>\n<\/tr>\n<tr class=\"row-4\">\n\t<td class=\"column-1\">71901020<\/td><td class=\"column-2\">Fundamentos de Programaci\u00f3n\/Fonaments de programaci\u00f3 (voluntarias\/volunt\u00e0ries)<br \/>\n<\/td><td class=\"column-3\">1<\/td><td class=\"column-4\">1<\/td><td class=\"column-5\">X.Torres<\/td><td class=\"column-6\">22 noviembre<\/td><td class=\"column-7\">S\u00e1bado\/Dissabte<\/td><td class=\"column-8\">9.30-11.30<\/td><td class=\"column-9\">Inform\u00e1tica<\/td><td class=\"column-10\">Consultar Foro tutor.<br \/>\nCurso 2025-2026<\/td>\n<\/tr>\n<tr class=\"row-5\">\n\t<td class=\"column-1\"><\/td><td colspan=\"9\" class=\"column-2\"><h5>Segundo curso\/Segon curs - Primer cuatrimestre\/quadrimestre<\/h5><\/td>\n<\/tr>\n<tr class=\"row-6\">\n\t<td class=\"column-1\">71902019<\/td><td class=\"column-2\">Programaci\u00f3n y Estructura de Datos Avanzadas\/Programaci\u00f3 i Estructura de Dades Avan\u00e7ades<\/td><td class=\"column-3\">2<\/td><td class=\"column-4\">1<\/td><td class=\"column-5\">X.Torres<\/td><td class=\"column-6\">29 noviembre<\/td><td class=\"column-7\">S\u00e1bado\/Dissabte<\/td><td class=\"column-8\">9.30-13.30<\/td><td class=\"column-9\">Inform\u00e1tica<\/td><td class=\"column-10\">Consultar Foro tutor.<br \/>\nCurso 2025-2026<\/td>\n<\/tr>\n<tr class=\"row-7\">\n\t<td class=\"column-1\"><\/td><td colspan=\"8\" class=\"column-2\"><h5>Primer curso\/curs - Segundo cuatrimestre\/quadrimestre<\/h5><\/td><td class=\"column-10\"><\/td>\n<\/tr>\n<tr class=\"row-8\">\n\t<td class=\"column-1\"><strong>C\u00f3digo\/Codi<\/strong><\/td><td class=\"column-2\"><strong>Asignaturas \/ Assignatures<\/strong><\/td><td class=\"column-3\"><strong>Curso\/Curs<\/strong><\/td><td class=\"column-4\"><strong>C\/Q<\/strong><\/td><td class=\"column-5\"><strong>Profesorado\/ Professorat<\/strong><\/td><td class=\"column-6\"><strong>Fecha\/Data<\/strong><\/td><td class=\"column-7\"><strong>D\u00eda\/Dia<\/strong><\/td><td class=\"column-8\"><strong>Hora<\/strong><\/td><td class=\"column-9\"><strong>Aula<\/strong><\/td><td class=\"column-10\"><strong>Observaciones\/Observacions<\/strong><\/td>\n<\/tr>\n<tr class=\"row-9\">\n\t<td class=\"column-1\">71901072<\/td><td class=\"column-2\">Programaci\u00f3n Orientada a Objetos\/Programaci\u00f3 Orientada a Objectes<br \/>\n<\/td><td class=\"column-3\">1<\/td><td class=\"column-4\">2<\/td><td class=\"column-5\">M.Piulats<\/td><td class=\"column-6\">14 marzo<br \/>\n16 mayo<\/td><td class=\"column-7\">S\u00e1bado\/Dissabte<br \/>\nS\u00e1bado\/Dissabte<\/td><td class=\"column-8\">9:30-11:30<br \/>\n9:30-11:30<\/td><td class=\"column-9\">Online<br \/>\nTEAMS<\/td><td class=\"column-10\">Consultar Foro tutor.<br \/>\n<\/td>\n<\/tr>\n<tr class=\"row-10\">\n\t<td class=\"column-1\">71901043<\/td><td class=\"column-2\">Estrategias de Programaci\u00f3n y Estructura de Datos\/Estrat\u00e8gies de Programaci\u00f3 i Estructura de Dades<br \/>\n<\/td><td class=\"column-3\">1<\/td><td class=\"column-4\">2<\/td><td class=\"column-5\">X.Torres<\/td><td class=\"column-6\">28 marzo<\/td><td class=\"column-7\">S\u00e1bado\/Dissabte<\/td><td class=\"column-8\">9:30-11:30<\/td><td class=\"column-9\">Inform\u00e1tica<br \/>\nWebconferencia<br \/>\nIllesBalears-Estrategia de Programaci\u00f3n y Estructura de Datos<\/td><td class=\"column-10\">Consultar Foro tutor.<br \/>\nCurso 2025-2026<\/td>\n<\/tr>\n<tr class=\"row-11\">\n\t<td class=\"column-1\">71901089<\/td><td class=\"column-2\">Aut\u00f3matas, Gram\u00e1ticas y Lenguajes \/Aut\u00f2mates, Gram\u00e0tiques i llenguatges<br \/>\n(voluntarias\/volunt\u00e0ries)<\/td><td class=\"column-3\">1<\/td><td class=\"column-4\">2<\/td><td class=\"column-5\">X.Torres<\/td><td class=\"column-6\">5 marzo<br \/>\n12 marzo<br \/>\n26 marzo<br \/>\n16 abril<br \/>\n<\/td><td class=\"column-7\">Jueves\/Dijous<br \/>\nJueves\/Dijous<br \/>\nJueves\/Dijous<br \/>\nJueves\/Dijous<\/td><td class=\"column-8\">19:30-20:30<br \/>\n19:30-20:30<br \/>\n19:30-20:30<br \/>\n19:30-20:30<\/td><td class=\"column-9\">Aula 11<br \/>\nWebconferencia<br \/>\n IllesBalears-Aut\u00f3matas-Gram\u00e1ticas-Lenguajes-  2026<\/td><td class=\"column-10\">Consultar Foro tutor.<br \/>\nCurso 2025-2026<\/td>\n<\/tr>\n<tr class=\"row-12\">\n\t<td class=\"column-1\"><\/td><td colspan=\"9\" class=\"column-2\"><h5>Segundo curso\/Segon curs - Segundo Cuatrimestre\/Segon quadrimestre<\/h5><\/td>\n<\/tr>\n<tr class=\"row-13\">\n\t<td class=\"column-1\"><strong>C\u00f3digo\/Codi<\/strong><\/td><td class=\"column-2\"><strong>Asignaturas \/ Assignatures<\/strong><\/td><td class=\"column-3\"><strong>Curso\/Curs<\/strong><\/td><td class=\"column-4\"><strong>C\/Q<\/strong><\/td><td class=\"column-5\"><strong>Profesorado\/ Professorat<\/strong><\/td><td class=\"column-6\"><strong>Fecha\/Data<\/strong><\/td><td class=\"column-7\"><strong>D\u00eda\/Dia<\/strong><\/td><td class=\"column-8\"><strong>Hora<\/strong><\/td><td class=\"column-9\"><strong>Aula<\/strong><\/td><td class=\"column-10\"><strong>Observaciones\/Observacions<\/strong><\/td>\n<\/tr>\n<tr class=\"row-14\">\n\t<td class=\"column-1\">71012024<\/td><td class=\"column-2\">Teor\u00eda de los Lenguajes de Programaci\u00f3n\/Teoria dels Llenguatges de Programaci\u00f3<br \/>\n<\/td><td class=\"column-3\">2<\/td><td class=\"column-4\">2<\/td><td class=\"column-5\">M.Piulats<\/td><td class=\"column-6\">28 marzo<\/td><td class=\"column-7\">S\u00e1bado\/Dissabte<\/td><td class=\"column-8\">9:30-11:30<\/td><td class=\"column-9\">Inform\u00e1tica<br \/>\nTEAMS<\/td><td class=\"column-10\">Consultar Foro tutor.<br \/>\n<\/td>\n<\/tr>\n<\/tbody>\n<\/table>\n<!-- #tablepress-383 from cache -->\n<h3>Inscripci\u00f3n<\/h3>\n","protected":false},"excerpt":{"rendered":"<p>CALENDARIO DE LAS PR\u00c1CTICAS DE LABORATORIO\u00a0 DEL CENTRO DE LA UNED BALEARES. Curso 2025-2026 Las pr\u00e1cticas se desarrollan en las instalaciones del Centro de la UNED en Palma de Mallorca Los estudiantes interesados deben inscribirse mediante el formulario online disponible en el men\u00fa de esta p\u00e1gina o en la aplicaci\u00f3n disponible en Mis pr\u00e1cticas,\u00a0 DOS [&hellip;]<\/p>\n","protected":false},"author":1,"featured_media":0,"parent":10878,"menu_order":0,"comment_status":"closed","ping_status":"closed","template":"","meta":{"_acf_changed":false,"footnotes":""},"acf":[],"_links":{"self":[{"href":"https:\/\/uned-illesbalears.net\/ca\/wp-json\/wp\/v2\/pages\/10893"}],"collection":[{"href":"https:\/\/uned-illesbalears.net\/ca\/wp-json\/wp\/v2\/pages"}],"about":[{"href":"https:\/\/uned-illesbalears.net\/ca\/wp-json\/wp\/v2\/types\/page"}],"author":[{"embeddable":true,"href":"https:\/\/uned-illesbalears.net\/ca\/wp-json\/wp\/v2\/users\/1"}],"replies":[{"embeddable":true,"href":"https:\/\/uned-illesbalears.net\/ca\/wp-json\/wp\/v2\/comments?post=10893"}],"version-history":[{"count":10,"href":"https:\/\/uned-illesbalears.net\/ca\/wp-json\/wp\/v2\/pages\/10893\/revisions"}],"predecessor-version":[{"id":279859,"href":"https:\/\/uned-illesbalears.net\/ca\/wp-json\/wp\/v2\/pages\/10893\/revisions\/279859"}],"up":[{"embeddable":true,"href":"https:\/\/uned-illesbalears.net\/ca\/wp-json\/wp\/v2\/pages\/10878"}],"wp:attachment":[{"href":"https:\/\/uned-illesbalears.net\/ca\/wp-json\/wp\/v2\/media?parent=10893"}],"curies":[{"name":"wp","href":"https:\/\/api.w.org\/{rel}","templated":true}]}}