{"id":10882,"date":"2014-08-08T08:00:29","date_gmt":"2014-08-08T08:00:29","guid":{"rendered":"https:\/\/uned-illesbalears.net\/recursos-para-estudiantes\/horarios-practicas\/formulario-practicas-de-grado-en-fisica\/"},"modified":"2025-10-18T17:17:59","modified_gmt":"2025-10-18T15:17:59","slug":"formulario-practicas-de-grado-en-fisica","status":"publish","type":"page","link":"https:\/\/uned-illesbalears.net\/ca\/recursos-para-estudiantes\/horaris-practiques\/formulario-practicas-de-grado-en-fisica\/","title":{"rendered":"Formulario pr\u00e1cticas de Grado en F\u00edsica"},"content":{"rendered":"<h3 style=\"text-align: center;\"><span style=\"color: #008000;\"><strong>CALENDARIO DE LAS PR\u00c1CTICAS DE LABORATORIO\u00a0 DEL CENTRO DE LA UNED BALEARES. Curso 2025-2026<\/strong><\/span><\/h3>\n<p><span style=\"color: #008000;\"><strong>Las pr\u00e1cticas se desarrollan en las instalaciones del Centro de la UNED en Palma de Mallorca<\/strong><\/span><\/p>\n<h5><span style=\"color: #008000;\"><strong>Los estudiantes interesados deben inscribirse mediante el formulario online disponible en el men\u00fa de esta p\u00e1gina o en la aplicaci\u00f3n disponible en Mis pr\u00e1cticas,\u00a0 DOS SEMANAS ANTES DE LA FECHA DE LAS PR\u00c1CTICAS<\/strong><\/span><\/h5>\n<p><span style=\"color: #008000;\">Los estudiantes que residen en Menorca, Ibiza y Formentera podr\u00e1n\u00a0 solicitar ayudas al desplazamiento a Mallorca a la Conselleria d\u2019Educaci\u00f3, Cultura i Universitats. Es necesario matricularse de, al menos, 42 ECTS.<\/span><\/p>\n<p><span style=\"color: #008000;\">Si reside fuera de la Comunidad Aut\u00f3noma de las Baleares ind\u00edquelo en el apartado de observaciones en la solicitud de inscripci\u00f3n.<\/span><\/p>\n<h3>Horario<\/h3>\n\n<table id=\"tablepress-381\" class=\"tablepress tablepress-id-381 tbody-has-connected-cells\">\n<tbody class=\"row-striping row-hover\">\n<tr class=\"row-1\">\n\t<td class=\"column-1\"><\/td><td colspan=\"9\" class=\"column-2\"><h5>Pr\u00e1cticas laboratorio Grado en  F\u00edsica\/Pr\u00e0ctiques laboratori Grau en F\u00edsica<\/h5><\/td>\n<\/tr>\n<tr class=\"row-2\">\n\t<td class=\"column-1\"><\/td><td colspan=\"9\" class=\"column-2\"><h5>Primer curso\/curs - Segundo cuatrimestre\/quadrimestre<\/h5><\/td>\n<\/tr>\n<tr class=\"row-3\">\n\t<td class=\"column-1\"><strong>C\u00f3digo\/Codi<\/strong><\/td><td class=\"column-2\"><strong>Asignaturas \/ Assignatures<\/strong><\/td><td class=\"column-3\"><strong>Curso\/Curs<\/strong><\/td><td class=\"column-4\"><strong>C\/Q<\/strong><\/td><td class=\"column-5\"><strong>Profesorado\/ Professorat<\/strong><\/td><td class=\"column-6\"><strong>Fecha\/Data<\/strong><\/td><td class=\"column-7\"><strong>D\u00eda\/Dia<\/strong><\/td><td class=\"column-8\"><strong>Hora<\/strong><\/td><td class=\"column-9\"><strong>Aula<\/strong><\/td><td class=\"column-10\"><strong>Observaciones \/ Observacions<\/strong><\/td>\n<\/tr>\n<tr class=\"row-4\">\n\t<td class=\"column-1\">61041102<\/td><td class=\"column-2\">T\u00e9cnicas experimentales I\/T\u00e8cniques experimentals I<br \/>\n<\/td><td class=\"column-3\">1<\/td><td class=\"column-4\">2<\/td><td class=\"column-5\">J.P. Rodr\u00edguez<\/td><td class=\"column-6\">27 febrero<br \/>\n28 febrero<br \/>\n3 marzo<br \/>\n4 marzo<br \/>\n11 marzo<br \/>\n12 marzo<br \/>\n24 abril<br \/>\n25 abril<\/td><td class=\"column-7\">Viernes\/Divendres<br \/>\nS\u00e1bado\/Dissabte<br \/>\nMartes\/Dimarts<br \/>\nMi\u00e9rcoles\/Dimecres<br \/>\nMi\u00e9rcoles\/Dimecres<br \/>\nJueves\/Dijous<br \/>\nViernes\/Divendres<br \/>\nS\u00e1bado\/Dissabte<\/td><td class=\"column-8\">16:30-21:30<br \/>\n9:00-14:00<br \/>\n16:30-21:30<br \/>\n16:30-21:30<br \/>\n16:30-21:30<br \/>\n16:30-21:30<br \/>\n16:30-21:30<br \/>\n9:00-14:00<br \/>\n<\/td><td class=\"column-9\">Laboratorio<br \/>\n<\/td><td class=\"column-10\">Consultar Foro tutor.<br \/>\nCurso 2025-2026<br \/>\nPendiente confirmaci\u00f3n de fechas<\/td>\n<\/tr>\n<tr class=\"row-5\">\n\t<td class=\"column-1\"><\/td><td colspan=\"9\" class=\"column-2\"><h5>Segundo curso\/Segon curs - Segundo Cuatrimestre\/Segon quadrimestre<\/h5><\/td>\n<\/tr>\n<tr class=\"row-6\">\n\t<td class=\"column-1\">61042099<\/td><td class=\"column-2\">T\u00e9cnicas experimentales II\/T\u00e8cniques experimentals II<br \/>\n<\/td><td class=\"column-3\">2<\/td><td class=\"column-4\">2<\/td><td class=\"column-5\">I.Gomes<\/td><td class=\"column-6\">25 marzo<br \/>\n26 marzo<br \/>\n17 abril<br \/>\n18 abril<br \/>\n22 abril<br \/>\n23 abril<br \/>\n29 abril<br \/>\n30 abril<\/td><td class=\"column-7\">Mi\u00e9rcoles\/Dimecres<br \/>\nJueves\/Dijous<br \/>\nViernes\/Divendres<br \/>\nS\u00e1bado\/Dissabte<br \/>\nMi\u00e9rcoles\/Dimecres<br \/>\nJueves\/Dijous<br \/>\nMi\u00e9rcoles\/Dimecres<br \/>\nJueves\/Dijous<\/td><td class=\"column-8\">17:00-22:00<br \/>\n17:00-22:0<br \/>\n17:00-22:00<br \/>\n9:00-14:00<br \/>\n17:00-22:00<br \/>\n17:00-22:00<br \/>\n17:00-22:00<\/td><td class=\"column-9\">Laboratorio<\/td><td class=\"column-10\">Consultar Foro tutor.<br \/>\nCurso 2025-2026<br \/>\n<\/td>\n<\/tr>\n<\/tbody>\n<\/table>\n<!-- #tablepress-381 from cache -->\n<h3>Inscripci\u00f3n<\/h3>\n<p>&nbsp;<\/p>\n","protected":false},"excerpt":{"rendered":"<p>CALENDARIO DE LAS PR\u00c1CTICAS DE LABORATORIO\u00a0 DEL CENTRO DE LA UNED BALEARES. Curso 2025-2026 Las pr\u00e1cticas se desarrollan en las instalaciones del Centro de la UNED en Palma de Mallorca Los estudiantes interesados deben inscribirse mediante el formulario online disponible en el men\u00fa de esta p\u00e1gina o en la aplicaci\u00f3n disponible en Mis pr\u00e1cticas,\u00a0 DOS [&hellip;]<\/p>\n","protected":false},"author":1,"featured_media":0,"parent":10878,"menu_order":0,"comment_status":"closed","ping_status":"closed","template":"","meta":{"_acf_changed":false,"footnotes":""},"acf":[],"_links":{"self":[{"href":"https:\/\/uned-illesbalears.net\/ca\/wp-json\/wp\/v2\/pages\/10882"}],"collection":[{"href":"https:\/\/uned-illesbalears.net\/ca\/wp-json\/wp\/v2\/pages"}],"about":[{"href":"https:\/\/uned-illesbalears.net\/ca\/wp-json\/wp\/v2\/types\/page"}],"author":[{"embeddable":true,"href":"https:\/\/uned-illesbalears.net\/ca\/wp-json\/wp\/v2\/users\/1"}],"replies":[{"embeddable":true,"href":"https:\/\/uned-illesbalears.net\/ca\/wp-json\/wp\/v2\/comments?post=10882"}],"version-history":[{"count":13,"href":"https:\/\/uned-illesbalears.net\/ca\/wp-json\/wp\/v2\/pages\/10882\/revisions"}],"predecessor-version":[{"id":279854,"href":"https:\/\/uned-illesbalears.net\/ca\/wp-json\/wp\/v2\/pages\/10882\/revisions\/279854"}],"up":[{"embeddable":true,"href":"https:\/\/uned-illesbalears.net\/ca\/wp-json\/wp\/v2\/pages\/10878"}],"wp:attachment":[{"href":"https:\/\/uned-illesbalears.net\/ca\/wp-json\/wp\/v2\/media?parent=10882"}],"curies":[{"name":"wp","href":"https:\/\/api.w.org\/{rel}","templated":true}]}}