{"id":10880,"date":"2014-08-06T13:01:46","date_gmt":"2014-08-06T13:01:46","guid":{"rendered":"https:\/\/uned-illesbalears.net\/recursos-para-estudiantes\/horarios-practicas\/formulario-de-practicas-grados-en-ingenieria-mecanica-electricidad-electronica-industrial-y-automatica-tecnologia-industrial\/"},"modified":"2025-10-18T17:19:47","modified_gmt":"2025-10-18T15:19:47","slug":"formulario-de-practicas-grados-en-ingenieria-mecanica-electricidad-electronica-industrial-y-automatica-tecnologia-industrial","status":"publish","type":"page","link":"https:\/\/uned-illesbalears.net\/ca\/recursos-para-estudiantes\/horaris-practiques\/formulario-de-practicas-grados-en-ingenieria-mecanica-electricidad-electronica-industrial-y-automatica-tecnologia-industrial\/","title":{"rendered":"Formulario de pr\u00e1cticas Grados en Ingenier\u00eda: Mec\u00e1nica, Electricidad, Electr\u00f3nica industrial y autom\u00e1tica, Tecnolog\u00eda industrial"},"content":{"rendered":"<h3 style=\"text-align: center;\"><span style=\"color: #008000;\"><strong>CALENDARIO DE LAS PR\u00c1CTICAS DE LABORATORIO\u00a0 DEL CENTRO DE LA UNED BALEARES. Curso 2025-2026<\/strong><\/span><\/h3>\n<p><span style=\"color: #008000;\"><strong>Las pr\u00e1cticas se desarrollan en las instalaciones del Centro de la UNED en Palma de Mallorca<\/strong><\/span><\/p>\n<p><span style=\"color: #008000;\"><strong>Los estudiantes interesados\u00a0 deben inscribirse mediante el formulario online disponible en el men\u00fa de esta p\u00e1gina o en la aplicaci\u00f3n disponible en Mis pr\u00e1cticas,\u00a0 DOS SEMANAS ANTES DE LA FECHA DE LAS PR\u00c1CTICAS<\/strong><\/span><\/p>\n<p><span style=\"color: #008000;\">Los estudiantes que residen en Menorca, Ibiza y Formentera podr\u00e1n\u00a0 solicitar ayudas al desplazamiento a Mallorca a la Conselleria d\u2019Educaci\u00f3, Cultura i Universitats. Es necesario matricularse de, al menos, 42 ECTS.<\/span><\/p>\n<p><span style=\"color: #008000;\">Si reside fuera de la Comunidad Aut\u00f3noma de las Baleares ind\u00edquelo en el apartado de observaciones en la solicitud de inscripci\u00f3n.<\/span><\/p>\n<h3>Horario<\/h3>\n\n<table id=\"tablepress-384\" class=\"tablepress tablepress-id-384 tbody-has-connected-cells\">\n<tbody class=\"row-striping row-hover\">\n<tr class=\"row-1\">\n\t<td class=\"column-1\"><\/td><td colspan=\"9\" class=\"column-2\"><h5>Pr\u00e1cticas laboratorio Grados en  Ingenier\u00eda: Mec\u00e1nica, Electricidad, Electr\u00f3nica industrial y autom\u00e1tica, Tecnolog\u00eda industrial\/Pr\u00e0ctiques laboratori Graus en Enginyeria: Mec\u00e0nica, Electricitat, Electr\u00f2nica industrial i autom\u00e0tica, Tecnologia industrial<\/h5><\/td>\n<\/tr>\n<tr class=\"row-2\">\n\t<td class=\"column-1\"><\/td><td colspan=\"9\" class=\"column-2\"><h5>Primer curso\/curs - Primer cuatrimestre\/quadrimestre<\/h5><\/td>\n<\/tr>\n<tr class=\"row-3\">\n\t<td class=\"column-1\"><strong>C\u00f3digo\/Codi<\/strong><\/td><td class=\"column-2\"><strong>Asignaturas \/ Assignatures<\/strong><\/td><td class=\"column-3\"><strong>Curso\/Curs<\/strong><\/td><td class=\"column-4\"><strong>C\/Q<\/strong><\/td><td class=\"column-5\"><strong>Profesorado\/ Professorat<\/strong><\/td><td class=\"column-6\"><strong>Fecha\/Data<\/strong><\/td><td class=\"column-7\"><strong>D\u00eda\/Dia<\/strong><\/td><td class=\"column-8\"><strong>Hora<\/strong><\/td><td class=\"column-9\"><strong>Aula<\/strong><\/td><td class=\"column-10\"><strong>Sala Web<\/strong><\/td>\n<\/tr>\n<tr class=\"row-4\">\n\t<td class=\"column-1\">68901016<br \/>\n<\/td><td class=\"column-2\">F\u00edsica I<br \/>\n<\/td><td class=\"column-3\">1<\/td><td class=\"column-4\">1<br \/>\n<\/td><td class=\"column-5\">M.A.V\u00e1zquez<\/td><td class=\"column-6\">24 noviembre<br \/>\n28 noviembre<br \/>\n29 noviembre<\/td><td class=\"column-7\">Lunes\/Dilluns (solo online 24 nov)<br \/>\nViernes\/Divendres<br \/>\nS\u00e1bado\/Dissabte<br \/>\n<\/td><td class=\"column-8\">16.00-20.00 (solo online el 24 nov)<br \/>\n16.00-21.00<br \/>\n9.00-14.00<br \/>\n<\/td><td class=\"column-9\">Laboratorio<\/td><td class=\"column-10\">Consultar Foro tutor.<br \/>\nCurso 2025-2026<\/td>\n<\/tr>\n<tr class=\"row-5\">\n\t<td class=\"column-1\">68901128<br \/>\n68901111<\/td><td class=\"column-2\">Fundamentos Qu\u00edmicos de la Ingenier\u00eda\/Fonaments Qu\u00edmics de l'Enginyeria<br \/>\n<\/td><td class=\"column-3\">1<\/td><td class=\"column-4\">1<br \/>\n<\/td><td class=\"column-5\">M.A.V\u00e1zquez<\/td><td class=\"column-6\">5 diciembre<br \/>\n6 diciembre<\/td><td class=\"column-7\">Viernes\/Divendres<br \/>\nS\u00e1bado\/Dissabte<\/td><td class=\"column-8\">16.00-21.00<br \/>\n9.00-14.00<\/td><td class=\"column-9\">Laboratorio<\/td><td class=\"column-10\">Consultar Foro tutor.<br \/>\nCurso 2025-2026<\/td>\n<\/tr>\n<tr class=\"row-6\">\n\t<td class=\"column-1\">68011044<\/td><td class=\"column-2\">Expresi\u00f3n gr\u00e1fica en ingenier\u00eda el\u00e9ctrica\/<br \/>\nExpressi\u00f3 gr\u00e0fica en enginyeria el\u00e8ctrica<br \/>\n<\/td><td class=\"column-3\">1<\/td><td class=\"column-4\">1<br \/>\n<\/td><td class=\"column-5\">V. Rey<\/td><td class=\"column-6\">7 noviembre<br \/>\n14 noviembre<br \/>\n21 noviembre<br \/>\n1 diciembre<br \/>\n<\/td><td class=\"column-7\">Viernes\/Divendres<br \/>\nViernes\/Divendres<br \/>\nViernes\/Divendres<br \/>\nLunes\/Dilluns<\/td><td class=\"column-8\">16.30-20.30<br \/>\n16.30-20.30<br \/>\n16.30-20.30<br \/>\n16.30-20.30<\/td><td class=\"column-9\">Inform\u00e1tica<\/td><td class=\"column-10\">Consultar Foro tutor.<br \/>\nCurso 2025-2026<br \/>\n<\/td>\n<\/tr>\n<tr class=\"row-7\">\n\t<td class=\"column-1\">68021048<\/td><td class=\"column-2\">Expresi\u00f3n gr\u00e1fica en electr\u00f3nica industrial\/Expressi\u00f3 gr\u00e0fica en electr\u00f2nica industrial<br \/>\n<\/td><td class=\"column-3\">1<\/td><td class=\"column-4\">1<br \/>\n<\/td><td class=\"column-5\">V. Rey<\/td><td class=\"column-6\">7 noviembre<br \/>\n14 noviembre<br \/>\n21 noviembre<br \/>\n1 diciembre<br \/>\n<\/td><td class=\"column-7\">Viernes\/Divendres<br \/>\nViernes\/Divendres<br \/>\nViernes\/Divendres<br \/>\nLunes\/Dilluns<\/td><td class=\"column-8\">16.30-20.30<br \/>\n16.30-20.30<br \/>\n16.30-20.30<br \/>\n16.30-20.30<br \/>\n<\/td><td class=\"column-9\">Inform\u00e1tica<\/td><td class=\"column-10\">Consultar Foro tutor.<br \/>\nCurso 2025-2026<br \/>\n<\/td>\n<\/tr>\n<tr class=\"row-8\">\n\t<td class=\"column-1\">68901105<\/td><td class=\"column-2\">Expresi\u00f3n gr\u00e1fica y dise\u00f1o asistido\/Expressi\u00f3 gr\u00e0fica i disseny assistit<\/td><td class=\"column-3\">1<\/td><td class=\"column-4\">1<\/td><td class=\"column-5\">V. Rey<\/td><td class=\"column-6\">7 noviembre<br \/>\n14 noviembre<br \/>\n21 noviembre<br \/>\n1 diciembre<br \/>\n<\/td><td class=\"column-7\">Viernes\/Divendres<br \/>\nViernes\/Divendres<br \/>\nViernes\/Divendres<br \/>\nLunes\/Dilluns<\/td><td class=\"column-8\">16.30-20.30<br \/>\n16.30-20.30<br \/>\n16.30-20.30<br \/>\n16.30-20.30<\/td><td class=\"column-9\">Inform\u00e1tica<\/td><td class=\"column-10\">Consultar Foro tutor.<br \/>\nCurso 2025-2026<br \/>\n<\/td>\n<\/tr>\n<tr class=\"row-9\">\n\t<td class=\"column-1\"><\/td><td colspan=\"9\" class=\"column-2\"><h5>Primer curso\/curs - Segundo cuatrimestre\/quadrimestre<\/h5><\/td>\n<\/tr>\n<tr class=\"row-10\">\n\t<td class=\"column-1\"><strong>C\u00f3digo\/Codi<\/strong><\/td><td class=\"column-2\"><strong>Asignaturas \/ Assignatures<\/strong><\/td><td class=\"column-3\"><strong>Curso\/Curs<\/strong><\/td><td class=\"column-4\"><strong>C\/Q<\/strong><\/td><td class=\"column-5\"><strong>Profesorado\/ Professorat<\/strong><\/td><td class=\"column-6\"><strong>Fecha\/Data<\/strong><\/td><td class=\"column-7\"><strong>D\u00eda\/Dia<\/strong><\/td><td class=\"column-8\"><strong>Hora<\/strong><\/td><td class=\"column-9\"><strong>Aula<\/strong><\/td><td class=\"column-10\"><strong>Sala Web<\/strong><\/td>\n<\/tr>\n<tr class=\"row-11\">\n\t<td class=\"column-1\">68901039<\/td><td class=\"column-2\">F\u00edsica II<br \/>\n<\/td><td class=\"column-3\">1<\/td><td class=\"column-4\">2<\/td><td class=\"column-5\">M.A.V\u00e1zquez<\/td><td class=\"column-6\">23 marzo<br \/>\n27 marzo<br \/>\n28 marzo<\/td><td class=\"column-7\">Lunes\/Dilluns<br \/>\nViernes\/Divendres<br \/>\nS\u00e1bado\/Dissabte<br \/>\n<\/td><td class=\"column-8\">16:00-20.00 (online 23 mar)<br \/>\n16.00-21.00<br \/>\n9.00-14.00<br \/>\n<\/td><td class=\"column-9\">Online<br \/>\nLaboratorio<br \/>\nLaboratorio<\/td><td class=\"column-10\">Consultar Foro tutor.<br \/>\nCurso 2025-2026<\/td>\n<\/tr>\n<tr class=\"row-12\">\n\t<td class=\"column-1\">68901022<\/td><td class=\"column-2\">Mec\u00e1nica\/Mec\u00e0nica<br \/>\n<br \/>\n<br \/>\n<\/td><td class=\"column-3\">1<\/td><td class=\"column-4\">2<\/td><td class=\"column-5\">S.Alc\u00e1zar<\/td><td class=\"column-6\">13 mayo<br \/>\n14 mayo<\/td><td class=\"column-7\">Mi\u00e9rcoles\/Dimecres<br \/>\nJueves\/Dijous<\/td><td class=\"column-8\">16:30-21:30<br \/>\n16:30-21:30<br \/>\n<\/td><td class=\"column-9\">Laboratorio<\/td><td class=\"column-10\">Consultar Foro tutor.<br \/>\nCurso 2025-2026<br \/>\nPendiente confirmaci\u00f3n de fechas<\/td>\n<\/tr>\n<tr class=\"row-13\">\n\t<td class=\"column-1\">68901080<\/td><td class=\"column-2\">Fundamentos de Inform\u00e1tica\/Fonaments d'Inform\u00e0tica<br \/>\n<\/td><td class=\"column-3\">1<\/td><td class=\"column-4\">2<br \/>\n<\/td><td class=\"column-5\">A.Rivero<\/td><td class=\"column-6\">11 marzo<br \/>\n15 abril<br \/>\n06 mayo<\/td><td class=\"column-7\">Mi\u00e9rcoles\/Dimecres<br \/>\nMi\u00e9rcoles\/Dimecres<br \/>\nMi\u00e9rcoles\/Dimecres<\/td><td class=\"column-8\">19:30-21:30<br \/>\n19:30-21:30<br \/>\n19:30-21:30<\/td><td class=\"column-9\">Inform\u00e1tica<br \/>\nWebconferencia<br \/>\nIllesBalears-Fundamentos de Informatica 2026<br \/>\n<\/td><td class=\"column-10\">Consultar Foro tutor.<br \/>\nCurso 2025-2026<br \/>\n<\/td>\n<\/tr>\n<tr class=\"row-14\">\n\t<td class=\"column-1\">68041039<\/td><td class=\"column-2\">Fundamentos de ciencia de materiales I\/Fonaments de ci\u00e8ncia de materials I<\/td><td class=\"column-3\">1<\/td><td class=\"column-4\">2<br \/>\n<\/td><td class=\"column-5\">M.Ortiz<\/td><td class=\"column-6\">16 abril<br \/>\n7 mayo<\/td><td class=\"column-7\">Jueves\/Dijous<br \/>\nJueves\/Dijous<\/td><td class=\"column-8\">16:30-18:30<br \/>\n16:30-18:30<\/td><td class=\"column-9\">Inform\u00e1tica<br \/>\nWebconferencia<br \/>\nIllesBalears-Fundamentos de Ciencia de Materiales I 2026<\/td><td class=\"column-10\">Consultar Foro tutor.<br \/>\nCurso 2025-2026<br \/>\nPendiente confirmaci\u00f3n<\/td>\n<\/tr>\n<tr class=\"row-15\">\n\t<td class=\"column-1\">68031087<br \/>\n<\/td><td class=\"column-2\">Mec\u00e1nica I\/Mec\u00e0nica I<br \/>\n<\/td><td class=\"column-3\">1<\/td><td class=\"column-4\">2<br \/>\n<\/td><td class=\"column-5\">F.Monserrat<\/td><td class=\"column-6\">15 mayo<br \/>\n16 mayo<\/td><td class=\"column-7\">Viernes\/Divendres<br \/>\nS\u00e1bado\/Dissabte<\/td><td class=\"column-8\">16:30-20:30<br \/>\n9:30-13:30<\/td><td class=\"column-9\">Laboratorio<\/td><td class=\"column-10\">Consultar Foro tutor.<br \/>\nCurso 2025-2026<br \/>\nPendiente confirmaci\u00f3n de fechas<\/td>\n<\/tr>\n<tr class=\"row-16\">\n\t<td class=\"column-1\"><\/td><td colspan=\"9\" class=\"column-2\"><h5>Segundo curso\/Segon curs - Segundo Cuatrimestre\/Segon quadrimestre<\/h5><\/td>\n<\/tr>\n<tr class=\"row-17\">\n\t<td class=\"column-1\"><strong>C\u00f3digo\/Codi<\/strong><\/td><td class=\"column-2\"><strong>Asignaturas \/ Assignatures<\/strong><\/td><td class=\"column-3\"><strong>Curso\/Curs<\/strong><\/td><td class=\"column-4\"><strong>C\/Q<\/strong><\/td><td class=\"column-5\"><strong>Profesorado\/ Professorat<\/strong><\/td><td class=\"column-6\"><strong>Fecha\/Data<\/strong><\/td><td class=\"column-7\"><strong>D\u00eda\/Dia<\/strong><\/td><td class=\"column-8\"><strong>Hora<\/strong><\/td><td class=\"column-9\"><strong>Aula<\/strong><\/td><td class=\"column-10\"><strong>Sala Web<\/strong><\/td>\n<\/tr>\n<tr class=\"row-18\">\n\t<td class=\"column-1\">6890204-<br \/>\n<\/td><td class=\"column-2\">Teor\u00eda de circuitos \/Teoria de circuits <br \/>\n<\/td><td class=\"column-3\">2<\/td><td class=\"column-4\">2<br \/>\n<\/td><td class=\"column-5\">S.Alc\u00e1zar<\/td><td class=\"column-6\">5 mayo<br \/>\n8 mayo<\/td><td class=\"column-7\">Martes\/Dimarts<br \/>\nViernes\/Divendres<br \/>\n<\/td><td class=\"column-8\">16:30-21:30<br \/>\n16:30-21:30<\/td><td class=\"column-9\">Laboratorio<\/td><td class=\"column-10\">Consultar Foro tutor.<br \/>\nCurso 2025-2026<br \/>\nPendiente confirmaci\u00f3n de fechas<\/td>\n<\/tr>\n<tr class=\"row-19\">\n\t<td class=\"column-1\">68012049<\/td><td class=\"column-2\">Teor\u00eda de circuitos I\/Teoria de circuits I<\/td><td class=\"column-3\">2<\/td><td class=\"column-4\">2<\/td><td class=\"column-5\">S.Alc\u00e1zar<\/td><td class=\"column-6\">9 mayo<br \/>\n12 mayo<\/td><td class=\"column-7\">S\u00e1bado\/Dissabte<br \/>\nMartes\/Dimarts<\/td><td class=\"column-8\">9:00-14:00<br \/>\n16:30-21:30<\/td><td class=\"column-9\">Laboratorio<\/td><td class=\"column-10\">Consultar Foro tutor. Curso 2025-2026<\/td>\n<\/tr>\n<tr class=\"row-20\">\n\t<td class=\"column-1\">68901097<\/td><td class=\"column-2\">Fundamentos de inform\u00e1tica\/Fonaments d'inform\u00e0tica<\/td><td class=\"column-3\">2<\/td><td class=\"column-4\">2<br \/>\n<\/td><td class=\"column-5\">A.Rivero<\/td><td class=\"column-6\">11 marzo<br \/>\n15 abril<br \/>\n06 mayo<\/td><td class=\"column-7\">Mi\u00e9rcoles\/Dimecres<br \/>\nMi\u00e9rcoles\/Dimecres<br \/>\nMi\u00e9rcoles\/Dimecres<\/td><td class=\"column-8\">19:30-21:30<br \/>\n19:30-21:30<br \/>\n19:30-21:30<\/td><td class=\"column-9\">Inform\u00e1tica<br \/>\nWebconferencia<br \/>\nIllesBalears-Fundamentos de Informatica 2025<br \/>\n<\/td><td class=\"column-10\">Consultar Foro tutor.<br \/>\nCurso 2025-2026<br \/>\n<\/td>\n<\/tr>\n<tr class=\"row-21\">\n\t<td class=\"column-1\"><\/td><td class=\"column-2\"><\/td><td class=\"column-3\"><\/td><td class=\"column-4\"><\/td><td class=\"column-5\"><\/td><td class=\"column-6\"><\/td><td class=\"column-7\"><\/td><td class=\"column-8\"><\/td><td class=\"column-9\"><\/td><td class=\"column-10\"><\/td>\n<\/tr>\n<tr class=\"row-22\">\n\t<td class=\"column-1\"><\/td><td class=\"column-2\"><\/td><td class=\"column-3\"><\/td><td class=\"column-4\"><\/td><td class=\"column-5\"><\/td><td class=\"column-6\"><\/td><td class=\"column-7\"><\/td><td class=\"column-8\"><\/td><td class=\"column-9\"><\/td><td class=\"column-10\"><\/td>\n<\/tr>\n<\/tbody>\n<\/table>\n<!-- #tablepress-384 from cache -->\n<h3>Inscripci\u00f3n<\/h3>\n","protected":false},"excerpt":{"rendered":"<p>CALENDARIO DE LAS PR\u00c1CTICAS DE LABORATORIO\u00a0 DEL CENTRO DE LA UNED BALEARES. Curso 2025-2026 Las pr\u00e1cticas se desarrollan en las instalaciones del Centro de la UNED en Palma de Mallorca Los estudiantes interesados\u00a0 deben inscribirse mediante el formulario online disponible en el men\u00fa de esta p\u00e1gina o en la aplicaci\u00f3n disponible en Mis pr\u00e1cticas,\u00a0 DOS [&hellip;]<\/p>\n","protected":false},"author":1,"featured_media":0,"parent":10878,"menu_order":0,"comment_status":"closed","ping_status":"closed","template":"","meta":{"_acf_changed":false,"footnotes":""},"acf":[],"_links":{"self":[{"href":"https:\/\/uned-illesbalears.net\/ca\/wp-json\/wp\/v2\/pages\/10880"}],"collection":[{"href":"https:\/\/uned-illesbalears.net\/ca\/wp-json\/wp\/v2\/pages"}],"about":[{"href":"https:\/\/uned-illesbalears.net\/ca\/wp-json\/wp\/v2\/types\/page"}],"author":[{"embeddable":true,"href":"https:\/\/uned-illesbalears.net\/ca\/wp-json\/wp\/v2\/users\/1"}],"replies":[{"embeddable":true,"href":"https:\/\/uned-illesbalears.net\/ca\/wp-json\/wp\/v2\/comments?post=10880"}],"version-history":[{"count":14,"href":"https:\/\/uned-illesbalears.net\/ca\/wp-json\/wp\/v2\/pages\/10880\/revisions"}],"predecessor-version":[{"id":279857,"href":"https:\/\/uned-illesbalears.net\/ca\/wp-json\/wp\/v2\/pages\/10880\/revisions\/279857"}],"up":[{"embeddable":true,"href":"https:\/\/uned-illesbalears.net\/ca\/wp-json\/wp\/v2\/pages\/10878"}],"wp:attachment":[{"href":"https:\/\/uned-illesbalears.net\/ca\/wp-json\/wp\/v2\/media?parent=10880"}],"curies":[{"name":"wp","href":"https:\/\/api.w.org\/{rel}","templated":true}]}}