{"id":1031,"date":"2013-08-11T16:49:04","date_gmt":"2013-08-11T16:49:04","guid":{"rendered":"https:\/\/uned-illesbalears.net\/recursos-para-estudiantes-2\/"},"modified":"2025-07-17T19:31:57","modified_gmt":"2025-07-17T17:31:57","slug":"recursos-para-estudiantes","status":"publish","type":"page","link":"https:\/\/uned-illesbalears.net\/ca\/recursos-para-estudiantes\/","title":{"rendered":"Recursos per estudiants"},"content":{"rendered":"<ul>\n<li>\n<h6><a title=\"Clases tutor\u00edas \" href=\"https:\/\/uned-illesbalears.net\/ca\/recursos-para-estudiantes\/classes-de-tutoria\/\">Clases tutor\u00edas<\/a><\/h6>\n<\/li>\n<li>\n<h6><a href=\"https:\/\/uned-illesbalears.net\/ca\/recursos-para-estudiantes\/horaris-practiques\/\">Horarios pr\u00e1cticas de laboratorio y de inform\u00e1tica<\/a><\/h6>\n<\/li>\n<li>\n<h6><a title=\"AlumniUNED\" href=\"https:\/\/app.uned.es\/alumni\">AlumniUNED<\/a><\/h6>\n<\/li>\n<li>\n<h6><a title=\"Gu\u00edas de los Grados\" href=\"http:\/\/portal.uned.es\/portal\/page?_pageid=93,1643102&amp;_dad=portal&amp;_schema=PORTAL\">Gu\u00edas de los Grados<\/a><\/h6>\n<\/li>\n<li>\n<h6><a title=\"Banco de ex\u00e1menes\" href=\"https:\/\/uned-illesbalears.net\/ca\/recursos-para-estudiantes\/banc-dexamens\/\">Banco de ex\u00e1menes<\/a><\/h6>\n<\/li>\n<li>\n<h6><a title=\"Horarios ex\u00e1menes\" href=\"https:\/\/uned-illesbalears.net\/ca\/recursos-para-estudiantes\/horario-de-examenes\/\">Horarios de ex\u00e1menes<\/a><\/h6>\n<\/li>\n<li>\n<h6><a title=\"Buz\u00f3n estudiantes\" href=\"https:\/\/uned-illesbalears.net\/ca\/recursos-para-estudiantes\/buzon-estudiantes\/\">Buz\u00f3n estudiantes del centro<\/a><\/h6>\n<\/li>\n<li>\n<h6><a title=\"Delegaci\u00f3n estudiantes\" href=\"hhttps:\/\/uned-illesbalears.net\/delegacion-estudiantes-2\/\">Delegaci\u00f3n estudiantes<\/a><\/h6>\n<\/li>\n<li>\n<h6><a href=\"https:\/\/www.uned.es\/universidad\/inicio\/unidad\/unidis.html\">Centro de Atenci\u00f3n a Universitarios con Discapacidad (UNIDIS)<\/a><\/h6>\n<\/li>\n<\/ul>\n","protected":false},"excerpt":{"rendered":"<p>Clases tutor\u00edas Horarios pr\u00e1cticas de laboratorio y de inform\u00e1tica AlumniUNED Gu\u00edas de los Grados Banco de ex\u00e1menes Horarios de ex\u00e1menes Buz\u00f3n estudiantes del centro Delegaci\u00f3n estudiantes Centro de Atenci\u00f3n a Universitarios con Discapacidad (UNIDIS)<\/p>\n","protected":false},"author":1,"featured_media":0,"parent":0,"menu_order":0,"comment_status":"closed","ping_status":"closed","template":"","meta":{"_acf_changed":false,"footnotes":""},"acf":[],"_links":{"self":[{"href":"https:\/\/uned-illesbalears.net\/ca\/wp-json\/wp\/v2\/pages\/1031"}],"collection":[{"href":"https:\/\/uned-illesbalears.net\/ca\/wp-json\/wp\/v2\/pages"}],"about":[{"href":"https:\/\/uned-illesbalears.net\/ca\/wp-json\/wp\/v2\/types\/page"}],"author":[{"embeddable":true,"href":"https:\/\/uned-illesbalears.net\/ca\/wp-json\/wp\/v2\/users\/1"}],"replies":[{"embeddable":true,"href":"https:\/\/uned-illesbalears.net\/ca\/wp-json\/wp\/v2\/comments?post=1031"}],"version-history":[{"count":5,"href":"https:\/\/uned-illesbalears.net\/ca\/wp-json\/wp\/v2\/pages\/1031\/revisions"}],"predecessor-version":[{"id":277623,"href":"https:\/\/uned-illesbalears.net\/ca\/wp-json\/wp\/v2\/pages\/1031\/revisions\/277623"}],"wp:attachment":[{"href":"https:\/\/uned-illesbalears.net\/ca\/wp-json\/wp\/v2\/media?parent=1031"}],"curies":[{"name":"wp","href":"https:\/\/api.w.org\/{rel}","templated":true}]}}